{"id":2,"date":"2021-04-12T14:30:12","date_gmt":"2021-04-12T12:30:12","guid":{"rendered":"https:\/\/aumbongui.com\/?page_id=2"},"modified":"2021-12-08T14:38:48","modified_gmt":"2021-12-08T13:38:48","slug":"page-d-exemple","status":"publish","type":"page","link":"https:\/\/aumbongui.com\/?page_id=2","title":{"rendered":"A PROPOS"},"content":{"rendered":"\t\t<div data-elementor-type=\"wp-page\" data-elementor-id=\"2\" class=\"elementor elementor-2\">\n\t\t\t\t<section class=\"elementor-section elementor-top-section elementor-element elementor-element-2c924e21 elementor-section-boxed elementor-section-height-default elementor-section-height-default\" data-id=\"2c924e21\" data-element_type=\"section\">\n\t\t\t\t\t\t<div class=\"elementor-container elementor-column-gap-default\">\n\t\t\t\t\t<div class=\"elementor-column elementor-col-100 elementor-top-column elementor-element elementor-element-60a0cf0\" data-id=\"60a0cf0\" data-element_type=\"column\">\n\t\t\t<div class=\"elementor-widget-wrap elementor-element-populated\">\n\t\t\t\t\t\t<div class=\"elementor-element elementor-element-76fd1515 elementor-widget elementor-widget-text-editor\" data-id=\"76fd1515\" data-element_type=\"widget\" data-widget_type=\"text-editor.default\">\n\t\t\t\t<div class=\"elementor-widget-container\">\n\t\t\t\t\t\t\t\t\t<p><\/p>\n<p><span style=\"color: #000000;\">Dans les traditions congolaises le MBONGUI est le lieu o\u00f9 les habitants du village se rencontrent pour discuter et ent\u00e9riner les grandes d\u00e9cisions prises en faveur de la communaut\u00e9.<\/span><\/p>\n<p><span style=\"color: #000000;\">C\u2019est aussi un espace d\u00e9di\u00e9 au savoir, l\u00e0 o\u00f9 se confrontent les sagesses. La librairie AU MBONGUI est une jeune entreprise situ\u00e9e \u00e0 Montpellier.<\/span><\/p>\n<p><span style=\"color: #000000;\">Son projet est n\u00e9 d\u2019une exp\u00e9rience africaine d\u2019auteur et d\u2019artiste ind\u00e9pendant. Il s\u2019ancre sur la volont\u00e9 de mettre en lumi\u00e8re la diversit\u00e9 des litt\u00e9ratures africaines, et au del\u00e0 de Kama, toute la culture afro descendante qui p\u00e9tille et pulse depuis des d\u00e9cennies dans les Cara\u00efbes, \u00e0 la crois\u00e9e des diff\u00e9rents courants culturels qui ont influenc\u00e9 les \u00e9poques.<\/span><\/p>\n<p><span style=\"color: #000000;\">La Terre est un grand village avec toutes ses cultures. Alors la librairie accueille les \u00e9crits de tous horizons, \u00e0 travers les petites maisons d\u2019\u00e9dition alternatives et leurs plumes riches, mais aussi les auteurs ind\u00e9pendants parfois \u00e0 la marge qui savent n\u00e9anmoins exprimer avec audace toute leur authenticit\u00e9.<\/span><\/p>\n<p><span style=\"color: #000000;\">\u00a0\u00a0\u00a0\u00a0\u00a0\u00a0\u00a0\u00a0\u00a0\u00a0\u00a0\u00a0\u00a0\u00a0\u00a0\u00a0\u00a0\u00a0\u00a0\u00a0\u00a0\u00a0\u00a0\u00a0\u00a0\u00a0\u00a0\u00a0\u00a0\u00a0\u00a0\u00a0\u00a0\u00a0\u00a0\u00a0\u00a0\u00a0\u00a0\u00a0\u00a0\u00a0\u00a0\u00a0\u00a0\u00a0\u00a0\u00a0\u00a0\u00a0\u00a0\u00a0\u00a0\u00a0\u00a0\u00a0\u00a0\u00a0\u00a0\u00a0\u00a0\u00a0\u00a0\u00a0\u00a0\u00a0\u00a0\u00a0\u00a0\u00a0\u00a0\u00a0\u00a0\u00a0\u00a0\u00a0\u00a0\u00a0\u00a0\u00a0\u00a0\u00a0 Marcel\u00a0 Camill&rsquo; \u00a0 \u00a0\u00a0\u00a0\u00a0\u00a0\u00a0\u00a0\u00a0\u00a0\u00a0\u00a0\u00a0\u00a0\u00a0\u00a0\u00a0\u00a0\u00a0\u00a0\u00a0\u00a0\u00a0\u00a0\u00a0\u00a0\u00a0\u00a0\u00a0\u00a0\u00a0\u00a0\u00a0\u00a0\u00a0\u00a0\u00a0\u00a0\u00a0\u00a0\u00a0\u00a0\u00a0\u00a0\u00a0\u00a0\u00a0\u00a0\u00a0\u00a0\u00a0\u00a0\u00a0\u00a0\u00a0\u00a0\u00a0\u00a0\u00a0\u00a0\u00a0 Responsable de la Librairie Au Mbongui<\/span><\/p>\n<p><\/p>\n<p><\/p>\n<p class=\"is-layout-flow wp-block-quote-is-layout-flow\"><\/p>\n<p><\/p>\n<p><\/p>\t\t\t\t\t\t\t\t<\/div>\n\t\t\t\t<\/div>\n\t\t\t\t\t<\/div>\n\t\t<\/div>\n\t\t\t\t\t<\/div>\n\t\t<\/section>\n\t\t\t\t<section class=\"elementor-section elementor-top-section elementor-element elementor-element-7aa9089 elementor-section-boxed elementor-section-height-default elementor-section-height-default\" data-id=\"7aa9089\" data-element_type=\"section\">\n\t\t\t\t\t\t<div class=\"elementor-container elementor-column-gap-default\">\n\t\t\t\t\t<div class=\"elementor-column elementor-col-100 elementor-top-column elementor-element elementor-element-ea31e33\" data-id=\"ea31e33\" data-element_type=\"column\">\n\t\t\t<div class=\"elementor-widget-wrap elementor-element-populated\">\n\t\t\t\t\t\t\t<\/div>\n\t\t<\/div>\n\t\t\t\t\t<\/div>\n\t\t<\/section>\t\t<\/div>\n\t\t","protected":false},"excerpt":{"rendered":"<p>Dans les traditions congolaises le MBONGUI est le lieu o\u00f9 les habitants du village se rencontrent pour discuter et ent\u00e9riner les grandes d\u00e9cisions prises en faveur de la communaut\u00e9. C\u2019est aussi un espace d\u00e9di\u00e9 au savoir, l\u00e0 o\u00f9 se confrontent les sagesses. La librairie AU MBONGUI est une jeune entreprise situ\u00e9e \u00e0 Montpellier. Son projet [&hellip;]<\/p>\n","protected":false},"author":1,"featured_media":0,"parent":0,"menu_order":0,"comment_status":"closed","ping_status":"open","template":"","meta":{"footnotes":""},"class_list":["post-2","page","type-page","status-publish","hentry"],"_links":{"self":[{"href":"https:\/\/aumbongui.com\/index.php?rest_route=\/wp\/v2\/pages\/2","targetHints":{"allow":["GET"]}}],"collection":[{"href":"https:\/\/aumbongui.com\/index.php?rest_route=\/wp\/v2\/pages"}],"about":[{"href":"https:\/\/aumbongui.com\/index.php?rest_route=\/wp\/v2\/types\/page"}],"author":[{"embeddable":true,"href":"https:\/\/aumbongui.com\/index.php?rest_route=\/wp\/v2\/users\/1"}],"replies":[{"embeddable":true,"href":"https:\/\/aumbongui.com\/index.php?rest_route=%2Fwp%2Fv2%2Fcomments&post=2"}],"version-history":[{"count":61,"href":"https:\/\/aumbongui.com\/index.php?rest_route=\/wp\/v2\/pages\/2\/revisions"}],"predecessor-version":[{"id":1462,"href":"https:\/\/aumbongui.com\/index.php?rest_route=\/wp\/v2\/pages\/2\/revisions\/1462"}],"wp:attachment":[{"href":"https:\/\/aumbongui.com\/index.php?rest_route=%2Fwp%2Fv2%2Fmedia&parent=2"}],"curies":[{"name":"wp","href":"https:\/\/api.w.org\/{rel}","templated":true}]}}