{"id":294,"date":"2021-05-26T09:32:11","date_gmt":"2021-05-26T07:32:11","guid":{"rendered":"https:\/\/aumbongui.com\/?page_id=294"},"modified":"2024-04-07T20:35:05","modified_gmt":"2024-04-07T18:35:05","slug":"bd-caraibe","status":"publish","type":"page","link":"https:\/\/aumbongui.com\/?page_id=294","title":{"rendered":"BD"},"content":{"rendered":"\t\t<div data-elementor-type=\"wp-page\" data-elementor-id=\"294\" class=\"elementor elementor-294\">\n\t\t\t\t\t\t<section class=\"elementor-section elementor-top-section elementor-element elementor-element-00582a1 elementor-section-boxed elementor-section-height-default elementor-section-height-default\" data-id=\"00582a1\" data-element_type=\"section\">\n\t\t\t\t\t\t<div class=\"elementor-container elementor-column-gap-default\">\n\t\t\t\t\t<div class=\"elementor-column elementor-col-33 elementor-top-column elementor-element elementor-element-8a120e8\" data-id=\"8a120e8\" data-element_type=\"column\">\n\t\t\t<div class=\"elementor-widget-wrap\">\n\t\t\t\t\t\t\t<\/div>\n\t\t<\/div>\n\t\t\t\t<div class=\"elementor-column elementor-col-33 elementor-top-column elementor-element elementor-element-5ab7261\" data-id=\"5ab7261\" data-element_type=\"column\">\n\t\t\t<div class=\"elementor-widget-wrap\">\n\t\t\t\t\t\t\t<\/div>\n\t\t<\/div>\n\t\t\t\t<div class=\"elementor-column elementor-col-33 elementor-top-column elementor-element elementor-element-86a6557\" data-id=\"86a6557\" data-element_type=\"column\">\n\t\t\t<div class=\"elementor-widget-wrap\">\n\t\t\t\t\t\t\t<\/div>\n\t\t<\/div>\n\t\t\t\t\t<\/div>\n\t\t<\/section>\n\t\t\t\t<section class=\"elementor-section elementor-top-section elementor-element elementor-element-78c55dd elementor-section-boxed elementor-section-height-default elementor-section-height-default\" data-id=\"78c55dd\" data-element_type=\"section\">\n\t\t\t\t\t\t<div class=\"elementor-container elementor-column-gap-default\">\n\t\t\t\t\t<div class=\"elementor-column elementor-col-33 elementor-top-column elementor-element elementor-element-ad1729c\" data-id=\"ad1729c\" data-element_type=\"column\">\n\t\t\t<div class=\"elementor-widget-wrap elementor-element-populated\">\n\t\t\t\t\t\t<div class=\"elementor-element elementor-element-5c03f63 elementor-widget elementor-widget-image\" data-id=\"5c03f63\" data-element_type=\"widget\" data-widget_type=\"image.default\">\n\t\t\t\t<div class=\"elementor-widget-container\">\n\t\t\t\t\t\t\t\t\t\t\t\t<figure class=\"wp-caption\">\n\t\t\t\t\t\t\t\t\t\t\t<a href=\"https:\/\/aumbongui.com\/?product=4073\">\n\t\t\t\t\t\t\t<img fetchpriority=\"high\" decoding=\"async\" width=\"900\" height=\"632\" src=\"https:\/\/aumbongui.com\/wp-content\/uploads\/2023\/01\/IMG_2023-01-10-20-40-10-6892-1024x719.jpg\" class=\"attachment-large size-large wp-image-4076\" alt=\"\" srcset=\"https:\/\/aumbongui.com\/wp-content\/uploads\/2023\/01\/IMG_2023-01-10-20-40-10-6892-1024x719.jpg 1024w, https:\/\/aumbongui.com\/wp-content\/uploads\/2023\/01\/IMG_2023-01-10-20-40-10-6892-768x540.jpg 768w, https:\/\/aumbongui.com\/wp-content\/uploads\/2023\/01\/IMG_2023-01-10-20-40-10-6892-1536x1079.jpg 1536w, https:\/\/aumbongui.com\/wp-content\/uploads\/2023\/01\/IMG_2023-01-10-20-40-10-6892-2048x1439.jpg 2048w, https:\/\/aumbongui.com\/wp-content\/uploads\/2023\/01\/IMG_2023-01-10-20-40-10-6892-600x422.jpg 600w\" sizes=\"(max-width: 900px) 100vw, 900px\" \/>\t\t\t\t\t\t\t\t<\/a>\n\t\t\t\t\t\t\t\t\t\t\t<figcaption class=\"widget-image-caption wp-caption-text\">Les br\u00e8ves de Soul<\/figcaption>\n\t\t\t\t\t\t\t\t\t\t<\/figure>\n\t\t\t\t\t\t\t\t\t<\/div>\n\t\t\t\t<\/div>\n\t\t\t\t\t<\/div>\n\t\t<\/div>\n\t\t\t\t<div class=\"elementor-column elementor-col-33 elementor-top-column elementor-element elementor-element-5e6500a\" data-id=\"5e6500a\" data-element_type=\"column\">\n\t\t\t<div class=\"elementor-widget-wrap elementor-element-populated\">\n\t\t\t\t\t\t<div class=\"elementor-element elementor-element-bd23ce8 elementor-widget elementor-widget-image\" data-id=\"bd23ce8\" data-element_type=\"widget\" data-widget_type=\"image.default\">\n\t\t\t\t<div class=\"elementor-widget-container\">\n\t\t\t\t\t\t\t\t\t\t\t\t<figure class=\"wp-caption\">\n\t\t\t\t\t\t\t\t\t\t\t<a href=\"https:\/\/aumbongui.com\/?product=simon-soul-mezcla-les-chroniques-vraies\" target=\"_blank\">\n\t\t\t\t\t\t\t<img decoding=\"async\" width=\"900\" height=\"605\" src=\"https:\/\/aumbongui.com\/wp-content\/uploads\/2023\/01\/IMG_2023-01-10-20-36-19-8482-1024x688.jpg\" class=\"attachment-large size-large wp-image-4069\" alt=\"\" srcset=\"https:\/\/aumbongui.com\/wp-content\/uploads\/2023\/01\/IMG_2023-01-10-20-36-19-8482-1024x688.jpg 1024w, https:\/\/aumbongui.com\/wp-content\/uploads\/2023\/01\/IMG_2023-01-10-20-36-19-8482-768x516.jpg 768w, https:\/\/aumbongui.com\/wp-content\/uploads\/2023\/01\/IMG_2023-01-10-20-36-19-8482-1536x1032.jpg 1536w, https:\/\/aumbongui.com\/wp-content\/uploads\/2023\/01\/IMG_2023-01-10-20-36-19-8482-2048x1376.jpg 2048w, https:\/\/aumbongui.com\/wp-content\/uploads\/2023\/01\/IMG_2023-01-10-20-36-19-8482-600x403.jpg 600w\" sizes=\"(max-width: 900px) 100vw, 900px\" \/>\t\t\t\t\t\t\t\t<\/a>\n\t\t\t\t\t\t\t\t\t\t\t<figcaption class=\"widget-image-caption wp-caption-text\">Simon Soul : Mezcla, les chroniques vraies<\/figcaption>\n\t\t\t\t\t\t\t\t\t\t<\/figure>\n\t\t\t\t\t\t\t\t\t<\/div>\n\t\t\t\t<\/div>\n\t\t\t\t\t<\/div>\n\t\t<\/div>\n\t\t\t\t<div class=\"elementor-column elementor-col-33 elementor-top-column elementor-element elementor-element-7ab1170\" data-id=\"7ab1170\" data-element_type=\"column\">\n\t\t\t<div class=\"elementor-widget-wrap elementor-element-populated\">\n\t\t\t\t\t\t<div class=\"elementor-element elementor-element-e51e361 elementor-widget elementor-widget-image\" data-id=\"e51e361\" data-element_type=\"widget\" data-widget_type=\"image.default\">\n\t\t\t\t<div class=\"elementor-widget-container\">\n\t\t\t\t\t\t\t\t\t\t\t\t<figure class=\"wp-caption\">\n\t\t\t\t\t\t\t\t\t\t\t<a href=\"https:\/\/aumbongui.com\/?product=4082\" target=\"_blank\">\n\t\t\t\t\t\t\t<img decoding=\"async\" width=\"900\" height=\"900\" src=\"https:\/\/aumbongui.com\/wp-content\/uploads\/2023\/01\/IMG_2023-01-10-20-33-34-2342-1024x1024.jpg\" class=\"attachment-large size-large wp-image-4083\" alt=\"\" srcset=\"https:\/\/aumbongui.com\/wp-content\/uploads\/2023\/01\/IMG_2023-01-10-20-33-34-2342-1024x1024.jpg 1024w, https:\/\/aumbongui.com\/wp-content\/uploads\/2023\/01\/IMG_2023-01-10-20-33-34-2342-300x300.jpg 300w, https:\/\/aumbongui.com\/wp-content\/uploads\/2023\/01\/IMG_2023-01-10-20-33-34-2342-150x150.jpg 150w, https:\/\/aumbongui.com\/wp-content\/uploads\/2023\/01\/IMG_2023-01-10-20-33-34-2342-768x769.jpg 768w, https:\/\/aumbongui.com\/wp-content\/uploads\/2023\/01\/IMG_2023-01-10-20-33-34-2342-1534x1536.jpg 1534w, https:\/\/aumbongui.com\/wp-content\/uploads\/2023\/01\/IMG_2023-01-10-20-33-34-2342-2045x2048.jpg 2045w, https:\/\/aumbongui.com\/wp-content\/uploads\/2023\/01\/IMG_2023-01-10-20-33-34-2342-600x601.jpg 600w, https:\/\/aumbongui.com\/wp-content\/uploads\/2023\/01\/IMG_2023-01-10-20-33-34-2342-100x100.jpg 100w\" sizes=\"(max-width: 900px) 100vw, 900px\" \/>\t\t\t\t\t\t\t\t<\/a>\n\t\t\t\t\t\t\t\t\t\t\t<figcaption class=\"widget-image-caption wp-caption-text\">L'\u00e9trange maison de Polius Tituba : une fable de Simon Soul<\/figcaption>\n\t\t\t\t\t\t\t\t\t\t<\/figure>\n\t\t\t\t\t\t\t\t\t<\/div>\n\t\t\t\t<\/div>\n\t\t\t\t\t<\/div>\n\t\t<\/div>\n\t\t\t\t\t<\/div>\n\t\t<\/section>\n\t\t\t\t<section class=\"elementor-section elementor-top-section elementor-element elementor-element-aeb3ee5 elementor-section-boxed elementor-section-height-default elementor-section-height-default\" data-id=\"aeb3ee5\" data-element_type=\"section\">\n\t\t\t\t\t\t<div class=\"elementor-container elementor-column-gap-default\">\n\t\t\t\t\t<div class=\"elementor-column elementor-col-33 elementor-top-column elementor-element elementor-element-b636ea2\" data-id=\"b636ea2\" data-element_type=\"column\">\n\t\t\t<div class=\"elementor-widget-wrap\">\n\t\t\t\t\t\t\t<\/div>\n\t\t<\/div>\n\t\t\t\t<div class=\"elementor-column elementor-col-33 elementor-top-column elementor-element elementor-element-bf85297\" data-id=\"bf85297\" data-element_type=\"column\">\n\t\t\t<div class=\"elementor-widget-wrap\">\n\t\t\t\t\t\t\t<\/div>\n\t\t<\/div>\n\t\t\t\t<div class=\"elementor-column elementor-col-33 elementor-top-column elementor-element elementor-element-73a6460\" data-id=\"73a6460\" data-element_type=\"column\">\n\t\t\t<div class=\"elementor-widget-wrap\">\n\t\t\t\t\t\t\t<\/div>\n\t\t<\/div>\n\t\t\t\t\t<\/div>\n\t\t<\/section>\n\t\t\t\t<section class=\"elementor-section elementor-top-section elementor-element elementor-element-cfdf36c elementor-section-boxed elementor-section-height-default elementor-section-height-default\" data-id=\"cfdf36c\" data-element_type=\"section\">\n\t\t\t\t\t\t<div class=\"elementor-container elementor-column-gap-default\">\n\t\t\t\t\t<div class=\"elementor-column elementor-col-33 elementor-top-column elementor-element elementor-element-270bd0f\" data-id=\"270bd0f\" data-element_type=\"column\">\n\t\t\t<div class=\"elementor-widget-wrap elementor-element-populated\">\n\t\t\t\t\t\t<div class=\"elementor-element elementor-element-2f50cfa elementor-widget elementor-widget-image\" data-id=\"2f50cfa\" data-element_type=\"widget\" data-widget_type=\"image.default\">\n\t\t\t\t<div class=\"elementor-widget-container\">\n\t\t\t\t\t\t\t\t\t\t\t\t<figure class=\"wp-caption\">\n\t\t\t\t\t\t\t\t\t\t\t<a href=\"https:\/\/aumbongui.com\/?product=fuzz-boy-vol-1\" target=\"_blank\">\n\t\t\t\t\t\t\t<img loading=\"lazy\" decoding=\"async\" width=\"900\" height=\"900\" src=\"https:\/\/aumbongui.com\/wp-content\/uploads\/2021\/08\/Fuzz-boy-vol1-1024x1024.jpg\" class=\"attachment-large size-large wp-image-806\" alt=\"\" srcset=\"https:\/\/aumbongui.com\/wp-content\/uploads\/2021\/08\/Fuzz-boy-vol1-1024x1024.jpg 1024w, https:\/\/aumbongui.com\/wp-content\/uploads\/2021\/08\/Fuzz-boy-vol1-300x300.jpg 300w, https:\/\/aumbongui.com\/wp-content\/uploads\/2021\/08\/Fuzz-boy-vol1-100x100.jpg 100w, https:\/\/aumbongui.com\/wp-content\/uploads\/2021\/08\/Fuzz-boy-vol1-600x600.jpg 600w, https:\/\/aumbongui.com\/wp-content\/uploads\/2021\/08\/Fuzz-boy-vol1-150x150.jpg 150w, https:\/\/aumbongui.com\/wp-content\/uploads\/2021\/08\/Fuzz-boy-vol1-768x768.jpg 768w, https:\/\/aumbongui.com\/wp-content\/uploads\/2021\/08\/Fuzz-boy-vol1-1536x1536.jpg 1536w, https:\/\/aumbongui.com\/wp-content\/uploads\/2021\/08\/Fuzz-boy-vol1-2048x2048.jpg 2048w\" sizes=\"(max-width: 900px) 100vw, 900px\" \/>\t\t\t\t\t\t\t\t<\/a>\n\t\t\t\t\t\t\t\t\t\t\t<figcaption class=\"widget-image-caption wp-caption-text\">FUZZ BOY 1<\/figcaption>\n\t\t\t\t\t\t\t\t\t\t<\/figure>\n\t\t\t\t\t\t\t\t\t<\/div>\n\t\t\t\t<\/div>\n\t\t\t\t\t<\/div>\n\t\t<\/div>\n\t\t\t\t<div class=\"elementor-column elementor-col-33 elementor-top-column elementor-element elementor-element-b31f234\" data-id=\"b31f234\" data-element_type=\"column\">\n\t\t\t<div class=\"elementor-widget-wrap elementor-element-populated\">\n\t\t\t\t\t\t<div class=\"elementor-element elementor-element-9e44130 elementor-widget elementor-widget-image\" data-id=\"9e44130\" data-element_type=\"widget\" data-widget_type=\"image.default\">\n\t\t\t\t<div class=\"elementor-widget-container\">\n\t\t\t\t\t\t\t\t\t\t\t\t<figure class=\"wp-caption\">\n\t\t\t\t\t\t\t\t\t\t\t<a href=\"https:\/\/aumbongui.com\/?product=fuzz-boy-vol-2\" target=\"_blank\">\n\t\t\t\t\t\t\t<img loading=\"lazy\" decoding=\"async\" width=\"900\" height=\"900\" src=\"https:\/\/aumbongui.com\/wp-content\/uploads\/2021\/08\/Fuzz-boy-vol2-1024x1024.jpg\" class=\"attachment-large size-large wp-image-807\" alt=\"\" srcset=\"https:\/\/aumbongui.com\/wp-content\/uploads\/2021\/08\/Fuzz-boy-vol2-1024x1024.jpg 1024w, https:\/\/aumbongui.com\/wp-content\/uploads\/2021\/08\/Fuzz-boy-vol2-300x300.jpg 300w, https:\/\/aumbongui.com\/wp-content\/uploads\/2021\/08\/Fuzz-boy-vol2-100x100.jpg 100w, https:\/\/aumbongui.com\/wp-content\/uploads\/2021\/08\/Fuzz-boy-vol2-600x600.jpg 600w, https:\/\/aumbongui.com\/wp-content\/uploads\/2021\/08\/Fuzz-boy-vol2-150x150.jpg 150w, https:\/\/aumbongui.com\/wp-content\/uploads\/2021\/08\/Fuzz-boy-vol2-768x768.jpg 768w, https:\/\/aumbongui.com\/wp-content\/uploads\/2021\/08\/Fuzz-boy-vol2-1536x1536.jpg 1536w, https:\/\/aumbongui.com\/wp-content\/uploads\/2021\/08\/Fuzz-boy-vol2-2048x2048.jpg 2048w\" sizes=\"(max-width: 900px) 100vw, 900px\" \/>\t\t\t\t\t\t\t\t<\/a>\n\t\t\t\t\t\t\t\t\t\t\t<figcaption class=\"widget-image-caption wp-caption-text\">FUZZ BOY 2<\/figcaption>\n\t\t\t\t\t\t\t\t\t\t<\/figure>\n\t\t\t\t\t\t\t\t\t<\/div>\n\t\t\t\t<\/div>\n\t\t\t\t\t<\/div>\n\t\t<\/div>\n\t\t\t\t<div class=\"elementor-column elementor-col-33 elementor-top-column elementor-element elementor-element-0bda247\" data-id=\"0bda247\" data-element_type=\"column\">\n\t\t\t<div class=\"elementor-widget-wrap elementor-element-populated\">\n\t\t\t\t\t\t<div class=\"elementor-element elementor-element-a260a2b elementor-widget elementor-widget-image\" data-id=\"a260a2b\" data-element_type=\"widget\" data-widget_type=\"image.default\">\n\t\t\t\t<div class=\"elementor-widget-container\">\n\t\t\t\t\t\t\t\t\t\t\t\t<figure class=\"wp-caption\">\n\t\t\t\t\t\t\t\t\t\t\t<a href=\"https:\/\/aumbongui.com\/?product=isaac-geraldine-vol-1-rock-n-roll-et-champignons\" target=\"_blank\">\n\t\t\t\t\t\t\t<img loading=\"lazy\" decoding=\"async\" width=\"900\" height=\"900\" src=\"https:\/\/aumbongui.com\/wp-content\/uploads\/2021\/07\/Isaac-geraldine1-1024x1024.jpg\" class=\"attachment-large size-large wp-image-894\" alt=\"\" srcset=\"https:\/\/aumbongui.com\/wp-content\/uploads\/2021\/07\/Isaac-geraldine1-1024x1024.jpg 1024w, https:\/\/aumbongui.com\/wp-content\/uploads\/2021\/07\/Isaac-geraldine1-300x300.jpg 300w, https:\/\/aumbongui.com\/wp-content\/uploads\/2021\/07\/Isaac-geraldine1-100x100.jpg 100w, https:\/\/aumbongui.com\/wp-content\/uploads\/2021\/07\/Isaac-geraldine1-600x600.jpg 600w, https:\/\/aumbongui.com\/wp-content\/uploads\/2021\/07\/Isaac-geraldine1-150x150.jpg 150w, https:\/\/aumbongui.com\/wp-content\/uploads\/2021\/07\/Isaac-geraldine1-768x768.jpg 768w, https:\/\/aumbongui.com\/wp-content\/uploads\/2021\/07\/Isaac-geraldine1-1536x1536.jpg 1536w, https:\/\/aumbongui.com\/wp-content\/uploads\/2021\/07\/Isaac-geraldine1-2048x2048.jpg 2048w\" sizes=\"(max-width: 900px) 100vw, 900px\" \/>\t\t\t\t\t\t\t\t<\/a>\n\t\t\t\t\t\t\t\t\t\t\t<figcaption class=\"widget-image-caption wp-caption-text\">Isaac &amp; G\u00e9raldine<\/figcaption>\n\t\t\t\t\t\t\t\t\t\t<\/figure>\n\t\t\t\t\t\t\t\t\t<\/div>\n\t\t\t\t<\/div>\n\t\t\t\t\t<\/div>\n\t\t<\/div>\n\t\t\t\t\t<\/div>\n\t\t<\/section>\n\t\t\t\t<section class=\"elementor-section elementor-top-section elementor-element elementor-element-7386771 elementor-section-boxed elementor-section-height-default elementor-section-height-default\" data-id=\"7386771\" data-element_type=\"section\">\n\t\t\t\t\t\t<div class=\"elementor-container elementor-column-gap-default\">\n\t\t\t\t\t<div class=\"elementor-column elementor-col-33 elementor-top-column elementor-element elementor-element-fb98a6e\" data-id=\"fb98a6e\" data-element_type=\"column\">\n\t\t\t<div class=\"elementor-widget-wrap elementor-element-populated\">\n\t\t\t\t\t\t<div class=\"elementor-element elementor-element-bb0e923 elementor-widget elementor-widget-image\" data-id=\"bb0e923\" data-element_type=\"widget\" data-widget_type=\"image.default\">\n\t\t\t\t<div class=\"elementor-widget-container\">\n\t\t\t\t\t\t\t\t\t\t\t\t<figure class=\"wp-caption\">\n\t\t\t\t\t\t\t\t\t\t\t<a href=\"https:\/\/aumbongui.com\/?product=ines\" target=\"_blank\">\n\t\t\t\t\t\t\t<img loading=\"lazy\" decoding=\"async\" width=\"900\" height=\"900\" src=\"https:\/\/aumbongui.com\/wp-content\/uploads\/2021\/08\/INES-1024x1024.jpg\" class=\"attachment-large size-large wp-image-808\" alt=\"\" srcset=\"https:\/\/aumbongui.com\/wp-content\/uploads\/2021\/08\/INES-1024x1024.jpg 1024w, https:\/\/aumbongui.com\/wp-content\/uploads\/2021\/08\/INES-300x300.jpg 300w, https:\/\/aumbongui.com\/wp-content\/uploads\/2021\/08\/INES-100x100.jpg 100w, https:\/\/aumbongui.com\/wp-content\/uploads\/2021\/08\/INES-600x600.jpg 600w, https:\/\/aumbongui.com\/wp-content\/uploads\/2021\/08\/INES-150x150.jpg 150w, https:\/\/aumbongui.com\/wp-content\/uploads\/2021\/08\/INES-768x768.jpg 768w, https:\/\/aumbongui.com\/wp-content\/uploads\/2021\/08\/INES-1536x1536.jpg 1536w, https:\/\/aumbongui.com\/wp-content\/uploads\/2021\/08\/INES-2048x2048.jpg 2048w\" sizes=\"(max-width: 900px) 100vw, 900px\" \/>\t\t\t\t\t\t\t\t<\/a>\n\t\t\t\t\t\t\t\t\t\t\t<figcaption class=\"widget-image-caption wp-caption-text\">INES tome 1<\/figcaption>\n\t\t\t\t\t\t\t\t\t\t<\/figure>\n\t\t\t\t\t\t\t\t\t<\/div>\n\t\t\t\t<\/div>\n\t\t\t\t\t<\/div>\n\t\t<\/div>\n\t\t\t\t<div class=\"elementor-column elementor-col-33 elementor-top-column elementor-element elementor-element-d0a3672\" data-id=\"d0a3672\" data-element_type=\"column\">\n\t\t\t<div class=\"elementor-widget-wrap elementor-element-populated\">\n\t\t\t\t\t\t<div class=\"elementor-element elementor-element-3a643a4 elementor-widget elementor-widget-image\" data-id=\"3a643a4\" data-element_type=\"widget\" data-widget_type=\"image.default\">\n\t\t\t\t<div class=\"elementor-widget-container\">\n\t\t\t\t\t\t\t\t\t\t\t\t<figure class=\"wp-caption\">\n\t\t\t\t\t\t\t\t\t\t\t<a href=\"https:\/\/aumbongui.com\/?product=ines-tome-2\" target=\"_blank\">\n\t\t\t\t\t\t\t<img loading=\"lazy\" decoding=\"async\" width=\"719\" height=\"1024\" src=\"https:\/\/aumbongui.com\/wp-content\/uploads\/2021\/11\/Ines-t2-719x1024.jpg\" class=\"attachment-large size-large wp-image-1361\" alt=\"\" srcset=\"https:\/\/aumbongui.com\/wp-content\/uploads\/2021\/11\/Ines-t2-719x1024.jpg 719w, https:\/\/aumbongui.com\/wp-content\/uploads\/2021\/11\/Ines-t2-600x855.jpg 600w, https:\/\/aumbongui.com\/wp-content\/uploads\/2021\/11\/Ines-t2-211x300.jpg 211w, https:\/\/aumbongui.com\/wp-content\/uploads\/2021\/11\/Ines-t2-768x1094.jpg 768w, https:\/\/aumbongui.com\/wp-content\/uploads\/2021\/11\/Ines-t2.jpg 886w\" sizes=\"(max-width: 719px) 100vw, 719px\" \/>\t\t\t\t\t\t\t\t<\/a>\n\t\t\t\t\t\t\t\t\t\t\t<figcaption class=\"widget-image-caption wp-caption-text\">INES tome 2<\/figcaption>\n\t\t\t\t\t\t\t\t\t\t<\/figure>\n\t\t\t\t\t\t\t\t\t<\/div>\n\t\t\t\t<\/div>\n\t\t\t\t\t<\/div>\n\t\t<\/div>\n\t\t\t\t<div class=\"elementor-column elementor-col-33 elementor-top-column elementor-element elementor-element-5df60c0\" data-id=\"5df60c0\" data-element_type=\"column\">\n\t\t\t<div class=\"elementor-widget-wrap\">\n\t\t\t\t\t\t\t<\/div>\n\t\t<\/div>\n\t\t\t\t\t<\/div>\n\t\t<\/section>\n\t\t\t\t<\/div>\n\t\t","protected":false},"excerpt":{"rendered":"<p>Les br\u00e8ves de Soul Simon Soul : Mezcla, les chroniques vraies L&rsquo;\u00e9trange maison de Polius Tituba : une fable de Simon Soul FUZZ BOY 1 FUZZ BOY 2 Isaac &amp; G\u00e9raldine INES tome 1 INES tome 2<\/p>\n","protected":false},"author":1,"featured_media":0,"parent":35,"menu_order":0,"comment_status":"closed","ping_status":"closed","template":"","meta":{"footnotes":""},"class_list":["post-294","page","type-page","status-publish","hentry"],"_links":{"self":[{"href":"https:\/\/aumbongui.com\/index.php?rest_route=\/wp\/v2\/pages\/294","targetHints":{"allow":["GET"]}}],"collection":[{"href":"https:\/\/aumbongui.com\/index.php?rest_route=\/wp\/v2\/pages"}],"about":[{"href":"https:\/\/aumbongui.com\/index.php?rest_route=\/wp\/v2\/types\/page"}],"author":[{"embeddable":true,"href":"https:\/\/aumbongui.com\/index.php?rest_route=\/wp\/v2\/users\/1"}],"replies":[{"embeddable":true,"href":"https:\/\/aumbongui.com\/index.php?rest_route=%2Fwp%2Fv2%2Fcomments&post=294"}],"version-history":[{"count":104,"href":"https:\/\/aumbongui.com\/index.php?rest_route=\/wp\/v2\/pages\/294\/revisions"}],"predecessor-version":[{"id":4561,"href":"https:\/\/aumbongui.com\/index.php?rest_route=\/wp\/v2\/pages\/294\/revisions\/4561"}],"up":[{"embeddable":true,"href":"https:\/\/aumbongui.com\/index.php?rest_route=\/wp\/v2\/pages\/35"}],"wp:attachment":[{"href":"https:\/\/aumbongui.com\/index.php?rest_route=%2Fwp%2Fv2%2Fmedia&parent=294"}],"curies":[{"name":"wp","href":"https:\/\/api.w.org\/{rel}","templated":true}]}}