{"id":330,"date":"2021-05-26T14:53:56","date_gmt":"2021-05-26T12:53:56","guid":{"rendered":"https:\/\/aumbongui.com\/?page_id=330"},"modified":"2025-02-19T01:04:40","modified_gmt":"2025-02-19T00:04:40","slug":"histoire-societe-kama","status":"publish","type":"page","link":"https:\/\/aumbongui.com\/?page_id=330","title":{"rendered":"HISTOIRE &#038; SOCI\u00c9T\u00c9"},"content":{"rendered":"\t\t<div data-elementor-type=\"wp-page\" data-elementor-id=\"330\" class=\"elementor elementor-330\">\n\t\t\t\t\t\t<section class=\"elementor-section elementor-top-section elementor-element elementor-element-2e280ba elementor-section-boxed elementor-section-height-default elementor-section-height-default\" data-id=\"2e280ba\" data-element_type=\"section\">\n\t\t\t\t\t\t<div class=\"elementor-container elementor-column-gap-default\">\n\t\t\t\t\t<div class=\"elementor-column elementor-col-33 elementor-top-column elementor-element elementor-element-85090f9\" data-id=\"85090f9\" data-element_type=\"column\">\n\t\t\t<div class=\"elementor-widget-wrap elementor-element-populated\">\n\t\t\t\t\t\t<div class=\"elementor-element elementor-element-4506d07 elementor-widget elementor-widget-image\" data-id=\"4506d07\" data-element_type=\"widget\" data-widget_type=\"image.default\">\n\t\t\t\t<div class=\"elementor-widget-container\">\n\t\t\t\t\t\t\t\t\t\t\t\t<figure class=\"wp-caption\">\n\t\t\t\t\t\t\t\t\t\t\t<a href=\"https:\/\/aumbongui.com\/?product=holocauste-au-congo-lomerta-de-la-communaute-internationale\" target=\"_blank\">\n\t\t\t\t\t\t\t<img fetchpriority=\"high\" decoding=\"async\" width=\"626\" height=\"1024\" src=\"https:\/\/aumbongui.com\/wp-content\/uploads\/2025\/02\/IMG_20250131_175216-626x1024.jpg\" class=\"attachment-large size-large wp-image-4687\" alt=\"\" srcset=\"https:\/\/aumbongui.com\/wp-content\/uploads\/2025\/02\/IMG_20250131_175216-626x1024.jpg 626w, https:\/\/aumbongui.com\/wp-content\/uploads\/2025\/02\/IMG_20250131_175216-768x1257.jpg 768w, https:\/\/aumbongui.com\/wp-content\/uploads\/2025\/02\/IMG_20250131_175216-938x1536.jpg 938w, https:\/\/aumbongui.com\/wp-content\/uploads\/2025\/02\/IMG_20250131_175216-1251x2048.jpg 1251w, https:\/\/aumbongui.com\/wp-content\/uploads\/2025\/02\/IMG_20250131_175216-600x982.jpg 600w, https:\/\/aumbongui.com\/wp-content\/uploads\/2025\/02\/IMG_20250131_175216-scaled.jpg 1564w\" sizes=\"(max-width: 626px) 100vw, 626px\" \/>\t\t\t\t\t\t\t\t<\/a>\n\t\t\t\t\t\t\t\t\t\t\t<figcaption class=\"widget-image-caption wp-caption-text\">HOLOCAUSTE AU CONGO<\/figcaption>\n\t\t\t\t\t\t\t\t\t\t<\/figure>\n\t\t\t\t\t\t\t\t\t<\/div>\n\t\t\t\t<\/div>\n\t\t\t\t\t<\/div>\n\t\t<\/div>\n\t\t\t\t<div class=\"elementor-column elementor-col-33 elementor-top-column elementor-element elementor-element-4ed2737\" data-id=\"4ed2737\" data-element_type=\"column\">\n\t\t\t<div class=\"elementor-widget-wrap elementor-element-populated\">\n\t\t\t\t\t\t<div class=\"elementor-element elementor-element-9ebec00 elementor-widget elementor-widget-image\" data-id=\"9ebec00\" data-element_type=\"widget\" data-widget_type=\"image.default\">\n\t\t\t\t<div class=\"elementor-widget-container\">\n\t\t\t\t\t\t\t\t\t\t\t\t<figure class=\"wp-caption\">\n\t\t\t\t\t\t\t\t\t\t\t<a href=\"https:\/\/aumbongui.com\/?product=thomas-sankara-recueil-de-textes\" target=\"_blank\">\n\t\t\t\t\t\t\t<img decoding=\"async\" width=\"599\" height=\"1024\" src=\"https:\/\/aumbongui.com\/wp-content\/uploads\/2023\/11\/IMG_2023-11-14-20-37-06-4922-599x1024.jpg\" class=\"attachment-large size-large wp-image-4416\" alt=\"\" srcset=\"https:\/\/aumbongui.com\/wp-content\/uploads\/2023\/11\/IMG_2023-11-14-20-37-06-4922-599x1024.jpg 599w, https:\/\/aumbongui.com\/wp-content\/uploads\/2023\/11\/IMG_2023-11-14-20-37-06-4922-768x1313.jpg 768w, https:\/\/aumbongui.com\/wp-content\/uploads\/2023\/11\/IMG_2023-11-14-20-37-06-4922-899x1536.jpg 899w, https:\/\/aumbongui.com\/wp-content\/uploads\/2023\/11\/IMG_2023-11-14-20-37-06-4922-1198x2048.jpg 1198w, https:\/\/aumbongui.com\/wp-content\/uploads\/2023\/11\/IMG_2023-11-14-20-37-06-4922-600x1026.jpg 600w, https:\/\/aumbongui.com\/wp-content\/uploads\/2023\/11\/IMG_2023-11-14-20-37-06-4922-scaled.jpg 1498w\" sizes=\"(max-width: 599px) 100vw, 599px\" \/>\t\t\t\t\t\t\t\t<\/a>\n\t\t\t\t\t\t\t\t\t\t\t<figcaption class=\"widget-image-caption wp-caption-text\">THOMAS SANKARA  - Recueil de textes<\/figcaption>\n\t\t\t\t\t\t\t\t\t\t<\/figure>\n\t\t\t\t\t\t\t\t\t<\/div>\n\t\t\t\t<\/div>\n\t\t\t\t\t<\/div>\n\t\t<\/div>\n\t\t\t\t<div class=\"elementor-column elementor-col-33 elementor-top-column elementor-element elementor-element-ef8cc36\" data-id=\"ef8cc36\" data-element_type=\"column\">\n\t\t\t<div class=\"elementor-widget-wrap\">\n\t\t\t\t\t\t\t<\/div>\n\t\t<\/div>\n\t\t\t\t\t<\/div>\n\t\t<\/section>\n\t\t\t\t<section class=\"elementor-section elementor-top-section elementor-element elementor-element-6d7d85e elementor-section-boxed elementor-section-height-default elementor-section-height-default\" data-id=\"6d7d85e\" data-element_type=\"section\">\n\t\t\t\t\t\t<div class=\"elementor-container elementor-column-gap-default\">\n\t\t\t\t\t<div class=\"elementor-column elementor-col-33 elementor-top-column elementor-element elementor-element-087fada\" data-id=\"087fada\" data-element_type=\"column\">\n\t\t\t<div class=\"elementor-widget-wrap elementor-element-populated\">\n\t\t\t\t\t\t<div class=\"elementor-element elementor-element-3db681b elementor-widget elementor-widget-image\" data-id=\"3db681b\" data-element_type=\"widget\" data-widget_type=\"image.default\">\n\t\t\t\t<div class=\"elementor-widget-container\">\n\t\t\t\t\t\t\t\t\t\t\t\t<figure class=\"wp-caption\">\n\t\t\t\t\t\t\t\t\t\t\t<a href=\"https:\/\/aumbongui.com\/?product=le-legs-des-pygmees-du-berceau-nilotique-a-legypte\" target=\"_blank\">\n\t\t\t\t\t\t\t<img decoding=\"async\" width=\"635\" height=\"1024\" src=\"https:\/\/aumbongui.com\/wp-content\/uploads\/2024\/02\/IMG_20240211_124941-635x1024.jpg\" class=\"attachment-large size-large wp-image-4507\" alt=\"\" srcset=\"https:\/\/aumbongui.com\/wp-content\/uploads\/2024\/02\/IMG_20240211_124941-635x1024.jpg 635w, https:\/\/aumbongui.com\/wp-content\/uploads\/2024\/02\/IMG_20240211_124941-768x1238.jpg 768w, https:\/\/aumbongui.com\/wp-content\/uploads\/2024\/02\/IMG_20240211_124941-953x1536.jpg 953w, https:\/\/aumbongui.com\/wp-content\/uploads\/2024\/02\/IMG_20240211_124941-1270x2048.jpg 1270w, https:\/\/aumbongui.com\/wp-content\/uploads\/2024\/02\/IMG_20240211_124941-600x967.jpg 600w, https:\/\/aumbongui.com\/wp-content\/uploads\/2024\/02\/IMG_20240211_124941-scaled.jpg 1588w\" sizes=\"(max-width: 635px) 100vw, 635px\" \/>\t\t\t\t\t\t\t\t<\/a>\n\t\t\t\t\t\t\t\t\t\t\t<figcaption class=\"widget-image-caption wp-caption-text\">LE LEGS DES PYGM\u00c9ES - Du berceau nilotique \u00e0 l'\u00c9gypte<\/figcaption>\n\t\t\t\t\t\t\t\t\t\t<\/figure>\n\t\t\t\t\t\t\t\t\t<\/div>\n\t\t\t\t<\/div>\n\t\t\t\t\t<\/div>\n\t\t<\/div>\n\t\t\t\t<div class=\"elementor-column elementor-col-33 elementor-top-column elementor-element elementor-element-a78727d\" data-id=\"a78727d\" data-element_type=\"column\">\n\t\t\t<div class=\"elementor-widget-wrap elementor-element-populated\">\n\t\t\t\t\t\t<div class=\"elementor-element elementor-element-f2a35f0 elementor-widget elementor-widget-image\" data-id=\"f2a35f0\" data-element_type=\"widget\" data-widget_type=\"image.default\">\n\t\t\t\t<div class=\"elementor-widget-container\">\n\t\t\t\t\t\t\t\t\t\t\t\t<figure class=\"wp-caption\">\n\t\t\t\t\t\t\t\t\t\t\t<a href=\"https:\/\/aumbongui.com\/?product=ecritures-africaines-esthetique-et-fonction-des-ecritures-dogon-bamana-et-senoufo\" target=\"_blank\">\n\t\t\t\t\t\t\t<img loading=\"lazy\" decoding=\"async\" width=\"634\" height=\"1024\" src=\"https:\/\/aumbongui.com\/wp-content\/uploads\/2024\/01\/IMG_2024-01-18-18-29-04-9472-634x1024.jpg\" class=\"attachment-large size-large wp-image-4478\" alt=\"\" srcset=\"https:\/\/aumbongui.com\/wp-content\/uploads\/2024\/01\/IMG_2024-01-18-18-29-04-9472-634x1024.jpg 634w, https:\/\/aumbongui.com\/wp-content\/uploads\/2024\/01\/IMG_2024-01-18-18-29-04-9472-768x1240.jpg 768w, https:\/\/aumbongui.com\/wp-content\/uploads\/2024\/01\/IMG_2024-01-18-18-29-04-9472-951x1536.jpg 951w, https:\/\/aumbongui.com\/wp-content\/uploads\/2024\/01\/IMG_2024-01-18-18-29-04-9472-1268x2048.jpg 1268w, https:\/\/aumbongui.com\/wp-content\/uploads\/2024\/01\/IMG_2024-01-18-18-29-04-9472-600x969.jpg 600w, https:\/\/aumbongui.com\/wp-content\/uploads\/2024\/01\/IMG_2024-01-18-18-29-04-9472-scaled.jpg 1585w\" sizes=\"(max-width: 634px) 100vw, 634px\" \/>\t\t\t\t\t\t\t\t<\/a>\n\t\t\t\t\t\t\t\t\t\t\t<figcaption class=\"widget-image-caption wp-caption-text\">Ecritures Africaines - Esth\u00e9tique et fonction des \u00e9critures Dogon Bamana et S\u00e9noufo<\/figcaption>\n\t\t\t\t\t\t\t\t\t\t<\/figure>\n\t\t\t\t\t\t\t\t\t<\/div>\n\t\t\t\t<\/div>\n\t\t\t\t\t<\/div>\n\t\t<\/div>\n\t\t\t\t<div class=\"elementor-column elementor-col-33 elementor-top-column elementor-element elementor-element-d0161dc\" data-id=\"d0161dc\" data-element_type=\"column\">\n\t\t\t<div class=\"elementor-widget-wrap elementor-element-populated\">\n\t\t\t\t\t\t<div class=\"elementor-element elementor-element-beb9d4f elementor-widget elementor-widget-image\" data-id=\"beb9d4f\" data-element_type=\"widget\" data-widget_type=\"image.default\">\n\t\t\t\t<div class=\"elementor-widget-container\">\n\t\t\t\t\t\t\t\t\t\t\t\t<figure class=\"wp-caption\">\n\t\t\t\t\t\t\t\t\t\t\t<a href=\"https:\/\/aumbongui.com\/?product=la-langue-et-la-memoire\" target=\"_blank\">\n\t\t\t\t\t\t\t<img loading=\"lazy\" decoding=\"async\" width=\"638\" height=\"1024\" src=\"https:\/\/aumbongui.com\/wp-content\/uploads\/2024\/04\/IMG_20240331_172957-638x1024.jpg\" class=\"attachment-large size-large wp-image-4567\" alt=\"\" srcset=\"https:\/\/aumbongui.com\/wp-content\/uploads\/2024\/04\/IMG_20240331_172957-638x1024.jpg 638w, https:\/\/aumbongui.com\/wp-content\/uploads\/2024\/04\/IMG_20240331_172957-768x1232.jpg 768w, https:\/\/aumbongui.com\/wp-content\/uploads\/2024\/04\/IMG_20240331_172957-958x1536.jpg 958w, https:\/\/aumbongui.com\/wp-content\/uploads\/2024\/04\/IMG_20240331_172957-1277x2048.jpg 1277w, https:\/\/aumbongui.com\/wp-content\/uploads\/2024\/04\/IMG_20240331_172957-600x962.jpg 600w, https:\/\/aumbongui.com\/wp-content\/uploads\/2024\/04\/IMG_20240331_172957-scaled.jpg 1596w\" sizes=\"(max-width: 638px) 100vw, 638px\" \/>\t\t\t\t\t\t\t\t<\/a>\n\t\t\t\t\t\t\t\t\t\t\t<figcaption class=\"widget-image-caption wp-caption-text\">La langue et la m\u00e9moire<\/figcaption>\n\t\t\t\t\t\t\t\t\t\t<\/figure>\n\t\t\t\t\t\t\t\t\t<\/div>\n\t\t\t\t<\/div>\n\t\t\t\t\t<\/div>\n\t\t<\/div>\n\t\t\t\t\t<\/div>\n\t\t<\/section>\n\t\t\t\t<section class=\"elementor-section elementor-top-section elementor-element elementor-element-1111ee5 elementor-section-boxed elementor-section-height-default elementor-section-height-default\" data-id=\"1111ee5\" data-element_type=\"section\">\n\t\t\t\t\t\t<div class=\"elementor-container elementor-column-gap-default\">\n\t\t\t\t\t<div class=\"elementor-column elementor-col-33 elementor-top-column elementor-element elementor-element-d64213b\" data-id=\"d64213b\" data-element_type=\"column\">\n\t\t\t<div class=\"elementor-widget-wrap elementor-element-populated\">\n\t\t\t\t\t\t<div class=\"elementor-element elementor-element-1cb1023 elementor-widget elementor-widget-image\" data-id=\"1cb1023\" data-element_type=\"widget\" data-widget_type=\"image.default\">\n\t\t\t\t<div class=\"elementor-widget-container\">\n\t\t\t\t\t\t\t\t\t\t\t\t<figure class=\"wp-caption\">\n\t\t\t\t\t\t\t\t\t\t\t<a href=\"https:\/\/aumbongui.com\/?product=legyptien-pharaonique-une-langue-negro-africaine\" target=\"_blank\">\n\t\t\t\t\t\t\t<img loading=\"lazy\" decoding=\"async\" width=\"319\" height=\"558\" src=\"https:\/\/aumbongui.com\/wp-content\/uploads\/2023\/11\/L-egyptien-pharaonique-une-langue-africaine.jpg\" class=\"attachment-large size-large wp-image-4427\" alt=\"\" \/>\t\t\t\t\t\t\t\t<\/a>\n\t\t\t\t\t\t\t\t\t\t\t<figcaption class=\"widget-image-caption wp-caption-text\">L'\u00e9gyptien pharaonique : une langue n\u00e9gro-africaine<\/figcaption>\n\t\t\t\t\t\t\t\t\t\t<\/figure>\n\t\t\t\t\t\t\t\t\t<\/div>\n\t\t\t\t<\/div>\n\t\t\t\t\t<\/div>\n\t\t<\/div>\n\t\t\t\t<div class=\"elementor-column elementor-col-33 elementor-top-column elementor-element elementor-element-c724355\" data-id=\"c724355\" data-element_type=\"column\">\n\t\t\t<div class=\"elementor-widget-wrap elementor-element-populated\">\n\t\t\t\t\t\t<div class=\"elementor-element elementor-element-cb048c3 elementor-widget elementor-widget-image\" data-id=\"cb048c3\" data-element_type=\"widget\" data-widget_type=\"image.default\">\n\t\t\t\t<div class=\"elementor-widget-container\">\n\t\t\t\t\t\t\t\t\t\t\t\t<figure class=\"wp-caption\">\n\t\t\t\t\t\t\t\t\t\t\t<a href=\"https:\/\/aumbongui.com\/?product=lafrique-doit-sunir\" target=\"_blank\">\n\t\t\t\t\t\t\t<img loading=\"lazy\" decoding=\"async\" width=\"400\" height=\"654\" src=\"https:\/\/aumbongui.com\/wp-content\/uploads\/2023\/11\/Lafrique-doit-sunir-Kwame-Nkrumah.jpg\" class=\"attachment-large size-large wp-image-4432\" alt=\"\" \/>\t\t\t\t\t\t\t\t<\/a>\n\t\t\t\t\t\t\t\t\t\t\t<figcaption class=\"widget-image-caption wp-caption-text\">L'AFRIQUE DOIT S'UNIR<\/figcaption>\n\t\t\t\t\t\t\t\t\t\t<\/figure>\n\t\t\t\t\t\t\t\t\t<\/div>\n\t\t\t\t<\/div>\n\t\t\t\t\t<\/div>\n\t\t<\/div>\n\t\t\t\t<div class=\"elementor-column elementor-col-33 elementor-top-column elementor-element elementor-element-db01492\" data-id=\"db01492\" data-element_type=\"column\">\n\t\t\t<div class=\"elementor-widget-wrap elementor-element-populated\">\n\t\t\t\t\t\t<div class=\"elementor-element elementor-element-9d3b649 elementor-widget elementor-widget-image\" data-id=\"9d3b649\" data-element_type=\"widget\" data-widget_type=\"image.default\">\n\t\t\t\t<div class=\"elementor-widget-container\">\n\t\t\t\t\t\t\t\t\t\t\t\t<figure class=\"wp-caption\">\n\t\t\t\t\t\t\t\t\t\t\t<a href=\"https:\/\/aumbongui.com\/?product=les-femmes-dans-lhistoire-en-afrique-noire\" target=\"_blank\">\n\t\t\t\t\t\t\t<img loading=\"lazy\" decoding=\"async\" width=\"660\" height=\"1024\" src=\"https:\/\/aumbongui.com\/wp-content\/uploads\/2023\/11\/IMG_2023-11-03-22-50-45-6193-660x1024.jpg\" class=\"attachment-large size-large wp-image-4400\" alt=\"\" srcset=\"https:\/\/aumbongui.com\/wp-content\/uploads\/2023\/11\/IMG_2023-11-03-22-50-45-6193-660x1024.jpg 660w, https:\/\/aumbongui.com\/wp-content\/uploads\/2023\/11\/IMG_2023-11-03-22-50-45-6193-768x1192.jpg 768w, https:\/\/aumbongui.com\/wp-content\/uploads\/2023\/11\/IMG_2023-11-03-22-50-45-6193-990x1536.jpg 990w, https:\/\/aumbongui.com\/wp-content\/uploads\/2023\/11\/IMG_2023-11-03-22-50-45-6193-1320x2048.jpg 1320w, https:\/\/aumbongui.com\/wp-content\/uploads\/2023\/11\/IMG_2023-11-03-22-50-45-6193-600x931.jpg 600w, https:\/\/aumbongui.com\/wp-content\/uploads\/2023\/11\/IMG_2023-11-03-22-50-45-6193-scaled.jpg 1650w\" sizes=\"(max-width: 660px) 100vw, 660px\" \/>\t\t\t\t\t\t\t\t<\/a>\n\t\t\t\t\t\t\t\t\t\t\t<figcaption class=\"widget-image-caption wp-caption-text\">Les femmes dans l'histoire en Afrique Noire<\/figcaption>\n\t\t\t\t\t\t\t\t\t\t<\/figure>\n\t\t\t\t\t\t\t\t\t<\/div>\n\t\t\t\t<\/div>\n\t\t\t\t\t<\/div>\n\t\t<\/div>\n\t\t\t\t\t<\/div>\n\t\t<\/section>\n\t\t\t\t<section class=\"elementor-section elementor-top-section elementor-element elementor-element-e243b31 elementor-section-boxed elementor-section-height-default elementor-section-height-default\" data-id=\"e243b31\" data-element_type=\"section\">\n\t\t\t\t\t\t<div class=\"elementor-container elementor-column-gap-default\">\n\t\t\t\t\t<div class=\"elementor-column elementor-col-33 elementor-top-column elementor-element elementor-element-213294c\" data-id=\"213294c\" data-element_type=\"column\">\n\t\t\t<div class=\"elementor-widget-wrap elementor-element-populated\">\n\t\t\t\t\t\t<div class=\"elementor-element elementor-element-a5c73f8 elementor-widget elementor-widget-image\" data-id=\"a5c73f8\" data-element_type=\"widget\" data-widget_type=\"image.default\">\n\t\t\t\t<div class=\"elementor-widget-container\">\n\t\t\t\t\t\t\t\t\t\t\t\t<figure class=\"wp-caption\">\n\t\t\t\t\t\t\t\t\t\t\t<a href=\"https:\/\/aumbongui.com\/?product=lafrique-noire-precoloniale\" target=\"_blank\">\n\t\t\t\t\t\t\t<img loading=\"lazy\" decoding=\"async\" width=\"649\" height=\"1024\" src=\"https:\/\/aumbongui.com\/wp-content\/uploads\/2022\/02\/LAfrique-noire-precoloniale-649x1024.jpg\" class=\"attachment-large size-large wp-image-2277\" alt=\"\" srcset=\"https:\/\/aumbongui.com\/wp-content\/uploads\/2022\/02\/LAfrique-noire-precoloniale-649x1024.jpg 649w, https:\/\/aumbongui.com\/wp-content\/uploads\/2022\/02\/LAfrique-noire-precoloniale-190x300.jpg 190w, https:\/\/aumbongui.com\/wp-content\/uploads\/2022\/02\/LAfrique-noire-precoloniale-768x1212.jpg 768w, https:\/\/aumbongui.com\/wp-content\/uploads\/2022\/02\/LAfrique-noire-precoloniale-973x1536.jpg 973w, https:\/\/aumbongui.com\/wp-content\/uploads\/2022\/02\/LAfrique-noire-precoloniale-1298x2048.jpg 1298w, https:\/\/aumbongui.com\/wp-content\/uploads\/2022\/02\/LAfrique-noire-precoloniale-600x947.jpg 600w, https:\/\/aumbongui.com\/wp-content\/uploads\/2022\/02\/LAfrique-noire-precoloniale-scaled.jpg 1622w\" sizes=\"(max-width: 649px) 100vw, 649px\" \/>\t\t\t\t\t\t\t\t<\/a>\n\t\t\t\t\t\t\t\t\t\t\t<figcaption class=\"widget-image-caption wp-caption-text\">L'Afrique Noire pr\u00e9coloniale<\/figcaption>\n\t\t\t\t\t\t\t\t\t\t<\/figure>\n\t\t\t\t\t\t\t\t\t<\/div>\n\t\t\t\t<\/div>\n\t\t\t\t\t<\/div>\n\t\t<\/div>\n\t\t\t\t<div class=\"elementor-column elementor-col-33 elementor-top-column elementor-element elementor-element-a0d3f4b\" data-id=\"a0d3f4b\" data-element_type=\"column\">\n\t\t\t<div class=\"elementor-widget-wrap elementor-element-populated\">\n\t\t\t\t\t\t<div class=\"elementor-element elementor-element-2da0731 elementor-widget elementor-widget-image\" data-id=\"2da0731\" data-element_type=\"widget\" data-widget_type=\"image.default\">\n\t\t\t\t<div class=\"elementor-widget-container\">\n\t\t\t\t\t\t\t\t\t\t\t\t<figure class=\"wp-caption\">\n\t\t\t\t\t\t\t\t\t\t\t<a href=\"https:\/\/aumbongui.com\/?product=feminismes-africains\" target=\"_blank\">\n\t\t\t\t\t\t\t<img loading=\"lazy\" decoding=\"async\" width=\"900\" height=\"994\" src=\"https:\/\/aumbongui.com\/wp-content\/uploads\/2021\/10\/Feminimes-africains-927x1024.jpg\" class=\"attachment-large size-large wp-image-1313\" alt=\"\" srcset=\"https:\/\/aumbongui.com\/wp-content\/uploads\/2021\/10\/Feminimes-africains-927x1024.jpg 927w, https:\/\/aumbongui.com\/wp-content\/uploads\/2021\/10\/Feminimes-africains-scaled-600x663.jpg 600w, https:\/\/aumbongui.com\/wp-content\/uploads\/2021\/10\/Feminimes-africains-271x300.jpg 271w, https:\/\/aumbongui.com\/wp-content\/uploads\/2021\/10\/Feminimes-africains-768x849.jpg 768w, https:\/\/aumbongui.com\/wp-content\/uploads\/2021\/10\/Feminimes-africains-1390x1536.jpg 1390w, https:\/\/aumbongui.com\/wp-content\/uploads\/2021\/10\/Feminimes-africains-1853x2048.jpg 1853w\" sizes=\"(max-width: 900px) 100vw, 900px\" \/>\t\t\t\t\t\t\t\t<\/a>\n\t\t\t\t\t\t\t\t\t\t\t<figcaption class=\"widget-image-caption wp-caption-text\">F\u00e9minismes africains<\/figcaption>\n\t\t\t\t\t\t\t\t\t\t<\/figure>\n\t\t\t\t\t\t\t\t\t<\/div>\n\t\t\t\t<\/div>\n\t\t\t\t\t<\/div>\n\t\t<\/div>\n\t\t\t\t<div class=\"elementor-column elementor-col-33 elementor-top-column elementor-element elementor-element-25ecf9b\" data-id=\"25ecf9b\" data-element_type=\"column\">\n\t\t\t<div class=\"elementor-widget-wrap elementor-element-populated\">\n\t\t\t\t\t\t<div class=\"elementor-element elementor-element-3c3ea06 elementor-widget elementor-widget-image\" data-id=\"3c3ea06\" data-element_type=\"widget\" data-widget_type=\"image.default\">\n\t\t\t\t<div class=\"elementor-widget-container\">\n\t\t\t\t\t\t\t\t\t\t\t\t<figure class=\"wp-caption\">\n\t\t\t\t\t\t\t\t\t\t\t<a href=\"https:\/\/aumbongui.com\/?product=lunite-culturelle-de-lafrique-noire\" target=\"_blank\">\n\t\t\t\t\t\t\t<img loading=\"lazy\" decoding=\"async\" width=\"682\" height=\"1024\" src=\"https:\/\/aumbongui.com\/wp-content\/uploads\/2022\/02\/Lunite-culturelle-682x1024.jpg\" class=\"attachment-large size-large wp-image-2290\" alt=\"\" srcset=\"https:\/\/aumbongui.com\/wp-content\/uploads\/2022\/02\/Lunite-culturelle-682x1024.jpg 682w, https:\/\/aumbongui.com\/wp-content\/uploads\/2022\/02\/Lunite-culturelle-200x300.jpg 200w, https:\/\/aumbongui.com\/wp-content\/uploads\/2022\/02\/Lunite-culturelle-768x1153.jpg 768w, https:\/\/aumbongui.com\/wp-content\/uploads\/2022\/02\/Lunite-culturelle-1023x1536.jpg 1023w, https:\/\/aumbongui.com\/wp-content\/uploads\/2022\/02\/Lunite-culturelle-1364x2048.jpg 1364w, https:\/\/aumbongui.com\/wp-content\/uploads\/2022\/02\/Lunite-culturelle-600x901.jpg 600w, https:\/\/aumbongui.com\/wp-content\/uploads\/2022\/02\/Lunite-culturelle-scaled.jpg 1705w\" sizes=\"(max-width: 682px) 100vw, 682px\" \/>\t\t\t\t\t\t\t\t<\/a>\n\t\t\t\t\t\t\t\t\t\t\t<figcaption class=\"widget-image-caption wp-caption-text\">L'unit\u00e9 culturelle de l'Afrique Noire<\/figcaption>\n\t\t\t\t\t\t\t\t\t\t<\/figure>\n\t\t\t\t\t\t\t\t\t<\/div>\n\t\t\t\t<\/div>\n\t\t\t\t\t<\/div>\n\t\t<\/div>\n\t\t\t\t\t<\/div>\n\t\t<\/section>\n\t\t\t\t<section class=\"elementor-section elementor-top-section elementor-element elementor-element-d1a2b92 elementor-section-boxed elementor-section-height-default elementor-section-height-default\" data-id=\"d1a2b92\" data-element_type=\"section\">\n\t\t\t\t\t\t<div class=\"elementor-container elementor-column-gap-default\">\n\t\t\t\t\t<div class=\"elementor-column elementor-col-33 elementor-top-column elementor-element elementor-element-b7d43ab\" data-id=\"b7d43ab\" data-element_type=\"column\">\n\t\t\t<div class=\"elementor-widget-wrap\">\n\t\t\t\t\t\t\t<\/div>\n\t\t<\/div>\n\t\t\t\t<div class=\"elementor-column elementor-col-33 elementor-top-column elementor-element elementor-element-f78259c\" data-id=\"f78259c\" data-element_type=\"column\">\n\t\t\t<div class=\"elementor-widget-wrap\">\n\t\t\t\t\t\t\t<\/div>\n\t\t<\/div>\n\t\t\t\t<div class=\"elementor-column elementor-col-33 elementor-top-column elementor-element elementor-element-6dcf0a7\" data-id=\"6dcf0a7\" data-element_type=\"column\">\n\t\t\t<div class=\"elementor-widget-wrap\">\n\t\t\t\t\t\t\t<\/div>\n\t\t<\/div>\n\t\t\t\t\t<\/div>\n\t\t<\/section>\n\t\t\t\t<section class=\"elementor-section elementor-top-section elementor-element elementor-element-cc0e5b3 elementor-section-boxed elementor-section-height-default elementor-section-height-default\" data-id=\"cc0e5b3\" data-element_type=\"section\">\n\t\t\t\t\t\t<div class=\"elementor-container elementor-column-gap-default\">\n\t\t\t\t\t<div class=\"elementor-column elementor-col-50 elementor-top-column elementor-element elementor-element-e657f27\" data-id=\"e657f27\" data-element_type=\"column\">\n\t\t\t<div class=\"elementor-widget-wrap\">\n\t\t\t\t\t\t\t<\/div>\n\t\t<\/div>\n\t\t\t\t<div class=\"elementor-column elementor-col-50 elementor-top-column elementor-element elementor-element-6c67f0c\" data-id=\"6c67f0c\" data-element_type=\"column\">\n\t\t\t<div class=\"elementor-widget-wrap\">\n\t\t\t\t\t\t\t<\/div>\n\t\t<\/div>\n\t\t\t\t\t<\/div>\n\t\t<\/section>\n\t\t\t\t<section class=\"elementor-section elementor-top-section elementor-element elementor-element-283fbca elementor-section-boxed elementor-section-height-default elementor-section-height-default\" data-id=\"283fbca\" data-element_type=\"section\">\n\t\t\t\t\t\t<div class=\"elementor-container elementor-column-gap-default\">\n\t\t\t\t\t<div class=\"elementor-column elementor-col-50 elementor-top-column elementor-element elementor-element-7611877\" data-id=\"7611877\" data-element_type=\"column\">\n\t\t\t<div class=\"elementor-widget-wrap\">\n\t\t\t\t\t\t\t<\/div>\n\t\t<\/div>\n\t\t\t\t<div class=\"elementor-column elementor-col-50 elementor-top-column elementor-element elementor-element-a4d50b0\" data-id=\"a4d50b0\" data-element_type=\"column\">\n\t\t\t<div class=\"elementor-widget-wrap\">\n\t\t\t\t\t\t\t<\/div>\n\t\t<\/div>\n\t\t\t\t\t<\/div>\n\t\t<\/section>\n\t\t\t\t<\/div>\n\t\t","protected":false},"excerpt":{"rendered":"<p>HOLOCAUSTE AU CONGO THOMAS SANKARA &#8211; Recueil de textes LE LEGS DES PYGM\u00c9ES &#8211; Du berceau nilotique \u00e0 l&rsquo;\u00c9gypte Ecritures Africaines &#8211; Esth\u00e9tique et fonction des \u00e9critures Dogon Bamana et S\u00e9noufo La langue et la m\u00e9moire L&rsquo;\u00e9gyptien pharaonique : une langue n\u00e9gro-africaine L&rsquo;AFRIQUE DOIT S&rsquo;UNIR Les femmes dans l&rsquo;histoire en Afrique Noire L&rsquo;Afrique Noire pr\u00e9coloniale [&hellip;]<\/p>\n","protected":false},"author":1,"featured_media":0,"parent":33,"menu_order":0,"comment_status":"closed","ping_status":"closed","template":"","meta":{"footnotes":""},"class_list":["post-330","page","type-page","status-publish","hentry"],"_links":{"self":[{"href":"https:\/\/aumbongui.com\/index.php?rest_route=\/wp\/v2\/pages\/330","targetHints":{"allow":["GET"]}}],"collection":[{"href":"https:\/\/aumbongui.com\/index.php?rest_route=\/wp\/v2\/pages"}],"about":[{"href":"https:\/\/aumbongui.com\/index.php?rest_route=\/wp\/v2\/types\/page"}],"author":[{"embeddable":true,"href":"https:\/\/aumbongui.com\/index.php?rest_route=\/wp\/v2\/users\/1"}],"replies":[{"embeddable":true,"href":"https:\/\/aumbongui.com\/index.php?rest_route=%2Fwp%2Fv2%2Fcomments&post=330"}],"version-history":[{"count":81,"href":"https:\/\/aumbongui.com\/index.php?rest_route=\/wp\/v2\/pages\/330\/revisions"}],"predecessor-version":[{"id":4698,"href":"https:\/\/aumbongui.com\/index.php?rest_route=\/wp\/v2\/pages\/330\/revisions\/4698"}],"up":[{"embeddable":true,"href":"https:\/\/aumbongui.com\/index.php?rest_route=\/wp\/v2\/pages\/33"}],"wp:attachment":[{"href":"https:\/\/aumbongui.com\/index.php?rest_route=%2Fwp%2Fv2%2Fmedia&parent=330"}],"curies":[{"name":"wp","href":"https:\/\/api.w.org\/{rel}","templated":true}]}}