{"id":332,"date":"2021-05-26T14:54:30","date_gmt":"2021-05-26T12:54:30","guid":{"rendered":"https:\/\/aumbongui.com\/?page_id=332"},"modified":"2023-09-09T15:03:43","modified_gmt":"2023-09-09T13:03:43","slug":"bien-etre-kama","status":"publish","type":"page","link":"https:\/\/aumbongui.com\/?page_id=332","title":{"rendered":"BIEN-\u00caTRE"},"content":{"rendered":"\t\t<div data-elementor-type=\"wp-page\" data-elementor-id=\"332\" class=\"elementor elementor-332\">\n\t\t\t\t\t\t<section class=\"elementor-section elementor-top-section elementor-element elementor-element-73a5694 elementor-section-boxed elementor-section-height-default elementor-section-height-default\" data-id=\"73a5694\" data-element_type=\"section\">\n\t\t\t\t\t\t<div class=\"elementor-container elementor-column-gap-default\">\n\t\t\t\t\t<div class=\"elementor-column elementor-col-33 elementor-top-column elementor-element elementor-element-23a9429\" data-id=\"23a9429\" data-element_type=\"column\">\n\t\t\t<div class=\"elementor-widget-wrap elementor-element-populated\">\n\t\t\t\t\t\t<div class=\"elementor-element elementor-element-046da27 elementor-widget elementor-widget-image\" data-id=\"046da27\" data-element_type=\"widget\" data-widget_type=\"image.default\">\n\t\t\t\t<div class=\"elementor-widget-container\">\n\t\t\t\t\t\t\t\t\t\t\t\t<figure class=\"wp-caption\">\n\t\t\t\t\t\t\t\t\t\t\t<a href=\"https:\/\/aumbongui.com\/?product=lelegance-a-vos-pieds\" target=\"_blank\">\n\t\t\t\t\t\t\t<img fetchpriority=\"high\" decoding=\"async\" width=\"656\" height=\"1024\" src=\"https:\/\/aumbongui.com\/wp-content\/uploads\/2023\/09\/IMG_2023-09-09-14-20-20-5482-656x1024.jpg\" class=\"attachment-large size-large wp-image-4168\" alt=\"\" srcset=\"https:\/\/aumbongui.com\/wp-content\/uploads\/2023\/09\/IMG_2023-09-09-14-20-20-5482-656x1024.jpg 656w, https:\/\/aumbongui.com\/wp-content\/uploads\/2023\/09\/IMG_2023-09-09-14-20-20-5482-768x1198.jpg 768w, https:\/\/aumbongui.com\/wp-content\/uploads\/2023\/09\/IMG_2023-09-09-14-20-20-5482-985x1536.jpg 985w, https:\/\/aumbongui.com\/wp-content\/uploads\/2023\/09\/IMG_2023-09-09-14-20-20-5482-1313x2048.jpg 1313w, https:\/\/aumbongui.com\/wp-content\/uploads\/2023\/09\/IMG_2023-09-09-14-20-20-5482-600x936.jpg 600w, https:\/\/aumbongui.com\/wp-content\/uploads\/2023\/09\/IMG_2023-09-09-14-20-20-5482-scaled.jpg 1641w\" sizes=\"(max-width: 656px) 100vw, 656px\" \/>\t\t\t\t\t\t\t\t<\/a>\n\t\t\t\t\t\t\t\t\t\t\t<figcaption class=\"widget-image-caption wp-caption-text\">L'\u00e9l\u00e9gance \u00e0 vos pieds<\/figcaption>\n\t\t\t\t\t\t\t\t\t\t<\/figure>\n\t\t\t\t\t\t\t\t\t<\/div>\n\t\t\t\t<\/div>\n\t\t\t\t\t<\/div>\n\t\t<\/div>\n\t\t\t\t<div class=\"elementor-column elementor-col-33 elementor-top-column elementor-element elementor-element-c0715cd\" data-id=\"c0715cd\" data-element_type=\"column\">\n\t\t\t<div class=\"elementor-widget-wrap\">\n\t\t\t\t\t\t\t<\/div>\n\t\t<\/div>\n\t\t\t\t<div class=\"elementor-column elementor-col-33 elementor-top-column elementor-element elementor-element-ae8bdcc\" data-id=\"ae8bdcc\" data-element_type=\"column\">\n\t\t\t<div class=\"elementor-widget-wrap\">\n\t\t\t\t\t\t\t<\/div>\n\t\t<\/div>\n\t\t\t\t\t<\/div>\n\t\t<\/section>\n\t\t\t\t<\/div>\n\t\t","protected":false},"excerpt":{"rendered":"<p>L&rsquo;\u00e9l\u00e9gance \u00e0 vos pieds<\/p>\n","protected":false},"author":1,"featured_media":0,"parent":33,"menu_order":0,"comment_status":"closed","ping_status":"closed","template":"","meta":{"footnotes":""},"class_list":["post-332","page","type-page","status-publish","hentry"],"_links":{"self":[{"href":"https:\/\/aumbongui.com\/index.php?rest_route=\/wp\/v2\/pages\/332","targetHints":{"allow":["GET"]}}],"collection":[{"href":"https:\/\/aumbongui.com\/index.php?rest_route=\/wp\/v2\/pages"}],"about":[{"href":"https:\/\/aumbongui.com\/index.php?rest_route=\/wp\/v2\/types\/page"}],"author":[{"embeddable":true,"href":"https:\/\/aumbongui.com\/index.php?rest_route=\/wp\/v2\/users\/1"}],"replies":[{"embeddable":true,"href":"https:\/\/aumbongui.com\/index.php?rest_route=%2Fwp%2Fv2%2Fcomments&post=332"}],"version-history":[{"count":6,"href":"https:\/\/aumbongui.com\/index.php?rest_route=\/wp\/v2\/pages\/332\/revisions"}],"predecessor-version":[{"id":4171,"href":"https:\/\/aumbongui.com\/index.php?rest_route=\/wp\/v2\/pages\/332\/revisions\/4171"}],"up":[{"embeddable":true,"href":"https:\/\/aumbongui.com\/index.php?rest_route=\/wp\/v2\/pages\/33"}],"wp:attachment":[{"href":"https:\/\/aumbongui.com\/index.php?rest_route=%2Fwp%2Fv2%2Fmedia&parent=332"}],"curies":[{"name":"wp","href":"https:\/\/api.w.org\/{rel}","templated":true}]}}