{"id":334,"date":"2021-05-26T14:59:53","date_gmt":"2021-05-26T12:59:53","guid":{"rendered":"https:\/\/aumbongui.com\/?page_id=334"},"modified":"2025-02-20T19:21:33","modified_gmt":"2025-02-20T18:21:33","slug":"bd_kama-2","status":"publish","type":"page","link":"https:\/\/aumbongui.com\/?page_id=334","title":{"rendered":"BD"},"content":{"rendered":"\t\t<div data-elementor-type=\"wp-page\" data-elementor-id=\"334\" class=\"elementor elementor-334\">\n\t\t\t\t\t\t<section class=\"elementor-section elementor-top-section elementor-element elementor-element-c2c2a2c elementor-section-boxed elementor-section-height-default elementor-section-height-default\" data-id=\"c2c2a2c\" data-element_type=\"section\">\n\t\t\t\t\t\t<div class=\"elementor-container elementor-column-gap-default\">\n\t\t\t\t\t<div class=\"elementor-column elementor-col-25 elementor-top-column elementor-element elementor-element-15f5159\" data-id=\"15f5159\" data-element_type=\"column\">\n\t\t\t<div class=\"elementor-widget-wrap\">\n\t\t\t\t\t\t\t<\/div>\n\t\t<\/div>\n\t\t\t\t<div class=\"elementor-column elementor-col-25 elementor-top-column elementor-element elementor-element-c05befc\" data-id=\"c05befc\" data-element_type=\"column\">\n\t\t\t<div class=\"elementor-widget-wrap\">\n\t\t\t\t\t\t\t<\/div>\n\t\t<\/div>\n\t\t\t\t<div class=\"elementor-column elementor-col-25 elementor-top-column elementor-element elementor-element-5f115d4\" data-id=\"5f115d4\" data-element_type=\"column\">\n\t\t\t<div class=\"elementor-widget-wrap\">\n\t\t\t\t\t\t\t<\/div>\n\t\t<\/div>\n\t\t\t\t<div class=\"elementor-column elementor-col-25 elementor-top-column elementor-element elementor-element-fcacb36\" data-id=\"fcacb36\" data-element_type=\"column\">\n\t\t\t<div class=\"elementor-widget-wrap\">\n\t\t\t\t\t\t\t<\/div>\n\t\t<\/div>\n\t\t\t\t\t<\/div>\n\t\t<\/section>\n\t\t\t\t<section class=\"elementor-section elementor-top-section elementor-element elementor-element-a9fec3a elementor-section-boxed elementor-section-height-default elementor-section-height-default\" data-id=\"a9fec3a\" data-element_type=\"section\">\n\t\t\t\t\t\t<div class=\"elementor-container elementor-column-gap-default\">\n\t\t\t\t\t<div class=\"elementor-column elementor-col-33 elementor-top-column elementor-element elementor-element-a817c99\" data-id=\"a817c99\" data-element_type=\"column\">\n\t\t\t<div class=\"elementor-widget-wrap elementor-element-populated\">\n\t\t\t\t\t\t<div class=\"elementor-element elementor-element-6cd126c elementor-widget elementor-widget-image\" data-id=\"6cd126c\" data-element_type=\"widget\" data-widget_type=\"image.default\">\n\t\t\t\t<div class=\"elementor-widget-container\">\n\t\t\t\t\t\t\t\t\t\t\t\t<figure class=\"wp-caption\">\n\t\t\t\t\t\t\t\t\t\t\t<a href=\"https:\/\/aumbongui.com\/?product=placman-tome-1-le-sacrifice\" target=\"_blank\">\n\t\t\t\t\t\t\t<img fetchpriority=\"high\" decoding=\"async\" width=\"706\" height=\"1024\" src=\"https:\/\/aumbongui.com\/wp-content\/uploads\/2024\/09\/IMG_20240927_192721-706x1024.jpg\" class=\"attachment-large size-large wp-image-4617\" alt=\"\" srcset=\"https:\/\/aumbongui.com\/wp-content\/uploads\/2024\/09\/IMG_20240927_192721-706x1024.jpg 706w, https:\/\/aumbongui.com\/wp-content\/uploads\/2024\/09\/IMG_20240927_192721-768x1113.jpg 768w, https:\/\/aumbongui.com\/wp-content\/uploads\/2024\/09\/IMG_20240927_192721-1060x1536.jpg 1060w, https:\/\/aumbongui.com\/wp-content\/uploads\/2024\/09\/IMG_20240927_192721-1413x2048.jpg 1413w, https:\/\/aumbongui.com\/wp-content\/uploads\/2024\/09\/IMG_20240927_192721-600x870.jpg 600w, https:\/\/aumbongui.com\/wp-content\/uploads\/2024\/09\/IMG_20240927_192721-scaled.jpg 1766w\" sizes=\"(max-width: 706px) 100vw, 706px\" \/>\t\t\t\t\t\t\t\t<\/a>\n\t\t\t\t\t\t\t\t\t\t\t<figcaption class=\"widget-image-caption wp-caption-text\">PLACMAN - tome 1 <\/figcaption>\n\t\t\t\t\t\t\t\t\t\t<\/figure>\n\t\t\t\t\t\t\t\t\t<\/div>\n\t\t\t\t<\/div>\n\t\t\t\t\t<\/div>\n\t\t<\/div>\n\t\t\t\t<div class=\"elementor-column elementor-col-33 elementor-top-column elementor-element elementor-element-4e45f23\" data-id=\"4e45f23\" data-element_type=\"column\">\n\t\t\t<div class=\"elementor-widget-wrap elementor-element-populated\">\n\t\t\t\t\t\t<div class=\"elementor-element elementor-element-4186ba3 elementor-widget elementor-widget-image\" data-id=\"4186ba3\" data-element_type=\"widget\" data-widget_type=\"image.default\">\n\t\t\t\t<div class=\"elementor-widget-container\">\n\t\t\t\t\t\t\t\t\t\t\t\t<figure class=\"wp-caption\">\n\t\t\t\t\t\t\t\t\t\t\t<a href=\"https:\/\/aumbongui.com\/?product=legere-amertume-une-histoire-du-the\" target=\"_blank\">\n\t\t\t\t\t\t\t<img decoding=\"async\" width=\"732\" height=\"1024\" src=\"https:\/\/aumbongui.com\/wp-content\/uploads\/2025\/02\/Legere-amertume-Une-histoire-du-the-1-732x1024.jpg\" class=\"attachment-large size-large wp-image-4700\" alt=\"\" srcset=\"https:\/\/aumbongui.com\/wp-content\/uploads\/2025\/02\/Legere-amertume-Une-histoire-du-the-1-732x1024.jpg 732w, https:\/\/aumbongui.com\/wp-content\/uploads\/2025\/02\/Legere-amertume-Une-histoire-du-the-1-768x1074.jpg 768w, https:\/\/aumbongui.com\/wp-content\/uploads\/2025\/02\/Legere-amertume-Une-histoire-du-the-1-1098x1536.jpg 1098w, https:\/\/aumbongui.com\/wp-content\/uploads\/2025\/02\/Legere-amertume-Une-histoire-du-the-1-1464x2048.jpg 1464w, https:\/\/aumbongui.com\/wp-content\/uploads\/2025\/02\/Legere-amertume-Une-histoire-du-the-1-600x839.jpg 600w, https:\/\/aumbongui.com\/wp-content\/uploads\/2025\/02\/Legere-amertume-Une-histoire-du-the-1-scaled.jpg 1830w\" sizes=\"(max-width: 732px) 100vw, 732px\" \/>\t\t\t\t\t\t\t\t<\/a>\n\t\t\t\t\t\t\t\t\t\t\t<figcaption class=\"widget-image-caption wp-caption-text\">L\u00e9g\u00e8re amertume <\/figcaption>\n\t\t\t\t\t\t\t\t\t\t<\/figure>\n\t\t\t\t\t\t\t\t\t<\/div>\n\t\t\t\t<\/div>\n\t\t\t\t\t<\/div>\n\t\t<\/div>\n\t\t\t\t<div class=\"elementor-column elementor-col-33 elementor-top-column elementor-element elementor-element-77ac0b1\" data-id=\"77ac0b1\" data-element_type=\"column\">\n\t\t\t<div class=\"elementor-widget-wrap elementor-element-populated\">\n\t\t\t\t\t\t<div class=\"elementor-element elementor-element-fd59a5c elementor-widget elementor-widget-image\" data-id=\"fd59a5c\" data-element_type=\"widget\" data-widget_type=\"image.default\">\n\t\t\t\t<div class=\"elementor-widget-container\">\n\t\t\t\t\t\t\t\t\t\t\t\t<figure class=\"wp-caption\">\n\t\t\t\t\t\t\t\t\t\t\t<a href=\"https:\/\/aumbongui.com\/?product=thomas-sankara-un-reve-brise\" target=\"_blank\">\n\t\t\t\t\t\t\t<img decoding=\"async\" width=\"726\" height=\"1024\" src=\"https:\/\/aumbongui.com\/wp-content\/uploads\/2025\/02\/IMG_20250220_170444-726x1024.jpg\" class=\"attachment-large size-large wp-image-4712\" alt=\"\" srcset=\"https:\/\/aumbongui.com\/wp-content\/uploads\/2025\/02\/IMG_20250220_170444-726x1024.jpg 726w, https:\/\/aumbongui.com\/wp-content\/uploads\/2025\/02\/IMG_20250220_170444-768x1083.jpg 768w, https:\/\/aumbongui.com\/wp-content\/uploads\/2025\/02\/IMG_20250220_170444-1089x1536.jpg 1089w, https:\/\/aumbongui.com\/wp-content\/uploads\/2025\/02\/IMG_20250220_170444-1452x2048.jpg 1452w, https:\/\/aumbongui.com\/wp-content\/uploads\/2025\/02\/IMG_20250220_170444-600x846.jpg 600w, https:\/\/aumbongui.com\/wp-content\/uploads\/2025\/02\/IMG_20250220_170444-scaled.jpg 1815w\" sizes=\"(max-width: 726px) 100vw, 726px\" \/>\t\t\t\t\t\t\t\t<\/a>\n\t\t\t\t\t\t\t\t\t\t\t<figcaption class=\"widget-image-caption wp-caption-text\">Thomas Sankara, un r\u00eave bris\u00e9<\/figcaption>\n\t\t\t\t\t\t\t\t\t\t<\/figure>\n\t\t\t\t\t\t\t\t\t<\/div>\n\t\t\t\t<\/div>\n\t\t\t\t\t<\/div>\n\t\t<\/div>\n\t\t\t\t\t<\/div>\n\t\t<\/section>\n\t\t\t\t<section class=\"elementor-section elementor-top-section elementor-element elementor-element-5e3ee5c elementor-section-boxed elementor-section-height-default elementor-section-height-default\" data-id=\"5e3ee5c\" data-element_type=\"section\">\n\t\t\t\t\t\t<div class=\"elementor-container elementor-column-gap-default\">\n\t\t\t\t\t<div class=\"elementor-column elementor-col-33 elementor-top-column elementor-element elementor-element-82c30e3\" data-id=\"82c30e3\" data-element_type=\"column\">\n\t\t\t<div class=\"elementor-widget-wrap elementor-element-populated\">\n\t\t\t\t\t\t<div class=\"elementor-element elementor-element-743fd55 elementor-widget elementor-widget-image\" data-id=\"743fd55\" data-element_type=\"widget\" data-widget_type=\"image.default\">\n\t\t\t\t<div class=\"elementor-widget-container\">\n\t\t\t\t\t\t\t\t\t\t\t\t<figure class=\"wp-caption\">\n\t\t\t\t\t\t\t\t\t\t\t<a href=\"https:\/\/aumbongui.com\/?product=henri-et-bintou-voyage-au-pays-des-signes\" target=\"_blank\">\n\t\t\t\t\t\t\t<img loading=\"lazy\" decoding=\"async\" width=\"740\" height=\"1024\" src=\"https:\/\/aumbongui.com\/wp-content\/uploads\/2022\/09\/Henri-Bintou-740x1024.jpg\" class=\"attachment-large size-large wp-image-3428\" alt=\"\" srcset=\"https:\/\/aumbongui.com\/wp-content\/uploads\/2022\/09\/Henri-Bintou-740x1024.jpg 740w, https:\/\/aumbongui.com\/wp-content\/uploads\/2022\/09\/Henri-Bintou-768x1063.jpg 768w, https:\/\/aumbongui.com\/wp-content\/uploads\/2022\/09\/Henri-Bintou-1109x1536.jpg 1109w, https:\/\/aumbongui.com\/wp-content\/uploads\/2022\/09\/Henri-Bintou-1479x2048.jpg 1479w, https:\/\/aumbongui.com\/wp-content\/uploads\/2022\/09\/Henri-Bintou-600x831.jpg 600w, https:\/\/aumbongui.com\/wp-content\/uploads\/2022\/09\/Henri-Bintou-scaled.jpg 1849w\" sizes=\"(max-width: 740px) 100vw, 740px\" \/>\t\t\t\t\t\t\t\t<\/a>\n\t\t\t\t\t\t\t\t\t\t\t<figcaption class=\"widget-image-caption wp-caption-text\">HENRI &amp; BINTOU -  voyage au pays des signes<\/figcaption>\n\t\t\t\t\t\t\t\t\t\t<\/figure>\n\t\t\t\t\t\t\t\t\t<\/div>\n\t\t\t\t<\/div>\n\t\t\t\t\t<\/div>\n\t\t<\/div>\n\t\t\t\t<div class=\"elementor-column elementor-col-33 elementor-top-column elementor-element elementor-element-d47ca44\" data-id=\"d47ca44\" data-element_type=\"column\">\n\t\t\t<div class=\"elementor-widget-wrap elementor-element-populated\">\n\t\t\t\t\t\t<div class=\"elementor-element elementor-element-3b31e13 elementor-widget elementor-widget-image\" data-id=\"3b31e13\" data-element_type=\"widget\" data-widget_type=\"image.default\">\n\t\t\t\t<div class=\"elementor-widget-container\">\n\t\t\t\t\t\t\t\t\t\t\t\t<figure class=\"wp-caption\">\n\t\t\t\t\t\t\t\t\t\t\t<a href=\"https:\/\/aumbongui.com\/?product=mulatako-tome-1-immersion\">\n\t\t\t\t\t\t\t<img loading=\"lazy\" decoding=\"async\" width=\"615\" height=\"896\" src=\"https:\/\/aumbongui.com\/wp-content\/uploads\/2021\/09\/Mt1.jpg\" class=\"attachment-large size-large wp-image-968\" alt=\"\" srcset=\"https:\/\/aumbongui.com\/wp-content\/uploads\/2021\/09\/Mt1.jpg 615w, https:\/\/aumbongui.com\/wp-content\/uploads\/2021\/09\/Mt1-600x874.jpg 600w, https:\/\/aumbongui.com\/wp-content\/uploads\/2021\/09\/Mt1-206x300.jpg 206w\" sizes=\"(max-width: 615px) 100vw, 615px\" \/>\t\t\t\t\t\t\t\t<\/a>\n\t\t\t\t\t\t\t\t\t\t\t<figcaption class=\"widget-image-caption wp-caption-text\">MULATAKO vol.1<\/figcaption>\n\t\t\t\t\t\t\t\t\t\t<\/figure>\n\t\t\t\t\t\t\t\t\t<\/div>\n\t\t\t\t<\/div>\n\t\t\t\t\t<\/div>\n\t\t<\/div>\n\t\t\t\t<div class=\"elementor-column elementor-col-33 elementor-top-column elementor-element elementor-element-de59bc6\" data-id=\"de59bc6\" data-element_type=\"column\">\n\t\t\t<div class=\"elementor-widget-wrap elementor-element-populated\">\n\t\t\t\t\t\t<div class=\"elementor-element elementor-element-66f4a30 elementor-widget elementor-widget-image\" data-id=\"66f4a30\" data-element_type=\"widget\" data-widget_type=\"image.default\">\n\t\t\t\t<div class=\"elementor-widget-container\">\n\t\t\t\t\t\t\t\t\t\t\t\t<figure class=\"wp-caption\">\n\t\t\t\t\t\t\t\t\t\t\t<a href=\"https:\/\/aumbongui.com\/?product=mulatako-tome-2-emersion\">\n\t\t\t\t\t\t\t<img loading=\"lazy\" decoding=\"async\" width=\"479\" height=\"685\" src=\"https:\/\/aumbongui.com\/wp-content\/uploads\/2021\/09\/Mt2.jpeg\" class=\"attachment-large size-large wp-image-974\" alt=\"\" srcset=\"https:\/\/aumbongui.com\/wp-content\/uploads\/2021\/09\/Mt2.jpeg 479w, https:\/\/aumbongui.com\/wp-content\/uploads\/2021\/09\/Mt2-300x429.jpeg 300w, https:\/\/aumbongui.com\/wp-content\/uploads\/2021\/09\/Mt2-210x300.jpeg 210w\" sizes=\"(max-width: 479px) 100vw, 479px\" \/>\t\t\t\t\t\t\t\t<\/a>\n\t\t\t\t\t\t\t\t\t\t\t<figcaption class=\"widget-image-caption wp-caption-text\">MULATAKO vol.2<\/figcaption>\n\t\t\t\t\t\t\t\t\t\t<\/figure>\n\t\t\t\t\t\t\t\t\t<\/div>\n\t\t\t\t<\/div>\n\t\t\t\t\t<\/div>\n\t\t<\/div>\n\t\t\t\t\t<\/div>\n\t\t<\/section>\n\t\t\t\t<section class=\"elementor-section elementor-top-section elementor-element elementor-element-f7eea55 elementor-section-boxed elementor-section-height-default elementor-section-height-default\" data-id=\"f7eea55\" data-element_type=\"section\">\n\t\t\t\t\t\t<div class=\"elementor-container elementor-column-gap-default\">\n\t\t\t\t\t<div class=\"elementor-column elementor-col-25 elementor-top-column elementor-element elementor-element-d03f1c5\" data-id=\"d03f1c5\" data-element_type=\"column\">\n\t\t\t<div class=\"elementor-widget-wrap\">\n\t\t\t\t\t\t\t<\/div>\n\t\t<\/div>\n\t\t\t\t<div class=\"elementor-column elementor-col-25 elementor-top-column elementor-element elementor-element-8c0fcd3\" data-id=\"8c0fcd3\" data-element_type=\"column\">\n\t\t\t<div class=\"elementor-widget-wrap\">\n\t\t\t\t\t\t\t<\/div>\n\t\t<\/div>\n\t\t\t\t<div class=\"elementor-column elementor-col-25 elementor-top-column elementor-element elementor-element-8976684\" data-id=\"8976684\" data-element_type=\"column\">\n\t\t\t<div class=\"elementor-widget-wrap\">\n\t\t\t\t\t\t\t<\/div>\n\t\t<\/div>\n\t\t\t\t<div class=\"elementor-column elementor-col-25 elementor-top-column elementor-element elementor-element-74647e0\" data-id=\"74647e0\" data-element_type=\"column\">\n\t\t\t<div class=\"elementor-widget-wrap\">\n\t\t\t\t\t\t\t<\/div>\n\t\t<\/div>\n\t\t\t\t\t<\/div>\n\t\t<\/section>\n\t\t\t\t<section class=\"elementor-section elementor-top-section elementor-element elementor-element-8c696e4 elementor-section-boxed elementor-section-height-default elementor-section-height-default\" data-id=\"8c696e4\" data-element_type=\"section\">\n\t\t\t\t\t\t<div class=\"elementor-container elementor-column-gap-default\">\n\t\t\t\t\t<div class=\"elementor-column elementor-col-33 elementor-top-column elementor-element elementor-element-b95d96c\" data-id=\"b95d96c\" data-element_type=\"column\">\n\t\t\t<div class=\"elementor-widget-wrap elementor-element-populated\">\n\t\t\t\t\t\t<div class=\"elementor-element elementor-element-ad8df88 elementor-widget elementor-widget-image\" data-id=\"ad8df88\" data-element_type=\"widget\" data-widget_type=\"image.default\">\n\t\t\t\t<div class=\"elementor-widget-container\">\n\t\t\t\t\t\t\t\t\t\t\t\t<figure class=\"wp-caption\">\n\t\t\t\t\t\t\t\t\t\t\t<a href=\"https:\/\/aumbongui.com\/?product=hoodie-with-logo\" target=\"_blank\">\n\t\t\t\t\t\t\t<img loading=\"lazy\" decoding=\"async\" width=\"900\" height=\"900\" src=\"https:\/\/aumbongui.com\/wp-content\/uploads\/2021\/08\/TOTEM-1024x1024.jpg\" class=\"attachment-large size-large wp-image-798\" alt=\"\" srcset=\"https:\/\/aumbongui.com\/wp-content\/uploads\/2021\/08\/TOTEM-1024x1024.jpg 1024w, https:\/\/aumbongui.com\/wp-content\/uploads\/2021\/08\/TOTEM-300x300.jpg 300w, https:\/\/aumbongui.com\/wp-content\/uploads\/2021\/08\/TOTEM-100x100.jpg 100w, https:\/\/aumbongui.com\/wp-content\/uploads\/2021\/08\/TOTEM-600x600.jpg 600w, https:\/\/aumbongui.com\/wp-content\/uploads\/2021\/08\/TOTEM-150x150.jpg 150w, https:\/\/aumbongui.com\/wp-content\/uploads\/2021\/08\/TOTEM-768x768.jpg 768w, https:\/\/aumbongui.com\/wp-content\/uploads\/2021\/08\/TOTEM-1536x1536.jpg 1536w, https:\/\/aumbongui.com\/wp-content\/uploads\/2021\/08\/TOTEM-2048x2048.jpg 2048w\" sizes=\"(max-width: 900px) 100vw, 900px\" \/>\t\t\t\t\t\t\t\t<\/a>\n\t\t\t\t\t\t\t\t\t\t\t<figcaption class=\"widget-image-caption wp-caption-text\">TOTEM vol.1<\/figcaption>\n\t\t\t\t\t\t\t\t\t\t<\/figure>\n\t\t\t\t\t\t\t\t\t<\/div>\n\t\t\t\t<\/div>\n\t\t\t\t\t<\/div>\n\t\t<\/div>\n\t\t\t\t<div class=\"elementor-column elementor-col-33 elementor-top-column elementor-element elementor-element-0c80a28\" data-id=\"0c80a28\" data-element_type=\"column\">\n\t\t\t<div class=\"elementor-widget-wrap elementor-element-populated\">\n\t\t\t\t\t\t<div class=\"elementor-element elementor-element-d07d93f elementor-widget elementor-widget-image\" data-id=\"d07d93f\" data-element_type=\"widget\" data-widget_type=\"image.default\">\n\t\t\t\t<div class=\"elementor-widget-container\">\n\t\t\t\t\t\t\t\t\t\t\t\t<figure class=\"wp-caption\">\n\t\t\t\t\t\t\t\t\t\t\t<a href=\"https:\/\/aumbongui.com\/?product=caty-vol-1-ca-va-chauffer\" target=\"_blank\">\n\t\t\t\t\t\t\t<img loading=\"lazy\" decoding=\"async\" width=\"900\" height=\"900\" src=\"https:\/\/aumbongui.com\/wp-content\/uploads\/2021\/08\/CATY-1024x1024.jpg\" class=\"attachment-large size-large wp-image-797\" alt=\"\" srcset=\"https:\/\/aumbongui.com\/wp-content\/uploads\/2021\/08\/CATY-1024x1024.jpg 1024w, https:\/\/aumbongui.com\/wp-content\/uploads\/2021\/08\/CATY-300x300.jpg 300w, https:\/\/aumbongui.com\/wp-content\/uploads\/2021\/08\/CATY-100x100.jpg 100w, https:\/\/aumbongui.com\/wp-content\/uploads\/2021\/08\/CATY-600x600.jpg 600w, https:\/\/aumbongui.com\/wp-content\/uploads\/2021\/08\/CATY-150x150.jpg 150w, https:\/\/aumbongui.com\/wp-content\/uploads\/2021\/08\/CATY-768x768.jpg 768w, https:\/\/aumbongui.com\/wp-content\/uploads\/2021\/08\/CATY-1536x1536.jpg 1536w, https:\/\/aumbongui.com\/wp-content\/uploads\/2021\/08\/CATY-2048x2048.jpg 2048w\" sizes=\"(max-width: 900px) 100vw, 900px\" \/>\t\t\t\t\t\t\t\t<\/a>\n\t\t\t\t\t\t\t\t\t\t\t<figcaption class=\"widget-image-caption wp-caption-text\">C.A.T.Y<\/figcaption>\n\t\t\t\t\t\t\t\t\t\t<\/figure>\n\t\t\t\t\t\t\t\t\t<\/div>\n\t\t\t\t<\/div>\n\t\t\t\t\t<\/div>\n\t\t<\/div>\n\t\t\t\t<div class=\"elementor-column elementor-col-33 elementor-top-column elementor-element elementor-element-b1738a1\" data-id=\"b1738a1\" data-element_type=\"column\">\n\t\t\t<div class=\"elementor-widget-wrap elementor-element-populated\">\n\t\t\t\t\t\t<div class=\"elementor-element elementor-element-453796f elementor-widget elementor-widget-image\" data-id=\"453796f\" data-element_type=\"widget\" data-widget_type=\"image.default\">\n\t\t\t\t<div class=\"elementor-widget-container\">\n\t\t\t\t\t\t\t\t\t\t\t\t<figure class=\"wp-caption\">\n\t\t\t\t\t\t\t\t\t\t\t<a href=\"https:\/\/aumbongui.com\/?product=oups-vol-1\">\n\t\t\t\t\t\t\t<img loading=\"lazy\" decoding=\"async\" width=\"900\" height=\"900\" src=\"https:\/\/aumbongui.com\/wp-content\/uploads\/2021\/08\/Oups-1024x1024.jpg\" class=\"attachment-large size-large wp-image-905\" alt=\"\" srcset=\"https:\/\/aumbongui.com\/wp-content\/uploads\/2021\/08\/Oups-1024x1024.jpg 1024w, https:\/\/aumbongui.com\/wp-content\/uploads\/2021\/08\/Oups-300x300.jpg 300w, https:\/\/aumbongui.com\/wp-content\/uploads\/2021\/08\/Oups-100x100.jpg 100w, https:\/\/aumbongui.com\/wp-content\/uploads\/2021\/08\/Oups-600x600.jpg 600w, https:\/\/aumbongui.com\/wp-content\/uploads\/2021\/08\/Oups-150x150.jpg 150w, https:\/\/aumbongui.com\/wp-content\/uploads\/2021\/08\/Oups-768x768.jpg 768w, https:\/\/aumbongui.com\/wp-content\/uploads\/2021\/08\/Oups-1536x1536.jpg 1536w, https:\/\/aumbongui.com\/wp-content\/uploads\/2021\/08\/Oups-2048x2048.jpg 2048w\" sizes=\"(max-width: 900px) 100vw, 900px\" \/>\t\t\t\t\t\t\t\t<\/a>\n\t\t\t\t\t\t\t\t\t\t\t<figcaption class=\"widget-image-caption wp-caption-text\">OUPS Vol.1<\/figcaption>\n\t\t\t\t\t\t\t\t\t\t<\/figure>\n\t\t\t\t\t\t\t\t\t<\/div>\n\t\t\t\t<\/div>\n\t\t\t\t\t<\/div>\n\t\t<\/div>\n\t\t\t\t\t<\/div>\n\t\t<\/section>\n\t\t\t\t<section class=\"elementor-section elementor-top-section elementor-element elementor-element-51621b2 elementor-section-boxed elementor-section-height-default elementor-section-height-default\" data-id=\"51621b2\" data-element_type=\"section\">\n\t\t\t\t\t\t<div class=\"elementor-container elementor-column-gap-default\">\n\t\t\t\t\t<div class=\"elementor-column elementor-col-33 elementor-top-column elementor-element elementor-element-185930c\" data-id=\"185930c\" data-element_type=\"column\">\n\t\t\t<div class=\"elementor-widget-wrap elementor-element-populated\">\n\t\t\t\t\t\t<div class=\"elementor-element elementor-element-8154b4d elementor-widget elementor-widget-image\" data-id=\"8154b4d\" data-element_type=\"widget\" data-widget_type=\"image.default\">\n\t\t\t\t<div class=\"elementor-widget-container\">\n\t\t\t\t\t\t\t\t\t\t\t\t<figure class=\"wp-caption\">\n\t\t\t\t\t\t\t\t\t\t\t<a href=\"https:\/\/aumbongui.com\/?product=tumbu-vol-1\" target=\"_blank\">\n\t\t\t\t\t\t\t<img loading=\"lazy\" decoding=\"async\" width=\"900\" height=\"900\" src=\"https:\/\/aumbongui.com\/wp-content\/uploads\/2021\/08\/TUMBU-vol1-1024x1024.jpg\" class=\"attachment-large size-large wp-image-889\" alt=\"\" srcset=\"https:\/\/aumbongui.com\/wp-content\/uploads\/2021\/08\/TUMBU-vol1-1024x1024.jpg 1024w, https:\/\/aumbongui.com\/wp-content\/uploads\/2021\/08\/TUMBU-vol1-300x300.jpg 300w, https:\/\/aumbongui.com\/wp-content\/uploads\/2021\/08\/TUMBU-vol1-100x100.jpg 100w, https:\/\/aumbongui.com\/wp-content\/uploads\/2021\/08\/TUMBU-vol1-600x600.jpg 600w, https:\/\/aumbongui.com\/wp-content\/uploads\/2021\/08\/TUMBU-vol1-150x150.jpg 150w, https:\/\/aumbongui.com\/wp-content\/uploads\/2021\/08\/TUMBU-vol1-768x768.jpg 768w, https:\/\/aumbongui.com\/wp-content\/uploads\/2021\/08\/TUMBU-vol1-1536x1536.jpg 1536w, https:\/\/aumbongui.com\/wp-content\/uploads\/2021\/08\/TUMBU-vol1-2048x2048.jpg 2048w\" sizes=\"(max-width: 900px) 100vw, 900px\" \/>\t\t\t\t\t\t\t\t<\/a>\n\t\t\t\t\t\t\t\t\t\t\t<figcaption class=\"widget-image-caption wp-caption-text\">TUMBU vol.1<\/figcaption>\n\t\t\t\t\t\t\t\t\t\t<\/figure>\n\t\t\t\t\t\t\t\t\t<\/div>\n\t\t\t\t<\/div>\n\t\t\t\t\t<\/div>\n\t\t<\/div>\n\t\t\t\t<div class=\"elementor-column elementor-col-33 elementor-top-column elementor-element elementor-element-379f88f\" data-id=\"379f88f\" data-element_type=\"column\">\n\t\t\t<div class=\"elementor-widget-wrap elementor-element-populated\">\n\t\t\t\t\t\t<div class=\"elementor-element elementor-element-6dc17e0 elementor-widget elementor-widget-image\" data-id=\"6dc17e0\" data-element_type=\"widget\" data-widget_type=\"image.default\">\n\t\t\t\t<div class=\"elementor-widget-container\">\n\t\t\t\t\t\t\t\t\t\t\t\t<figure class=\"wp-caption\">\n\t\t\t\t\t\t\t\t\t\t\t<a href=\"https:\/\/aumbongui.com\/?product=tumbu-vol-2\" target=\"_blank\">\n\t\t\t\t\t\t\t<img loading=\"lazy\" decoding=\"async\" width=\"900\" height=\"900\" src=\"https:\/\/aumbongui.com\/wp-content\/uploads\/2021\/08\/TUMBU-vol2-1024x1024.jpg\" class=\"attachment-large size-large wp-image-890\" alt=\"\" srcset=\"https:\/\/aumbongui.com\/wp-content\/uploads\/2021\/08\/TUMBU-vol2-1024x1024.jpg 1024w, https:\/\/aumbongui.com\/wp-content\/uploads\/2021\/08\/TUMBU-vol2-300x300.jpg 300w, https:\/\/aumbongui.com\/wp-content\/uploads\/2021\/08\/TUMBU-vol2-100x100.jpg 100w, https:\/\/aumbongui.com\/wp-content\/uploads\/2021\/08\/TUMBU-vol2-600x600.jpg 600w, https:\/\/aumbongui.com\/wp-content\/uploads\/2021\/08\/TUMBU-vol2-150x150.jpg 150w, https:\/\/aumbongui.com\/wp-content\/uploads\/2021\/08\/TUMBU-vol2-768x768.jpg 768w, https:\/\/aumbongui.com\/wp-content\/uploads\/2021\/08\/TUMBU-vol2-1536x1536.jpg 1536w, https:\/\/aumbongui.com\/wp-content\/uploads\/2021\/08\/TUMBU-vol2-2048x2048.jpg 2048w\" sizes=\"(max-width: 900px) 100vw, 900px\" \/>\t\t\t\t\t\t\t\t<\/a>\n\t\t\t\t\t\t\t\t\t\t\t<figcaption class=\"widget-image-caption wp-caption-text\">TUMBU vol.2<\/figcaption>\n\t\t\t\t\t\t\t\t\t\t<\/figure>\n\t\t\t\t\t\t\t\t\t<\/div>\n\t\t\t\t<\/div>\n\t\t\t\t\t<\/div>\n\t\t<\/div>\n\t\t\t\t<div class=\"elementor-column elementor-col-33 elementor-top-column elementor-element elementor-element-26bd07c\" data-id=\"26bd07c\" data-element_type=\"column\">\n\t\t\t<div class=\"elementor-widget-wrap elementor-element-populated\">\n\t\t\t\t\t\t<div class=\"elementor-element elementor-element-2931af6 elementor-widget elementor-widget-image\" data-id=\"2931af6\" data-element_type=\"widget\" data-widget_type=\"image.default\">\n\t\t\t\t<div class=\"elementor-widget-container\">\n\t\t\t\t\t\t\t\t\t\t\t\t<figure class=\"wp-caption\">\n\t\t\t\t\t\t\t\t\t\t\t<a href=\"https:\/\/aumbongui.com\/?product=kwezi-vol-1-francais\">\n\t\t\t\t\t\t\t<img loading=\"lazy\" decoding=\"async\" width=\"900\" height=\"900\" src=\"https:\/\/aumbongui.com\/wp-content\/uploads\/2021\/08\/KWEZI-1024x1024.jpg\" class=\"attachment-large size-large wp-image-794\" alt=\"\" srcset=\"https:\/\/aumbongui.com\/wp-content\/uploads\/2021\/08\/KWEZI-1024x1024.jpg 1024w, https:\/\/aumbongui.com\/wp-content\/uploads\/2021\/08\/KWEZI-300x300.jpg 300w, https:\/\/aumbongui.com\/wp-content\/uploads\/2021\/08\/KWEZI-100x100.jpg 100w, https:\/\/aumbongui.com\/wp-content\/uploads\/2021\/08\/KWEZI-600x600.jpg 600w, https:\/\/aumbongui.com\/wp-content\/uploads\/2021\/08\/KWEZI-150x150.jpg 150w, https:\/\/aumbongui.com\/wp-content\/uploads\/2021\/08\/KWEZI-768x768.jpg 768w, https:\/\/aumbongui.com\/wp-content\/uploads\/2021\/08\/KWEZI-1536x1536.jpg 1536w, https:\/\/aumbongui.com\/wp-content\/uploads\/2021\/08\/KWEZI-2048x2048.jpg 2048w\" sizes=\"(max-width: 900px) 100vw, 900px\" \/>\t\t\t\t\t\t\t\t<\/a>\n\t\t\t\t\t\t\t\t\t\t\t<figcaption class=\"widget-image-caption wp-caption-text\">KWEZI vol.1<\/figcaption>\n\t\t\t\t\t\t\t\t\t\t<\/figure>\n\t\t\t\t\t\t\t\t\t<\/div>\n\t\t\t\t<\/div>\n\t\t\t\t\t<\/div>\n\t\t<\/div>\n\t\t\t\t\t<\/div>\n\t\t<\/section>\n\t\t\t\t<\/div>\n\t\t","protected":false},"excerpt":{"rendered":"<p>PLACMAN &#8211; tome 1 L\u00e9g\u00e8re amertume Thomas Sankara, un r\u00eave bris\u00e9 HENRI &amp; BINTOU &#8211; voyage au pays des signes MULATAKO vol.1 MULATAKO vol.2 TOTEM vol.1 C.A.T.Y OUPS Vol.1 TUMBU vol.1 TUMBU vol.2 KWEZI vol.1<\/p>\n","protected":false},"author":1,"featured_media":0,"parent":33,"menu_order":0,"comment_status":"closed","ping_status":"closed","template":"","meta":{"footnotes":""},"class_list":["post-334","page","type-page","status-publish","hentry"],"_links":{"self":[{"href":"https:\/\/aumbongui.com\/index.php?rest_route=\/wp\/v2\/pages\/334","targetHints":{"allow":["GET"]}}],"collection":[{"href":"https:\/\/aumbongui.com\/index.php?rest_route=\/wp\/v2\/pages"}],"about":[{"href":"https:\/\/aumbongui.com\/index.php?rest_route=\/wp\/v2\/types\/page"}],"author":[{"embeddable":true,"href":"https:\/\/aumbongui.com\/index.php?rest_route=\/wp\/v2\/users\/1"}],"replies":[{"embeddable":true,"href":"https:\/\/aumbongui.com\/index.php?rest_route=%2Fwp%2Fv2%2Fcomments&post=334"}],"version-history":[{"count":183,"href":"https:\/\/aumbongui.com\/index.php?rest_route=\/wp\/v2\/pages\/334\/revisions"}],"predecessor-version":[{"id":4715,"href":"https:\/\/aumbongui.com\/index.php?rest_route=\/wp\/v2\/pages\/334\/revisions\/4715"}],"up":[{"embeddable":true,"href":"https:\/\/aumbongui.com\/index.php?rest_route=\/wp\/v2\/pages\/33"}],"wp:attachment":[{"href":"https:\/\/aumbongui.com\/index.php?rest_route=%2Fwp%2Fv2%2Fmedia&parent=334"}],"curies":[{"name":"wp","href":"https:\/\/api.w.org\/{rel}","templated":true}]}}