{"id":341,"date":"2021-05-26T15:06:39","date_gmt":"2021-05-26T13:06:39","guid":{"rendered":"https:\/\/aumbongui.com\/?page_id=341"},"modified":"2025-05-13T19:41:16","modified_gmt":"2025-05-13T17:41:16","slug":"poesie_kama","status":"publish","type":"page","link":"https:\/\/aumbongui.com\/?page_id=341","title":{"rendered":"PO\u00c9SIE"},"content":{"rendered":"\t\t<div data-elementor-type=\"wp-page\" data-elementor-id=\"341\" class=\"elementor elementor-341\">\n\t\t\t\t\t\t<section class=\"elementor-section elementor-top-section elementor-element elementor-element-f57564d elementor-section-boxed elementor-section-height-default elementor-section-height-default\" data-id=\"f57564d\" data-element_type=\"section\">\n\t\t\t\t\t\t<div class=\"elementor-container elementor-column-gap-default\">\n\t\t\t\t\t<div class=\"elementor-column elementor-col-33 elementor-top-column elementor-element elementor-element-316d6e2\" data-id=\"316d6e2\" data-element_type=\"column\">\n\t\t\t<div class=\"elementor-widget-wrap elementor-element-populated\">\n\t\t\t\t\t\t<div class=\"elementor-element elementor-element-06c1b9f elementor-widget elementor-widget-image\" data-id=\"06c1b9f\" data-element_type=\"widget\" data-widget_type=\"image.default\">\n\t\t\t\t<div class=\"elementor-widget-container\">\n\t\t\t\t\t\t\t\t\t\t\t\t<figure class=\"wp-caption\">\n\t\t\t\t\t\t\t\t\t\t\t<a href=\"https:\/\/aumbongui.com\/?product=poemes-de-terre-et-deau\" target=\"_blank\">\n\t\t\t\t\t\t\t<img fetchpriority=\"high\" decoding=\"async\" width=\"764\" height=\"1024\" src=\"https:\/\/aumbongui.com\/wp-content\/uploads\/2025\/02\/IMG_20250218_174238-764x1024.jpg\" class=\"attachment-large size-large wp-image-4665\" alt=\"\" srcset=\"https:\/\/aumbongui.com\/wp-content\/uploads\/2025\/02\/IMG_20250218_174238-764x1024.jpg 764w, https:\/\/aumbongui.com\/wp-content\/uploads\/2025\/02\/IMG_20250218_174238-768x1029.jpg 768w, https:\/\/aumbongui.com\/wp-content\/uploads\/2025\/02\/IMG_20250218_174238-1146x1536.jpg 1146w, https:\/\/aumbongui.com\/wp-content\/uploads\/2025\/02\/IMG_20250218_174238-1528x2048.jpg 1528w, https:\/\/aumbongui.com\/wp-content\/uploads\/2025\/02\/IMG_20250218_174238-600x804.jpg 600w, https:\/\/aumbongui.com\/wp-content\/uploads\/2025\/02\/IMG_20250218_174238-scaled.jpg 1911w\" sizes=\"(max-width: 764px) 100vw, 764px\" \/>\t\t\t\t\t\t\t\t<\/a>\n\t\t\t\t\t\t\t\t\t\t\t<figcaption class=\"widget-image-caption wp-caption-text\">Po\u00e8mes de terre et d'eau<\/figcaption>\n\t\t\t\t\t\t\t\t\t\t<\/figure>\n\t\t\t\t\t\t\t\t\t<\/div>\n\t\t\t\t<\/div>\n\t\t\t\t\t<\/div>\n\t\t<\/div>\n\t\t\t\t<div class=\"elementor-column elementor-col-33 elementor-top-column elementor-element elementor-element-e176186\" data-id=\"e176186\" data-element_type=\"column\">\n\t\t\t<div class=\"elementor-widget-wrap elementor-element-populated\">\n\t\t\t\t\t\t<div class=\"elementor-element elementor-element-a77380b elementor-widget elementor-widget-image\" data-id=\"a77380b\" data-element_type=\"widget\" data-widget_type=\"image.default\">\n\t\t\t\t<div class=\"elementor-widget-container\">\n\t\t\t\t\t\t\t\t\t\t\t\t<figure class=\"wp-caption\">\n\t\t\t\t\t\t\t\t\t\t\t<a href=\"https:\/\/aumbongui.com\/?product=demons-ou-anges\" target=\"_blank\">\n\t\t\t\t\t\t\t<img decoding=\"async\" width=\"632\" height=\"1024\" src=\"https:\/\/aumbongui.com\/wp-content\/uploads\/2021\/12\/a-Demons-ou-anges-Zacharia-632x1024.jpg\" class=\"attachment-large size-large wp-image-1800\" alt=\"\" srcset=\"https:\/\/aumbongui.com\/wp-content\/uploads\/2021\/12\/a-Demons-ou-anges-Zacharia-632x1024.jpg 632w, https:\/\/aumbongui.com\/wp-content\/uploads\/2021\/12\/a-Demons-ou-anges-Zacharia-185x300.jpg 185w, https:\/\/aumbongui.com\/wp-content\/uploads\/2021\/12\/a-Demons-ou-anges-Zacharia-768x1244.jpg 768w, https:\/\/aumbongui.com\/wp-content\/uploads\/2021\/12\/a-Demons-ou-anges-Zacharia-949x1536.jpg 949w, https:\/\/aumbongui.com\/wp-content\/uploads\/2021\/12\/a-Demons-ou-anges-Zacharia-1265x2048.jpg 1265w, https:\/\/aumbongui.com\/wp-content\/uploads\/2021\/12\/a-Demons-ou-anges-Zacharia-600x972.jpg 600w, https:\/\/aumbongui.com\/wp-content\/uploads\/2021\/12\/a-Demons-ou-anges-Zacharia.jpg 1387w\" sizes=\"(max-width: 632px) 100vw, 632px\" \/>\t\t\t\t\t\t\t\t<\/a>\n\t\t\t\t\t\t\t\t\t\t\t<figcaption class=\"widget-image-caption wp-caption-text\">D\u00e9mons ou Anges<\/figcaption>\n\t\t\t\t\t\t\t\t\t\t<\/figure>\n\t\t\t\t\t\t\t\t\t<\/div>\n\t\t\t\t<\/div>\n\t\t\t\t\t<\/div>\n\t\t<\/div>\n\t\t\t\t<div class=\"elementor-column elementor-col-33 elementor-top-column elementor-element elementor-element-84b02d2\" data-id=\"84b02d2\" data-element_type=\"column\">\n\t\t\t<div class=\"elementor-widget-wrap elementor-element-populated\">\n\t\t\t\t\t\t<div class=\"elementor-element elementor-element-5de6b21 elementor-widget elementor-widget-image\" data-id=\"5de6b21\" data-element_type=\"widget\" data-widget_type=\"image.default\">\n\t\t\t\t<div class=\"elementor-widget-container\">\n\t\t\t\t\t\t\t\t\t\t\t\t<figure class=\"wp-caption\">\n\t\t\t\t\t\t\t\t\t\t\t<a href=\"https:\/\/aumbongui.com\/?product=berberite\" target=\"_blank\">\n\t\t\t\t\t\t\t<img decoding=\"async\" width=\"630\" height=\"1024\" src=\"https:\/\/aumbongui.com\/wp-content\/uploads\/2025\/05\/1000033252-630x1024.jpg\" class=\"attachment-large size-large wp-image-4885\" alt=\"\" srcset=\"https:\/\/aumbongui.com\/wp-content\/uploads\/2025\/05\/1000033252-630x1024.jpg 630w, https:\/\/aumbongui.com\/wp-content\/uploads\/2025\/05\/1000033252-768x1248.jpg 768w, https:\/\/aumbongui.com\/wp-content\/uploads\/2025\/05\/1000033252-945x1536.jpg 945w, https:\/\/aumbongui.com\/wp-content\/uploads\/2025\/05\/1000033252-1261x2048.jpg 1261w, https:\/\/aumbongui.com\/wp-content\/uploads\/2025\/05\/1000033252-600x975.jpg 600w, https:\/\/aumbongui.com\/wp-content\/uploads\/2025\/05\/1000033252-scaled.jpg 1576w\" sizes=\"(max-width: 630px) 100vw, 630px\" \/>\t\t\t\t\t\t\t\t<\/a>\n\t\t\t\t\t\t\t\t\t\t\t<figcaption class=\"widget-image-caption wp-caption-text\">Berb\u00e9rit\u00e9<\/figcaption>\n\t\t\t\t\t\t\t\t\t\t<\/figure>\n\t\t\t\t\t\t\t\t\t<\/div>\n\t\t\t\t<\/div>\n\t\t\t\t\t<\/div>\n\t\t<\/div>\n\t\t\t\t\t<\/div>\n\t\t<\/section>\n\t\t\t\t<section class=\"elementor-section elementor-top-section elementor-element elementor-element-d341367 elementor-section-boxed elementor-section-height-default elementor-section-height-default\" data-id=\"d341367\" data-element_type=\"section\">\n\t\t\t\t\t\t<div class=\"elementor-container elementor-column-gap-default\">\n\t\t\t\t\t<div class=\"elementor-column elementor-col-33 elementor-top-column elementor-element elementor-element-494f12d\" data-id=\"494f12d\" data-element_type=\"column\">\n\t\t\t<div class=\"elementor-widget-wrap elementor-element-populated\">\n\t\t\t\t\t\t<div class=\"elementor-element elementor-element-de04fe4 elementor-widget elementor-widget-image\" data-id=\"de04fe4\" data-element_type=\"widget\" data-widget_type=\"image.default\">\n\t\t\t\t<div class=\"elementor-widget-container\">\n\t\t\t\t\t\t\t\t\t\t\t\t<figure class=\"wp-caption\">\n\t\t\t\t\t\t\t\t\t\t\t<a href=\"https:\/\/aumbongui.com\/?product=cantiques-crepusculaires\" target=\"_blank\">\n\t\t\t\t\t\t\t<img loading=\"lazy\" decoding=\"async\" width=\"647\" height=\"1024\" src=\"https:\/\/aumbongui.com\/wp-content\/uploads\/2022\/12\/IMG_2022-03-31-18-34-36-162_2-647x1024.jpg\" class=\"attachment-large size-large wp-image-3977\" alt=\"\" srcset=\"https:\/\/aumbongui.com\/wp-content\/uploads\/2022\/12\/IMG_2022-03-31-18-34-36-162_2-647x1024.jpg 647w, https:\/\/aumbongui.com\/wp-content\/uploads\/2022\/12\/IMG_2022-03-31-18-34-36-162_2-768x1216.jpg 768w, https:\/\/aumbongui.com\/wp-content\/uploads\/2022\/12\/IMG_2022-03-31-18-34-36-162_2-970x1536.jpg 970w, https:\/\/aumbongui.com\/wp-content\/uploads\/2022\/12\/IMG_2022-03-31-18-34-36-162_2-1294x2048.jpg 1294w, https:\/\/aumbongui.com\/wp-content\/uploads\/2022\/12\/IMG_2022-03-31-18-34-36-162_2-600x950.jpg 600w, https:\/\/aumbongui.com\/wp-content\/uploads\/2022\/12\/IMG_2022-03-31-18-34-36-162_2-scaled.jpg 1617w\" sizes=\"(max-width: 647px) 100vw, 647px\" \/>\t\t\t\t\t\t\t\t<\/a>\n\t\t\t\t\t\t\t\t\t\t\t<figcaption class=\"widget-image-caption wp-caption-text\">Cantiques cr\u00e9pusculaires<\/figcaption>\n\t\t\t\t\t\t\t\t\t\t<\/figure>\n\t\t\t\t\t\t\t\t\t<\/div>\n\t\t\t\t<\/div>\n\t\t\t\t\t<\/div>\n\t\t<\/div>\n\t\t\t\t<div class=\"elementor-column elementor-col-33 elementor-top-column elementor-element elementor-element-6f21363\" data-id=\"6f21363\" data-element_type=\"column\">\n\t\t\t<div class=\"elementor-widget-wrap elementor-element-populated\">\n\t\t\t\t\t\t<div class=\"elementor-element elementor-element-8e84628 elementor-widget elementor-widget-image\" data-id=\"8e84628\" data-element_type=\"widget\" data-widget_type=\"image.default\">\n\t\t\t\t<div class=\"elementor-widget-container\">\n\t\t\t\t\t\t\t\t\t\t\t\t<figure class=\"wp-caption\">\n\t\t\t\t\t\t\t\t\t\t\t<a href=\"https:\/\/aumbongui.com\/?product=douces-cacophonies\" target=\"_blank\">\n\t\t\t\t\t\t\t<img loading=\"lazy\" decoding=\"async\" width=\"713\" height=\"1024\" src=\"https:\/\/aumbongui.com\/wp-content\/uploads\/2022\/12\/IMG_2022-12-14-18-31-06-481_2-713x1024.jpg\" class=\"attachment-large size-large wp-image-3981\" alt=\"\" srcset=\"https:\/\/aumbongui.com\/wp-content\/uploads\/2022\/12\/IMG_2022-12-14-18-31-06-481_2-713x1024.jpg 713w, https:\/\/aumbongui.com\/wp-content\/uploads\/2022\/12\/IMG_2022-12-14-18-31-06-481_2-768x1103.jpg 768w, https:\/\/aumbongui.com\/wp-content\/uploads\/2022\/12\/IMG_2022-12-14-18-31-06-481_2-1070x1536.jpg 1070w, https:\/\/aumbongui.com\/wp-content\/uploads\/2022\/12\/IMG_2022-12-14-18-31-06-481_2-1427x2048.jpg 1427w, https:\/\/aumbongui.com\/wp-content\/uploads\/2022\/12\/IMG_2022-12-14-18-31-06-481_2-600x861.jpg 600w, https:\/\/aumbongui.com\/wp-content\/uploads\/2022\/12\/IMG_2022-12-14-18-31-06-481_2-scaled.jpg 1783w\" sizes=\"(max-width: 713px) 100vw, 713px\" \/>\t\t\t\t\t\t\t\t<\/a>\n\t\t\t\t\t\t\t\t\t\t\t<figcaption class=\"widget-image-caption wp-caption-text\">Douces Cacophonies<\/figcaption>\n\t\t\t\t\t\t\t\t\t\t<\/figure>\n\t\t\t\t\t\t\t\t\t<\/div>\n\t\t\t\t<\/div>\n\t\t\t\t\t<\/div>\n\t\t<\/div>\n\t\t\t\t<div class=\"elementor-column elementor-col-33 elementor-top-column elementor-element elementor-element-1c39a29\" data-id=\"1c39a29\" data-element_type=\"column\">\n\t\t\t<div class=\"elementor-widget-wrap elementor-element-populated\">\n\t\t\t\t\t\t<div class=\"elementor-element elementor-element-1e145df elementor-widget elementor-widget-image\" data-id=\"1e145df\" data-element_type=\"widget\" data-widget_type=\"image.default\">\n\t\t\t\t<div class=\"elementor-widget-container\">\n\t\t\t\t\t\t\t\t\t\t\t\t<figure class=\"wp-caption\">\n\t\t\t\t\t\t\t\t\t\t\t<a href=\"https:\/\/aumbongui.com\/?product=ecrit-et-cris\" target=\"_blank\">\n\t\t\t\t\t\t\t<img loading=\"lazy\" decoding=\"async\" width=\"755\" height=\"1024\" src=\"https:\/\/aumbongui.com\/wp-content\/uploads\/2021\/10\/Recueil-de-Fatine-755x1024.jpg\" class=\"attachment-large size-large wp-image-1278\" alt=\"\" srcset=\"https:\/\/aumbongui.com\/wp-content\/uploads\/2021\/10\/Recueil-de-Fatine-755x1024.jpg 755w, https:\/\/aumbongui.com\/wp-content\/uploads\/2021\/10\/Recueil-de-Fatine-scaled-600x814.jpg 600w, https:\/\/aumbongui.com\/wp-content\/uploads\/2021\/10\/Recueil-de-Fatine-221x300.jpg 221w, https:\/\/aumbongui.com\/wp-content\/uploads\/2021\/10\/Recueil-de-Fatine-768x1042.jpg 768w, https:\/\/aumbongui.com\/wp-content\/uploads\/2021\/10\/Recueil-de-Fatine-1132x1536.jpg 1132w, https:\/\/aumbongui.com\/wp-content\/uploads\/2021\/10\/Recueil-de-Fatine-1510x2048.jpg 1510w, https:\/\/aumbongui.com\/wp-content\/uploads\/2021\/10\/Recueil-de-Fatine-scaled.jpg 1887w\" sizes=\"(max-width: 755px) 100vw, 755px\" \/>\t\t\t\t\t\t\t\t<\/a>\n\t\t\t\t\t\t\t\t\t\t\t<figcaption class=\"widget-image-caption wp-caption-text\">\u00c9CRIT .. ET CRIS<\/figcaption>\n\t\t\t\t\t\t\t\t\t\t<\/figure>\n\t\t\t\t\t\t\t\t\t<\/div>\n\t\t\t\t<\/div>\n\t\t\t\t\t<\/div>\n\t\t<\/div>\n\t\t\t\t\t<\/div>\n\t\t<\/section>\n\t\t\t\t<section class=\"elementor-section elementor-top-section elementor-element elementor-element-406c89b elementor-section-boxed elementor-section-height-default elementor-section-height-default\" data-id=\"406c89b\" data-element_type=\"section\">\n\t\t\t\t\t\t<div class=\"elementor-container elementor-column-gap-default\">\n\t\t\t\t\t<div class=\"elementor-column elementor-col-33 elementor-top-column elementor-element elementor-element-21b43f1\" data-id=\"21b43f1\" data-element_type=\"column\">\n\t\t\t<div class=\"elementor-widget-wrap elementor-element-populated\">\n\t\t\t\t\t\t<div class=\"elementor-element elementor-element-57e2682 elementor-widget elementor-widget-image\" data-id=\"57e2682\" data-element_type=\"widget\" data-widget_type=\"image.default\">\n\t\t\t\t<div class=\"elementor-widget-container\">\n\t\t\t\t\t\t\t\t\t\t\t\t<figure class=\"wp-caption\">\n\t\t\t\t\t\t\t\t\t\t\t<a href=\"https:\/\/aumbongui.com\/?product=cantates-du-soir-petits-pieds-ginkgo\" target=\"_blank\">\n\t\t\t\t\t\t\t<img loading=\"lazy\" decoding=\"async\" width=\"581\" height=\"1024\" src=\"https:\/\/aumbongui.com\/wp-content\/uploads\/2024\/01\/1e-Couverture-maquette-581x1024.jpg\" class=\"attachment-large size-large wp-image-4492\" alt=\"\" srcset=\"https:\/\/aumbongui.com\/wp-content\/uploads\/2024\/01\/1e-Couverture-maquette-581x1024.jpg 581w, https:\/\/aumbongui.com\/wp-content\/uploads\/2024\/01\/1e-Couverture-maquette-768x1355.jpg 768w, https:\/\/aumbongui.com\/wp-content\/uploads\/2024\/01\/1e-Couverture-maquette-871x1536.jpg 871w, https:\/\/aumbongui.com\/wp-content\/uploads\/2024\/01\/1e-Couverture-maquette-1161x2048.jpg 1161w, https:\/\/aumbongui.com\/wp-content\/uploads\/2024\/01\/1e-Couverture-maquette-600x1058.jpg 600w, https:\/\/aumbongui.com\/wp-content\/uploads\/2024\/01\/1e-Couverture-maquette.jpg 1406w\" sizes=\"(max-width: 581px) 100vw, 581px\" \/>\t\t\t\t\t\t\t\t<\/a>\n\t\t\t\t\t\t\t\t\t\t\t<figcaption class=\"widget-image-caption wp-caption-text\">Cantates  du  soir  &amp;  Petits  pieds  Ginkgo<\/figcaption>\n\t\t\t\t\t\t\t\t\t\t<\/figure>\n\t\t\t\t\t\t\t\t\t<\/div>\n\t\t\t\t<\/div>\n\t\t\t\t\t<\/div>\n\t\t<\/div>\n\t\t\t\t<div class=\"elementor-column elementor-col-33 elementor-top-column elementor-element elementor-element-ee8cce8\" data-id=\"ee8cce8\" data-element_type=\"column\">\n\t\t\t<div class=\"elementor-widget-wrap elementor-element-populated\">\n\t\t\t\t\t\t<div class=\"elementor-element elementor-element-44099ac elementor-widget elementor-widget-image\" data-id=\"44099ac\" data-element_type=\"widget\" data-widget_type=\"image.default\">\n\t\t\t\t<div class=\"elementor-widget-container\">\n\t\t\t\t\t\t\t\t\t\t\t\t<figure class=\"wp-caption\">\n\t\t\t\t\t\t\t\t\t\t\t<a href=\"https:\/\/aumbongui.com\/?product=ecrits-noirs-encre-rouge\" target=\"_blank\">\n\t\t\t\t\t\t\t<img loading=\"lazy\" decoding=\"async\" width=\"727\" height=\"1024\" src=\"https:\/\/aumbongui.com\/wp-content\/uploads\/2021\/05\/Couverture-ENER-1e-couv-727x1024.jpg\" class=\"attachment-large size-large wp-image-4163\" alt=\"\" srcset=\"https:\/\/aumbongui.com\/wp-content\/uploads\/2021\/05\/Couverture-ENER-1e-couv-727x1024.jpg 727w, https:\/\/aumbongui.com\/wp-content\/uploads\/2021\/05\/Couverture-ENER-1e-couv-768x1082.jpg 768w, https:\/\/aumbongui.com\/wp-content\/uploads\/2021\/05\/Couverture-ENER-1e-couv-600x845.jpg 600w, https:\/\/aumbongui.com\/wp-content\/uploads\/2021\/05\/Couverture-ENER-1e-couv.jpg 906w\" sizes=\"(max-width: 727px) 100vw, 727px\" \/>\t\t\t\t\t\t\t\t<\/a>\n\t\t\t\t\t\t\t\t\t\t\t<figcaption class=\"widget-image-caption wp-caption-text\">Ecrits Noirs ... Encre Rouge<\/figcaption>\n\t\t\t\t\t\t\t\t\t\t<\/figure>\n\t\t\t\t\t\t\t\t\t<\/div>\n\t\t\t\t<\/div>\n\t\t\t\t\t<\/div>\n\t\t<\/div>\n\t\t\t\t<div class=\"elementor-column elementor-col-33 elementor-top-column elementor-element elementor-element-33540cd\" data-id=\"33540cd\" data-element_type=\"column\">\n\t\t\t<div class=\"elementor-widget-wrap elementor-element-populated\">\n\t\t\t\t\t\t<div class=\"elementor-element elementor-element-f6294a5 elementor-widget elementor-widget-image\" data-id=\"f6294a5\" data-element_type=\"widget\" data-widget_type=\"image.default\">\n\t\t\t\t<div class=\"elementor-widget-container\">\n\t\t\t\t\t\t\t\t\t\t\t\t<figure class=\"wp-caption\">\n\t\t\t\t\t\t\t\t\t\t\t<a href=\"https:\/\/aumbongui.com\/?product=de-lencre-sous-les-gravats\" target=\"_blank\">\n\t\t\t\t\t\t\t<img loading=\"lazy\" decoding=\"async\" width=\"291\" height=\"453\" src=\"https:\/\/aumbongui.com\/wp-content\/uploads\/2021\/05\/De-lencre-sous-les-gravats.jpg\" class=\"attachment-large size-large wp-image-1080\" alt=\"\" srcset=\"https:\/\/aumbongui.com\/wp-content\/uploads\/2021\/05\/De-lencre-sous-les-gravats.jpg 291w, https:\/\/aumbongui.com\/wp-content\/uploads\/2021\/05\/De-lencre-sous-les-gravats-193x300.jpg 193w\" sizes=\"(max-width: 291px) 100vw, 291px\" \/>\t\t\t\t\t\t\t\t<\/a>\n\t\t\t\t\t\t\t\t\t\t\t<figcaption class=\"widget-image-caption wp-caption-text\">De l'encre sous les gravats<\/figcaption>\n\t\t\t\t\t\t\t\t\t\t<\/figure>\n\t\t\t\t\t\t\t\t\t<\/div>\n\t\t\t\t<\/div>\n\t\t\t\t\t<\/div>\n\t\t<\/div>\n\t\t\t\t\t<\/div>\n\t\t<\/section>\n\t\t\t\t<section class=\"elementor-section elementor-top-section elementor-element elementor-element-383c7db elementor-section-boxed elementor-section-height-default elementor-section-height-default\" data-id=\"383c7db\" data-element_type=\"section\">\n\t\t\t\t\t\t<div class=\"elementor-container elementor-column-gap-default\">\n\t\t\t\t\t<div class=\"elementor-column elementor-col-33 elementor-top-column elementor-element elementor-element-55f46d2\" data-id=\"55f46d2\" data-element_type=\"column\">\n\t\t\t<div class=\"elementor-widget-wrap\">\n\t\t\t\t\t\t\t<\/div>\n\t\t<\/div>\n\t\t\t\t<div class=\"elementor-column elementor-col-33 elementor-top-column elementor-element elementor-element-3881ba4\" data-id=\"3881ba4\" data-element_type=\"column\">\n\t\t\t<div class=\"elementor-widget-wrap elementor-element-populated\">\n\t\t\t\t\t\t<div class=\"elementor-element elementor-element-eeaeae4 elementor-widget elementor-widget-image\" data-id=\"eeaeae4\" data-element_type=\"widget\" data-widget_type=\"image.default\">\n\t\t\t\t<div class=\"elementor-widget-container\">\n\t\t\t\t\t\t\t\t\t\t\t\t<figure class=\"wp-caption\">\n\t\t\t\t\t\t\t\t\t\t\t<a href=\"https:\/\/aumbongui.com\/?product=contes-et-fleurettes\" target=\"_blank\">\n\t\t\t\t\t\t\t<img loading=\"lazy\" decoding=\"async\" width=\"900\" height=\"900\" src=\"https:\/\/aumbongui.com\/wp-content\/uploads\/2021\/08\/Contes-et-fleurettes-1024x1024.jpg\" class=\"attachment-large size-large wp-image-900\" alt=\"\" srcset=\"https:\/\/aumbongui.com\/wp-content\/uploads\/2021\/08\/Contes-et-fleurettes-1024x1024.jpg 1024w, https:\/\/aumbongui.com\/wp-content\/uploads\/2021\/08\/Contes-et-fleurettes-300x300.jpg 300w, https:\/\/aumbongui.com\/wp-content\/uploads\/2021\/08\/Contes-et-fleurettes-100x100.jpg 100w, https:\/\/aumbongui.com\/wp-content\/uploads\/2021\/08\/Contes-et-fleurettes-600x600.jpg 600w, https:\/\/aumbongui.com\/wp-content\/uploads\/2021\/08\/Contes-et-fleurettes-150x150.jpg 150w, https:\/\/aumbongui.com\/wp-content\/uploads\/2021\/08\/Contes-et-fleurettes-768x768.jpg 768w, https:\/\/aumbongui.com\/wp-content\/uploads\/2021\/08\/Contes-et-fleurettes-1536x1536.jpg 1536w, https:\/\/aumbongui.com\/wp-content\/uploads\/2021\/08\/Contes-et-fleurettes-2048x2048.jpg 2048w\" sizes=\"(max-width: 900px) 100vw, 900px\" \/>\t\t\t\t\t\t\t\t<\/a>\n\t\t\t\t\t\t\t\t\t\t\t<figcaption class=\"widget-image-caption wp-caption-text\">Contes et Fleurettes ou les sornettes d'une trique en liesse<\/figcaption>\n\t\t\t\t\t\t\t\t\t\t<\/figure>\n\t\t\t\t\t\t\t\t\t<\/div>\n\t\t\t\t<\/div>\n\t\t\t\t\t<\/div>\n\t\t<\/div>\n\t\t\t\t<div class=\"elementor-column elementor-col-33 elementor-top-column elementor-element elementor-element-fb51709\" data-id=\"fb51709\" data-element_type=\"column\">\n\t\t\t<div class=\"elementor-widget-wrap elementor-element-populated\">\n\t\t\t\t\t\t<div class=\"elementor-element elementor-element-628ca17 elementor-widget elementor-widget-image\" data-id=\"628ca17\" data-element_type=\"widget\" data-widget_type=\"image.default\">\n\t\t\t\t<div class=\"elementor-widget-container\">\n\t\t\t\t\t\t\t\t\t\t\t\t<figure class=\"wp-caption\">\n\t\t\t\t\t\t\t\t\t\t\t<a href=\"https:\/\/aumbongui.com\/?product=le-chant-dun-grillon\" target=\"_blank\">\n\t\t\t\t\t\t\t<img loading=\"lazy\" decoding=\"async\" width=\"672\" height=\"1024\" src=\"https:\/\/aumbongui.com\/wp-content\/uploads\/2021\/09\/Le-chant-dun-grillon-672x1024.jpg\" class=\"attachment-large size-large wp-image-1118\" alt=\"\" srcset=\"https:\/\/aumbongui.com\/wp-content\/uploads\/2021\/09\/Le-chant-dun-grillon-672x1024.jpg 672w, https:\/\/aumbongui.com\/wp-content\/uploads\/2021\/09\/Le-chant-dun-grillon-600x915.jpg 600w, https:\/\/aumbongui.com\/wp-content\/uploads\/2021\/09\/Le-chant-dun-grillon-197x300.jpg 197w, https:\/\/aumbongui.com\/wp-content\/uploads\/2021\/09\/Le-chant-dun-grillon-768x1171.jpg 768w, https:\/\/aumbongui.com\/wp-content\/uploads\/2021\/09\/Le-chant-dun-grillon.jpg 826w\" sizes=\"(max-width: 672px) 100vw, 672px\" \/>\t\t\t\t\t\t\t\t<\/a>\n\t\t\t\t\t\t\t\t\t\t\t<figcaption class=\"widget-image-caption wp-caption-text\">Le chant d'un grillon<\/figcaption>\n\t\t\t\t\t\t\t\t\t\t<\/figure>\n\t\t\t\t\t\t\t\t\t<\/div>\n\t\t\t\t<\/div>\n\t\t\t\t\t<\/div>\n\t\t<\/div>\n\t\t\t\t\t<\/div>\n\t\t<\/section>\n\t\t\t\t<\/div>\n\t\t","protected":false},"excerpt":{"rendered":"<p>Po\u00e8mes de terre et d&rsquo;eau D\u00e9mons ou Anges Berb\u00e9rit\u00e9 Cantiques cr\u00e9pusculaires Douces Cacophonies \u00c9CRIT .. ET CRIS Cantates du soir &amp; Petits pieds Ginkgo Ecrits Noirs &#8230; Encre Rouge De l&rsquo;encre sous les gravats Contes et Fleurettes ou les sornettes d&rsquo;une trique en liesse Le chant d&rsquo;un grillon<\/p>\n","protected":false},"author":1,"featured_media":0,"parent":33,"menu_order":0,"comment_status":"closed","ping_status":"closed","template":"","meta":{"footnotes":""},"class_list":["post-341","page","type-page","status-publish","hentry"],"_links":{"self":[{"href":"https:\/\/aumbongui.com\/index.php?rest_route=\/wp\/v2\/pages\/341","targetHints":{"allow":["GET"]}}],"collection":[{"href":"https:\/\/aumbongui.com\/index.php?rest_route=\/wp\/v2\/pages"}],"about":[{"href":"https:\/\/aumbongui.com\/index.php?rest_route=\/wp\/v2\/types\/page"}],"author":[{"embeddable":true,"href":"https:\/\/aumbongui.com\/index.php?rest_route=\/wp\/v2\/users\/1"}],"replies":[{"embeddable":true,"href":"https:\/\/aumbongui.com\/index.php?rest_route=%2Fwp%2Fv2%2Fcomments&post=341"}],"version-history":[{"count":117,"href":"https:\/\/aumbongui.com\/index.php?rest_route=\/wp\/v2\/pages\/341\/revisions"}],"predecessor-version":[{"id":4888,"href":"https:\/\/aumbongui.com\/index.php?rest_route=\/wp\/v2\/pages\/341\/revisions\/4888"}],"up":[{"embeddable":true,"href":"https:\/\/aumbongui.com\/index.php?rest_route=\/wp\/v2\/pages\/33"}],"wp:attachment":[{"href":"https:\/\/aumbongui.com\/index.php?rest_route=%2Fwp%2Fv2%2Fmedia&parent=341"}],"curies":[{"name":"wp","href":"https:\/\/api.w.org\/{rel}","templated":true}]}}