{"id":357,"date":"2021-05-26T15:16:43","date_gmt":"2021-05-26T13:16:43","guid":{"rendered":"https:\/\/aumbongui.com\/?page_id=357"},"modified":"2025-02-20T23:40:04","modified_gmt":"2025-02-20T22:40:04","slug":"litterature-generale-litt-rare","status":"publish","type":"page","link":"https:\/\/aumbongui.com\/?page_id=357","title":{"rendered":"LITT\u00c9RATURE G\u00c9N\u00c9RALE"},"content":{"rendered":"\t\t<div data-elementor-type=\"wp-page\" data-elementor-id=\"357\" class=\"elementor elementor-357\">\n\t\t\t\t\t\t<section class=\"elementor-section elementor-top-section elementor-element elementor-element-8125f54 elementor-section-boxed elementor-section-height-default elementor-section-height-default\" data-id=\"8125f54\" data-element_type=\"section\">\n\t\t\t\t\t\t<div class=\"elementor-container elementor-column-gap-default\">\n\t\t\t\t\t<div class=\"elementor-column elementor-col-25 elementor-top-column elementor-element elementor-element-01c9aab\" data-id=\"01c9aab\" data-element_type=\"column\">\n\t\t\t<div class=\"elementor-widget-wrap\">\n\t\t\t\t\t\t\t<\/div>\n\t\t<\/div>\n\t\t\t\t<div class=\"elementor-column elementor-col-25 elementor-top-column elementor-element elementor-element-e756bb9\" data-id=\"e756bb9\" data-element_type=\"column\">\n\t\t\t<div class=\"elementor-widget-wrap\">\n\t\t\t\t\t\t\t<\/div>\n\t\t<\/div>\n\t\t\t\t<div class=\"elementor-column elementor-col-25 elementor-top-column elementor-element elementor-element-3daa92c\" data-id=\"3daa92c\" data-element_type=\"column\">\n\t\t\t<div class=\"elementor-widget-wrap\">\n\t\t\t\t\t\t\t<\/div>\n\t\t<\/div>\n\t\t\t\t<div class=\"elementor-column elementor-col-25 elementor-top-column elementor-element elementor-element-844f545\" data-id=\"844f545\" data-element_type=\"column\">\n\t\t\t<div class=\"elementor-widget-wrap\">\n\t\t\t\t\t\t\t<\/div>\n\t\t<\/div>\n\t\t\t\t\t<\/div>\n\t\t<\/section>\n\t\t\t\t<section class=\"elementor-section elementor-top-section elementor-element elementor-element-c49a7b1 elementor-section-boxed elementor-section-height-default elementor-section-height-default\" data-id=\"c49a7b1\" data-element_type=\"section\">\n\t\t\t\t\t\t<div class=\"elementor-container elementor-column-gap-default\">\n\t\t\t\t\t<div class=\"elementor-column elementor-col-25 elementor-top-column elementor-element elementor-element-b460a46\" data-id=\"b460a46\" data-element_type=\"column\">\n\t\t\t<div class=\"elementor-widget-wrap elementor-element-populated\">\n\t\t\t\t\t\t<div class=\"elementor-element elementor-element-652def5 elementor-widget elementor-widget-image\" data-id=\"652def5\" data-element_type=\"widget\" data-widget_type=\"image.default\">\n\t\t\t\t<div class=\"elementor-widget-container\">\n\t\t\t\t\t\t\t\t\t\t\t\t<figure class=\"wp-caption\">\n\t\t\t\t\t\t\t\t\t\t\t<a href=\"https:\/\/aumbongui.com\/?product=nos-attrapes-reves\" target=\"_blank\">\n\t\t\t\t\t\t\t<img fetchpriority=\"high\" decoding=\"async\" width=\"704\" height=\"1024\" src=\"https:\/\/aumbongui.com\/wp-content\/uploads\/2023\/03\/IMG_2023-03-20-17-13-19-3002-1-704x1024.jpg\" class=\"attachment-large size-large wp-image-4121\" alt=\"\" srcset=\"https:\/\/aumbongui.com\/wp-content\/uploads\/2023\/03\/IMG_2023-03-20-17-13-19-3002-1-704x1024.jpg 704w, https:\/\/aumbongui.com\/wp-content\/uploads\/2023\/03\/IMG_2023-03-20-17-13-19-3002-1-768x1117.jpg 768w, https:\/\/aumbongui.com\/wp-content\/uploads\/2023\/03\/IMG_2023-03-20-17-13-19-3002-1-1056x1536.jpg 1056w, https:\/\/aumbongui.com\/wp-content\/uploads\/2023\/03\/IMG_2023-03-20-17-13-19-3002-1-1408x2048.jpg 1408w, https:\/\/aumbongui.com\/wp-content\/uploads\/2023\/03\/IMG_2023-03-20-17-13-19-3002-1-600x873.jpg 600w, https:\/\/aumbongui.com\/wp-content\/uploads\/2023\/03\/IMG_2023-03-20-17-13-19-3002-1-scaled.jpg 1759w\" sizes=\"(max-width: 704px) 100vw, 704px\" \/>\t\t\t\t\t\t\t\t<\/a>\n\t\t\t\t\t\t\t\t\t\t\t<figcaption class=\"widget-image-caption wp-caption-text\">NOS ATTRAPES-R\u00caVES<\/figcaption>\n\t\t\t\t\t\t\t\t\t\t<\/figure>\n\t\t\t\t\t\t\t\t\t<\/div>\n\t\t\t\t<\/div>\n\t\t\t\t\t<\/div>\n\t\t<\/div>\n\t\t\t\t<div class=\"elementor-column elementor-col-25 elementor-top-column elementor-element elementor-element-6379e5a\" data-id=\"6379e5a\" data-element_type=\"column\">\n\t\t\t<div class=\"elementor-widget-wrap elementor-element-populated\">\n\t\t\t\t\t\t<div class=\"elementor-element elementor-element-a9a26b2 elementor-widget elementor-widget-image\" data-id=\"a9a26b2\" data-element_type=\"widget\" data-widget_type=\"image.default\">\n\t\t\t\t<div class=\"elementor-widget-container\">\n\t\t\t\t\t\t\t\t\t\t\t\t<figure class=\"wp-caption\">\n\t\t\t\t\t\t\t\t\t\t\t<a href=\"https:\/\/aumbongui.com\/?product=le-rosier-de-julia\" target=\"_blank\">\n\t\t\t\t\t\t\t<img decoding=\"async\" width=\"680\" height=\"1024\" src=\"https:\/\/aumbongui.com\/wp-content\/uploads\/2025\/02\/IMG_20250219_143227-680x1024.jpg\" class=\"attachment-large size-large wp-image-4720\" alt=\"\" srcset=\"https:\/\/aumbongui.com\/wp-content\/uploads\/2025\/02\/IMG_20250219_143227-680x1024.jpg 680w, https:\/\/aumbongui.com\/wp-content\/uploads\/2025\/02\/IMG_20250219_143227-768x1157.jpg 768w, https:\/\/aumbongui.com\/wp-content\/uploads\/2025\/02\/IMG_20250219_143227-1020x1536.jpg 1020w, https:\/\/aumbongui.com\/wp-content\/uploads\/2025\/02\/IMG_20250219_143227-1359x2048.jpg 1359w, https:\/\/aumbongui.com\/wp-content\/uploads\/2025\/02\/IMG_20250219_143227-600x904.jpg 600w, https:\/\/aumbongui.com\/wp-content\/uploads\/2025\/02\/IMG_20250219_143227-scaled.jpg 1699w\" sizes=\"(max-width: 680px) 100vw, 680px\" \/>\t\t\t\t\t\t\t\t<\/a>\n\t\t\t\t\t\t\t\t\t\t\t<figcaption class=\"widget-image-caption wp-caption-text\">LE ROSIER DE JULIA<\/figcaption>\n\t\t\t\t\t\t\t\t\t\t<\/figure>\n\t\t\t\t\t\t\t\t\t<\/div>\n\t\t\t\t<\/div>\n\t\t\t\t\t<\/div>\n\t\t<\/div>\n\t\t\t\t<div class=\"elementor-column elementor-col-25 elementor-top-column elementor-element elementor-element-bf2817c\" data-id=\"bf2817c\" data-element_type=\"column\">\n\t\t\t<div class=\"elementor-widget-wrap elementor-element-populated\">\n\t\t\t\t\t\t<div class=\"elementor-element elementor-element-c515be7 elementor-widget elementor-widget-image\" data-id=\"c515be7\" data-element_type=\"widget\" data-widget_type=\"image.default\">\n\t\t\t\t<div class=\"elementor-widget-container\">\n\t\t\t\t\t\t\t\t\t\t\t\t<figure class=\"wp-caption\">\n\t\t\t\t\t\t\t\t\t\t\t<a href=\"https:\/\/aumbongui.com\/?product=lame-du-luthier\" target=\"_blank\">\n\t\t\t\t\t\t\t<img decoding=\"async\" width=\"703\" height=\"1024\" src=\"https:\/\/aumbongui.com\/wp-content\/uploads\/2022\/01\/Nour_Livre-703x1024.jpg\" class=\"attachment-large size-large wp-image-2181\" alt=\"\" srcset=\"https:\/\/aumbongui.com\/wp-content\/uploads\/2022\/01\/Nour_Livre-703x1024.jpg 703w, https:\/\/aumbongui.com\/wp-content\/uploads\/2022\/01\/Nour_Livre-206x300.jpg 206w, https:\/\/aumbongui.com\/wp-content\/uploads\/2022\/01\/Nour_Livre-768x1119.jpg 768w, https:\/\/aumbongui.com\/wp-content\/uploads\/2022\/01\/Nour_Livre-1054x1536.jpg 1054w, https:\/\/aumbongui.com\/wp-content\/uploads\/2022\/01\/Nour_Livre-1405x2048.jpg 1405w, https:\/\/aumbongui.com\/wp-content\/uploads\/2022\/01\/Nour_Livre-600x875.jpg 600w, https:\/\/aumbongui.com\/wp-content\/uploads\/2022\/01\/Nour_Livre-scaled.jpg 1756w\" sizes=\"(max-width: 703px) 100vw, 703px\" \/>\t\t\t\t\t\t\t\t<\/a>\n\t\t\t\t\t\t\t\t\t\t\t<figcaption class=\"widget-image-caption wp-caption-text\">L'\u00c2ME DU LUTHIER<\/figcaption>\n\t\t\t\t\t\t\t\t\t\t<\/figure>\n\t\t\t\t\t\t\t\t\t<\/div>\n\t\t\t\t<\/div>\n\t\t\t\t\t<\/div>\n\t\t<\/div>\n\t\t\t\t<div class=\"elementor-column elementor-col-25 elementor-top-column elementor-element elementor-element-29daed6\" data-id=\"29daed6\" data-element_type=\"column\">\n\t\t\t<div class=\"elementor-widget-wrap elementor-element-populated\">\n\t\t\t\t\t\t<div class=\"elementor-element elementor-element-8ed528d elementor-widget elementor-widget-image\" data-id=\"8ed528d\" data-element_type=\"widget\" data-widget_type=\"image.default\">\n\t\t\t\t<div class=\"elementor-widget-container\">\n\t\t\t\t\t\t\t\t\t\t\t\t<figure class=\"wp-caption\">\n\t\t\t\t\t\t\t\t\t\t\t<a href=\"https:\/\/aumbongui.com\/?product=reve-arythmique\" target=\"_blank\">\n\t\t\t\t\t\t\t<img loading=\"lazy\" decoding=\"async\" width=\"554\" height=\"787\" src=\"https:\/\/aumbongui.com\/wp-content\/uploads\/2022\/01\/253035218_961678511448643_7271757777160599912_n.jpg\" class=\"attachment-large size-large wp-image-2182\" alt=\"\" srcset=\"https:\/\/aumbongui.com\/wp-content\/uploads\/2022\/01\/253035218_961678511448643_7271757777160599912_n.jpg 554w, https:\/\/aumbongui.com\/wp-content\/uploads\/2022\/01\/253035218_961678511448643_7271757777160599912_n-211x300.jpg 211w\" sizes=\"(max-width: 554px) 100vw, 554px\" \/>\t\t\t\t\t\t\t\t<\/a>\n\t\t\t\t\t\t\t\t\t\t\t<figcaption class=\"widget-image-caption wp-caption-text\">R\u00caVE ARYTHMIQUE<\/figcaption>\n\t\t\t\t\t\t\t\t\t\t<\/figure>\n\t\t\t\t\t\t\t\t\t<\/div>\n\t\t\t\t<\/div>\n\t\t\t\t\t<\/div>\n\t\t<\/div>\n\t\t\t\t\t<\/div>\n\t\t<\/section>\n\t\t\t\t<section class=\"elementor-section elementor-top-section elementor-element elementor-element-6836883 elementor-section-boxed elementor-section-height-default elementor-section-height-default\" data-id=\"6836883\" data-element_type=\"section\">\n\t\t\t\t\t\t<div class=\"elementor-container elementor-column-gap-default\">\n\t\t\t\t\t<div class=\"elementor-column elementor-col-25 elementor-top-column elementor-element elementor-element-19307c7\" data-id=\"19307c7\" data-element_type=\"column\">\n\t\t\t<div class=\"elementor-widget-wrap elementor-element-populated\">\n\t\t\t\t\t\t<div class=\"elementor-element elementor-element-20dc5c3 elementor-widget elementor-widget-image\" data-id=\"20dc5c3\" data-element_type=\"widget\" data-widget_type=\"image.default\">\n\t\t\t\t<div class=\"elementor-widget-container\">\n\t\t\t\t\t\t\t\t\t\t\t\t<figure class=\"wp-caption\">\n\t\t\t\t\t\t\t\t\t\t\t<a href=\"https:\/\/aumbongui.com\/?product=la-livraison\" target=\"_blank\">\n\t\t\t\t\t\t\t<img loading=\"lazy\" decoding=\"async\" width=\"458\" height=\"650\" src=\"https:\/\/aumbongui.com\/wp-content\/uploads\/2025\/02\/couv-La-livraison.jpg\" class=\"attachment-large size-large wp-image-4731\" alt=\"\" \/>\t\t\t\t\t\t\t\t<\/a>\n\t\t\t\t\t\t\t\t\t\t\t<figcaption class=\"widget-image-caption wp-caption-text\">LA LIVRAISON<\/figcaption>\n\t\t\t\t\t\t\t\t\t\t<\/figure>\n\t\t\t\t\t\t\t\t\t<\/div>\n\t\t\t\t<\/div>\n\t\t\t\t\t<\/div>\n\t\t<\/div>\n\t\t\t\t<div class=\"elementor-column elementor-col-25 elementor-top-column elementor-element elementor-element-c394887\" data-id=\"c394887\" data-element_type=\"column\">\n\t\t\t<div class=\"elementor-widget-wrap elementor-element-populated\">\n\t\t\t\t\t\t<div class=\"elementor-element elementor-element-6107f7c elementor-widget elementor-widget-image\" data-id=\"6107f7c\" data-element_type=\"widget\" data-widget_type=\"image.default\">\n\t\t\t\t<div class=\"elementor-widget-container\">\n\t\t\t\t\t\t\t\t\t\t\t\t<figure class=\"wp-caption\">\n\t\t\t\t\t\t\t\t\t\t\t<a href=\"https:\/\/aumbongui.com\/?product=de-tout-mon-souffle\" target=\"_blank\">\n\t\t\t\t\t\t\t<img loading=\"lazy\" decoding=\"async\" width=\"658\" height=\"1024\" src=\"https:\/\/aumbongui.com\/wp-content\/uploads\/2021\/09\/De-tout-mon-souffle-1-658x1024.jpg\" class=\"attachment-large size-large wp-image-1108\" alt=\"\" srcset=\"https:\/\/aumbongui.com\/wp-content\/uploads\/2021\/09\/De-tout-mon-souffle-1-658x1024.jpg 658w, https:\/\/aumbongui.com\/wp-content\/uploads\/2021\/09\/De-tout-mon-souffle-1-600x934.jpg 600w, https:\/\/aumbongui.com\/wp-content\/uploads\/2021\/09\/De-tout-mon-souffle-1-193x300.jpg 193w, https:\/\/aumbongui.com\/wp-content\/uploads\/2021\/09\/De-tout-mon-souffle-1-768x1195.jpg 768w, https:\/\/aumbongui.com\/wp-content\/uploads\/2021\/09\/De-tout-mon-souffle-1.jpg 814w\" sizes=\"(max-width: 658px) 100vw, 658px\" \/>\t\t\t\t\t\t\t\t<\/a>\n\t\t\t\t\t\t\t\t\t\t\t<figcaption class=\"widget-image-caption wp-caption-text\">DE TOUT MON SOUFFLE<\/figcaption>\n\t\t\t\t\t\t\t\t\t\t<\/figure>\n\t\t\t\t\t\t\t\t\t<\/div>\n\t\t\t\t<\/div>\n\t\t\t\t\t<\/div>\n\t\t<\/div>\n\t\t\t\t<div class=\"elementor-column elementor-col-25 elementor-top-column elementor-element elementor-element-e737813\" data-id=\"e737813\" data-element_type=\"column\">\n\t\t\t<div class=\"elementor-widget-wrap\">\n\t\t\t\t\t\t\t<\/div>\n\t\t<\/div>\n\t\t\t\t<div class=\"elementor-column elementor-col-25 elementor-top-column elementor-element elementor-element-d75acc8\" data-id=\"d75acc8\" data-element_type=\"column\">\n\t\t\t<div class=\"elementor-widget-wrap\">\n\t\t\t\t\t\t\t<\/div>\n\t\t<\/div>\n\t\t\t\t\t<\/div>\n\t\t<\/section>\n\t\t\t\t<section class=\"elementor-section elementor-top-section elementor-element elementor-element-b7ae4b1 elementor-section-boxed elementor-section-height-default elementor-section-height-default\" data-id=\"b7ae4b1\" data-element_type=\"section\">\n\t\t\t\t\t\t<div class=\"elementor-container elementor-column-gap-default\">\n\t\t\t\t\t<div class=\"elementor-column elementor-col-33 elementor-top-column elementor-element elementor-element-2e07509\" data-id=\"2e07509\" data-element_type=\"column\">\n\t\t\t<div class=\"elementor-widget-wrap\">\n\t\t\t\t\t\t\t<\/div>\n\t\t<\/div>\n\t\t\t\t<div class=\"elementor-column elementor-col-33 elementor-top-column elementor-element elementor-element-0bba34a\" data-id=\"0bba34a\" data-element_type=\"column\">\n\t\t\t<div class=\"elementor-widget-wrap\">\n\t\t\t\t\t\t\t<\/div>\n\t\t<\/div>\n\t\t\t\t<div class=\"elementor-column elementor-col-33 elementor-top-column elementor-element elementor-element-b43b18e\" data-id=\"b43b18e\" data-element_type=\"column\">\n\t\t\t<div class=\"elementor-widget-wrap\">\n\t\t\t\t\t\t\t<\/div>\n\t\t<\/div>\n\t\t\t\t\t<\/div>\n\t\t<\/section>\n\t\t\t\t<\/div>\n\t\t","protected":false},"excerpt":{"rendered":"<p>NOS ATTRAPES-R\u00caVES LE ROSIER DE JULIA L&rsquo;\u00c2ME DU LUTHIER R\u00caVE ARYTHMIQUE LA LIVRAISON DE TOUT MON SOUFFLE<\/p>\n","protected":false},"author":1,"featured_media":0,"parent":37,"menu_order":0,"comment_status":"closed","ping_status":"closed","template":"","meta":{"footnotes":""},"class_list":["post-357","page","type-page","status-publish","hentry"],"_links":{"self":[{"href":"https:\/\/aumbongui.com\/index.php?rest_route=\/wp\/v2\/pages\/357","targetHints":{"allow":["GET"]}}],"collection":[{"href":"https:\/\/aumbongui.com\/index.php?rest_route=\/wp\/v2\/pages"}],"about":[{"href":"https:\/\/aumbongui.com\/index.php?rest_route=\/wp\/v2\/types\/page"}],"author":[{"embeddable":true,"href":"https:\/\/aumbongui.com\/index.php?rest_route=\/wp\/v2\/users\/1"}],"replies":[{"embeddable":true,"href":"https:\/\/aumbongui.com\/index.php?rest_route=%2Fwp%2Fv2%2Fcomments&post=357"}],"version-history":[{"count":66,"href":"https:\/\/aumbongui.com\/index.php?rest_route=\/wp\/v2\/pages\/357\/revisions"}],"predecessor-version":[{"id":4738,"href":"https:\/\/aumbongui.com\/index.php?rest_route=\/wp\/v2\/pages\/357\/revisions\/4738"}],"up":[{"embeddable":true,"href":"https:\/\/aumbongui.com\/index.php?rest_route=\/wp\/v2\/pages\/37"}],"wp:attachment":[{"href":"https:\/\/aumbongui.com\/index.php?rest_route=%2Fwp%2Fv2%2Fmedia&parent=357"}],"curies":[{"name":"wp","href":"https:\/\/api.w.org\/{rel}","templated":true}]}}