{"id":359,"date":"2021-05-26T15:17:32","date_gmt":"2021-05-26T13:17:32","guid":{"rendered":"https:\/\/aumbongui.com\/?page_id=359"},"modified":"2024-09-21T11:27:45","modified_gmt":"2024-09-21T09:27:45","slug":"fantastique-litt-rare","status":"publish","type":"page","link":"https:\/\/aumbongui.com\/?page_id=359","title":{"rendered":"FANTASTIQUE"},"content":{"rendered":"\t\t<div data-elementor-type=\"wp-page\" data-elementor-id=\"359\" class=\"elementor elementor-359\">\n\t\t\t\t\t\t<section class=\"elementor-section elementor-top-section elementor-element elementor-element-024011f elementor-section-boxed elementor-section-height-default elementor-section-height-default\" data-id=\"024011f\" data-element_type=\"section\">\n\t\t\t\t\t\t<div class=\"elementor-container elementor-column-gap-default\">\n\t\t\t\t\t<div class=\"elementor-column elementor-col-25 elementor-top-column elementor-element elementor-element-33c2a32\" data-id=\"33c2a32\" data-element_type=\"column\">\n\t\t\t<div class=\"elementor-widget-wrap elementor-element-populated\">\n\t\t\t\t\t\t<div class=\"elementor-element elementor-element-e4f4053 elementor-widget elementor-widget-image\" data-id=\"e4f4053\" data-element_type=\"widget\" data-widget_type=\"image.default\">\n\t\t\t\t<div class=\"elementor-widget-container\">\n\t\t\t\t\t\t\t\t\t\t\t\t<figure class=\"wp-caption\">\n\t\t\t\t\t\t\t\t\t\t\t<a href=\"https:\/\/aumbongui.com\/?product=les-quatre-puissances-elementaires-tome-1\" target=\"_blank\">\n\t\t\t\t\t\t\t<img fetchpriority=\"high\" decoding=\"async\" width=\"728\" height=\"1024\" src=\"https:\/\/aumbongui.com\/wp-content\/uploads\/2024\/09\/Couverture-1-Les-4-puissances-elementaires-728x1024.jpg\" class=\"attachment-large size-large wp-image-4606\" alt=\"\" srcset=\"https:\/\/aumbongui.com\/wp-content\/uploads\/2024\/09\/Couverture-1-Les-4-puissances-elementaires-728x1024.jpg 728w, https:\/\/aumbongui.com\/wp-content\/uploads\/2024\/09\/Couverture-1-Les-4-puissances-elementaires-768x1081.jpg 768w, https:\/\/aumbongui.com\/wp-content\/uploads\/2024\/09\/Couverture-1-Les-4-puissances-elementaires-1091x1536.jpg 1091w, https:\/\/aumbongui.com\/wp-content\/uploads\/2024\/09\/Couverture-1-Les-4-puissances-elementaires-1455x2048.jpg 1455w, https:\/\/aumbongui.com\/wp-content\/uploads\/2024\/09\/Couverture-1-Les-4-puissances-elementaires-600x844.jpg 600w, https:\/\/aumbongui.com\/wp-content\/uploads\/2024\/09\/Couverture-1-Les-4-puissances-elementaires.jpg 1762w\" sizes=\"(max-width: 728px) 100vw, 728px\" \/>\t\t\t\t\t\t\t\t<\/a>\n\t\t\t\t\t\t\t\t\t\t\t<figcaption class=\"widget-image-caption wp-caption-text\">Les quatre puissances \u00e9l\u00e9mentaires Tome 1<\/figcaption>\n\t\t\t\t\t\t\t\t\t\t<\/figure>\n\t\t\t\t\t\t\t\t\t<\/div>\n\t\t\t\t<\/div>\n\t\t\t\t\t<\/div>\n\t\t<\/div>\n\t\t\t\t<div class=\"elementor-column elementor-col-25 elementor-top-column elementor-element elementor-element-2df88e7\" data-id=\"2df88e7\" data-element_type=\"column\">\n\t\t\t<div class=\"elementor-widget-wrap elementor-element-populated\">\n\t\t\t\t\t\t<div class=\"elementor-element elementor-element-5e4a9ad elementor-widget elementor-widget-image\" data-id=\"5e4a9ad\" data-element_type=\"widget\" data-widget_type=\"image.default\">\n\t\t\t\t<div class=\"elementor-widget-container\">\n\t\t\t\t\t\t\t\t\t\t\t\t<figure class=\"wp-caption\">\n\t\t\t\t\t\t\t\t\t\t\t<a href=\"https:\/\/aumbongui.com\/?product=le-buffet-et-autres-textes\" target=\"_blank\">\n\t\t\t\t\t\t\t<img decoding=\"async\" width=\"632\" height=\"1024\" src=\"https:\/\/aumbongui.com\/wp-content\/uploads\/2022\/10\/Le-buffet-Isabelle-Giudicelli-632x1024.jpg\" class=\"attachment-large size-large wp-image-3625\" alt=\"\" srcset=\"https:\/\/aumbongui.com\/wp-content\/uploads\/2022\/10\/Le-buffet-Isabelle-Giudicelli-632x1024.jpg 632w, https:\/\/aumbongui.com\/wp-content\/uploads\/2022\/10\/Le-buffet-Isabelle-Giudicelli-768x1244.jpg 768w, https:\/\/aumbongui.com\/wp-content\/uploads\/2022\/10\/Le-buffet-Isabelle-Giudicelli-948x1536.jpg 948w, https:\/\/aumbongui.com\/wp-content\/uploads\/2022\/10\/Le-buffet-Isabelle-Giudicelli-1265x2048.jpg 1265w, https:\/\/aumbongui.com\/wp-content\/uploads\/2022\/10\/Le-buffet-Isabelle-Giudicelli-600x972.jpg 600w, https:\/\/aumbongui.com\/wp-content\/uploads\/2022\/10\/Le-buffet-Isabelle-Giudicelli-scaled.jpg 1581w\" sizes=\"(max-width: 632px) 100vw, 632px\" \/>\t\t\t\t\t\t\t\t<\/a>\n\t\t\t\t\t\t\t\t\t\t\t<figcaption class=\"widget-image-caption wp-caption-text\">LE BUFFET et autres textes<\/figcaption>\n\t\t\t\t\t\t\t\t\t\t<\/figure>\n\t\t\t\t\t\t\t\t\t<\/div>\n\t\t\t\t<\/div>\n\t\t\t\t\t<\/div>\n\t\t<\/div>\n\t\t\t\t<div class=\"elementor-column elementor-col-25 elementor-top-column elementor-element elementor-element-e7f1b23\" data-id=\"e7f1b23\" data-element_type=\"column\">\n\t\t\t<div class=\"elementor-widget-wrap elementor-element-populated\">\n\t\t\t\t\t\t<div class=\"elementor-element elementor-element-8245245 elementor-widget elementor-widget-image\" data-id=\"8245245\" data-element_type=\"widget\" data-widget_type=\"image.default\">\n\t\t\t\t<div class=\"elementor-widget-container\">\n\t\t\t\t\t\t\t\t\t\t\t\t<figure class=\"wp-caption\">\n\t\t\t\t\t\t\t\t\t\t\t<a href=\"https:\/\/aumbongui.com\/?product=treve-de-bondieuseries\" target=\"_blank\">\n\t\t\t\t\t\t\t<img decoding=\"async\" width=\"632\" height=\"1024\" src=\"https:\/\/aumbongui.com\/wp-content\/uploads\/2021\/12\/a-Intro-actu-librairie-ubik-art-Guillaume-Lopez-632x1024.jpg\" class=\"attachment-large size-large wp-image-1620\" alt=\"\" srcset=\"https:\/\/aumbongui.com\/wp-content\/uploads\/2021\/12\/a-Intro-actu-librairie-ubik-art-Guillaume-Lopez-632x1024.jpg 632w, https:\/\/aumbongui.com\/wp-content\/uploads\/2021\/12\/a-Intro-actu-librairie-ubik-art-Guillaume-Lopez-185x300.jpg 185w, https:\/\/aumbongui.com\/wp-content\/uploads\/2021\/12\/a-Intro-actu-librairie-ubik-art-Guillaume-Lopez-600x972.jpg 600w, https:\/\/aumbongui.com\/wp-content\/uploads\/2021\/12\/a-Intro-actu-librairie-ubik-art-Guillaume-Lopez.jpg 720w\" sizes=\"(max-width: 632px) 100vw, 632px\" \/>\t\t\t\t\t\t\t\t<\/a>\n\t\t\t\t\t\t\t\t\t\t\t<figcaption class=\"widget-image-caption wp-caption-text\">Tr\u00eave de bondieuseries<\/figcaption>\n\t\t\t\t\t\t\t\t\t\t<\/figure>\n\t\t\t\t\t\t\t\t\t<\/div>\n\t\t\t\t<\/div>\n\t\t\t\t\t<\/div>\n\t\t<\/div>\n\t\t\t\t<div class=\"elementor-column elementor-col-25 elementor-top-column elementor-element elementor-element-f0dbc4b\" data-id=\"f0dbc4b\" data-element_type=\"column\">\n\t\t\t<div class=\"elementor-widget-wrap elementor-element-populated\">\n\t\t\t\t\t\t<div class=\"elementor-element elementor-element-1e7ce13 elementor-widget elementor-widget-image\" data-id=\"1e7ce13\" data-element_type=\"widget\" data-widget_type=\"image.default\">\n\t\t\t\t<div class=\"elementor-widget-container\">\n\t\t\t\t\t\t\t\t\t\t\t\t<figure class=\"wp-caption\">\n\t\t\t\t\t\t\t\t\t\t\t<a href=\"https:\/\/aumbongui.com\/?product=apocalypse\" target=\"_blank\">\n\t\t\t\t\t\t\t<img loading=\"lazy\" decoding=\"async\" width=\"900\" height=\"900\" src=\"https:\/\/aumbongui.com\/wp-content\/uploads\/2021\/07\/APOCALYPSE-1024x1024.jpg\" class=\"attachment-large size-large wp-image-841\" alt=\"\" srcset=\"https:\/\/aumbongui.com\/wp-content\/uploads\/2021\/07\/APOCALYPSE-1024x1024.jpg 1024w, https:\/\/aumbongui.com\/wp-content\/uploads\/2021\/07\/APOCALYPSE-300x300.jpg 300w, https:\/\/aumbongui.com\/wp-content\/uploads\/2021\/07\/APOCALYPSE-100x100.jpg 100w, https:\/\/aumbongui.com\/wp-content\/uploads\/2021\/07\/APOCALYPSE-600x600.jpg 600w, https:\/\/aumbongui.com\/wp-content\/uploads\/2021\/07\/APOCALYPSE-150x150.jpg 150w, https:\/\/aumbongui.com\/wp-content\/uploads\/2021\/07\/APOCALYPSE-768x768.jpg 768w, https:\/\/aumbongui.com\/wp-content\/uploads\/2021\/07\/APOCALYPSE-1536x1536.jpg 1536w, https:\/\/aumbongui.com\/wp-content\/uploads\/2021\/07\/APOCALYPSE-2048x2048.jpg 2048w\" sizes=\"(max-width: 900px) 100vw, 900px\" \/>\t\t\t\t\t\t\t\t<\/a>\n\t\t\t\t\t\t\t\t\t\t\t<figcaption class=\"widget-image-caption wp-caption-text\">APOCALYPSE <\/figcaption>\n\t\t\t\t\t\t\t\t\t\t<\/figure>\n\t\t\t\t\t\t\t\t\t<\/div>\n\t\t\t\t<\/div>\n\t\t\t\t\t<\/div>\n\t\t<\/div>\n\t\t\t\t\t<\/div>\n\t\t<\/section>\n\t\t\t\t<section class=\"elementor-section elementor-top-section elementor-element elementor-element-1eb2c2c elementor-section-boxed elementor-section-height-default elementor-section-height-default\" data-id=\"1eb2c2c\" data-element_type=\"section\">\n\t\t\t\t\t\t<div class=\"elementor-container elementor-column-gap-default\">\n\t\t\t\t\t<div class=\"elementor-column elementor-col-25 elementor-top-column elementor-element elementor-element-2edd0d0\" data-id=\"2edd0d0\" data-element_type=\"column\">\n\t\t\t<div class=\"elementor-widget-wrap elementor-element-populated\">\n\t\t\t\t\t\t<div class=\"elementor-element elementor-element-7bfcd6c elementor-widget elementor-widget-image\" data-id=\"7bfcd6c\" data-element_type=\"widget\" data-widget_type=\"image.default\">\n\t\t\t\t<div class=\"elementor-widget-container\">\n\t\t\t\t\t\t\t\t\t\t\t\t<figure class=\"wp-caption\">\n\t\t\t\t\t\t\t\t\t\t\t<a href=\"https:\/\/aumbongui.com\/?product=2473\" target=\"_blank\">\n\t\t\t\t\t\t\t<img loading=\"lazy\" decoding=\"async\" width=\"706\" height=\"1024\" src=\"https:\/\/aumbongui.com\/wp-content\/uploads\/2022\/06\/IMG_2022-06-11-00-31-19-8972-1-706x1024.jpg\" class=\"attachment-large size-large wp-image-2475\" alt=\"\" srcset=\"https:\/\/aumbongui.com\/wp-content\/uploads\/2022\/06\/IMG_2022-06-11-00-31-19-8972-1-706x1024.jpg 706w, https:\/\/aumbongui.com\/wp-content\/uploads\/2022\/06\/IMG_2022-06-11-00-31-19-8972-1-768x1114.jpg 768w, https:\/\/aumbongui.com\/wp-content\/uploads\/2022\/06\/IMG_2022-06-11-00-31-19-8972-1-1059x1536.jpg 1059w, https:\/\/aumbongui.com\/wp-content\/uploads\/2022\/06\/IMG_2022-06-11-00-31-19-8972-1-1412x2048.jpg 1412w, https:\/\/aumbongui.com\/wp-content\/uploads\/2022\/06\/IMG_2022-06-11-00-31-19-8972-1-600x870.jpg 600w, https:\/\/aumbongui.com\/wp-content\/uploads\/2022\/06\/IMG_2022-06-11-00-31-19-8972-1-scaled.jpg 1765w\" sizes=\"(max-width: 706px) 100vw, 706px\" \/>\t\t\t\t\t\t\t\t<\/a>\n\t\t\t\t\t\t\t\t\t\t\t<figcaption class=\"widget-image-caption wp-caption-text\">Les Tambours du dieu noir + L'\u00e9trange affaire du djinn du Caire<\/figcaption>\n\t\t\t\t\t\t\t\t\t\t<\/figure>\n\t\t\t\t\t\t\t\t\t<\/div>\n\t\t\t\t<\/div>\n\t\t\t\t\t<\/div>\n\t\t<\/div>\n\t\t\t\t<div class=\"elementor-column elementor-col-25 elementor-top-column elementor-element elementor-element-43e9f46\" data-id=\"43e9f46\" data-element_type=\"column\">\n\t\t\t<div class=\"elementor-widget-wrap elementor-element-populated\">\n\t\t\t\t\t\t<div class=\"elementor-element elementor-element-05cd1a3 elementor-widget elementor-widget-image\" data-id=\"05cd1a3\" data-element_type=\"widget\" data-widget_type=\"image.default\">\n\t\t\t\t<div class=\"elementor-widget-container\">\n\t\t\t\t\t\t\t\t\t\t\t\t<figure class=\"wp-caption\">\n\t\t\t\t\t\t\t\t\t\t\t<a href=\"https:\/\/aumbongui.com\/?product=ring-shout-cantique-rituel\" target=\"_blank\">\n\t\t\t\t\t\t\t<img loading=\"lazy\" decoding=\"async\" width=\"746\" height=\"1024\" src=\"https:\/\/aumbongui.com\/wp-content\/uploads\/2022\/06\/IMG_2022-06-11-00-35-59-9112-746x1024.jpg\" class=\"attachment-large size-large wp-image-2522\" alt=\"\" srcset=\"https:\/\/aumbongui.com\/wp-content\/uploads\/2022\/06\/IMG_2022-06-11-00-35-59-9112-746x1024.jpg 746w, https:\/\/aumbongui.com\/wp-content\/uploads\/2022\/06\/IMG_2022-06-11-00-35-59-9112-768x1055.jpg 768w, https:\/\/aumbongui.com\/wp-content\/uploads\/2022\/06\/IMG_2022-06-11-00-35-59-9112-1118x1536.jpg 1118w, https:\/\/aumbongui.com\/wp-content\/uploads\/2022\/06\/IMG_2022-06-11-00-35-59-9112-1491x2048.jpg 1491w, https:\/\/aumbongui.com\/wp-content\/uploads\/2022\/06\/IMG_2022-06-11-00-35-59-9112-600x824.jpg 600w, https:\/\/aumbongui.com\/wp-content\/uploads\/2022\/06\/IMG_2022-06-11-00-35-59-9112-scaled.jpg 1864w\" sizes=\"(max-width: 746px) 100vw, 746px\" \/>\t\t\t\t\t\t\t\t<\/a>\n\t\t\t\t\t\t\t\t\t\t\t<figcaption class=\"widget-image-caption wp-caption-text\">RING SHOUT<\/figcaption>\n\t\t\t\t\t\t\t\t\t\t<\/figure>\n\t\t\t\t\t\t\t\t\t<\/div>\n\t\t\t\t<\/div>\n\t\t\t\t\t<\/div>\n\t\t<\/div>\n\t\t\t\t<div class=\"elementor-column elementor-col-25 elementor-top-column elementor-element elementor-element-635a26b\" data-id=\"635a26b\" data-element_type=\"column\">\n\t\t\t<div class=\"elementor-widget-wrap elementor-element-populated\">\n\t\t\t\t\t\t<div class=\"elementor-element elementor-element-1b15b9d elementor-widget elementor-widget-image\" data-id=\"1b15b9d\" data-element_type=\"widget\" data-widget_type=\"image.default\">\n\t\t\t\t<div class=\"elementor-widget-container\">\n\t\t\t\t\t\t\t\t\t\t\t\t<figure class=\"wp-caption\">\n\t\t\t\t\t\t\t\t\t\t\t<a href=\"https:\/\/aumbongui.com\/?product=le-mystere-du-tramway-hante\" target=\"_blank\">\n\t\t\t\t\t\t\t<img loading=\"lazy\" decoding=\"async\" width=\"736\" height=\"1024\" src=\"https:\/\/aumbongui.com\/wp-content\/uploads\/2022\/06\/IMG_2022-06-11-00-33-52-8432-736x1024.jpg\" class=\"attachment-large size-large wp-image-2490\" alt=\"\" srcset=\"https:\/\/aumbongui.com\/wp-content\/uploads\/2022\/06\/IMG_2022-06-11-00-33-52-8432-736x1024.jpg 736w, https:\/\/aumbongui.com\/wp-content\/uploads\/2022\/06\/IMG_2022-06-11-00-33-52-8432-768x1068.jpg 768w, https:\/\/aumbongui.com\/wp-content\/uploads\/2022\/06\/IMG_2022-06-11-00-33-52-8432-1104x1536.jpg 1104w, https:\/\/aumbongui.com\/wp-content\/uploads\/2022\/06\/IMG_2022-06-11-00-33-52-8432-1472x2048.jpg 1472w, https:\/\/aumbongui.com\/wp-content\/uploads\/2022\/06\/IMG_2022-06-11-00-33-52-8432-600x835.jpg 600w, https:\/\/aumbongui.com\/wp-content\/uploads\/2022\/06\/IMG_2022-06-11-00-33-52-8432-scaled.jpg 1840w\" sizes=\"(max-width: 736px) 100vw, 736px\" \/>\t\t\t\t\t\t\t\t<\/a>\n\t\t\t\t\t\t\t\t\t\t\t<figcaption class=\"widget-image-caption wp-caption-text\">Le myst\u00e8re du tramway hant\u00e9<\/figcaption>\n\t\t\t\t\t\t\t\t\t\t<\/figure>\n\t\t\t\t\t\t\t\t\t<\/div>\n\t\t\t\t<\/div>\n\t\t\t\t\t<\/div>\n\t\t<\/div>\n\t\t\t\t<div class=\"elementor-column elementor-col-25 elementor-top-column elementor-element elementor-element-f03e232\" data-id=\"f03e232\" data-element_type=\"column\">\n\t\t\t<div class=\"elementor-widget-wrap elementor-element-populated\">\n\t\t\t\t\t\t<div class=\"elementor-element elementor-element-29c4291 elementor-widget elementor-widget-image\" data-id=\"29c4291\" data-element_type=\"widget\" data-widget_type=\"image.default\">\n\t\t\t\t<div class=\"elementor-widget-container\">\n\t\t\t\t\t\t\t\t\t\t\t\t<figure class=\"wp-caption\">\n\t\t\t\t\t\t\t\t\t\t\t<a href=\"https:\/\/aumbongui.com\/?product=pandemie-et-autres-faceties\" target=\"_blank\">\n\t\t\t\t\t\t\t<img loading=\"lazy\" decoding=\"async\" width=\"649\" height=\"1024\" src=\"https:\/\/aumbongui.com\/wp-content\/uploads\/2021\/10\/Pandemie-Marc-Ely-649x1024.jpg\" class=\"attachment-large size-large wp-image-1141\" alt=\"\" srcset=\"https:\/\/aumbongui.com\/wp-content\/uploads\/2021\/10\/Pandemie-Marc-Ely-649x1024.jpg 649w, https:\/\/aumbongui.com\/wp-content\/uploads\/2021\/10\/Pandemie-Marc-Ely-600x947.jpg 600w, https:\/\/aumbongui.com\/wp-content\/uploads\/2021\/10\/Pandemie-Marc-Ely-190x300.jpg 190w, https:\/\/aumbongui.com\/wp-content\/uploads\/2021\/10\/Pandemie-Marc-Ely.jpg 678w\" sizes=\"(max-width: 649px) 100vw, 649px\" \/>\t\t\t\t\t\t\t\t<\/a>\n\t\t\t\t\t\t\t\t\t\t\t<figcaption class=\"widget-image-caption wp-caption-text\">PAND\u00c9MIE<\/figcaption>\n\t\t\t\t\t\t\t\t\t\t<\/figure>\n\t\t\t\t\t\t\t\t\t<\/div>\n\t\t\t\t<\/div>\n\t\t\t\t\t<\/div>\n\t\t<\/div>\n\t\t\t\t\t<\/div>\n\t\t<\/section>\n\t\t\t\t<section class=\"elementor-section elementor-top-section elementor-element elementor-element-c9f0aad elementor-section-boxed elementor-section-height-default elementor-section-height-default\" data-id=\"c9f0aad\" data-element_type=\"section\">\n\t\t\t\t\t\t<div class=\"elementor-container elementor-column-gap-default\">\n\t\t\t\t\t<div class=\"elementor-column elementor-col-25 elementor-top-column elementor-element elementor-element-cb4b56b\" data-id=\"cb4b56b\" data-element_type=\"column\">\n\t\t\t<div class=\"elementor-widget-wrap elementor-element-populated\">\n\t\t\t\t\t\t<div class=\"elementor-element elementor-element-a441881 elementor-widget elementor-widget-image\" data-id=\"a441881\" data-element_type=\"widget\" data-widget_type=\"image.default\">\n\t\t\t\t<div class=\"elementor-widget-container\">\n\t\t\t\t\t\t\t\t\t\t\t\t<figure class=\"wp-caption\">\n\t\t\t\t\t\t\t\t\t\t\t<a href=\"https:\/\/aumbongui.com\/?product=science-friction\" target=\"_blank\">\n\t\t\t\t\t\t\t<img loading=\"lazy\" decoding=\"async\" width=\"599\" height=\"865\" src=\"https:\/\/aumbongui.com\/wp-content\/uploads\/2021\/10\/SF-Marc-Ely.jpg\" class=\"attachment-large size-large wp-image-1146\" alt=\"\" srcset=\"https:\/\/aumbongui.com\/wp-content\/uploads\/2021\/10\/SF-Marc-Ely.jpg 599w, https:\/\/aumbongui.com\/wp-content\/uploads\/2021\/10\/SF-Marc-Ely-300x433.jpg 300w, https:\/\/aumbongui.com\/wp-content\/uploads\/2021\/10\/SF-Marc-Ely-208x300.jpg 208w\" sizes=\"(max-width: 599px) 100vw, 599px\" \/>\t\t\t\t\t\t\t\t<\/a>\n\t\t\t\t\t\t\t\t\t\t\t<figcaption class=\"widget-image-caption wp-caption-text\">SCIENCE FRICTION<\/figcaption>\n\t\t\t\t\t\t\t\t\t\t<\/figure>\n\t\t\t\t\t\t\t\t\t<\/div>\n\t\t\t\t<\/div>\n\t\t\t\t\t<\/div>\n\t\t<\/div>\n\t\t\t\t<div class=\"elementor-column elementor-col-25 elementor-top-column elementor-element elementor-element-99a67b5\" data-id=\"99a67b5\" data-element_type=\"column\">\n\t\t\t<div class=\"elementor-widget-wrap\">\n\t\t\t\t\t\t\t<\/div>\n\t\t<\/div>\n\t\t\t\t<div class=\"elementor-column elementor-col-25 elementor-top-column elementor-element elementor-element-389b735\" data-id=\"389b735\" data-element_type=\"column\">\n\t\t\t<div class=\"elementor-widget-wrap\">\n\t\t\t\t\t\t\t<\/div>\n\t\t<\/div>\n\t\t\t\t<div class=\"elementor-column elementor-col-25 elementor-top-column elementor-element elementor-element-9cf990a\" data-id=\"9cf990a\" data-element_type=\"column\">\n\t\t\t<div class=\"elementor-widget-wrap\">\n\t\t\t\t\t\t\t<\/div>\n\t\t<\/div>\n\t\t\t\t\t<\/div>\n\t\t<\/section>\n\t\t\t\t<section class=\"elementor-section elementor-top-section elementor-element elementor-element-712b637 elementor-section-boxed elementor-section-height-default elementor-section-height-default\" data-id=\"712b637\" data-element_type=\"section\">\n\t\t\t\t\t\t<div class=\"elementor-container elementor-column-gap-default\">\n\t\t\t\t\t<div class=\"elementor-column elementor-col-50 elementor-top-column elementor-element elementor-element-5659fd5\" data-id=\"5659fd5\" data-element_type=\"column\">\n\t\t\t<div class=\"elementor-widget-wrap\">\n\t\t\t\t\t\t\t<\/div>\n\t\t<\/div>\n\t\t\t\t<div class=\"elementor-column elementor-col-50 elementor-top-column elementor-element elementor-element-26449db\" data-id=\"26449db\" data-element_type=\"column\">\n\t\t\t<div class=\"elementor-widget-wrap\">\n\t\t\t\t\t\t\t<\/div>\n\t\t<\/div>\n\t\t\t\t\t<\/div>\n\t\t<\/section>\n\t\t\t\t<\/div>\n\t\t","protected":false},"excerpt":{"rendered":"<p>Les quatre puissances \u00e9l\u00e9mentaires Tome 1 LE BUFFET et autres textes Tr\u00eave de bondieuseries APOCALYPSE Les Tambours du dieu noir + L&rsquo;\u00e9trange affaire du djinn du Caire RING SHOUT Le myst\u00e8re du tramway hant\u00e9 PAND\u00c9MIE SCIENCE FRICTION<\/p>\n","protected":false},"author":1,"featured_media":0,"parent":37,"menu_order":0,"comment_status":"closed","ping_status":"closed","template":"","meta":{"footnotes":""},"class_list":["post-359","page","type-page","status-publish","hentry"],"_links":{"self":[{"href":"https:\/\/aumbongui.com\/index.php?rest_route=\/wp\/v2\/pages\/359","targetHints":{"allow":["GET"]}}],"collection":[{"href":"https:\/\/aumbongui.com\/index.php?rest_route=\/wp\/v2\/pages"}],"about":[{"href":"https:\/\/aumbongui.com\/index.php?rest_route=\/wp\/v2\/types\/page"}],"author":[{"embeddable":true,"href":"https:\/\/aumbongui.com\/index.php?rest_route=\/wp\/v2\/users\/1"}],"replies":[{"embeddable":true,"href":"https:\/\/aumbongui.com\/index.php?rest_route=%2Fwp%2Fv2%2Fcomments&post=359"}],"version-history":[{"count":78,"href":"https:\/\/aumbongui.com\/index.php?rest_route=\/wp\/v2\/pages\/359\/revisions"}],"predecessor-version":[{"id":4612,"href":"https:\/\/aumbongui.com\/index.php?rest_route=\/wp\/v2\/pages\/359\/revisions\/4612"}],"up":[{"embeddable":true,"href":"https:\/\/aumbongui.com\/index.php?rest_route=\/wp\/v2\/pages\/37"}],"wp:attachment":[{"href":"https:\/\/aumbongui.com\/index.php?rest_route=%2Fwp%2Fv2%2Fmedia&parent=359"}],"curies":[{"name":"wp","href":"https:\/\/api.w.org\/{rel}","templated":true}]}}