{"id":4246,"date":"2023-09-09T18:20:10","date_gmt":"2023-09-09T16:20:10","guid":{"rendered":"https:\/\/aumbongui.com\/?page_id=4246"},"modified":"2025-04-08T18:34:39","modified_gmt":"2025-04-08T16:34:39","slug":"contes-et-legendes","status":"publish","type":"page","link":"https:\/\/aumbongui.com\/?page_id=4246","title":{"rendered":"Contes et l\u00e9gendes"},"content":{"rendered":"\t\t<div data-elementor-type=\"wp-page\" data-elementor-id=\"4246\" class=\"elementor elementor-4246\">\n\t\t\t\t\t\t<section class=\"elementor-section elementor-top-section elementor-element elementor-element-1904ff6 elementor-section-boxed elementor-section-height-default elementor-section-height-default\" data-id=\"1904ff6\" data-element_type=\"section\">\n\t\t\t\t\t\t<div class=\"elementor-container elementor-column-gap-default\">\n\t\t\t\t\t<div class=\"elementor-column elementor-col-33 elementor-top-column elementor-element elementor-element-2a256df\" data-id=\"2a256df\" data-element_type=\"column\">\n\t\t\t<div class=\"elementor-widget-wrap elementor-element-populated\">\n\t\t\t\t\t\t<div class=\"elementor-element elementor-element-0be68e7 elementor-widget elementor-widget-image\" data-id=\"0be68e7\" data-element_type=\"widget\" data-widget_type=\"image.default\">\n\t\t\t\t<div class=\"elementor-widget-container\">\n\t\t\t\t\t\t\t\t\t\t\t\t<figure class=\"wp-caption\">\n\t\t\t\t\t\t\t\t\t\t\t<a href=\"https:\/\/aumbongui.com\/?product=a-tort-ou-a-raison\" target=\"_blank\">\n\t\t\t\t\t\t\t<img fetchpriority=\"high\" decoding=\"async\" width=\"900\" height=\"678\" src=\"https:\/\/aumbongui.com\/wp-content\/uploads\/2025\/04\/IMG_20250401_170456-1024x771.jpg\" class=\"attachment-large size-large wp-image-4848\" alt=\"\" srcset=\"https:\/\/aumbongui.com\/wp-content\/uploads\/2025\/04\/IMG_20250401_170456-1024x771.jpg 1024w, https:\/\/aumbongui.com\/wp-content\/uploads\/2025\/04\/IMG_20250401_170456-768x578.jpg 768w, https:\/\/aumbongui.com\/wp-content\/uploads\/2025\/04\/IMG_20250401_170456-1536x1157.jpg 1536w, https:\/\/aumbongui.com\/wp-content\/uploads\/2025\/04\/IMG_20250401_170456-2048x1542.jpg 2048w, https:\/\/aumbongui.com\/wp-content\/uploads\/2025\/04\/IMG_20250401_170456-600x452.jpg 600w\" sizes=\"(max-width: 900px) 100vw, 900px\" \/>\t\t\t\t\t\t\t\t<\/a>\n\t\t\t\t\t\t\t\t\t\t\t<figcaption class=\"widget-image-caption wp-caption-text\">\u00c0 TORT OU \u00c0 RAISON<\/figcaption>\n\t\t\t\t\t\t\t\t\t\t<\/figure>\n\t\t\t\t\t\t\t\t\t<\/div>\n\t\t\t\t<\/div>\n\t\t\t\t\t<\/div>\n\t\t<\/div>\n\t\t\t\t<div class=\"elementor-column elementor-col-33 elementor-top-column elementor-element elementor-element-a2f5898\" data-id=\"a2f5898\" data-element_type=\"column\">\n\t\t\t<div class=\"elementor-widget-wrap\">\n\t\t\t\t\t\t\t<\/div>\n\t\t<\/div>\n\t\t\t\t<div class=\"elementor-column elementor-col-33 elementor-top-column elementor-element elementor-element-7ae0560\" data-id=\"7ae0560\" data-element_type=\"column\">\n\t\t\t<div class=\"elementor-widget-wrap\">\n\t\t\t\t\t\t\t<\/div>\n\t\t<\/div>\n\t\t\t\t\t<\/div>\n\t\t<\/section>\n\t\t\t\t<section class=\"elementor-section elementor-top-section elementor-element elementor-element-ba55f15 elementor-section-boxed elementor-section-height-default elementor-section-height-default\" data-id=\"ba55f15\" data-element_type=\"section\">\n\t\t\t\t\t\t<div class=\"elementor-container elementor-column-gap-default\">\n\t\t\t\t\t<div class=\"elementor-column elementor-col-33 elementor-top-column elementor-element elementor-element-396f716\" data-id=\"396f716\" data-element_type=\"column\">\n\t\t\t<div class=\"elementor-widget-wrap elementor-element-populated\">\n\t\t\t\t\t\t<div class=\"elementor-element elementor-element-12e1ba2 elementor-widget elementor-widget-image\" data-id=\"12e1ba2\" data-element_type=\"widget\" data-widget_type=\"image.default\">\n\t\t\t\t<div class=\"elementor-widget-container\">\n\t\t\t\t\t\t\t\t\t\t\t\t<figure class=\"wp-caption\">\n\t\t\t\t\t\t\t\t\t\t\t<a href=\"https:\/\/aumbongui.com\/?product=le-vieux-pecheur-et-les-fomors-et-autres-contes-bilingues\" target=\"_blank\">\n\t\t\t\t\t\t\t<img decoding=\"async\" width=\"646\" height=\"1024\" src=\"https:\/\/aumbongui.com\/wp-content\/uploads\/2024\/04\/IMG_20240331_172753-646x1024.jpg\" class=\"attachment-large size-large wp-image-4547\" alt=\"\" srcset=\"https:\/\/aumbongui.com\/wp-content\/uploads\/2024\/04\/IMG_20240331_172753-646x1024.jpg 646w, https:\/\/aumbongui.com\/wp-content\/uploads\/2024\/04\/IMG_20240331_172753-768x1217.jpg 768w, https:\/\/aumbongui.com\/wp-content\/uploads\/2024\/04\/IMG_20240331_172753-969x1536.jpg 969w, https:\/\/aumbongui.com\/wp-content\/uploads\/2024\/04\/IMG_20240331_172753-1292x2048.jpg 1292w, https:\/\/aumbongui.com\/wp-content\/uploads\/2024\/04\/IMG_20240331_172753-600x951.jpg 600w, https:\/\/aumbongui.com\/wp-content\/uploads\/2024\/04\/IMG_20240331_172753-scaled.jpg 1615w\" sizes=\"(max-width: 646px) 100vw, 646px\" \/>\t\t\t\t\t\t\t\t<\/a>\n\t\t\t\t\t\t\t\t\t\t\t<figcaption class=\"widget-image-caption wp-caption-text\">Le Vieux P\u00eacheur et les Fomors... et autres contes bilingues<\/figcaption>\n\t\t\t\t\t\t\t\t\t\t<\/figure>\n\t\t\t\t\t\t\t\t\t<\/div>\n\t\t\t\t<\/div>\n\t\t\t\t\t<\/div>\n\t\t<\/div>\n\t\t\t\t<div class=\"elementor-column elementor-col-33 elementor-top-column elementor-element elementor-element-ebbf178\" data-id=\"ebbf178\" data-element_type=\"column\">\n\t\t\t<div class=\"elementor-widget-wrap elementor-element-populated\">\n\t\t\t\t\t\t<div class=\"elementor-element elementor-element-4f7b14d elementor-widget elementor-widget-image\" data-id=\"4f7b14d\" data-element_type=\"widget\" data-widget_type=\"image.default\">\n\t\t\t\t<div class=\"elementor-widget-container\">\n\t\t\t\t\t\t\t\t\t\t\t\t<figure class=\"wp-caption\">\n\t\t\t\t\t\t\t\t\t\t\t<a href=\"https:\/\/aumbongui.com\/?product=le-roi-au-coeur-de-glace-contes-inedits\" target=\"_blank\">\n\t\t\t\t\t\t\t<img decoding=\"async\" width=\"649\" height=\"1024\" src=\"https:\/\/aumbongui.com\/wp-content\/uploads\/2023\/09\/IMG_2023-09-09-18-07-22-5102-649x1024.jpg\" class=\"attachment-large size-large wp-image-4245\" alt=\"\" srcset=\"https:\/\/aumbongui.com\/wp-content\/uploads\/2023\/09\/IMG_2023-09-09-18-07-22-5102-649x1024.jpg 649w, https:\/\/aumbongui.com\/wp-content\/uploads\/2023\/09\/IMG_2023-09-09-18-07-22-5102-768x1212.jpg 768w, https:\/\/aumbongui.com\/wp-content\/uploads\/2023\/09\/IMG_2023-09-09-18-07-22-5102-973x1536.jpg 973w, https:\/\/aumbongui.com\/wp-content\/uploads\/2023\/09\/IMG_2023-09-09-18-07-22-5102-1298x2048.jpg 1298w, https:\/\/aumbongui.com\/wp-content\/uploads\/2023\/09\/IMG_2023-09-09-18-07-22-5102-600x947.jpg 600w, https:\/\/aumbongui.com\/wp-content\/uploads\/2023\/09\/IMG_2023-09-09-18-07-22-5102-scaled.jpg 1622w\" sizes=\"(max-width: 649px) 100vw, 649px\" \/>\t\t\t\t\t\t\t\t<\/a>\n\t\t\t\t\t\t\t\t\t\t\t<figcaption class=\"widget-image-caption wp-caption-text\">LE  ROI  AU  COEUR  DE  GLACE<\/figcaption>\n\t\t\t\t\t\t\t\t\t\t<\/figure>\n\t\t\t\t\t\t\t\t\t<\/div>\n\t\t\t\t<\/div>\n\t\t\t\t\t<\/div>\n\t\t<\/div>\n\t\t\t\t<div class=\"elementor-column elementor-col-33 elementor-top-column elementor-element elementor-element-37f8010\" data-id=\"37f8010\" data-element_type=\"column\">\n\t\t\t<div class=\"elementor-widget-wrap elementor-element-populated\">\n\t\t\t\t\t\t<div class=\"elementor-element elementor-element-409995e elementor-widget elementor-widget-image\" data-id=\"409995e\" data-element_type=\"widget\" data-widget_type=\"image.default\">\n\t\t\t\t<div class=\"elementor-widget-container\">\n\t\t\t\t\t\t\t\t\t\t\t\t<figure class=\"wp-caption\">\n\t\t\t\t\t\t\t\t\t\t\t<a href=\"https:\/\/aumbongui.com\/?product=les-princes-du-destin-contes-de-la-mythologie-afro-bresilienne\" target=\"_blank\">\n\t\t\t\t\t\t\t<img loading=\"lazy\" decoding=\"async\" width=\"729\" height=\"1024\" src=\"https:\/\/aumbongui.com\/wp-content\/uploads\/2024\/01\/IMG_2024-01-18-17-44-36-2282-729x1024.jpg\" class=\"attachment-large size-large wp-image-4466\" alt=\"\" srcset=\"https:\/\/aumbongui.com\/wp-content\/uploads\/2024\/01\/IMG_2024-01-18-17-44-36-2282-729x1024.jpg 729w, https:\/\/aumbongui.com\/wp-content\/uploads\/2024\/01\/IMG_2024-01-18-17-44-36-2282-768x1079.jpg 768w, https:\/\/aumbongui.com\/wp-content\/uploads\/2024\/01\/IMG_2024-01-18-17-44-36-2282-1093x1536.jpg 1093w, https:\/\/aumbongui.com\/wp-content\/uploads\/2024\/01\/IMG_2024-01-18-17-44-36-2282-1458x2048.jpg 1458w, https:\/\/aumbongui.com\/wp-content\/uploads\/2024\/01\/IMG_2024-01-18-17-44-36-2282-600x843.jpg 600w, https:\/\/aumbongui.com\/wp-content\/uploads\/2024\/01\/IMG_2024-01-18-17-44-36-2282-scaled.jpg 1822w\" sizes=\"(max-width: 729px) 100vw, 729px\" \/>\t\t\t\t\t\t\t\t<\/a>\n\t\t\t\t\t\t\t\t\t\t\t<figcaption class=\"widget-image-caption wp-caption-text\">Les princes du destin - Contes de la mythologie Afro-Br\u00e9silienne<\/figcaption>\n\t\t\t\t\t\t\t\t\t\t<\/figure>\n\t\t\t\t\t\t\t\t\t<\/div>\n\t\t\t\t<\/div>\n\t\t\t\t\t<\/div>\n\t\t<\/div>\n\t\t\t\t\t<\/div>\n\t\t<\/section>\n\t\t\t\t<section class=\"elementor-section elementor-top-section elementor-element elementor-element-452f09f elementor-section-boxed elementor-section-height-default elementor-section-height-default\" data-id=\"452f09f\" data-element_type=\"section\">\n\t\t\t\t\t\t<div class=\"elementor-container elementor-column-gap-default\">\n\t\t\t\t\t<div class=\"elementor-column elementor-col-33 elementor-top-column elementor-element elementor-element-ab77f47\" data-id=\"ab77f47\" data-element_type=\"column\">\n\t\t\t<div class=\"elementor-widget-wrap\">\n\t\t\t\t\t\t\t<\/div>\n\t\t<\/div>\n\t\t\t\t<div class=\"elementor-column elementor-col-33 elementor-top-column elementor-element elementor-element-4fb4534\" data-id=\"4fb4534\" data-element_type=\"column\">\n\t\t\t<div class=\"elementor-widget-wrap\">\n\t\t\t\t\t\t\t<\/div>\n\t\t<\/div>\n\t\t\t\t<div class=\"elementor-column elementor-col-33 elementor-top-column elementor-element elementor-element-7f52633\" data-id=\"7f52633\" data-element_type=\"column\">\n\t\t\t<div class=\"elementor-widget-wrap\">\n\t\t\t\t\t\t\t<\/div>\n\t\t<\/div>\n\t\t\t\t\t<\/div>\n\t\t<\/section>\n\t\t\t\t<\/div>\n\t\t","protected":false},"excerpt":{"rendered":"<p>\u00c0 TORT OU \u00c0 RAISON Le Vieux P\u00eacheur et les Fomors&#8230; et autres contes bilingues LE ROI AU COEUR DE GLACE Les princes du destin &#8211; Contes de la mythologie Afro-Br\u00e9silienne<\/p>\n","protected":false},"author":2,"featured_media":0,"parent":37,"menu_order":0,"comment_status":"closed","ping_status":"closed","template":"","meta":{"footnotes":""},"class_list":["post-4246","page","type-page","status-publish","hentry"],"_links":{"self":[{"href":"https:\/\/aumbongui.com\/index.php?rest_route=\/wp\/v2\/pages\/4246","targetHints":{"allow":["GET"]}}],"collection":[{"href":"https:\/\/aumbongui.com\/index.php?rest_route=\/wp\/v2\/pages"}],"about":[{"href":"https:\/\/aumbongui.com\/index.php?rest_route=\/wp\/v2\/types\/page"}],"author":[{"embeddable":true,"href":"https:\/\/aumbongui.com\/index.php?rest_route=\/wp\/v2\/users\/2"}],"replies":[{"embeddable":true,"href":"https:\/\/aumbongui.com\/index.php?rest_route=%2Fwp%2Fv2%2Fcomments&post=4246"}],"version-history":[{"count":26,"href":"https:\/\/aumbongui.com\/index.php?rest_route=\/wp\/v2\/pages\/4246\/revisions"}],"predecessor-version":[{"id":4851,"href":"https:\/\/aumbongui.com\/index.php?rest_route=\/wp\/v2\/pages\/4246\/revisions\/4851"}],"up":[{"embeddable":true,"href":"https:\/\/aumbongui.com\/index.php?rest_route=\/wp\/v2\/pages\/37"}],"wp:attachment":[{"href":"https:\/\/aumbongui.com\/index.php?rest_route=%2Fwp%2Fv2%2Fmedia&parent=4246"}],"curies":[{"name":"wp","href":"https:\/\/api.w.org\/{rel}","templated":true}]}}