{"id":68,"date":"2021-04-13T08:54:55","date_gmt":"2021-04-13T06:54:55","guid":{"rendered":"https:\/\/aumbongui.com\/mon-compte-2\/"},"modified":"2021-08-17T08:38:51","modified_gmt":"2021-08-17T06:38:51","slug":"mon-compte-2","status":"publish","type":"page","link":"https:\/\/aumbongui.com\/?page_id=68","title":{"rendered":"Mon compte"},"content":{"rendered":"\t\t<div data-elementor-type=\"wp-page\" data-elementor-id=\"68\" class=\"elementor elementor-68\">\n\t\t\t\t\t\t<section class=\"elementor-section elementor-top-section elementor-element elementor-element-2f6c30d elementor-section-boxed elementor-section-height-default elementor-section-height-default\" data-id=\"2f6c30d\" data-element_type=\"section\">\n\t\t\t\t\t\t<div class=\"elementor-container elementor-column-gap-default\">\n\t\t\t\t\t<div class=\"elementor-column elementor-col-100 elementor-top-column elementor-element elementor-element-4aeec09\" data-id=\"4aeec09\" data-element_type=\"column\">\n\t\t\t<div class=\"elementor-widget-wrap elementor-element-populated\">\n\t\t\t\t\t\t<div class=\"elementor-element elementor-element-70bf9a1 elementor-widget elementor-widget-shortcode\" data-id=\"70bf9a1\" data-element_type=\"widget\" data-widget_type=\"shortcode.default\">\n\t\t\t\t<div class=\"elementor-widget-container\">\n\t\t\t\t\t\t\t<div class=\"elementor-shortcode\"><div class=\"woocommerce\"><div class=\"woocommerce-notices-wrapper\">\n\t<div class=\"woocommerce-message\" role=\"alert\">\n\t\t&laquo;Lumi\u00e8res obscures&raquo; a \u00e9t\u00e9 ajout\u00e9 \u00e0 votre panier. <a href=\"https:\/\/aumbongui.com\/?page_id=62\" class=\"button wc-forward\">Voir le panier<\/a>\t<\/div>\n<\/div>\n\n<div class=\"u-columns col2-set\" id=\"customer_login\">\n\n\t<div class=\"u-column1 col-1\">\n\n\n\t\t<h2>Se connecter<\/h2>\n\n\t\t<form class=\"woocommerce-form woocommerce-form-login login\" method=\"post\">\n\n\t\t\t\n\t\t\t<p class=\"woocommerce-form-row woocommerce-form-row--wide form-row form-row-wide\">\n\t\t\t\t<label for=\"username\">Identifiant ou e-mail&nbsp;<span class=\"required\" aria-hidden=\"true\">*<\/span><span class=\"screen-reader-text\">Obligatoire<\/span><\/label>\n\t\t\t\t<input type=\"text\" class=\"woocommerce-Input woocommerce-Input--text input-text\" name=\"username\" id=\"username\" autocomplete=\"username\" value=\"\" required aria-required=\"true\" \/>\t\t\t<\/p>\n\t\t\t<p class=\"woocommerce-form-row woocommerce-form-row--wide form-row form-row-wide\">\n\t\t\t\t<label for=\"password\">Mot de passe&nbsp;<span class=\"required\" aria-hidden=\"true\">*<\/span><span class=\"screen-reader-text\">Obligatoire<\/span><\/label>\n\t\t\t\t<input class=\"woocommerce-Input woocommerce-Input--text input-text\" type=\"password\" name=\"password\" id=\"password\" autocomplete=\"current-password\" required aria-required=\"true\" \/>\n\t\t\t<\/p>\n\n\t\t\t\n\t\t<div class=\"la-sentinelle-container\" style=\"max-height:0;overflow:hidden;\" hidden=\"true\" aria-hidden=\"true\">\n\t\t\n\t\t<input value=\"\" type=\"text\" name=\"la_sentinelle_a433ee1da94920dca7f481751922eb86\" class=\"la_sentinelle_a433ee1da94920dca7f481751922eb86\" id=\"la_sentinelle_a433ee1da94920dca7f481751922eb86-1\" placeholder=\"\" style=\"transform: translateY(10000px);\" \/>\n\t\t\n\t\t<input value=\"37\" type=\"text\" name=\"la_sentinelle_50289d77ad25d6f7c2df13722b68c4d5\" class=\"la_sentinelle_50289d77ad25d6f7c2df13722b68c4d5\" id=\"la_sentinelle_50289d77ad25d6f7c2df13722b68c4d5-1\" placeholder=\"\" style=\"transform: translateY(10000px);\" \/>\n\t\t<input value=\"MjE2LjczLjIxNi44\" type=\"text\" name=\"la_sentinelle_2a3e29cc83d082891179dd07931ba913\" class=\"la_sentinelle_2a3e29cc83d082891179dd07931ba913\" id=\"la_sentinelle_2a3e29cc83d082891179dd07931ba913-1\" placeholder=\"\" style=\"transform: translateY(10000px);\" \/>\n\t\n\t\t\t<input value=\"37745\" type=\"text\" name=\"la_sentinelle_63a0acf0065a58be6700e19641fa6462\" class=\"la_sentinelle_63a0acf0065a58be6700e19641fa6462\" id=\"la_sentinelle_63a0acf0065a58be6700e19641fa6462-1\" placeholder=\"\" style=\"transform: translateY(10000px);\" \/>\n\t\t\t<input value=\"37745\" type=\"text\" name=\"la_sentinelle_436ee7972a93095cd9b6f90e126eb65b\" class=\"la_sentinelle_436ee7972a93095cd9b6f90e126eb65b\" id=\"la_sentinelle_436ee7972a93095cd9b6f90e126eb65b-1\" placeholder=\"\" style=\"transform: translateY(10000px);\" \/>\n\t\t\t\n\t\t<input value=\"37\" type=\"text\" name=\"la_sentinelle_74ef5f1efa315b54ead5e73169518c8c\" class=\"la_sentinelle_74ef5f1efa315b54ead5e73169518c8c\" id=\"la_sentinelle_74ef5f1efa315b54ead5e73169518c8c-1\" placeholder=\"\" style=\"transform: translateY(10000px);\" \/>\n\t\t<input value=\"\" type=\"text\" name=\"la_sentinelle_c1453bc335c52b21bebb42938d934fce\" class=\"la_sentinelle_c1453bc335c52b21bebb42938d934fce\" id=\"la_sentinelle_c1453bc335c52b21bebb42938d934fce-1\" placeholder=\"\" style=\"transform: translateY(10000px);\" \/>\n\t\t<input value=\"MjE2LjczLjIxNi44\" type=\"text\" name=\"la_sentinelle_5bd6ce2007538661e07d427fa28d0c82\" class=\"la_sentinelle_5bd6ce2007538661e07d427fa28d0c82\" id=\"la_sentinelle_5bd6ce2007538661e07d427fa28d0c82-1\" placeholder=\"\" style=\"transform: translateY(10000px);\" \/>\n\t<input type=\"text\" class=\"la_sentinelle_20d243dd87050fa5e9d09f8f2c09b31f\" id=\"la_sentinelle_20d243dd87050fa5e9d09f8f2c09b31f-1\" name=\"la_sentinelle_20d243dd87050fa5e9d09f8f2c09b31f\" value=\"cdf77da820\" style=\"transform: translateY(10000px);\" \/>\n\t\t\n\t\t<input value=\"37\" type=\"text\" name=\"la_sentinelle_dd3e727f616f1bc77b319101b6b027c8\" class=\"la_sentinelle_dd3e727f616f1bc77b319101b6b027c8\" id=\"la_sentinelle_dd3e727f616f1bc77b319101b6b027c8-1\" placeholder=\"\" style=\"transform: translateY(10000px);\" \/>\n\t\t\n\t\t<\/div>\n\t\t<div class=\"la-sentinelle-container-nojs-message\">\n\t\t\t<noscript><div class=\"no-js\">Avertissement\u00a0: ce formulaire peut \u00eatre utilis\u00e9 uniquement si JavaScript est activ\u00e9 dans votre navigateur.<\/div><\/noscript>\n\t\t<\/div>\n\t\t\n\t\t\t<p class=\"form-row\">\n\t\t\t\t<label class=\"woocommerce-form__label woocommerce-form__label-for-checkbox woocommerce-form-login__rememberme\">\n\t\t\t\t\t<input class=\"woocommerce-form__input woocommerce-form__input-checkbox\" name=\"rememberme\" type=\"checkbox\" id=\"rememberme\" value=\"forever\" \/> <span>Se souvenir de moi<\/span>\n\t\t\t\t<\/label>\n\t\t\t\t<input type=\"hidden\" id=\"woocommerce-login-nonce\" name=\"woocommerce-login-nonce\" value=\"fede1baf6f\" \/><input type=\"hidden\" name=\"_wp_http_referer\" value=\"\/index.php?rest_route=%2Fwp%2Fv2%2Fpages%2F68\" \/>\t\t\t\t<button type=\"submit\" class=\"woocommerce-button button woocommerce-form-login__submit\" name=\"login\" value=\"Se connecter\">Se connecter<\/button>\n\t\t\t<\/p>\n\t\t\t<p class=\"woocommerce-LostPassword lost_password\">\n\t\t\t\t<a href=\"https:\/\/aumbongui.com\/?page_id=68&#038;lost-password\">Mot de passe perdu\u00a0?<\/a>\n\t\t\t<\/p>\n\n\t\t\t\n\t\t<\/form>\n\n\n\t<\/div>\n\n\t<div class=\"u-column2 col-2\">\n\n\t\t<h2>S\u2019inscrire<\/h2>\n\n\t\t<form method=\"post\" class=\"woocommerce-form woocommerce-form-register register\"  >\n\n\t\t\t\n\t\t\t\n\t\t\t<p class=\"woocommerce-form-row woocommerce-form-row--wide form-row form-row-wide\">\n\t\t\t\t<label for=\"reg_email\">Adresse e-mail&nbsp;<span class=\"required\" aria-hidden=\"true\">*<\/span><span class=\"screen-reader-text\">Obligatoire<\/span><\/label>\n\t\t\t\t<input type=\"email\" class=\"woocommerce-Input woocommerce-Input--text input-text\" name=\"email\" id=\"reg_email\" autocomplete=\"email\" value=\"\" required aria-required=\"true\" \/>\t\t\t<\/p>\n\n\t\t\t\n\t\t\t\t<p>Un lien permettant de d\u00e9finir un nouveau mot de passe sera envoy\u00e9 \u00e0 votre adresse e-mail.<\/p>\n\n\t\t\t\n\t\t\t<wc-order-attribution-inputs><\/wc-order-attribution-inputs><div class=\"woocommerce-privacy-policy-text\"><p>Vos donn\u00e9es personnelles seront utilis\u00e9es pour vous accompagner au cours de votre visite du site web, g\u00e9rer l\u2019acc\u00e8s \u00e0 votre compte, et pour d\u2019autres raisons d\u00e9crites dans notre <a href=\"https:\/\/aumbongui.com\/?page_id=3\" class=\"woocommerce-privacy-policy-link\" target=\"_blank\">Politique de confidentialit\u00e9<\/a>.<\/p>\n<\/div>\n\t\t<div class=\"la-sentinelle-container\" style=\"max-height:0;overflow:hidden;\" hidden=\"true\" aria-hidden=\"true\">\n\t\t\n\t\t<input value=\"37\" type=\"text\" name=\"la_sentinelle_74ef5f1efa315b54ead5e73169518c8c\" class=\"la_sentinelle_74ef5f1efa315b54ead5e73169518c8c\" id=\"la_sentinelle_74ef5f1efa315b54ead5e73169518c8c-2\" placeholder=\"\" style=\"transform: translateY(10000px);\" \/>\n\t\t<input value=\"\" type=\"text\" name=\"la_sentinelle_c1453bc335c52b21bebb42938d934fce\" class=\"la_sentinelle_c1453bc335c52b21bebb42938d934fce\" id=\"la_sentinelle_c1453bc335c52b21bebb42938d934fce-2\" placeholder=\"\" style=\"transform: translateY(10000px);\" \/>\n\t\t<input value=\"MjE2LjczLjIxNi44\" type=\"text\" name=\"la_sentinelle_5bd6ce2007538661e07d427fa28d0c82\" class=\"la_sentinelle_5bd6ce2007538661e07d427fa28d0c82\" id=\"la_sentinelle_5bd6ce2007538661e07d427fa28d0c82-2\" placeholder=\"\" style=\"transform: translateY(10000px);\" \/>\n\t\n\t\t<input value=\"\" type=\"text\" name=\"la_sentinelle_a433ee1da94920dca7f481751922eb86\" class=\"la_sentinelle_a433ee1da94920dca7f481751922eb86\" id=\"la_sentinelle_a433ee1da94920dca7f481751922eb86-2\" placeholder=\"\" style=\"transform: translateY(10000px);\" \/>\n\t\t\n\t\t<input value=\"37\" type=\"text\" name=\"la_sentinelle_dd3e727f616f1bc77b319101b6b027c8\" class=\"la_sentinelle_dd3e727f616f1bc77b319101b6b027c8\" id=\"la_sentinelle_dd3e727f616f1bc77b319101b6b027c8-2\" placeholder=\"\" style=\"transform: translateY(10000px);\" \/>\n\t\t<input type=\"text\" class=\"la_sentinelle_20d243dd87050fa5e9d09f8f2c09b31f\" id=\"la_sentinelle_20d243dd87050fa5e9d09f8f2c09b31f-2\" name=\"la_sentinelle_20d243dd87050fa5e9d09f8f2c09b31f\" value=\"cdf77da820\" style=\"transform: translateY(10000px);\" \/>\n\t\t\n\t\t\t<input value=\"89604\" type=\"text\" name=\"la_sentinelle_63a0acf0065a58be6700e19641fa6462\" class=\"la_sentinelle_63a0acf0065a58be6700e19641fa6462\" id=\"la_sentinelle_63a0acf0065a58be6700e19641fa6462-2\" placeholder=\"\" style=\"transform: translateY(10000px);\" \/>\n\t\t\t<input value=\"89604\" type=\"text\" name=\"la_sentinelle_436ee7972a93095cd9b6f90e126eb65b\" class=\"la_sentinelle_436ee7972a93095cd9b6f90e126eb65b\" id=\"la_sentinelle_436ee7972a93095cd9b6f90e126eb65b-2\" placeholder=\"\" style=\"transform: translateY(10000px);\" \/>\n\t\t\t\n\t\t<input value=\"37\" type=\"text\" name=\"la_sentinelle_50289d77ad25d6f7c2df13722b68c4d5\" class=\"la_sentinelle_50289d77ad25d6f7c2df13722b68c4d5\" id=\"la_sentinelle_50289d77ad25d6f7c2df13722b68c4d5-2\" placeholder=\"\" style=\"transform: translateY(10000px);\" \/>\n\t\t<input value=\"MjE2LjczLjIxNi44\" type=\"text\" name=\"la_sentinelle_2a3e29cc83d082891179dd07931ba913\" class=\"la_sentinelle_2a3e29cc83d082891179dd07931ba913\" id=\"la_sentinelle_2a3e29cc83d082891179dd07931ba913-2\" placeholder=\"\" style=\"transform: translateY(10000px);\" \/>\n\t\n\t\t<\/div>\n\t\t<div class=\"la-sentinelle-container-nojs-message\">\n\t\t\t<noscript><div class=\"no-js\">Avertissement\u00a0: ce formulaire peut \u00eatre utilis\u00e9 uniquement si JavaScript est activ\u00e9 dans votre navigateur.<\/div><\/noscript>\n\t\t<\/div>\n\t\t\n\t\t\t<p class=\"woocommerce-form-row form-row\">\n\t\t\t\t<input type=\"hidden\" id=\"woocommerce-register-nonce\" name=\"woocommerce-register-nonce\" value=\"07573f0540\" \/><input type=\"hidden\" name=\"_wp_http_referer\" value=\"\/index.php?rest_route=%2Fwp%2Fv2%2Fpages%2F68\" \/>\t\t\t\t<button type=\"submit\" class=\"woocommerce-Button woocommerce-button button woocommerce-form-register__submit\" name=\"register\" value=\"S\u2019inscrire\">S\u2019inscrire<\/button>\n\t\t\t<\/p>\n\n\t\t\t\n\t\t<\/form>\n\n\t<\/div>\n\n<\/div>\n\n<\/div>\n<\/div>\n\t\t\t\t\t\t<\/div>\n\t\t\t\t<\/div>\n\t\t\t\t\t<\/div>\n\t\t<\/div>\n\t\t\t\t\t<\/div>\n\t\t<\/section>\n\t\t\t\t<\/div>\n\t\t","protected":false},"excerpt":{"rendered":"","protected":false},"author":1,"featured_media":0,"parent":0,"menu_order":0,"comment_status":"closed","ping_status":"closed","template":"","meta":{"footnotes":""},"class_list":["post-68","page","type-page","status-publish","hentry"],"_links":{"self":[{"href":"https:\/\/aumbongui.com\/index.php?rest_route=\/wp\/v2\/pages\/68","targetHints":{"allow":["GET"]}}],"collection":[{"href":"https:\/\/aumbongui.com\/index.php?rest_route=\/wp\/v2\/pages"}],"about":[{"href":"https:\/\/aumbongui.com\/index.php?rest_route=\/wp\/v2\/types\/page"}],"author":[{"embeddable":true,"href":"https:\/\/aumbongui.com\/index.php?rest_route=\/wp\/v2\/users\/1"}],"replies":[{"embeddable":true,"href":"https:\/\/aumbongui.com\/index.php?rest_route=%2Fwp%2Fv2%2Fcomments&post=68"}],"version-history":[{"count":3,"href":"https:\/\/aumbongui.com\/index.php?rest_route=\/wp\/v2\/pages\/68\/revisions"}],"predecessor-version":[{"id":928,"href":"https:\/\/aumbongui.com\/index.php?rest_route=\/wp\/v2\/pages\/68\/revisions\/928"}],"wp:attachment":[{"href":"https:\/\/aumbongui.com\/index.php?rest_route=%2Fwp%2Fv2%2Fmedia&parent=68"}],"curies":[{"name":"wp","href":"https:\/\/api.w.org\/{rel}","templated":true}]}}