{"id":774,"date":"2021-08-11T15:51:36","date_gmt":"2021-08-11T13:51:36","guid":{"rendered":"https:\/\/aumbongui.catalog.ovh\/?page_id=774"},"modified":"2023-09-13T20:13:34","modified_gmt":"2023-09-13T18:13:34","slug":"enfance-2","status":"publish","type":"page","link":"https:\/\/aumbongui.com\/?page_id=774","title":{"rendered":"Enfance"},"content":{"rendered":"\t\t<div data-elementor-type=\"wp-page\" data-elementor-id=\"774\" class=\"elementor elementor-774\">\n\t\t\t\t\t\t<section class=\"elementor-section elementor-top-section elementor-element elementor-element-115a504 elementor-section-boxed elementor-section-height-default elementor-section-height-default\" data-id=\"115a504\" data-element_type=\"section\">\n\t\t\t\t\t\t<div class=\"elementor-container elementor-column-gap-default\">\n\t\t\t\t\t<div class=\"elementor-column elementor-col-25 elementor-top-column elementor-element elementor-element-73f7d69\" data-id=\"73f7d69\" data-element_type=\"column\">\n\t\t\t<div class=\"elementor-widget-wrap elementor-element-populated\">\n\t\t\t\t\t\t<div class=\"elementor-element elementor-element-4aa8a36 elementor-widget elementor-widget-image\" data-id=\"4aa8a36\" data-element_type=\"widget\" data-widget_type=\"image.default\">\n\t\t\t\t<div class=\"elementor-widget-container\">\n\t\t\t\t\t\t\t\t\t\t\t\t<figure class=\"wp-caption\">\n\t\t\t\t\t\t\t\t\t\t\t<a href=\"https:\/\/aumbongui.com\/?product=le-totem-de-gayou\" target=\"_blank\">\n\t\t\t\t\t\t\t<img fetchpriority=\"high\" decoding=\"async\" width=\"900\" height=\"790\" src=\"https:\/\/aumbongui.com\/wp-content\/uploads\/2023\/09\/IMG_2023-09-13-17-55-44-0932-1024x899.jpg\" class=\"attachment-large size-large wp-image-4331\" alt=\"\" srcset=\"https:\/\/aumbongui.com\/wp-content\/uploads\/2023\/09\/IMG_2023-09-13-17-55-44-0932-1024x899.jpg 1024w, https:\/\/aumbongui.com\/wp-content\/uploads\/2023\/09\/IMG_2023-09-13-17-55-44-0932-768x674.jpg 768w, https:\/\/aumbongui.com\/wp-content\/uploads\/2023\/09\/IMG_2023-09-13-17-55-44-0932-1536x1348.jpg 1536w, https:\/\/aumbongui.com\/wp-content\/uploads\/2023\/09\/IMG_2023-09-13-17-55-44-0932-2048x1798.jpg 2048w, https:\/\/aumbongui.com\/wp-content\/uploads\/2023\/09\/IMG_2023-09-13-17-55-44-0932-600x527.jpg 600w\" sizes=\"(max-width: 900px) 100vw, 900px\" \/>\t\t\t\t\t\t\t\t<\/a>\n\t\t\t\t\t\t\t\t\t\t\t<figcaption class=\"widget-image-caption wp-caption-text\">LE  TOTEM  DE  GAYOU<\/figcaption>\n\t\t\t\t\t\t\t\t\t\t<\/figure>\n\t\t\t\t\t\t\t\t\t<\/div>\n\t\t\t\t<\/div>\n\t\t\t\t\t<\/div>\n\t\t<\/div>\n\t\t\t\t<div class=\"elementor-column elementor-col-25 elementor-top-column elementor-element elementor-element-45e4182\" data-id=\"45e4182\" data-element_type=\"column\">\n\t\t\t<div class=\"elementor-widget-wrap elementor-element-populated\">\n\t\t\t\t\t\t<div class=\"elementor-element elementor-element-dd83259 elementor-widget elementor-widget-image\" data-id=\"dd83259\" data-element_type=\"widget\" data-widget_type=\"image.default\">\n\t\t\t\t<div class=\"elementor-widget-container\">\n\t\t\t\t\t\t\t\t\t\t\t\t<figure class=\"wp-caption\">\n\t\t\t\t\t\t\t\t\t\t\t<a href=\"https:\/\/aumbongui.com\/?post_type=product&#038;p=4098&#038;preview=true\" target=\"_blank\">\n\t\t\t\t\t\t\t<img decoding=\"async\" width=\"627\" height=\"1024\" src=\"https:\/\/aumbongui.com\/wp-content\/uploads\/2023\/02\/IMG_2023-01-13-20-15-15-5023-627x1024.jpg\" class=\"attachment-large size-large wp-image-4099\" alt=\"\" srcset=\"https:\/\/aumbongui.com\/wp-content\/uploads\/2023\/02\/IMG_2023-01-13-20-15-15-5023-627x1024.jpg 627w, https:\/\/aumbongui.com\/wp-content\/uploads\/2023\/02\/IMG_2023-01-13-20-15-15-5023-768x1254.jpg 768w, https:\/\/aumbongui.com\/wp-content\/uploads\/2023\/02\/IMG_2023-01-13-20-15-15-5023-941x1536.jpg 941w, https:\/\/aumbongui.com\/wp-content\/uploads\/2023\/02\/IMG_2023-01-13-20-15-15-5023-1254x2048.jpg 1254w, https:\/\/aumbongui.com\/wp-content\/uploads\/2023\/02\/IMG_2023-01-13-20-15-15-5023-600x980.jpg 600w, https:\/\/aumbongui.com\/wp-content\/uploads\/2023\/02\/IMG_2023-01-13-20-15-15-5023-scaled.jpg 1568w\" sizes=\"(max-width: 627px) 100vw, 627px\" \/>\t\t\t\t\t\t\t\t<\/a>\n\t\t\t\t\t\t\t\t\t\t\t<figcaption class=\"widget-image-caption wp-caption-text\">En se r\u00e9veillant, MINA<\/figcaption>\n\t\t\t\t\t\t\t\t\t\t<\/figure>\n\t\t\t\t\t\t\t\t\t<\/div>\n\t\t\t\t<\/div>\n\t\t\t\t\t<\/div>\n\t\t<\/div>\n\t\t\t\t<div class=\"elementor-column elementor-col-25 elementor-top-column elementor-element elementor-element-1d75968\" data-id=\"1d75968\" data-element_type=\"column\">\n\t\t\t<div class=\"elementor-widget-wrap elementor-element-populated\">\n\t\t\t\t\t\t<div class=\"elementor-element elementor-element-d9a91ad elementor-widget elementor-widget-image\" data-id=\"d9a91ad\" data-element_type=\"widget\" data-widget_type=\"image.default\">\n\t\t\t\t<div class=\"elementor-widget-container\">\n\t\t\t\t\t\t\t\t\t\t\t\t<figure class=\"wp-caption\">\n\t\t\t\t\t\t\t\t\t\t\t<a href=\"https:\/\/aumbongui.com\/?product=la-famille-musique\" target=\"_blank\">\n\t\t\t\t\t\t\t<img decoding=\"async\" width=\"900\" height=\"900\" src=\"https:\/\/aumbongui.com\/wp-content\/uploads\/2021\/08\/La-famille-musique-1024x1024.jpg\" class=\"attachment-large size-large wp-image-845\" alt=\"\" srcset=\"https:\/\/aumbongui.com\/wp-content\/uploads\/2021\/08\/La-famille-musique-1024x1024.jpg 1024w, https:\/\/aumbongui.com\/wp-content\/uploads\/2021\/08\/La-famille-musique-300x300.jpg 300w, https:\/\/aumbongui.com\/wp-content\/uploads\/2021\/08\/La-famille-musique-100x100.jpg 100w, https:\/\/aumbongui.com\/wp-content\/uploads\/2021\/08\/La-famille-musique-600x600.jpg 600w, https:\/\/aumbongui.com\/wp-content\/uploads\/2021\/08\/La-famille-musique-150x150.jpg 150w, https:\/\/aumbongui.com\/wp-content\/uploads\/2021\/08\/La-famille-musique-768x768.jpg 768w, https:\/\/aumbongui.com\/wp-content\/uploads\/2021\/08\/La-famille-musique-1536x1536.jpg 1536w, https:\/\/aumbongui.com\/wp-content\/uploads\/2021\/08\/La-famille-musique-2048x2048.jpg 2048w\" sizes=\"(max-width: 900px) 100vw, 900px\" \/>\t\t\t\t\t\t\t\t<\/a>\n\t\t\t\t\t\t\t\t\t\t\t<figcaption class=\"widget-image-caption wp-caption-text\">La famille Musique<\/figcaption>\n\t\t\t\t\t\t\t\t\t\t<\/figure>\n\t\t\t\t\t\t\t\t\t<\/div>\n\t\t\t\t<\/div>\n\t\t\t\t\t<\/div>\n\t\t<\/div>\n\t\t\t\t<div class=\"elementor-column elementor-col-25 elementor-top-column elementor-element elementor-element-ab91c67\" data-id=\"ab91c67\" data-element_type=\"column\">\n\t\t\t<div class=\"elementor-widget-wrap elementor-element-populated\">\n\t\t\t\t\t\t<div class=\"elementor-element elementor-element-181c3f7 elementor-widget elementor-widget-image\" data-id=\"181c3f7\" data-element_type=\"widget\" data-widget_type=\"image.default\">\n\t\t\t\t<div class=\"elementor-widget-container\">\n\t\t\t\t\t\t\t\t\t\t\t\t<figure class=\"wp-caption\">\n\t\t\t\t\t\t\t\t\t\t\t<a href=\"https:\/\/aumbongui.com\/?product=poesies-a-croquer\" target=\"_blank\">\n\t\t\t\t\t\t\t<img loading=\"lazy\" decoding=\"async\" width=\"900\" height=\"900\" src=\"https:\/\/aumbongui.com\/wp-content\/uploads\/2021\/08\/Poesies-a-croquer-1024x1024.jpg\" class=\"attachment-large size-large wp-image-842\" alt=\"\" srcset=\"https:\/\/aumbongui.com\/wp-content\/uploads\/2021\/08\/Poesies-a-croquer-1024x1024.jpg 1024w, https:\/\/aumbongui.com\/wp-content\/uploads\/2021\/08\/Poesies-a-croquer-300x300.jpg 300w, https:\/\/aumbongui.com\/wp-content\/uploads\/2021\/08\/Poesies-a-croquer-100x100.jpg 100w, https:\/\/aumbongui.com\/wp-content\/uploads\/2021\/08\/Poesies-a-croquer-600x600.jpg 600w, https:\/\/aumbongui.com\/wp-content\/uploads\/2021\/08\/Poesies-a-croquer-150x150.jpg 150w, https:\/\/aumbongui.com\/wp-content\/uploads\/2021\/08\/Poesies-a-croquer-768x768.jpg 768w, https:\/\/aumbongui.com\/wp-content\/uploads\/2021\/08\/Poesies-a-croquer-1536x1536.jpg 1536w, https:\/\/aumbongui.com\/wp-content\/uploads\/2021\/08\/Poesies-a-croquer-2048x2048.jpg 2048w\" sizes=\"(max-width: 900px) 100vw, 900px\" \/>\t\t\t\t\t\t\t\t<\/a>\n\t\t\t\t\t\t\t\t\t\t\t<figcaption class=\"widget-image-caption wp-caption-text\">Po\u00e9sies \u00e0 croquer<\/figcaption>\n\t\t\t\t\t\t\t\t\t\t<\/figure>\n\t\t\t\t\t\t\t\t\t<\/div>\n\t\t\t\t<\/div>\n\t\t\t\t\t<\/div>\n\t\t<\/div>\n\t\t\t\t\t<\/div>\n\t\t<\/section>\n\t\t\t\t<section class=\"elementor-section elementor-top-section elementor-element elementor-element-3d15393 elementor-section-boxed elementor-section-height-default elementor-section-height-default\" data-id=\"3d15393\" data-element_type=\"section\">\n\t\t\t\t\t\t<div class=\"elementor-container elementor-column-gap-default\">\n\t\t\t\t\t<div class=\"elementor-column elementor-col-33 elementor-top-column elementor-element elementor-element-0672d5c\" data-id=\"0672d5c\" data-element_type=\"column\">\n\t\t\t<div class=\"elementor-widget-wrap\">\n\t\t\t\t\t\t\t<\/div>\n\t\t<\/div>\n\t\t\t\t<div class=\"elementor-column elementor-col-33 elementor-top-column elementor-element elementor-element-32b1e34\" data-id=\"32b1e34\" data-element_type=\"column\">\n\t\t\t<div class=\"elementor-widget-wrap\">\n\t\t\t\t\t\t\t<\/div>\n\t\t<\/div>\n\t\t\t\t<div class=\"elementor-column elementor-col-33 elementor-top-column elementor-element elementor-element-d375e81\" data-id=\"d375e81\" data-element_type=\"column\">\n\t\t\t<div class=\"elementor-widget-wrap\">\n\t\t\t\t\t\t\t<\/div>\n\t\t<\/div>\n\t\t\t\t\t<\/div>\n\t\t<\/section>\n\t\t\t\t<\/div>\n\t\t","protected":false},"excerpt":{"rendered":"<p>LE TOTEM DE GAYOU En se r\u00e9veillant, MINA La famille Musique Po\u00e9sies \u00e0 croquer<\/p>\n","protected":false},"author":0,"featured_media":0,"parent":0,"menu_order":0,"comment_status":"closed","ping_status":"closed","template":"","meta":{"footnotes":""},"class_list":["post-774","page","type-page","status-publish","hentry"],"_links":{"self":[{"href":"https:\/\/aumbongui.com\/index.php?rest_route=\/wp\/v2\/pages\/774","targetHints":{"allow":["GET"]}}],"collection":[{"href":"https:\/\/aumbongui.com\/index.php?rest_route=\/wp\/v2\/pages"}],"about":[{"href":"https:\/\/aumbongui.com\/index.php?rest_route=\/wp\/v2\/types\/page"}],"replies":[{"embeddable":true,"href":"https:\/\/aumbongui.com\/index.php?rest_route=%2Fwp%2Fv2%2Fcomments&post=774"}],"version-history":[{"count":43,"href":"https:\/\/aumbongui.com\/index.php?rest_route=\/wp\/v2\/pages\/774\/revisions"}],"predecessor-version":[{"id":4345,"href":"https:\/\/aumbongui.com\/index.php?rest_route=\/wp\/v2\/pages\/774\/revisions\/4345"}],"wp:attachment":[{"href":"https:\/\/aumbongui.com\/index.php?rest_route=%2Fwp%2Fv2%2Fmedia&parent=774"}],"curies":[{"name":"wp","href":"https:\/\/api.w.org\/{rel}","templated":true}]}}