{"id":1035,"date":"2021-09-13T16:08:29","date_gmt":"2021-09-13T14:08:29","guid":{"rendered":"https:\/\/aumbongui.catalog.ovh\/?post_type=product&#038;p=1035"},"modified":"2021-09-13T16:12:21","modified_gmt":"2021-09-13T14:12:21","slug":"et-si-les-murs-avaient-su-parler","status":"publish","type":"product","link":"https:\/\/aumbongui.com\/?product=et-si-les-murs-avaient-su-parler","title":{"rendered":"ET SI LES MURS AVAIENT SU PARLER"},"content":{"rendered":"<p>\u00ab\u00a0Mon histoire n&rsquo;est pas joyeuse<\/p>\n<p>ma l\u00e9gende terrifie<\/p>\n<p>le d\u00e9nouement brod\u00e9 d&rsquo;espoir<\/p>\n<p>me ressemblera&#8230;\u00a0\u00bb<\/p>\n<p>&nbsp;<\/p>\n<p>Artiste \u00e0 l&rsquo;\u00e9criture \u00e9corch\u00e9e, LEM s&rsquo;inspire des ombres qui ont jalonn\u00e9 son parcours. Une enfance ravag\u00e9e par l&rsquo;alcoolisme et la violence de son nid familial. A quinze ans elle fugue, puis se cherche de foyers en foyers. Ses p\u00e9r\u00e9grinations l&#8217;emm\u00e8neront jusqu&rsquo;au Canada o\u00f9 elle a reconstruit sa vie. Habit\u00e9e par l\u2019\u00e9criture et passionn\u00e9e par la langue fran\u00e7aise, LEM \u00e9crit pour donner un sens \u00e0 ses ruines int\u00e9rieures en se nourrissant de bonne fortune et de&#8230;\u00a0 for\u00eats.<\/p>\n<p>En 2020, LEM remporte le Slam national Qu\u00e9bec-France et devient vice championne du slam\u00a0 (ligue qu\u00e9b\u00e9coise de slam \u00e0 Sherbrooke). En 2021, elle participe au concours Talents Bleus, \u00e0 l\u2019\u00e9mission la semaine des 4 Julie, et son livre \u201cEt si les murs avaient su parler\u201d, pr\u00e9fac\u00e9 par France Castel, para\u00eet aux \u00e9ditions S\u00e9la Prod.<\/p>\n<p>&nbsp;<\/p>\n","protected":false},"excerpt":{"rendered":"<p>Auteure : <strong>LEM<\/strong><\/p>\n<p>Editeur : <strong>\u00e9ditions S\u00e9LaProd<\/strong><\/p>\n","protected":false},"featured_media":1036,"comment_status":"open","ping_status":"closed","template":"","meta":[],"product_brand":[],"product_cat":[102,94],"product_tag":[],"class_list":{"0":"post-1035","1":"product","2":"type-product","3":"status-publish","4":"has-post-thumbnail","6":"product_cat-constellations","7":"product_cat-poesie-litterature-rare","8":"product_shipping_class-standard","10":"first","11":"instock","12":"shipping-taxable","13":"purchasable","14":"product-type-simple"},"_links":{"self":[{"href":"https:\/\/aumbongui.com\/index.php?rest_route=\/wp\/v2\/product\/1035","targetHints":{"allow":["GET"]}}],"collection":[{"href":"https:\/\/aumbongui.com\/index.php?rest_route=\/wp\/v2\/product"}],"about":[{"href":"https:\/\/aumbongui.com\/index.php?rest_route=\/wp\/v2\/types\/product"}],"replies":[{"embeddable":true,"href":"https:\/\/aumbongui.com\/index.php?rest_route=%2Fwp%2Fv2%2Fcomments&post=1035"}],"wp:featuredmedia":[{"embeddable":true,"href":"https:\/\/aumbongui.com\/index.php?rest_route=\/wp\/v2\/media\/1036"}],"wp:attachment":[{"href":"https:\/\/aumbongui.com\/index.php?rest_route=%2Fwp%2Fv2%2Fmedia&parent=1035"}],"wp:term":[{"taxonomy":"product_brand","embeddable":true,"href":"https:\/\/aumbongui.com\/index.php?rest_route=%2Fwp%2Fv2%2Fproduct_brand&post=1035"},{"taxonomy":"product_cat","embeddable":true,"href":"https:\/\/aumbongui.com\/index.php?rest_route=%2Fwp%2Fv2%2Fproduct_cat&post=1035"},{"taxonomy":"product_tag","embeddable":true,"href":"https:\/\/aumbongui.com\/index.php?rest_route=%2Fwp%2Fv2%2Fproduct_tag&post=1035"}],"curies":[{"name":"wp","href":"https:\/\/api.w.org\/{rel}","templated":true}]}}