{"id":1049,"date":"2021-09-16T15:10:26","date_gmt":"2021-09-16T13:10:26","guid":{"rendered":"https:\/\/aumbongui.catalog.ovh\/?post_type=product&#038;p=1049"},"modified":"2025-05-29T21:52:27","modified_gmt":"2025-05-29T19:52:27","slug":"de-tout-mon-souffle","status":"publish","type":"product","link":"https:\/\/aumbongui.com\/?product=de-tout-mon-souffle","title":{"rendered":"DE TOUT MON SOUFFLE"},"content":{"rendered":"<p>Un livre \u00e9crit en duo. Une plong\u00e9e intimiste dans le r\u00e9cit d&rsquo;une jeune fille de 17 ans confront\u00e9e \u00e0 l&rsquo;anorexie. Ses peurs, son courage mais aussi celui de sa m\u00e8re. Le regard sous deux angles afin de t\u00e9moigner aupr\u00e8s de toutes les personnes ayant souffert ou qui souffrent encore, de pr\u00e8s ou de loin, de cette maladie difficile \u00e0 cerner.<\/p>\n","protected":false},"excerpt":{"rendered":"<p>( R\u00e9cit )<\/p>\n<p>Auteure(s) : <span style=\"font-family: LiberationSans-Bold, serif;\"><span style=\"font-size: large;\"><b>Laurie Dub\u00e9, <\/b><\/span><\/span><span style=\"font-family: LiberationSans-Bold, serif;\"><span style=\"font-size: large;\"><b>Fanny Duval <\/b><\/span><\/span><\/p>\n<p>Auto \u00e9dition<\/p>\n","protected":false},"featured_media":1108,"comment_status":"open","ping_status":"closed","template":"","meta":[],"product_brand":[],"product_cat":[102,93],"product_tag":[],"class_list":{"0":"post-1049","1":"product","2":"type-product","3":"status-publish","4":"has-post-thumbnail","6":"product_cat-constellations","7":"product_cat-litterature-rare-litterature-generale","8":"product_shipping_class-standard","10":"first","11":"instock","12":"shipping-taxable","13":"purchasable","14":"product-type-simple"},"_links":{"self":[{"href":"https:\/\/aumbongui.com\/index.php?rest_route=\/wp\/v2\/product\/1049","targetHints":{"allow":["GET"]}}],"collection":[{"href":"https:\/\/aumbongui.com\/index.php?rest_route=\/wp\/v2\/product"}],"about":[{"href":"https:\/\/aumbongui.com\/index.php?rest_route=\/wp\/v2\/types\/product"}],"replies":[{"embeddable":true,"href":"https:\/\/aumbongui.com\/index.php?rest_route=%2Fwp%2Fv2%2Fcomments&post=1049"}],"wp:featuredmedia":[{"embeddable":true,"href":"https:\/\/aumbongui.com\/index.php?rest_route=\/wp\/v2\/media\/1108"}],"wp:attachment":[{"href":"https:\/\/aumbongui.com\/index.php?rest_route=%2Fwp%2Fv2%2Fmedia&parent=1049"}],"wp:term":[{"taxonomy":"product_brand","embeddable":true,"href":"https:\/\/aumbongui.com\/index.php?rest_route=%2Fwp%2Fv2%2Fproduct_brand&post=1049"},{"taxonomy":"product_cat","embeddable":true,"href":"https:\/\/aumbongui.com\/index.php?rest_route=%2Fwp%2Fv2%2Fproduct_cat&post=1049"},{"taxonomy":"product_tag","embeddable":true,"href":"https:\/\/aumbongui.com\/index.php?rest_route=%2Fwp%2Fv2%2Fproduct_tag&post=1049"}],"curies":[{"name":"wp","href":"https:\/\/api.w.org\/{rel}","templated":true}]}}