{"id":1060,"date":"2021-09-16T15:49:45","date_gmt":"2021-09-16T13:49:45","guid":{"rendered":"https:\/\/aumbongui.catalog.ovh\/?post_type=product&#038;p=1060"},"modified":"2021-09-16T15:52:54","modified_gmt":"2021-09-16T13:52:54","slug":"et-ils-revent-dun-conte-exotique","status":"publish","type":"product","link":"https:\/\/aumbongui.com\/?product=et-ils-revent-dun-conte-exotique","title":{"rendered":"Et ils r\u00eavent d&rsquo;un conte exotique"},"content":{"rendered":"<p>\u00ab Et ils se mari\u00e8rent et eurent beaucoup d\u2019enfants\u2026 \u00bb, et non ! Zineb, Me\u00eflin et Kendall incarnent des princesses dans le c\u00e9l\u00e8bre parc de Disneyland Paris (princesse Jasmine, princesse Mulan et princesse Tiana). Et bien que les hommes qui les convoitent les voient comme des princesses, les jeunes femmes ne voient pas cela de la m\u00eame fa\u00e7on. Zineb ne veut pas avoir d\u2019enfant, Me\u00eflin ne peut pas en avoir et Kendall tombe sous le charme d\u2019une femme\u2026<\/p>\n<p>Auteure de plusieurs ouvrages ( Magnifiques couleurs, L&rsquo;h\u00e9ritage de Monsieur Kaley, Lettre d&rsquo;Amor &#8230;) Clothilde JEAN-BAPTISTE nous offre son quatri\u00e8me roman. Dans le quotidien elle est \u00e9ducatrice sp\u00e9cialis\u00e9e. Elle anime \u00e9galement des ateliers d&rsquo;\u00e9criture ainsi que des ateliers d&rsquo;accompagnement Fran\u00e7ais Langue \u00c9trang\u00e8re.<\/p>\n","protected":false},"excerpt":{"rendered":"<p>Auteure : <strong>Clothilde JEAN-PABPTISTE<\/strong><\/p>\n<p>(Roman)<\/p>\n<p>\u00c9diteur : <strong>EDILIVRE<\/strong><\/p>\n","protected":false},"featured_media":1061,"comment_status":"open","ping_status":"closed","template":"","meta":[],"product_brand":[],"product_cat":[76,99],"product_tag":[],"class_list":{"0":"post-1060","1":"product","2":"type-product","3":"status-publish","4":"has-post-thumbnail","6":"product_cat-caraibes","7":"product_cat-litterature-generale-caraibes","8":"product_shipping_class-standard","10":"first","11":"instock","12":"shipping-taxable","13":"purchasable","14":"product-type-simple"},"_links":{"self":[{"href":"https:\/\/aumbongui.com\/index.php?rest_route=\/wp\/v2\/product\/1060","targetHints":{"allow":["GET"]}}],"collection":[{"href":"https:\/\/aumbongui.com\/index.php?rest_route=\/wp\/v2\/product"}],"about":[{"href":"https:\/\/aumbongui.com\/index.php?rest_route=\/wp\/v2\/types\/product"}],"replies":[{"embeddable":true,"href":"https:\/\/aumbongui.com\/index.php?rest_route=%2Fwp%2Fv2%2Fcomments&post=1060"}],"wp:featuredmedia":[{"embeddable":true,"href":"https:\/\/aumbongui.com\/index.php?rest_route=\/wp\/v2\/media\/1061"}],"wp:attachment":[{"href":"https:\/\/aumbongui.com\/index.php?rest_route=%2Fwp%2Fv2%2Fmedia&parent=1060"}],"wp:term":[{"taxonomy":"product_brand","embeddable":true,"href":"https:\/\/aumbongui.com\/index.php?rest_route=%2Fwp%2Fv2%2Fproduct_brand&post=1060"},{"taxonomy":"product_cat","embeddable":true,"href":"https:\/\/aumbongui.com\/index.php?rest_route=%2Fwp%2Fv2%2Fproduct_cat&post=1060"},{"taxonomy":"product_tag","embeddable":true,"href":"https:\/\/aumbongui.com\/index.php?rest_route=%2Fwp%2Fv2%2Fproduct_tag&post=1060"}],"curies":[{"name":"wp","href":"https:\/\/api.w.org\/{rel}","templated":true}]}}