{"id":1066,"date":"2021-09-16T16:22:34","date_gmt":"2021-09-16T14:22:34","guid":{"rendered":"https:\/\/aumbongui.catalog.ovh\/?post_type=product&#038;p=1066"},"modified":"2025-05-30T15:26:57","modified_gmt":"2025-05-30T13:26:57","slug":"lettre-damor","status":"publish","type":"product","link":"https:\/\/aumbongui.com\/?product=lettre-damor","title":{"rendered":"LETTRE D&rsquo;AMOR"},"content":{"rendered":"<p>\u00ab\u00a0Je te vois, je te vois tous les jours. Et pourtant, tu ne me vois pas. Je te vois. Je te vois depuis peu. Je te vois depuis la mort d&rsquo;Asa\u00ebl. Depuis qu&rsquo;il a expir\u00e9 son dernier souffle \u00e0 tes c\u00f4t\u00e9s, je te vois. Quand je suis morte, je ne voyais que lui. Et je n&rsquo;ai pas compris tout de suite pourquoi je ne voyais que lui. Je savais qu&rsquo;Asa\u00ebl ne pouvait pas faire une chose pareille, et le pire dans tout cela, c&rsquo;est que je n&rsquo;ai pas vu qui m&rsquo;a pris la vie, je n&rsquo;ai pas vu qui m&rsquo;a tu\u00e9e.\u00a0\u00bb<\/p>\n<p>Les lettres d&rsquo;Aimy Amor lues par la romantique Ana\u00e9 Ndia. Cette histoire d&rsquo;amour a vu le jour lors d&rsquo;un atelier d&rsquo;\u00e9criture cr\u00e9ative (atelier Persona) dans la ville de Montpellier en Occitanie. Auteure de plusieurs romans, Clothilde JEAN-BAPTISTE est aussi animatrice d&rsquo;ateliers d&rsquo;\u00e9criture principalement aupr\u00e8s d&rsquo;un public non-francophone.<\/p>\n","protected":false},"excerpt":{"rendered":"<p>Auteure : <strong>Clothilde JEAN-BAPTISTE<\/strong><\/p>\n<p>(Roman)<\/p>\n<p>\u00c9diteur : <strong>EDILIVRE <\/strong><\/p>\n","protected":false},"featured_media":1067,"comment_status":"open","ping_status":"closed","template":"","meta":[],"product_brand":[],"product_cat":[76,99],"product_tag":[],"class_list":{"0":"post-1066","1":"product","2":"type-product","3":"status-publish","4":"has-post-thumbnail","6":"product_cat-caraibes","7":"product_cat-litterature-generale-caraibes","8":"product_shipping_class-standard","10":"first","11":"instock","12":"shipping-taxable","13":"purchasable","14":"product-type-simple"},"_links":{"self":[{"href":"https:\/\/aumbongui.com\/index.php?rest_route=\/wp\/v2\/product\/1066","targetHints":{"allow":["GET"]}}],"collection":[{"href":"https:\/\/aumbongui.com\/index.php?rest_route=\/wp\/v2\/product"}],"about":[{"href":"https:\/\/aumbongui.com\/index.php?rest_route=\/wp\/v2\/types\/product"}],"replies":[{"embeddable":true,"href":"https:\/\/aumbongui.com\/index.php?rest_route=%2Fwp%2Fv2%2Fcomments&post=1066"}],"wp:featuredmedia":[{"embeddable":true,"href":"https:\/\/aumbongui.com\/index.php?rest_route=\/wp\/v2\/media\/1067"}],"wp:attachment":[{"href":"https:\/\/aumbongui.com\/index.php?rest_route=%2Fwp%2Fv2%2Fmedia&parent=1066"}],"wp:term":[{"taxonomy":"product_brand","embeddable":true,"href":"https:\/\/aumbongui.com\/index.php?rest_route=%2Fwp%2Fv2%2Fproduct_brand&post=1066"},{"taxonomy":"product_cat","embeddable":true,"href":"https:\/\/aumbongui.com\/index.php?rest_route=%2Fwp%2Fv2%2Fproduct_cat&post=1066"},{"taxonomy":"product_tag","embeddable":true,"href":"https:\/\/aumbongui.com\/index.php?rest_route=%2Fwp%2Fv2%2Fproduct_tag&post=1066"}],"curies":[{"name":"wp","href":"https:\/\/api.w.org\/{rel}","templated":true}]}}