{"id":1125,"date":"2021-09-29T01:57:47","date_gmt":"2021-09-28T23:57:47","guid":{"rendered":"https:\/\/aumbongui.catalog.ovh\/?post_type=product&#038;p=1125"},"modified":"2025-06-07T15:57:52","modified_gmt":"2025-06-07T13:57:52","slug":"demons-ou-anges","status":"publish","type":"product","link":"https:\/\/aumbongui.com\/?product=demons-ou-anges","title":{"rendered":"D\u00e9mons ou Anges"},"content":{"rendered":"<p>Un recueil de po\u00e8mes dont l&rsquo;essence p\u00e9n\u00e8tre l&rsquo;esprit pour se vautrer, paisiblement, dans l&rsquo;\u00e2me. L&rsquo;auteur y m\u00eale po\u00e9sie et m\u00e9ditation, amour et haine, ripolinant ainsi un univers merveilleux dans lequel D\u00e9mons et Anges, Bien et Mal, se confrontent devant l&rsquo;Homme.<\/p>\n<p>Ancien pensionnaire de l&rsquo;universit\u00e9 Gaston Berger de Saint- Louis du S\u00e9n\u00e9gal, Zacharia Sall poursuivi ses \u00e9tudes \u00e0 la facult\u00e9 de Droit de Montpellier. D\u00e9mons ou Anges est son premier recueil publi\u00e9. Comme r\u00e9dacteur chef, il a contribu\u00e9 \u00e0 la cr\u00e9ation de la revue litt\u00e9raire D\u00c9BRID\u00c9 parue en Juillet 2021 avec l&rsquo;association Le C\u00e9nacle des Treize.<\/p>\n","protected":false},"excerpt":{"rendered":"<p>Auteur : <strong>Zacharia SALL<\/strong><\/p>\n<p>( S\u00c9N\u00c9GAL )<\/p>\n<p>\u00c9diteur : <strong>L&rsquo;Harmattan<\/strong><\/p>\n","protected":false},"featured_media":1117,"comment_status":"open","ping_status":"closed","template":"","meta":[],"product_brand":[],"product_cat":[75,87],"product_tag":[],"class_list":{"0":"post-1125","1":"product","2":"type-product","3":"status-publish","4":"has-post-thumbnail","6":"product_cat-kama-mon-afrique","7":"product_cat-poesie-kama-mon-afrique","8":"product_shipping_class-standard","10":"first","11":"instock","12":"shipping-taxable","13":"purchasable","14":"product-type-simple"},"_links":{"self":[{"href":"https:\/\/aumbongui.com\/index.php?rest_route=\/wp\/v2\/product\/1125","targetHints":{"allow":["GET"]}}],"collection":[{"href":"https:\/\/aumbongui.com\/index.php?rest_route=\/wp\/v2\/product"}],"about":[{"href":"https:\/\/aumbongui.com\/index.php?rest_route=\/wp\/v2\/types\/product"}],"replies":[{"embeddable":true,"href":"https:\/\/aumbongui.com\/index.php?rest_route=%2Fwp%2Fv2%2Fcomments&post=1125"}],"wp:featuredmedia":[{"embeddable":true,"href":"https:\/\/aumbongui.com\/index.php?rest_route=\/wp\/v2\/media\/1117"}],"wp:attachment":[{"href":"https:\/\/aumbongui.com\/index.php?rest_route=%2Fwp%2Fv2%2Fmedia&parent=1125"}],"wp:term":[{"taxonomy":"product_brand","embeddable":true,"href":"https:\/\/aumbongui.com\/index.php?rest_route=%2Fwp%2Fv2%2Fproduct_brand&post=1125"},{"taxonomy":"product_cat","embeddable":true,"href":"https:\/\/aumbongui.com\/index.php?rest_route=%2Fwp%2Fv2%2Fproduct_cat&post=1125"},{"taxonomy":"product_tag","embeddable":true,"href":"https:\/\/aumbongui.com\/index.php?rest_route=%2Fwp%2Fv2%2Fproduct_tag&post=1125"}],"curies":[{"name":"wp","href":"https:\/\/api.w.org\/{rel}","templated":true}]}}