{"id":1133,"date":"2021-09-29T02:16:16","date_gmt":"2021-09-29T00:16:16","guid":{"rendered":"https:\/\/aumbongui.catalog.ovh\/?post_type=product&#038;p=1133"},"modified":"2021-09-29T02:18:12","modified_gmt":"2021-09-29T00:18:12","slug":"le-chant-dun-grillon","status":"publish","type":"product","link":"https:\/\/aumbongui.com\/?product=le-chant-dun-grillon","title":{"rendered":"Le Chant d&rsquo;un Grillon"},"content":{"rendered":"<p>Avec ce premier recueil, l&rsquo;auteur souhaite cr\u00e9er un monde \u00e0 lui, calme, paisible et juste. Cet univers idyllique, il le nomme et le con\u00e7oit comme \u00a0\u00bbsa Th\u00e9ba\u00efde\u00a0\u00bb. Ce faisant, en exprimant ses joies, ses peines et ses angoisses inh\u00e9rentes aux mauvais jeux politiques de son pays, marqu\u00e9 par de violents soubresauts, le po\u00e8te s&rsquo;\u00e9crie :<\/p>\n<p>\u00ab Ah ! je sors d&rsquo;une \u00e9clampsie<\/p>\n<p>Depuis 2002<\/p>\n<p>J&rsquo;ai donc perdu ma ralingue<\/p>\n<p>Et ma voix se perd dans le vent<\/p>\n<p>Et comme un violent ressac<\/p>\n<p>Je me recroqueville pour r\u00e9tamer<\/p>\n<p>Mon cri bruyant \u00bb.<\/p>\n<p>N\u00e9 en C\u00f4te d&rsquo;Ivoire en 1974, Ta Bi Gohi JONAS est dipl\u00f4m\u00e9 de l&rsquo;\u00c9cole Nationale d&rsquo;Administration (ENA). Il deviendra Inspecteur du Travail et des lois sociales d\u00e8s 2010. Apr\u00e8s sa th\u00e8se unique de Doctorat, il int\u00e8gre l&rsquo;Universit\u00e9 F\u00e9lix Houphou\u00ebt-Boigny de Cocody \u00e0 Abidjan en qualit\u00e9 d&rsquo;enseignant en po\u00e9sie africaine.<\/p>\n<p>&nbsp;<\/p>\n","protected":false},"excerpt":{"rendered":"<p>Auteur :<strong> Ta Bi Gohi JONAS<\/strong><\/p>\n<p>( C\u00f4te d&rsquo;Ivoire)<\/p>\n<p>\u00c9diteur : <strong>L&rsquo;Harmattan<\/strong><\/p>\n","protected":false},"featured_media":1118,"comment_status":"open","ping_status":"closed","template":"","meta":[],"product_brand":[],"product_cat":[75,87],"product_tag":[],"class_list":{"0":"post-1133","1":"product","2":"type-product","3":"status-publish","4":"has-post-thumbnail","6":"product_cat-kama-mon-afrique","7":"product_cat-poesie-kama-mon-afrique","8":"product_shipping_class-standard","10":"first","11":"instock","12":"shipping-taxable","13":"purchasable","14":"product-type-simple"},"_links":{"self":[{"href":"https:\/\/aumbongui.com\/index.php?rest_route=\/wp\/v2\/product\/1133","targetHints":{"allow":["GET"]}}],"collection":[{"href":"https:\/\/aumbongui.com\/index.php?rest_route=\/wp\/v2\/product"}],"about":[{"href":"https:\/\/aumbongui.com\/index.php?rest_route=\/wp\/v2\/types\/product"}],"replies":[{"embeddable":true,"href":"https:\/\/aumbongui.com\/index.php?rest_route=%2Fwp%2Fv2%2Fcomments&post=1133"}],"wp:featuredmedia":[{"embeddable":true,"href":"https:\/\/aumbongui.com\/index.php?rest_route=\/wp\/v2\/media\/1118"}],"wp:attachment":[{"href":"https:\/\/aumbongui.com\/index.php?rest_route=%2Fwp%2Fv2%2Fmedia&parent=1133"}],"wp:term":[{"taxonomy":"product_brand","embeddable":true,"href":"https:\/\/aumbongui.com\/index.php?rest_route=%2Fwp%2Fv2%2Fproduct_brand&post=1133"},{"taxonomy":"product_cat","embeddable":true,"href":"https:\/\/aumbongui.com\/index.php?rest_route=%2Fwp%2Fv2%2Fproduct_cat&post=1133"},{"taxonomy":"product_tag","embeddable":true,"href":"https:\/\/aumbongui.com\/index.php?rest_route=%2Fwp%2Fv2%2Fproduct_tag&post=1133"}],"curies":[{"name":"wp","href":"https:\/\/api.w.org\/{rel}","templated":true}]}}