{"id":1140,"date":"2021-10-04T22:51:35","date_gmt":"2021-10-04T20:51:35","guid":{"rendered":"https:\/\/aumbongui.catalog.ovh\/?post_type=product&#038;p=1140"},"modified":"2021-10-04T22:51:35","modified_gmt":"2021-10-04T20:51:35","slug":"pandemie-et-autres-faceties","status":"publish","type":"product","link":"https:\/\/aumbongui.com\/?product=pandemie-et-autres-faceties","title":{"rendered":"PAND\u00c9MIE (et autres fac\u00e9ties)"},"content":{"rendered":"<p>Onze nouvelles noires, parfois gris fonc\u00e9 et m\u00eame gris clair.<\/p>\n<p>Sans concession Marc Ely nous entraine de la fiction sordide de \u201cNoir de merde\u201d \u00e0 des \u00e9lucubrations plus oniriques.\u2008Depuis les hauteurs de \u00ab Nu\u00e9es c\u00e9lestes \u00bb jusqu\u2019aux ruelles glauques de \u00ab Tueur de rat \u00bb en passant par les confins de la galaxie l\u2019auteur s\u2019applique, avec rigueur, \u00e0 respecter les consignes du Pr Desproges. Il souhaite rire de tout\u00a0 mais, avec son lecteur, il sait que ce ne sera pas avec n\u2019importe qui !<\/p>\n<p>Marc Ely est l\u2019auteur de plusieurs recueils de po\u00e8mes et de nouvelles, il a publi\u00e9 sous son vrai nom des travaux arch\u00e9ologiques, historiques et un ouvrage pour les enfants : cath\u00e9drale d\u2019Agde, Peire et Bruneta.<\/p>\n","protected":false},"excerpt":{"rendered":"<p>Auteur : <strong>Marc ELY<\/strong><\/p>\n<p>\u00c9diteur : <strong>Ubik-Art<\/strong><\/p>\n","protected":false},"featured_media":1141,"comment_status":"open","ping_status":"closed","template":"","meta":[],"product_brand":[],"product_cat":[102,105],"product_tag":[],"class_list":{"0":"post-1140","1":"product","2":"type-product","3":"status-publish","4":"has-post-thumbnail","6":"product_cat-constellations","7":"product_cat-fantastique-litterature-rare","8":"product_shipping_class-standard","10":"first","11":"instock","12":"shipping-taxable","13":"purchasable","14":"product-type-simple"},"_links":{"self":[{"href":"https:\/\/aumbongui.com\/index.php?rest_route=\/wp\/v2\/product\/1140","targetHints":{"allow":["GET"]}}],"collection":[{"href":"https:\/\/aumbongui.com\/index.php?rest_route=\/wp\/v2\/product"}],"about":[{"href":"https:\/\/aumbongui.com\/index.php?rest_route=\/wp\/v2\/types\/product"}],"replies":[{"embeddable":true,"href":"https:\/\/aumbongui.com\/index.php?rest_route=%2Fwp%2Fv2%2Fcomments&post=1140"}],"wp:featuredmedia":[{"embeddable":true,"href":"https:\/\/aumbongui.com\/index.php?rest_route=\/wp\/v2\/media\/1141"}],"wp:attachment":[{"href":"https:\/\/aumbongui.com\/index.php?rest_route=%2Fwp%2Fv2%2Fmedia&parent=1140"}],"wp:term":[{"taxonomy":"product_brand","embeddable":true,"href":"https:\/\/aumbongui.com\/index.php?rest_route=%2Fwp%2Fv2%2Fproduct_brand&post=1140"},{"taxonomy":"product_cat","embeddable":true,"href":"https:\/\/aumbongui.com\/index.php?rest_route=%2Fwp%2Fv2%2Fproduct_cat&post=1140"},{"taxonomy":"product_tag","embeddable":true,"href":"https:\/\/aumbongui.com\/index.php?rest_route=%2Fwp%2Fv2%2Fproduct_tag&post=1140"}],"curies":[{"name":"wp","href":"https:\/\/api.w.org\/{rel}","templated":true}]}}