{"id":1145,"date":"2021-10-04T23:12:01","date_gmt":"2021-10-04T21:12:01","guid":{"rendered":"https:\/\/aumbongui.catalog.ovh\/?post_type=product&#038;p=1145"},"modified":"2021-10-04T23:15:07","modified_gmt":"2021-10-04T21:15:07","slug":"science-friction","status":"publish","type":"product","link":"https:\/\/aumbongui.com\/?product=science-friction","title":{"rendered":"SCIENCE FRICTION"},"content":{"rendered":"<p>Quand trois auteurs, trois plumes, trois univers, se frottent \u00e0 la science fiction\u2026<\/p>\n<p>G\u00e9rard Combe, style d\u00e9licieusement surann\u00e9, porte sur l\u2019histoire du XX<sup>e <\/sup>si\u00e8cle un \u00e9clairage singulier.<\/p>\n<p>Marc Ely, \u00e9criture inventive et cultiv\u00e9e, revisite aussi bien l\u2019antiquit\u00e9, le moyen-\u00e2ge que le futur.<\/p>\n<p>Jean-Pierre Baratte, amoureux du texte \u00e0 chute, cherche \u00e0 d\u00e9sar\u00e7onner son lecteur. Space opera, uchronie, anticipation, fantasy et, pour la plupart, inclassables, ces r\u00e9cits vous conduiront de personnages bibliques en voyages interstellaires, comme du c\u00f4t\u00e9 des grands aventuriers de ces si\u00e8cles derniers.<\/p>\n<p>La friction donne un ouvrage qui ne manquera pas de ravir les amateurs de nouveaut\u00e9, de diversit\u00e9, de surprises et de\u2026 SF bien s\u00fbr.<\/p>\n<p><strong>Marc Ely<\/strong> : Auteur de plusieurs recueils de po\u00e8mes et de nouvelles, a publi\u00e9 sous son vrai patronyme des travaux arch\u00e9ologiques et historiques (cath\u00e9drale d\u2019Agde). Contribue aux cahiers VIRTUEL-Ecriture\/Sylvie Chastain.<\/p>\n<p><strong>Jean-Pierre Baratte<\/strong> : Auteur de nouvelles et sp\u00e9cialement de r\u00e9cits courts \u00e0 chutes impr\u00e9visibles. Contribue aux cahiers VIRTUEL-Ecriture\/Sylvie Chastain.<\/p>\n<p><strong>G\u00e9rard Combe<\/strong>\u00a0: Auteur de r\u00e9cits et \u00e9tudes historiques a \u00e9crits de nombreuses uchronies parfois humoristiques.<\/p>\n","protected":false},"excerpt":{"rendered":"<p>(Recueil de Nouvelles)<\/p>\n<p>Auteur : <strong>Marc ELY<\/strong>, <strong>Jean-Pierre BARATTE, G\u00e9rard COMBE<\/strong><\/p>\n<p>\u00c9diteur : <strong>Ubik-Art <\/strong><\/p>\n","protected":false},"featured_media":1146,"comment_status":"open","ping_status":"closed","template":"","meta":[],"product_brand":[],"product_cat":[102,105],"product_tag":[],"class_list":{"0":"post-1145","1":"product","2":"type-product","3":"status-publish","4":"has-post-thumbnail","6":"product_cat-constellations","7":"product_cat-fantastique-litterature-rare","8":"product_shipping_class-standard","10":"first","11":"instock","12":"shipping-taxable","13":"purchasable","14":"product-type-simple"},"_links":{"self":[{"href":"https:\/\/aumbongui.com\/index.php?rest_route=\/wp\/v2\/product\/1145","targetHints":{"allow":["GET"]}}],"collection":[{"href":"https:\/\/aumbongui.com\/index.php?rest_route=\/wp\/v2\/product"}],"about":[{"href":"https:\/\/aumbongui.com\/index.php?rest_route=\/wp\/v2\/types\/product"}],"replies":[{"embeddable":true,"href":"https:\/\/aumbongui.com\/index.php?rest_route=%2Fwp%2Fv2%2Fcomments&post=1145"}],"wp:featuredmedia":[{"embeddable":true,"href":"https:\/\/aumbongui.com\/index.php?rest_route=\/wp\/v2\/media\/1146"}],"wp:attachment":[{"href":"https:\/\/aumbongui.com\/index.php?rest_route=%2Fwp%2Fv2%2Fmedia&parent=1145"}],"wp:term":[{"taxonomy":"product_brand","embeddable":true,"href":"https:\/\/aumbongui.com\/index.php?rest_route=%2Fwp%2Fv2%2Fproduct_brand&post=1145"},{"taxonomy":"product_cat","embeddable":true,"href":"https:\/\/aumbongui.com\/index.php?rest_route=%2Fwp%2Fv2%2Fproduct_cat&post=1145"},{"taxonomy":"product_tag","embeddable":true,"href":"https:\/\/aumbongui.com\/index.php?rest_route=%2Fwp%2Fv2%2Fproduct_tag&post=1145"}],"curies":[{"name":"wp","href":"https:\/\/api.w.org\/{rel}","templated":true}]}}