{"id":1272,"date":"2021-10-21T00:15:21","date_gmt":"2021-10-20T22:15:21","guid":{"rendered":"https:\/\/aumbongui.catalog.ovh\/?post_type=product&#038;p=1272"},"modified":"2021-10-21T10:40:07","modified_gmt":"2021-10-21T08:40:07","slug":"ecrit-et-cris","status":"publish","type":"product","link":"https:\/\/aumbongui.com\/?product=ecrit-et-cris","title":{"rendered":"\u00c9CRIT .. ET CRIS"},"content":{"rendered":"<p><em>\u00ab\u00a0&#8230;Tu n&rsquo;en sais rien<\/em><\/p>\n<p><em>Tu es debout et cela ne r\u00e9v\u00e8le rien<\/em><\/p>\n<p><em>Qu&rsquo;est ce que l&rsquo;on sait de chacun ?<\/em><\/p>\n<p><em>Rien\u00a0\u00bb<\/em><\/p>\n<p>Dans cet ouvrage, la po\u00e9sie des textes et des illustrations qui les accompagnent embrasse intimement le corps. Les mots contemplent les maux avant d&rsquo;y dessiner des entailles. Derri\u00e8re les bouts de mort, les bouts de vie, une col\u00e8re saine. La r\u00e9volte \u00e0 travers la passion. La danse d&rsquo;un ensemble o\u00f9 la force c\u00f4toie le fragile. La beaut\u00e9 dans un bouquet que seul le c\u0153ur sait composer lorsqu&rsquo;il a appris \u00e0 vivre et devenir.<\/p>\n<p>Fatine MOUBSIT est psychologue clinicienne, \u00e9crivain-po\u00e8te, artiste-slameuse (championne nationale de Slam du Maroc 2018). \u00ab\u00a0\u00c9crit .. Et Cris\u00a0\u00bb est son premier recueil.<\/p>\n","protected":false},"excerpt":{"rendered":"<p>PO\u00c9SIE &#8211; SLAM<\/p>\n<p>Auteure : <strong>Fatine MOUBSIT<\/strong>\u00a0 alias\u00a0 <strong>INTROSPECTUS <\/strong><\/p>\n<p>\u00c9diteur : <strong>Falia &#8211; Beni Mellal<\/strong> (MAROC)<\/p>\n","protected":false},"featured_media":1278,"comment_status":"open","ping_status":"closed","template":"","meta":[],"product_brand":[],"product_cat":[75,87],"product_tag":[],"class_list":{"0":"post-1272","1":"product","2":"type-product","3":"status-publish","4":"has-post-thumbnail","6":"product_cat-kama-mon-afrique","7":"product_cat-poesie-kama-mon-afrique","8":"product_shipping_class-standard","10":"first","11":"instock","12":"shipping-taxable","13":"purchasable","14":"product-type-simple"},"_links":{"self":[{"href":"https:\/\/aumbongui.com\/index.php?rest_route=\/wp\/v2\/product\/1272","targetHints":{"allow":["GET"]}}],"collection":[{"href":"https:\/\/aumbongui.com\/index.php?rest_route=\/wp\/v2\/product"}],"about":[{"href":"https:\/\/aumbongui.com\/index.php?rest_route=\/wp\/v2\/types\/product"}],"replies":[{"embeddable":true,"href":"https:\/\/aumbongui.com\/index.php?rest_route=%2Fwp%2Fv2%2Fcomments&post=1272"}],"wp:featuredmedia":[{"embeddable":true,"href":"https:\/\/aumbongui.com\/index.php?rest_route=\/wp\/v2\/media\/1278"}],"wp:attachment":[{"href":"https:\/\/aumbongui.com\/index.php?rest_route=%2Fwp%2Fv2%2Fmedia&parent=1272"}],"wp:term":[{"taxonomy":"product_brand","embeddable":true,"href":"https:\/\/aumbongui.com\/index.php?rest_route=%2Fwp%2Fv2%2Fproduct_brand&post=1272"},{"taxonomy":"product_cat","embeddable":true,"href":"https:\/\/aumbongui.com\/index.php?rest_route=%2Fwp%2Fv2%2Fproduct_cat&post=1272"},{"taxonomy":"product_tag","embeddable":true,"href":"https:\/\/aumbongui.com\/index.php?rest_route=%2Fwp%2Fv2%2Fproduct_tag&post=1272"}],"curies":[{"name":"wp","href":"https:\/\/api.w.org\/{rel}","templated":true}]}}