{"id":1293,"date":"2021-10-26T13:06:57","date_gmt":"2021-10-26T11:06:57","guid":{"rendered":"https:\/\/aumbongui.catalog.ovh\/?post_type=product&#038;p=1293"},"modified":"2025-06-05T16:20:19","modified_gmt":"2025-06-05T14:20:19","slug":"feminismes-africains","status":"publish","type":"product","link":"https:\/\/aumbongui.com\/?product=feminismes-africains","title":{"rendered":"F\u00e9minismes africains"},"content":{"rendered":"<p>Rama Salla DIENG est universitaire s\u00e9n\u00e9galaise militante f\u00e9ministe et auteure de roman (La derni\u00e8re lettre). Dans FEMINISMES AFRICAINS elle pr\u00e9sente une s\u00e9rie d&rsquo;entretiens avec une vingtaine d\u2019activistes, universitaires f\u00e9ministes en majorit\u00e9 d\u2019Afrique et de sa diaspora. Ces dialogues, con\u00e7us dans le but de d\u00e9centrer la production de connaissance sur les f\u00e9minismes en Afrique dans une perspective d\u00e9coloniale, portent sur leurs pratiques, philosophies, aspirations, d\u00e9fis et joies f\u00e9ministes. Il en ressort des interviews qui, au fur et \u00e0 mesure qu\u2019elles se disent, esquissent une mosa\u00efque fascinante de jeunes hommes et de femmes aux profils, \u00e2ge, genre, orientation sexuelle, classe, nationalit\u00e9 et parcours professionnels certes vari\u00e9s, mais unis par la passion d\u2019une Afrique o\u00f9 r\u00e8gne davantage d\u2019\u00e9quit\u00e9 et de justice sociale !<\/p>\n<p>&nbsp;<\/p>\n<blockquote>\n<h2><strong>TABLE DES MATI\u00c8RES<\/strong><\/h2>\n<p><em><br \/>\n1. Introduction \u2013 Rama Salla Dieng (S\u00e9n\u00e9gal) p.7<br \/>\n<\/em><\/p>\n<p>&nbsp;<\/p>\n<p><strong>PARTIE 1 : LIB\u00c9RER LA PAROLE ET SE DIRE<\/strong><\/p>\n<p><em>2. F\u00e9minismes africains transnationaux, antiracisme et anti-imp\u00e9rialisme : Entretien avec Annette Joseph-Gabriel (Ghana, France) et Mame Fatou Niang (S\u00e9n\u00e9gal, France) .p31<br \/>\n<\/em><\/p>\n<p><em><br \/>\n3. \u00catre f\u00e9ministe est un voyage : Entretien avec Fran\u00e7oise Kpeglo Moudouthe (Cameroun, France) p.41<\/em><\/p>\n<p><em><br \/>\n4. Historiciser l\u2019activisme litt\u00e9raire et les mouvements de femmes : Entretien avec Dr. Ruth Bush, Acad\u00e9mique, Universit\u00e9 de Bristol (Royaume-Uni) p.49<\/em><\/p>\n<p><em><br \/>\n5. Investir dans les plateformes num\u00e9riques pour l\u2019organisation f\u00e9ministe : Entretien avec Rosebell Kagumire (Ouganda) p.61<\/em><\/p>\n<p>&nbsp;<\/p>\n<p><strong>PARTIE 2 : AMOURS R\u00c9VOLUTIONNAIRES, D\u00c9ROMANTICISER \u00ab LE TERRAIN \u00bb<\/strong><\/p>\n<p><em>6. \u00ab La r\u00e9volution n\u2019est pas une saison \u00bb : Entretien avec Yara Sallam, F\u00e9ministe (\u00c9gypte) p.71<\/em><\/p>\n<p><em><br \/>\n7. Artivisme et R\u00e9volutions par l\u2019amour : Entretien avec Jessica Horn (Ouganda, Royaume-Uni) p.83<\/em><\/p>\n<p><em><br \/>\n8. \u00ab Avec le f\u00e9minisme, il n\u2019y aura pas de retour en arri\u00e8re en Tunisie \u00bb : Entretien avec le Collectif Falgatna (Tunisie) p.95<\/em><\/p>\n<p><em><br \/>\n9. Les f\u00e9ministes s\u2019activant sur le terrain en Afrique : Entretien avec Mwanahamisi (Mishy) Singano (Tanzanie) p.109<br \/>\n<\/em><\/p>\n<p>&nbsp;<\/p>\n<p>&nbsp;<\/p>\n<p><strong>PARTIE 3 : PLAISIR ET SEXUALIT\u00c9S<\/strong><\/p>\n<p><em>10. Les f\u00e9ministes queer s\u2019organisent sur le terrain au Ghana : Entretien avec Rita Nketiah, Sheila Adufutse, Golda Gatsey et Fatima Derby (Ghana) p.119<\/em><\/p>\n<p><em><br \/>\n11. Investir dans les plateformes num\u00e9riques pour l\u2019organisation f\u00e9ministe : Entretien avec Tiffany Mugo (Afrique du Sud) p.135<\/em><\/p>\n<p><em><br \/>\n12. Aventures dans les chambres \u00e0 coucher des femmes africaines : Entretien avec Nana Darkoa (Ghana, Royaume-Uni) p.145<br \/>\n<\/em><\/p>\n<p><em><br \/>\n<\/em><strong>PARTIE 4 : PANSER LA CIT\u00c9<\/strong><\/p>\n<p><em>13. Enseigner comme militantisme f\u00e9ministe \u00e0 la base : Entretien avec Nd\u00e8ye D\u00e9bo Seck (S\u00e9n\u00e9gal) p.155<\/em><\/p>\n<p><em><br \/>\n14. F\u00e9minisme et recherche engag\u00e9e en Afrique de l\u2019Est : Entretien avec Lyn Ossome (Kenya), Acad\u00e9mique, Universit\u00e9 Maker\u00e9r\u00e9 en Ouganda p.167<\/em><\/p>\n<p><em><br \/>\n15. F\u00e9minisme, religion et culture au S\u00e9n\u00e9gal : Entretien avec Maimouna Eliane Thior et Adama Pouye (S\u00e9n\u00e9gal) p.179<\/em><\/p>\n<p><em><br \/>\n16. Le Mouvement Jaune en \u00c9thiopie, itin\u00e9raire d\u2019une passion f\u00e9ministe : Entretien avec Hilina Berhanu et Aklile Solomon (\u00c9thiopie) p.195<\/em><\/p>\n<p><em><br \/>\n17. Pour ne pas conclure \u2013 Rama Salla Dieng (S\u00e9n\u00e9gal) p.209<\/em><\/p><\/blockquote>\n","protected":false},"excerpt":{"rendered":"<p>Auteure : <strong>Rama Salla DIENG<\/strong><\/p>\n<p>\u00c9diteur : <strong>Pr\u00e9sence Africaine<\/strong><\/p>\n","protected":false},"featured_media":1313,"comment_status":"open","ping_status":"closed","template":"","meta":[],"product_brand":[],"product_cat":[90,75],"product_tag":[],"class_list":{"0":"post-1293","1":"product","2":"type-product","3":"status-publish","4":"has-post-thumbnail","6":"product_cat-histoiresociete-kama-mon-afrique","7":"product_cat-kama-mon-afrique","8":"product_shipping_class-standard","10":"first","11":"instock","12":"shipping-taxable","13":"purchasable","14":"product-type-simple"},"_links":{"self":[{"href":"https:\/\/aumbongui.com\/index.php?rest_route=\/wp\/v2\/product\/1293","targetHints":{"allow":["GET"]}}],"collection":[{"href":"https:\/\/aumbongui.com\/index.php?rest_route=\/wp\/v2\/product"}],"about":[{"href":"https:\/\/aumbongui.com\/index.php?rest_route=\/wp\/v2\/types\/product"}],"replies":[{"embeddable":true,"href":"https:\/\/aumbongui.com\/index.php?rest_route=%2Fwp%2Fv2%2Fcomments&post=1293"}],"wp:featuredmedia":[{"embeddable":true,"href":"https:\/\/aumbongui.com\/index.php?rest_route=\/wp\/v2\/media\/1313"}],"wp:attachment":[{"href":"https:\/\/aumbongui.com\/index.php?rest_route=%2Fwp%2Fv2%2Fmedia&parent=1293"}],"wp:term":[{"taxonomy":"product_brand","embeddable":true,"href":"https:\/\/aumbongui.com\/index.php?rest_route=%2Fwp%2Fv2%2Fproduct_brand&post=1293"},{"taxonomy":"product_cat","embeddable":true,"href":"https:\/\/aumbongui.com\/index.php?rest_route=%2Fwp%2Fv2%2Fproduct_cat&post=1293"},{"taxonomy":"product_tag","embeddable":true,"href":"https:\/\/aumbongui.com\/index.php?rest_route=%2Fwp%2Fv2%2Fproduct_tag&post=1293"}],"curies":[{"name":"wp","href":"https:\/\/api.w.org\/{rel}","templated":true}]}}