{"id":1304,"date":"2021-10-26T13:32:09","date_gmt":"2021-10-26T11:32:09","guid":{"rendered":"https:\/\/aumbongui.catalog.ovh\/?post_type=product&#038;p=1304"},"modified":"2025-05-30T01:45:51","modified_gmt":"2025-05-29T23:45:51","slug":"la-derniere-lettre","status":"publish","type":"product","link":"https:\/\/aumbongui.com\/?product=la-derniere-lettre","title":{"rendered":"La derni\u00e8re lettre"},"content":{"rendered":"<p>La narratrice, Salimatou, qui finit de purger une longue peine de prison, se d\u00e9cide enfin \u00e0 \u00e9crire \u00e0 son ami d&rsquo;enfance de toujours, Serge, pour lui avouer les raisons de ce long silence.<\/p>\n<p><em>Rama Salla Dieng est une universitaire s\u00e9n\u00e9galaise, militante f\u00e9ministe. <\/em><em>Actuellement ma\u00eetresse de conf\u00e9rences en D\u00e9veloppement International et \u00c9tudes Africaines \u00e0 l&rsquo;Universit\u00e9 d&rsquo;Edimbourg, elle a co-dirig\u00e9 un ouvrage sur la parentalit\u00e9 f\u00e9ministe, <\/em>Feminist parenting<em>, publi\u00e9 chez Demeter Pres. Elle est l&rsquo;auteure de l&rsquo;ouvrage \u00ab\u00a0F\u00e9minismes africains\u00a0\u00bb. <\/em><\/p>\n","protected":false},"excerpt":{"rendered":"<p>Auteure : <strong>Rama Salla DIENG<\/strong><\/p>\n<p>(S\u00c9N\u00c9GAL)<\/p>\n<p>\u00c9diteur :\u00a0 <strong>Pr\u00e9sence Africaine<\/strong><\/p>\n","protected":false},"featured_media":1305,"comment_status":"open","ping_status":"closed","template":"","meta":[],"product_brand":[],"product_cat":[75,91],"product_tag":[],"class_list":{"0":"post-1304","1":"product","2":"type-product","3":"status-publish","4":"has-post-thumbnail","6":"product_cat-kama-mon-afrique","7":"product_cat-litterature-generale-kama-mon-afrique","8":"product_shipping_class-standard","10":"first","11":"instock","12":"shipping-taxable","13":"purchasable","14":"product-type-simple"},"_links":{"self":[{"href":"https:\/\/aumbongui.com\/index.php?rest_route=\/wp\/v2\/product\/1304","targetHints":{"allow":["GET"]}}],"collection":[{"href":"https:\/\/aumbongui.com\/index.php?rest_route=\/wp\/v2\/product"}],"about":[{"href":"https:\/\/aumbongui.com\/index.php?rest_route=\/wp\/v2\/types\/product"}],"replies":[{"embeddable":true,"href":"https:\/\/aumbongui.com\/index.php?rest_route=%2Fwp%2Fv2%2Fcomments&post=1304"}],"wp:featuredmedia":[{"embeddable":true,"href":"https:\/\/aumbongui.com\/index.php?rest_route=\/wp\/v2\/media\/1305"}],"wp:attachment":[{"href":"https:\/\/aumbongui.com\/index.php?rest_route=%2Fwp%2Fv2%2Fmedia&parent=1304"}],"wp:term":[{"taxonomy":"product_brand","embeddable":true,"href":"https:\/\/aumbongui.com\/index.php?rest_route=%2Fwp%2Fv2%2Fproduct_brand&post=1304"},{"taxonomy":"product_cat","embeddable":true,"href":"https:\/\/aumbongui.com\/index.php?rest_route=%2Fwp%2Fv2%2Fproduct_cat&post=1304"},{"taxonomy":"product_tag","embeddable":true,"href":"https:\/\/aumbongui.com\/index.php?rest_route=%2Fwp%2Fv2%2Fproduct_tag&post=1304"}],"curies":[{"name":"wp","href":"https:\/\/api.w.org\/{rel}","templated":true}]}}