{"id":1325,"date":"2021-10-29T13:47:44","date_gmt":"2021-10-29T11:47:44","guid":{"rendered":"https:\/\/aumbongui.catalog.ovh\/?post_type=product&#038;p=1325"},"modified":"2025-05-30T03:25:28","modified_gmt":"2025-05-30T01:25:28","slug":"la-metropole-le-pays-des-grands-et-beaux-bwanas","status":"publish","type":"product","link":"https:\/\/aumbongui.com\/?product=la-metropole-le-pays-des-grands-et-beaux-bwanas","title":{"rendered":"La M\u00e9tropole : Le pays des Grands et Beaux Bwanas !"},"content":{"rendered":"<p>\u00ab\u00a0Je suis un Homme Noir, n\u00e9 \u00e0 Paris, n\u00e9 dans une famille martiniquaise install\u00e9e \u00e0 Paris depuis plus de 100 ans, depuis que mes grands-p\u00e8res, mes grands-oncles qui ont fait la guerre de 1914\/1918, d\u00e9cid\u00e8rent de rester en France continentale au lieu de retourner sur leur \u00eele natale. Dans cet essai pamphl\u00e9taire, j&rsquo;\u00e9voque la nature du comportement communautariste, s\u00e9gr\u00e9gationniste de la communaut\u00e9 blanche fran\u00e7aise, j&rsquo;en expose ses m\u00e9canismes et ses effets. Je d\u00e9cris comment, en toute impunit\u00e9, cette soci\u00e9t\u00e9 blanche fran\u00e7aise pratique son communautarisme et son s\u00e9gr\u00e9gationnisme racial clandestins dans lesquels elle enferme la communaut\u00e9 noire. Les discriminations raciales sont des pratiques tr\u00e8s ordinaires, toute quotidienne, tr\u00e8s courantes dans notre soci\u00e9t\u00e9, et dans ce livre, j&rsquo;expose une r\u00e9alit\u00e9 tr\u00e8s diff\u00e9rente de celles que nous racontent les contes de f\u00e9es officiels d&rsquo;une France qui serait soi-disant non raciste, tr\u00e8s respectueuse des Droits de l&rsquo;Homme et du Citoyen et des valeurs r\u00e9publicaines. Mon t\u00e9moignage est un t\u00e9moignage de ce que vivent les Noirs dans notre bonne soci\u00e9t\u00e9 fran\u00e7aise, avec ses s\u00e9gr\u00e9gations, ses discriminations raciales ordinaires, pratiqu\u00e9es dans tous les secteurs de notre soci\u00e9t\u00e9, s\u00e9gr\u00e9gations clandestines, toutes syst\u00e9matiquement et tr\u00e8s hypocritement dissimul\u00e9es, et qui concernent le march\u00e9 du travail, l&rsquo;accession \u00e0 des postes de responsabilit\u00e9s dans l&rsquo;entreprise ou dans l&rsquo;administration, les acc\u00e8s aux locations de logements&#8230;\u00a0\u00bb<\/p>\n<p>Romancier, cin\u00e9aste et auteur dramatique, Julius-Am\u00e9d\u00e9e LAOU est n\u00e9 d&rsquo;une famille martiniquaise, le 9 f\u00e9vrier 1950 \u00e0 Paris dans le 4\u00e8me Arrondissement. De 1992 \u00e0 1994 il a \u00e9t\u00e9 membre de la Commission d&rsquo;Aide \u00e0 l&rsquo;Ecriture Audio-Visuel du C.N.C. (Centre National de la Cin\u00e9matographie). Il est le r\u00e9alisateur de plusieurs films de fiction dont \u00ab Solitaire \u00e0 Micro Ouvert \u00bb (1984), court-m\u00e9trage de fiction prim\u00e9 au Festival de Venise en 1984, \u00ab La Vieille Quimboiseuse et le Majordome \u00bb (1987), long m\u00e9trage de fiction qui a obtenu de nombreux Prix, 3 diffusions sur la cha\u00eene de t\u00e9l\u00e9vision britannique CHANNEL 4, \u00ab Zouk, Mariage et Ou\u00e9l\u00e9l\u00e9 !!! \u00bb, le titre anglais : \u00ab French Wedding, Caribbean Style \u00bb (2000), long m\u00e9trage de fiction qui a re\u00e7u une excellente critique dans le prestigieux magazine de cin\u00e9ma am\u00e9ricain Variety.<\/p>\n<p>&nbsp;<\/p>\n","protected":false},"excerpt":{"rendered":"<p>Auteur : <strong>Julius Am\u00e9d\u00e9e LAOU<\/strong><\/p>\n<p>\u00c9diteur : <strong>BOD<\/strong><\/p>\n","protected":false},"featured_media":1326,"comment_status":"open","ping_status":"closed","template":"","meta":[],"product_brand":[],"product_cat":[76],"product_tag":[],"class_list":{"0":"post-1325","1":"product","2":"type-product","3":"status-publish","4":"has-post-thumbnail","6":"product_cat-caraibes","7":"product_shipping_class-standard","9":"first","10":"instock","11":"shipping-taxable","12":"purchasable","13":"product-type-simple"},"_links":{"self":[{"href":"https:\/\/aumbongui.com\/index.php?rest_route=\/wp\/v2\/product\/1325","targetHints":{"allow":["GET"]}}],"collection":[{"href":"https:\/\/aumbongui.com\/index.php?rest_route=\/wp\/v2\/product"}],"about":[{"href":"https:\/\/aumbongui.com\/index.php?rest_route=\/wp\/v2\/types\/product"}],"replies":[{"embeddable":true,"href":"https:\/\/aumbongui.com\/index.php?rest_route=%2Fwp%2Fv2%2Fcomments&post=1325"}],"wp:featuredmedia":[{"embeddable":true,"href":"https:\/\/aumbongui.com\/index.php?rest_route=\/wp\/v2\/media\/1326"}],"wp:attachment":[{"href":"https:\/\/aumbongui.com\/index.php?rest_route=%2Fwp%2Fv2%2Fmedia&parent=1325"}],"wp:term":[{"taxonomy":"product_brand","embeddable":true,"href":"https:\/\/aumbongui.com\/index.php?rest_route=%2Fwp%2Fv2%2Fproduct_brand&post=1325"},{"taxonomy":"product_cat","embeddable":true,"href":"https:\/\/aumbongui.com\/index.php?rest_route=%2Fwp%2Fv2%2Fproduct_cat&post=1325"},{"taxonomy":"product_tag","embeddable":true,"href":"https:\/\/aumbongui.com\/index.php?rest_route=%2Fwp%2Fv2%2Fproduct_tag&post=1325"}],"curies":[{"name":"wp","href":"https:\/\/api.w.org\/{rel}","templated":true}]}}