{"id":1368,"date":"2021-11-05T12:52:11","date_gmt":"2021-11-05T11:52:11","guid":{"rendered":"https:\/\/aumbongui.catalog.ovh\/?post_type=product&#038;p=1368"},"modified":"2025-05-30T00:45:11","modified_gmt":"2025-05-29T22:45:11","slug":"silence-intime","status":"publish","type":"product","link":"https:\/\/aumbongui.com\/?product=silence-intime","title":{"rendered":"Silence Intime"},"content":{"rendered":"<p>Qu\u2019y a-t-il de plus pr\u00e9cieux, plus pur, plus profond que le silence? C\u2019est dans le silence des entrailles de la terre que germe la graine qui, plus tard, deviendra une plante pleinement \u00e9panouie sous le soleil. Sous le va-et-vient incessant des vagues se cache le calme des profondeurs de l\u2019oc\u00e9an. Pour qui cherche la pri\u00e8re, la m\u00e9ditation, la contemplation et la r\u00e9flexion le silence est le cheval de Troie par excellence pour p\u00e9n\u00e9trer les trous noirs de l\u2019existence.<br \/>\nSilence intime et Cahier de r\u00e9flexions sont respectivement un recueil de po\u00e8mes et de maximes. Le premier cherche \u00e0 explorer l\u2019\u00e2me, le second est une continuit\u00e9 du premier, une aventure de l\u2019esprit qui se prolonge dans le temps. Ensemble ils constituent un m\u00e9lange du r\u00e9el et de la m\u00e9taphysique utilis\u00e9s comme moyens pour expliquer certains ph\u00e9nom\u00e8nes dans un langage simple, accessible, mais qui porte l\u2019empreinte du myst\u00e8re.<\/p>\n<p>Ecrivain-po\u00e8te ha\u00eftien, Weber Joujoute est un auteur obs\u00e9d\u00e9 du temps et des myst\u00e8res.<\/p>\n<p>&nbsp;<\/p>\n","protected":false},"excerpt":{"rendered":"<p>Auteur : <strong>Weber JOUJOUTE<\/strong><\/p>\n<p>(HA\u00cfTI)<\/p>\n<p>\u00c9diteur : <strong>\u00e9ditions Spinelle<\/strong><\/p>\n","protected":false},"featured_media":1369,"comment_status":"open","ping_status":"closed","template":"","meta":[],"product_brand":[],"product_cat":[76,78],"product_tag":[],"class_list":{"0":"post-1368","1":"product","2":"type-product","3":"status-publish","4":"has-post-thumbnail","6":"product_cat-caraibes","7":"product_cat-poesie-caraibe","8":"product_shipping_class-standard","10":"first","11":"instock","12":"shipping-taxable","13":"purchasable","14":"product-type-simple"},"_links":{"self":[{"href":"https:\/\/aumbongui.com\/index.php?rest_route=\/wp\/v2\/product\/1368","targetHints":{"allow":["GET"]}}],"collection":[{"href":"https:\/\/aumbongui.com\/index.php?rest_route=\/wp\/v2\/product"}],"about":[{"href":"https:\/\/aumbongui.com\/index.php?rest_route=\/wp\/v2\/types\/product"}],"replies":[{"embeddable":true,"href":"https:\/\/aumbongui.com\/index.php?rest_route=%2Fwp%2Fv2%2Fcomments&post=1368"}],"wp:featuredmedia":[{"embeddable":true,"href":"https:\/\/aumbongui.com\/index.php?rest_route=\/wp\/v2\/media\/1369"}],"wp:attachment":[{"href":"https:\/\/aumbongui.com\/index.php?rest_route=%2Fwp%2Fv2%2Fmedia&parent=1368"}],"wp:term":[{"taxonomy":"product_brand","embeddable":true,"href":"https:\/\/aumbongui.com\/index.php?rest_route=%2Fwp%2Fv2%2Fproduct_brand&post=1368"},{"taxonomy":"product_cat","embeddable":true,"href":"https:\/\/aumbongui.com\/index.php?rest_route=%2Fwp%2Fv2%2Fproduct_cat&post=1368"},{"taxonomy":"product_tag","embeddable":true,"href":"https:\/\/aumbongui.com\/index.php?rest_route=%2Fwp%2Fv2%2Fproduct_tag&post=1368"}],"curies":[{"name":"wp","href":"https:\/\/api.w.org\/{rel}","templated":true}]}}