{"id":1619,"date":"2021-12-16T16:41:38","date_gmt":"2021-12-16T15:41:38","guid":{"rendered":"https:\/\/aumbongui.com\/?post_type=product&#038;p=1619"},"modified":"2026-03-02T02:05:15","modified_gmt":"2026-03-02T01:05:15","slug":"treve-de-bondieuseries","status":"publish","type":"product","link":"https:\/\/aumbongui.com\/?product=treve-de-bondieuseries","title":{"rendered":"Tr\u00eave de bondieuseries"},"content":{"rendered":"<p>Un coup de fil depuis le bureau des anges. Voil\u00e0, on y est ! La fin du monde. Une simple formalit\u00e9. Mais ce n&rsquo;est pas si simple de d\u00e9truire une plan\u00e8te qui a demand\u00e9 du temps, de l&rsquo;\u00e9nergie ainsi que du talent. Dieu d\u00e9cide donc de faire un \u00e9tat des lieux avant de d\u00e9clencher l\u2019Armageddon. C&rsquo;est ainsi qu&rsquo;il d\u00e9barque \u00e0 Montpellier, une jolie petite ville dans le sud de la France. L&rsquo;occasion de constater combien le monde a terriblement chang\u00e9.<\/p>\n<p>Guillaume LOPEZ est n\u00e9 en 1985 \u00e0 Perpignan. Il a fait des \u00e9tudes de Biologie \u00e0 l&rsquo;universit\u00e9 des sciences de Montpellier. Aujourd&rsquo;hui il travaille \u00e0 l\u2019\u00c9tablissement fran\u00e7ais du sang. Auteur de la nouvelle \u00ab\u00a0Nocte dementia\u00a0\u00bb, publi\u00e9e dans un recueil collectif, Tr\u00eave de bondieuseries est son premier roman.<\/p>\n","protected":false},"excerpt":{"rendered":"<p>(ROMAN)<\/p>\n<p>Auteur : <strong>Guillaume LOPEZ<\/strong><\/p>\n<p>\u00c9diteur : <strong>Ubik-Art<\/strong><\/p>\n","protected":false},"featured_media":1620,"comment_status":"open","ping_status":"closed","template":"","meta":[],"product_brand":[],"product_cat":[102,105],"product_tag":[],"class_list":{"0":"post-1619","1":"product","2":"type-product","3":"status-publish","4":"has-post-thumbnail","6":"product_cat-constellations","7":"product_cat-fantastique-litterature-rare","8":"product_shipping_class-standard","10":"first","11":"instock","12":"shipping-taxable","13":"purchasable","14":"product-type-simple"},"_links":{"self":[{"href":"https:\/\/aumbongui.com\/index.php?rest_route=\/wp\/v2\/product\/1619","targetHints":{"allow":["GET"]}}],"collection":[{"href":"https:\/\/aumbongui.com\/index.php?rest_route=\/wp\/v2\/product"}],"about":[{"href":"https:\/\/aumbongui.com\/index.php?rest_route=\/wp\/v2\/types\/product"}],"replies":[{"embeddable":true,"href":"https:\/\/aumbongui.com\/index.php?rest_route=%2Fwp%2Fv2%2Fcomments&post=1619"}],"wp:featuredmedia":[{"embeddable":true,"href":"https:\/\/aumbongui.com\/index.php?rest_route=\/wp\/v2\/media\/1620"}],"wp:attachment":[{"href":"https:\/\/aumbongui.com\/index.php?rest_route=%2Fwp%2Fv2%2Fmedia&parent=1619"}],"wp:term":[{"taxonomy":"product_brand","embeddable":true,"href":"https:\/\/aumbongui.com\/index.php?rest_route=%2Fwp%2Fv2%2Fproduct_brand&post=1619"},{"taxonomy":"product_cat","embeddable":true,"href":"https:\/\/aumbongui.com\/index.php?rest_route=%2Fwp%2Fv2%2Fproduct_cat&post=1619"},{"taxonomy":"product_tag","embeddable":true,"href":"https:\/\/aumbongui.com\/index.php?rest_route=%2Fwp%2Fv2%2Fproduct_tag&post=1619"}],"curies":[{"name":"wp","href":"https:\/\/api.w.org\/{rel}","templated":true}]}}