{"id":1816,"date":"2021-12-22T17:58:39","date_gmt":"2021-12-22T16:58:39","guid":{"rendered":"https:\/\/aumbongui.com\/?post_type=product&#038;p=1816"},"modified":"2025-05-31T00:15:21","modified_gmt":"2025-05-30T22:15:21","slug":"les-voix-de-lextreme-anthologie-1","status":"publish","type":"product","link":"https:\/\/aumbongui.com\/?product=les-voix-de-lextreme-anthologie-1","title":{"rendered":"Les voix de l&rsquo;extr\u00eame Anthologie 1"},"content":{"rendered":"<p>Recueil po\u00e9tique collectif sur le th\u00e8me du courage, cr\u00e9\u00e9 par Manuela Parra et Fr\u00e9d\u00e9ric Fautrier de l&rsquo;association Voix de L&rsquo;extr\u00eame.<\/p>\n<p>L&rsquo;ouvrage rassemble des textes ainsi que quelques illustrations de dix huit artistes &#8211; po\u00e8tes<\/p>\n","protected":false},"excerpt":{"rendered":"<p><strong>Auteur(e)s :<\/strong> <em>Manuela Parra, Fr\u00e9d\u00e9ric Fautrier, Renaud Baillet, Timba Bema, Gauthier Blasco, Andr\u00e9 Bonafos, Marcel Camill&rsquo;,<\/em><\/p>\n<p><em>Edouard Laur\u00e8s, Ida Jaroschek, Christian Malaplate, Patrick Charles Muller, Ethel Muniz, Olga Pinilla Burgui\u00e8res<\/em><\/p>\n<p><em>Bernard Poullain, Marie-Agn\u00e8s Tridon Salehzada, Fran\u00e7ois Szabo, Aurora V\u00e9lez Garcia, Elisabeth Vitielli.<\/em><\/p>\n<p><strong>Illustrations : <\/strong><em>Ethel Muniz, Antonio Orihuela, Je\u00ebl Leick, Janine Delpeuch, Manuela Parra, Elisabeth Vitielli<\/em><\/p>\n<p>&nbsp;<\/p>\n","protected":false},"featured_media":1817,"comment_status":"open","ping_status":"closed","template":"","meta":[],"product_brand":[],"product_cat":[102,94],"product_tag":[],"class_list":{"0":"post-1816","1":"product","2":"type-product","3":"status-publish","4":"has-post-thumbnail","6":"product_cat-constellations","7":"product_cat-poesie-litterature-rare","8":"product_shipping_class-standard","10":"first","11":"instock","12":"shipping-taxable","13":"purchasable","14":"product-type-simple"},"_links":{"self":[{"href":"https:\/\/aumbongui.com\/index.php?rest_route=\/wp\/v2\/product\/1816","targetHints":{"allow":["GET"]}}],"collection":[{"href":"https:\/\/aumbongui.com\/index.php?rest_route=\/wp\/v2\/product"}],"about":[{"href":"https:\/\/aumbongui.com\/index.php?rest_route=\/wp\/v2\/types\/product"}],"replies":[{"embeddable":true,"href":"https:\/\/aumbongui.com\/index.php?rest_route=%2Fwp%2Fv2%2Fcomments&post=1816"}],"wp:featuredmedia":[{"embeddable":true,"href":"https:\/\/aumbongui.com\/index.php?rest_route=\/wp\/v2\/media\/1817"}],"wp:attachment":[{"href":"https:\/\/aumbongui.com\/index.php?rest_route=%2Fwp%2Fv2%2Fmedia&parent=1816"}],"wp:term":[{"taxonomy":"product_brand","embeddable":true,"href":"https:\/\/aumbongui.com\/index.php?rest_route=%2Fwp%2Fv2%2Fproduct_brand&post=1816"},{"taxonomy":"product_cat","embeddable":true,"href":"https:\/\/aumbongui.com\/index.php?rest_route=%2Fwp%2Fv2%2Fproduct_cat&post=1816"},{"taxonomy":"product_tag","embeddable":true,"href":"https:\/\/aumbongui.com\/index.php?rest_route=%2Fwp%2Fv2%2Fproduct_tag&post=1816"}],"curies":[{"name":"wp","href":"https:\/\/api.w.org\/{rel}","templated":true}]}}