{"id":2092,"date":"2022-01-07T16:01:51","date_gmt":"2022-01-07T15:01:51","guid":{"rendered":"https:\/\/aumbongui.com\/?post_type=product&#038;p=2092"},"modified":"2022-01-07T16:24:23","modified_gmt":"2022-01-07T15:24:23","slug":"anthologie-poetique-des-4-saisons-automne","status":"publish","type":"product","link":"https:\/\/aumbongui.com\/?product=anthologie-poetique-des-4-saisons-automne","title":{"rendered":"Anthologie po\u00e9tique des 4 saisons &#8211; Automne"},"content":{"rendered":"<p>A travers sa perception de la notion du cosmos, de la force cr\u00e9atrice et sa recherche d&rsquo;un id\u00e9al de perfection, les po\u00e8mes de Gilbert Chanel inspirent, cr\u00e9ent de la beaut\u00e9 ainsi que de l&rsquo;harmonie. Dans ce monde moderne h\u00e9t\u00e9roclite, il renoue avec une tradition intemporelle en sauvegardant sans artifice, une po\u00e9sie vraie qui coule de source.<\/p>\n<p>Automne est le tome 3 de la s\u00e9rie \u00ab\u00a0Anthologie po\u00e9tique des 4 saisons\u00a0\u00bb de Gilbert Chanel.<\/p>\n<p>De son vivant Gilbert Chanel a obtenu la cons\u00e9cration de nombreux grands prix de po\u00e9sie : Arles 1985 et 1989, Prix du Rotary club Institut Acad\u00e9mique de Paris de 1985 \u00e0 1987 et en 1989, prix de Po\u00e9sie de Sainte Marie de la Mer, de Baux de Provence en 1992, Pierrelatte en 1994&#8230;<\/p>\n","protected":false},"excerpt":{"rendered":"<p>Auteur : <strong>Gilbert CHANEL<\/strong><\/p>\n<p>\u00c9diteur : <strong>Les Presses du Midi<\/strong><\/p>\n","protected":false},"featured_media":2094,"comment_status":"open","ping_status":"closed","template":"","meta":[],"product_brand":[],"product_cat":[102,94],"product_tag":[],"class_list":{"0":"post-2092","1":"product","2":"type-product","3":"status-publish","4":"has-post-thumbnail","6":"product_cat-constellations","7":"product_cat-poesie-litterature-rare","8":"product_shipping_class-standard","10":"first","11":"instock","12":"shipping-taxable","13":"purchasable","14":"product-type-simple"},"_links":{"self":[{"href":"https:\/\/aumbongui.com\/index.php?rest_route=\/wp\/v2\/product\/2092","targetHints":{"allow":["GET"]}}],"collection":[{"href":"https:\/\/aumbongui.com\/index.php?rest_route=\/wp\/v2\/product"}],"about":[{"href":"https:\/\/aumbongui.com\/index.php?rest_route=\/wp\/v2\/types\/product"}],"replies":[{"embeddable":true,"href":"https:\/\/aumbongui.com\/index.php?rest_route=%2Fwp%2Fv2%2Fcomments&post=2092"}],"wp:featuredmedia":[{"embeddable":true,"href":"https:\/\/aumbongui.com\/index.php?rest_route=\/wp\/v2\/media\/2094"}],"wp:attachment":[{"href":"https:\/\/aumbongui.com\/index.php?rest_route=%2Fwp%2Fv2%2Fmedia&parent=2092"}],"wp:term":[{"taxonomy":"product_brand","embeddable":true,"href":"https:\/\/aumbongui.com\/index.php?rest_route=%2Fwp%2Fv2%2Fproduct_brand&post=2092"},{"taxonomy":"product_cat","embeddable":true,"href":"https:\/\/aumbongui.com\/index.php?rest_route=%2Fwp%2Fv2%2Fproduct_cat&post=2092"},{"taxonomy":"product_tag","embeddable":true,"href":"https:\/\/aumbongui.com\/index.php?rest_route=%2Fwp%2Fv2%2Fproduct_tag&post=2092"}],"curies":[{"name":"wp","href":"https:\/\/api.w.org\/{rel}","templated":true}]}}