{"id":2100,"date":"2022-01-07T16:00:36","date_gmt":"2022-01-07T15:00:36","guid":{"rendered":"https:\/\/aumbongui.com\/?post_type=product&#038;p=2100"},"modified":"2022-01-07T16:22:10","modified_gmt":"2022-01-07T15:22:10","slug":"anthologie-poetique-des-4-saisons-hiver","status":"publish","type":"product","link":"https:\/\/aumbongui.com\/?product=anthologie-poetique-des-4-saisons-hiver","title":{"rendered":"Anthologie po\u00e9tique des 4 saisons &#8211; Hiver"},"content":{"rendered":"<p>&nbsp;<\/p>\n<p><em>\u00ab\u00a0Je suis l&rsquo;Hiver au soir transi.<\/em><\/p>\n<p><em>A l&rsquo;An qui fuit, grelotte et passe,<\/em><\/p>\n<p><em>Au vieillard rid\u00e9 de soucis,<\/em><\/p>\n<p><em>A l&rsquo;arbre qui grince en l&rsquo;espace.<\/em><\/p>\n<p><em>Je verse le regret qui point<\/em><\/p>\n<p><em>Le regret du souvenir fr\u00e8re.<\/em><\/p>\n<p><em>Mais l&rsquo;\u00e9ternel fait d&rsquo;\u00e9ph\u00e9m\u00e8re<\/em><\/p>\n<p><em>Du renouveau m&rsquo;assigne soin.<\/em><\/p>\n<p><em>Je suis l&rsquo;Hiver au soir transi.\u00a0\u00bb<\/em><\/p>\n<p>&nbsp;<\/p>\n<p>Hiver est le tome 4 de la s\u00e9rie \u00ab\u00a0Anthologie po\u00e9tique des 4 saisons\u00a0\u00bb de Gilbert Chanel.<\/p>\n<p>&nbsp;<\/p>\n","protected":false},"excerpt":{"rendered":"<p>Auteur : <strong>Gilbert CHANEL<\/strong><\/p>\n<p>\u00c9diteur : <strong>Les Presses du Midi<\/strong><\/p>\n","protected":false},"featured_media":2095,"comment_status":"open","ping_status":"closed","template":"","meta":[],"product_brand":[],"product_cat":[102,94],"product_tag":[],"class_list":{"0":"post-2100","1":"product","2":"type-product","3":"status-publish","4":"has-post-thumbnail","6":"product_cat-constellations","7":"product_cat-poesie-litterature-rare","8":"product_shipping_class-standard","10":"first","11":"instock","12":"shipping-taxable","13":"purchasable","14":"product-type-simple"},"_links":{"self":[{"href":"https:\/\/aumbongui.com\/index.php?rest_route=\/wp\/v2\/product\/2100","targetHints":{"allow":["GET"]}}],"collection":[{"href":"https:\/\/aumbongui.com\/index.php?rest_route=\/wp\/v2\/product"}],"about":[{"href":"https:\/\/aumbongui.com\/index.php?rest_route=\/wp\/v2\/types\/product"}],"replies":[{"embeddable":true,"href":"https:\/\/aumbongui.com\/index.php?rest_route=%2Fwp%2Fv2%2Fcomments&post=2100"}],"wp:featuredmedia":[{"embeddable":true,"href":"https:\/\/aumbongui.com\/index.php?rest_route=\/wp\/v2\/media\/2095"}],"wp:attachment":[{"href":"https:\/\/aumbongui.com\/index.php?rest_route=%2Fwp%2Fv2%2Fmedia&parent=2100"}],"wp:term":[{"taxonomy":"product_brand","embeddable":true,"href":"https:\/\/aumbongui.com\/index.php?rest_route=%2Fwp%2Fv2%2Fproduct_brand&post=2100"},{"taxonomy":"product_cat","embeddable":true,"href":"https:\/\/aumbongui.com\/index.php?rest_route=%2Fwp%2Fv2%2Fproduct_cat&post=2100"},{"taxonomy":"product_tag","embeddable":true,"href":"https:\/\/aumbongui.com\/index.php?rest_route=%2Fwp%2Fv2%2Fproduct_tag&post=2100"}],"curies":[{"name":"wp","href":"https:\/\/api.w.org\/{rel}","templated":true}]}}