{"id":2120,"date":"2022-01-07T16:18:39","date_gmt":"2022-01-07T15:18:39","guid":{"rendered":"https:\/\/aumbongui.com\/?post_type=product&#038;p=2120"},"modified":"2025-05-29T12:21:09","modified_gmt":"2025-05-29T10:21:09","slug":"anthologie-poetique-des-4-saisons-printemps","status":"publish","type":"product","link":"https:\/\/aumbongui.com\/?product=anthologie-poetique-des-4-saisons-printemps","title":{"rendered":"Anthologie po\u00e9tique des 4 saisons &#8211; Printemps"},"content":{"rendered":"<p><strong>La Ronde des saisons<\/strong><\/p>\n<p><em>\u00ab\u00a0Mois de labeurs, mois de vacances,<\/em><\/p>\n<p><em>Trois par trois entrez dans la danse,<\/em><\/p>\n<p><em>Mois de chaleur, mois de frimas<\/em><\/p>\n<p><em>L&rsquo;an avec vous, court et s&rsquo;affole,<\/em><\/p>\n<p><em>Des saisons formez le symbole.\u00a0\u00bb<\/em><\/p>\n<p>Printemps est le tome 1 de la s\u00e9rie \u00ab\u00a0Anthologie po\u00e9tique des 4 saisons\u00a0\u00bb de Gilbert Chanel.A travers sa perception de la notion du cosmos, de la force cr\u00e9atrice et sa recherche d&rsquo;un id\u00e9al de perfection, les textes du po\u00e8te inspirent, cr\u00e9ent de la beaut\u00e9 ainsi que de l&rsquo;harmonie, en parall\u00e8le avec les 4 saisons de la nature.<\/p>\n","protected":false},"excerpt":{"rendered":"<p>Auteur : <strong>Gilbert CHANEL<\/strong><\/p>\n<p>\u00c9diteur : <strong>Les Presses du Midi<\/strong><\/p>\n","protected":false},"featured_media":2096,"comment_status":"open","ping_status":"closed","template":"","meta":[],"product_brand":[],"product_cat":[102,94],"product_tag":[],"class_list":{"0":"post-2120","1":"product","2":"type-product","3":"status-publish","4":"has-post-thumbnail","6":"product_cat-constellations","7":"product_cat-poesie-litterature-rare","8":"product_shipping_class-standard","10":"first","11":"instock","12":"shipping-taxable","13":"purchasable","14":"product-type-simple"},"_links":{"self":[{"href":"https:\/\/aumbongui.com\/index.php?rest_route=\/wp\/v2\/product\/2120","targetHints":{"allow":["GET"]}}],"collection":[{"href":"https:\/\/aumbongui.com\/index.php?rest_route=\/wp\/v2\/product"}],"about":[{"href":"https:\/\/aumbongui.com\/index.php?rest_route=\/wp\/v2\/types\/product"}],"replies":[{"embeddable":true,"href":"https:\/\/aumbongui.com\/index.php?rest_route=%2Fwp%2Fv2%2Fcomments&post=2120"}],"wp:featuredmedia":[{"embeddable":true,"href":"https:\/\/aumbongui.com\/index.php?rest_route=\/wp\/v2\/media\/2096"}],"wp:attachment":[{"href":"https:\/\/aumbongui.com\/index.php?rest_route=%2Fwp%2Fv2%2Fmedia&parent=2120"}],"wp:term":[{"taxonomy":"product_brand","embeddable":true,"href":"https:\/\/aumbongui.com\/index.php?rest_route=%2Fwp%2Fv2%2Fproduct_brand&post=2120"},{"taxonomy":"product_cat","embeddable":true,"href":"https:\/\/aumbongui.com\/index.php?rest_route=%2Fwp%2Fv2%2Fproduct_cat&post=2120"},{"taxonomy":"product_tag","embeddable":true,"href":"https:\/\/aumbongui.com\/index.php?rest_route=%2Fwp%2Fv2%2Fproduct_tag&post=2120"}],"curies":[{"name":"wp","href":"https:\/\/api.w.org\/{rel}","templated":true}]}}