{"id":2137,"date":"2022-01-07T16:40:20","date_gmt":"2022-01-07T15:40:20","guid":{"rendered":"https:\/\/aumbongui.com\/?post_type=product&#038;p=2137"},"modified":"2022-01-07T16:42:01","modified_gmt":"2022-01-07T15:42:01","slug":"dans-laura-de-lautomne","status":"publish","type":"product","link":"https:\/\/aumbongui.com\/?product=dans-laura-de-lautomne","title":{"rendered":"Dans l&rsquo;aura de l&rsquo;Automne"},"content":{"rendered":"<p>Ce recueil de Gilbert Chanel rassemble ses plus beaux po\u00e8mes sur l&rsquo;Automne. N\u00e9 en 1929 dans le Gard, l&rsquo;auteur a de son vivant a \u00e9t\u00e9 plusieurs fois consacr\u00e9 lors des grands prix nationaux. Ses \u00e9crits sont beaut\u00e9 nostalgique, sensuelle, parfois mystique m\u00eal\u00e9e aux subtiles vibrations de pl\u00e9nitude.<\/p>\n","protected":false},"excerpt":{"rendered":"<p>Auteur : <strong>Gilbert CHANEL<\/strong><\/p>\n<p>\u00c9diteur : <strong>LACOUR \/ LUZER<br \/>\n<\/strong><\/p>\n","protected":false},"featured_media":2133,"comment_status":"open","ping_status":"closed","template":"","meta":[],"product_brand":[],"product_cat":[102,94],"product_tag":[],"class_list":{"0":"post-2137","1":"product","2":"type-product","3":"status-publish","4":"has-post-thumbnail","6":"product_cat-constellations","7":"product_cat-poesie-litterature-rare","8":"product_shipping_class-standard","10":"first","11":"instock","12":"shipping-taxable","13":"purchasable","14":"product-type-simple"},"_links":{"self":[{"href":"https:\/\/aumbongui.com\/index.php?rest_route=\/wp\/v2\/product\/2137","targetHints":{"allow":["GET"]}}],"collection":[{"href":"https:\/\/aumbongui.com\/index.php?rest_route=\/wp\/v2\/product"}],"about":[{"href":"https:\/\/aumbongui.com\/index.php?rest_route=\/wp\/v2\/types\/product"}],"replies":[{"embeddable":true,"href":"https:\/\/aumbongui.com\/index.php?rest_route=%2Fwp%2Fv2%2Fcomments&post=2137"}],"wp:featuredmedia":[{"embeddable":true,"href":"https:\/\/aumbongui.com\/index.php?rest_route=\/wp\/v2\/media\/2133"}],"wp:attachment":[{"href":"https:\/\/aumbongui.com\/index.php?rest_route=%2Fwp%2Fv2%2Fmedia&parent=2137"}],"wp:term":[{"taxonomy":"product_brand","embeddable":true,"href":"https:\/\/aumbongui.com\/index.php?rest_route=%2Fwp%2Fv2%2Fproduct_brand&post=2137"},{"taxonomy":"product_cat","embeddable":true,"href":"https:\/\/aumbongui.com\/index.php?rest_route=%2Fwp%2Fv2%2Fproduct_cat&post=2137"},{"taxonomy":"product_tag","embeddable":true,"href":"https:\/\/aumbongui.com\/index.php?rest_route=%2Fwp%2Fv2%2Fproduct_tag&post=2137"}],"curies":[{"name":"wp","href":"https:\/\/api.w.org\/{rel}","templated":true}]}}