{"id":2141,"date":"2022-01-07T16:59:12","date_gmt":"2022-01-07T15:59:12","guid":{"rendered":"https:\/\/aumbongui.com\/?post_type=product&#038;p=2141"},"modified":"2025-05-29T20:52:08","modified_gmt":"2025-05-29T18:52:08","slug":"sourire-du-printemps","status":"publish","type":"product","link":"https:\/\/aumbongui.com\/?product=sourire-du-printemps","title":{"rendered":"Sourire du Printemps"},"content":{"rendered":"<p><em>\u00ab\u00a0O cher printemps capricieux<\/em><\/p>\n<p><em>Qui m\u00eale sourires aux larmes,<\/em><\/p>\n<p><em>Combien ta venue a de charmes !<\/em><\/p>\n<p><em>Mais souvent nous laisse anxieux.<\/em><\/p>\n<p>&nbsp;<\/p>\n<p><em>Pourtant ta puissance royale,<\/em><\/p>\n<p><em>Aux vergers mettra des fruits d&rsquo;or,<\/em><\/p>\n<p><em>Les bl\u00e9s m\u00fbriront sans effort<\/em><\/p>\n<p><em>Et crecelleront les cigales&#8230;\u00a0\u00bb<\/em><\/p>\n<p>Gilbert Marie CHANEL est n\u00e9 en 1929 dans le Gard. Il a \u00e9t\u00e9 musicien. A toujours v\u00e9cu \u00e0 la campagne. C&rsquo;est cette connaissance, cette \u00e9coute permanente de la nature (selon lui l&rsquo;intuition du moment) qui lui ont permis d&rsquo;exprimer la joie du Printemps. Il s&rsquo;efforce de faire participer le lecteur \u00e0 cette symphonie dans la simplicit\u00e9, avec cette nature o\u00f9 l&rsquo;homme occupe la place qui lui a \u00e9t\u00e9 attribu\u00e9e en accord et en r\u00e9sonance avec les lois cosmiques.<\/p>\n<p>Dans ce monde agit\u00e9 et parfois violent, l&rsquo;auteur esp\u00e8re faire \u0153uvre utile en publiant ces po\u00e8mes.<\/p>\n","protected":false},"excerpt":{"rendered":"<p>Auteur : <strong>Gilbert CHANEL<\/strong><\/p>\n<p>\u00c9diteur : <strong>La Pens\u00e9e Universelle<br \/>\n<\/strong><\/p>\n","protected":false},"featured_media":2132,"comment_status":"open","ping_status":"closed","template":"","meta":[],"product_brand":[],"product_cat":[102,94],"product_tag":[],"class_list":{"0":"post-2141","1":"product","2":"type-product","3":"status-publish","4":"has-post-thumbnail","6":"product_cat-constellations","7":"product_cat-poesie-litterature-rare","8":"product_shipping_class-standard","10":"first","11":"instock","12":"shipping-taxable","13":"purchasable","14":"product-type-simple"},"_links":{"self":[{"href":"https:\/\/aumbongui.com\/index.php?rest_route=\/wp\/v2\/product\/2141","targetHints":{"allow":["GET"]}}],"collection":[{"href":"https:\/\/aumbongui.com\/index.php?rest_route=\/wp\/v2\/product"}],"about":[{"href":"https:\/\/aumbongui.com\/index.php?rest_route=\/wp\/v2\/types\/product"}],"replies":[{"embeddable":true,"href":"https:\/\/aumbongui.com\/index.php?rest_route=%2Fwp%2Fv2%2Fcomments&post=2141"}],"wp:featuredmedia":[{"embeddable":true,"href":"https:\/\/aumbongui.com\/index.php?rest_route=\/wp\/v2\/media\/2132"}],"wp:attachment":[{"href":"https:\/\/aumbongui.com\/index.php?rest_route=%2Fwp%2Fv2%2Fmedia&parent=2141"}],"wp:term":[{"taxonomy":"product_brand","embeddable":true,"href":"https:\/\/aumbongui.com\/index.php?rest_route=%2Fwp%2Fv2%2Fproduct_brand&post=2141"},{"taxonomy":"product_cat","embeddable":true,"href":"https:\/\/aumbongui.com\/index.php?rest_route=%2Fwp%2Fv2%2Fproduct_cat&post=2141"},{"taxonomy":"product_tag","embeddable":true,"href":"https:\/\/aumbongui.com\/index.php?rest_route=%2Fwp%2Fv2%2Fproduct_tag&post=2141"}],"curies":[{"name":"wp","href":"https:\/\/api.w.org\/{rel}","templated":true}]}}