{"id":2148,"date":"2022-01-07T17:33:46","date_gmt":"2022-01-07T16:33:46","guid":{"rendered":"https:\/\/aumbongui.com\/?post_type=product&#038;p=2148"},"modified":"2022-01-07T17:33:46","modified_gmt":"2022-01-07T16:33:46","slug":"jusqua-la-fin-arpeges-de-vie","status":"publish","type":"product","link":"https:\/\/aumbongui.com\/?product=jusqua-la-fin-arpeges-de-vie","title":{"rendered":"Jusqu&rsquo;\u00e0 la fin &#8211; arp\u00e8ges de vie"},"content":{"rendered":"<p>Extraits :<\/p>\n<p><strong>MOTS<\/strong><\/p>\n<p><em>\u00ab\u00a0Particule d&rsquo;une phrase, tu n&rsquo;as pas d&rsquo;autre enjeu<\/em><\/p>\n<p><em>Que de mettre en image tout ce que voient mes yeux,<\/em><\/p>\n<p><em>Pour \u00e9voquer aux autres ce qui pour moi est vrai,<\/em><\/p>\n<p><em>Proclamer le mirage aux esprits d\u00e9s\u0153uvr\u00e9s&#8230;\u00a0\u00bb<\/em><\/p>\n","protected":false},"excerpt":{"rendered":"<p>Auteur : <strong>Xavier ALIOT<\/strong><\/p>\n","protected":false},"featured_media":2149,"comment_status":"open","ping_status":"closed","template":"","meta":[],"product_brand":[],"product_cat":[102,94],"product_tag":[],"class_list":{"0":"post-2148","1":"product","2":"type-product","3":"status-publish","4":"has-post-thumbnail","6":"product_cat-constellations","7":"product_cat-poesie-litterature-rare","8":"product_shipping_class-standard","10":"first","11":"instock","12":"shipping-taxable","13":"purchasable","14":"product-type-simple"},"_links":{"self":[{"href":"https:\/\/aumbongui.com\/index.php?rest_route=\/wp\/v2\/product\/2148","targetHints":{"allow":["GET"]}}],"collection":[{"href":"https:\/\/aumbongui.com\/index.php?rest_route=\/wp\/v2\/product"}],"about":[{"href":"https:\/\/aumbongui.com\/index.php?rest_route=\/wp\/v2\/types\/product"}],"replies":[{"embeddable":true,"href":"https:\/\/aumbongui.com\/index.php?rest_route=%2Fwp%2Fv2%2Fcomments&post=2148"}],"wp:featuredmedia":[{"embeddable":true,"href":"https:\/\/aumbongui.com\/index.php?rest_route=\/wp\/v2\/media\/2149"}],"wp:attachment":[{"href":"https:\/\/aumbongui.com\/index.php?rest_route=%2Fwp%2Fv2%2Fmedia&parent=2148"}],"wp:term":[{"taxonomy":"product_brand","embeddable":true,"href":"https:\/\/aumbongui.com\/index.php?rest_route=%2Fwp%2Fv2%2Fproduct_brand&post=2148"},{"taxonomy":"product_cat","embeddable":true,"href":"https:\/\/aumbongui.com\/index.php?rest_route=%2Fwp%2Fv2%2Fproduct_cat&post=2148"},{"taxonomy":"product_tag","embeddable":true,"href":"https:\/\/aumbongui.com\/index.php?rest_route=%2Fwp%2Fv2%2Fproduct_tag&post=2148"}],"curies":[{"name":"wp","href":"https:\/\/api.w.org\/{rel}","templated":true}]}}