{"id":2178,"date":"2022-01-29T14:04:31","date_gmt":"2022-01-29T13:04:31","guid":{"rendered":"https:\/\/aumbongui.com\/?post_type=product&#038;p=2178"},"modified":"2026-04-02T09:56:20","modified_gmt":"2026-04-02T07:56:20","slug":"lame-du-luthier","status":"publish","type":"product","link":"https:\/\/aumbongui.com\/?product=lame-du-luthier","title":{"rendered":"L&rsquo;\u00c2ME DU LUTHIER"},"content":{"rendered":"<p>Ya\u00ebl vit \u00e0 Maaloula, un village situ\u00e9 dans les montagnes de Syrie. Son p\u00e8re est un luthier r\u00e9put\u00e9 dans tout le Moyen-Orient. ce dernier souhaite que son fils reprenne son atelier de lutherie. Mais Ya\u00ebl ne songe qu&rsquo;\u00e0 une chose : devenir \u00e9crivain en France. Que d\u00e9cidera-t-il de faire ? R\u00e9aliser son r\u00eave ou \u00e9couter son p\u00e8re ?<\/p>\n<p><em>N\u00e9e en 1990, Nour CADOUR est \u00e9crivain po\u00e8te, romanci\u00e8re et peintre. Son art est riche de sa double culture fran\u00e7aise et Syrienne. En parall\u00e8le, elle exerce la m\u00e9decine nucl\u00e9aire en r\u00e9gion Occitanie. Chez Nour l\u2019\u00e9criture et les arts plastiques sont une passion mais aussi une forme d\u2019engagement. En 2014 elle est honor\u00e9e de la mention sp\u00e9ciale du jury du concours international de Po\u00e9sie en Libert\u00e9, dans la cat\u00e9gorie \u00ab \u00e9tudiants de France \u00bb et devient ambassadrice de l&rsquo;\u00e9v\u00e9nement. Elle vend notamment ses peintures po\u00e9tiques pour cette association. Elle se fait remarquer dans d\u2019autres prix, notamment le prix Hemingway de la nouvelle en 2020. Elle contribue \u00e9galement dans plusieurs revues litt\u00e9raires et artistiques (D\u00e9brid\u00e9, Au Mbongui le Mag\u2019\u2026). <\/em><\/p>\n","protected":false},"excerpt":{"rendered":"<p>Auteure : <strong>Nour CADOUR<\/strong><\/p>\n<p>\u00c9diteur : <strong>Hello \u00e9ditions<\/strong><\/p>\n","protected":false},"featured_media":2181,"comment_status":"open","ping_status":"closed","template":"","meta":[],"product_brand":[],"product_cat":[102,93],"product_tag":[],"class_list":{"0":"post-2178","1":"product","2":"type-product","3":"status-publish","4":"has-post-thumbnail","6":"product_cat-constellations","7":"product_cat-litterature-rare-litterature-generale","9":"first","10":"instock","11":"shipping-taxable","12":"purchasable","13":"product-type-simple"},"_links":{"self":[{"href":"https:\/\/aumbongui.com\/index.php?rest_route=\/wp\/v2\/product\/2178","targetHints":{"allow":["GET"]}}],"collection":[{"href":"https:\/\/aumbongui.com\/index.php?rest_route=\/wp\/v2\/product"}],"about":[{"href":"https:\/\/aumbongui.com\/index.php?rest_route=\/wp\/v2\/types\/product"}],"replies":[{"embeddable":true,"href":"https:\/\/aumbongui.com\/index.php?rest_route=%2Fwp%2Fv2%2Fcomments&post=2178"}],"wp:featuredmedia":[{"embeddable":true,"href":"https:\/\/aumbongui.com\/index.php?rest_route=\/wp\/v2\/media\/2181"}],"wp:attachment":[{"href":"https:\/\/aumbongui.com\/index.php?rest_route=%2Fwp%2Fv2%2Fmedia&parent=2178"}],"wp:term":[{"taxonomy":"product_brand","embeddable":true,"href":"https:\/\/aumbongui.com\/index.php?rest_route=%2Fwp%2Fv2%2Fproduct_brand&post=2178"},{"taxonomy":"product_cat","embeddable":true,"href":"https:\/\/aumbongui.com\/index.php?rest_route=%2Fwp%2Fv2%2Fproduct_cat&post=2178"},{"taxonomy":"product_tag","embeddable":true,"href":"https:\/\/aumbongui.com\/index.php?rest_route=%2Fwp%2Fv2%2Fproduct_tag&post=2178"}],"curies":[{"name":"wp","href":"https:\/\/api.w.org\/{rel}","templated":true}]}}