{"id":2217,"date":"2022-02-24T01:51:34","date_gmt":"2022-02-24T00:51:34","guid":{"rendered":"https:\/\/aumbongui.com\/?post_type=product&#038;p=2217"},"modified":"2022-03-05T22:51:47","modified_gmt":"2022-03-05T21:51:47","slug":"au-mbongui-le-mag-1-kyanza-hiver-2022","status":"publish","type":"product","link":"https:\/\/aumbongui.com\/?product=au-mbongui-le-mag-1-kyanza-hiver-2022","title":{"rendered":"Au Mbongui LE MAG 1-Kyanza-Hiver 2022"},"content":{"rendered":"<div><span class=\"x_d2edcug0 x_hpfvmrgz x_qv66sw1b x_c1et5uql x_lr9zc1uh x_a8c37x1j x_fe6kdd0r x_mau55g9w x_c8b282yb x_keod5gw0 x_nxhoafnm x_aigsh9s9 x_d3f4x2em x_iv3no6db x_jq4qci2q x_a3bd9o3v x_b1v8xokw x_oo9gr5id x_hzawbc8m\" dir=\"auto\"><span class=\"x_d2edcug0 x_hpfvmrgz x_qv66sw1b x_c1et5uql x_lr9zc1uh x_jq4qci2q x_a3bd9o3v x_b1v8xokw x_oo9gr5id x_hzawbc8m\"><b>AU MBONGUI LE MAG&rsquo;<\/b> est un m\u00e9dia africain d&rsquo;arts litt\u00e9raire et visuel, consacr\u00e9 \u00e0<\/span><\/span><span class=\"x_d2edcug0 x_hpfvmrgz x_qv66sw1b x_c1et5uql x_lr9zc1uh x_a8c37x1j x_fe6kdd0r x_mau55g9w x_c8b282yb x_keod5gw0 x_nxhoafnm x_aigsh9s9 x_d3f4x2em x_iv3no6db x_jq4qci2q x_a3bd9o3v x_b1v8xokw x_oo9gr5id x_hzawbc8m\" dir=\"auto\"><span class=\"x_d2edcug0 x_hpfvmrgz x_qv66sw1b x_c1et5uql x_lr9zc1uh x_jq4qci2q x_a3bd9o3v x_b1v8xokw x_oo9gr5id x_hzawbc8m\"> la diffusion de la culture entre l&rsquo;Occitanie, l&rsquo;Afrique et les Cara\u00efbes. <\/span><\/span><span class=\"x_d2edcug0 x_hpfvmrgz x_qv66sw1b x_c1et5uql x_lr9zc1uh x_a8c37x1j x_fe6kdd0r x_mau55g9w x_c8b282yb x_keod5gw0 x_nxhoafnm x_aigsh9s9 x_d3f4x2em x_iv3no6db x_jq4qci2q x_a3bd9o3v x_b1v8xokw x_oo9gr5id x_hzawbc8m\" dir=\"auto\"><span class=\"x_d2edcug0 x_hpfvmrgz x_qv66sw1b x_c1et5uql x_lr9zc1uh x_jq4qci2q x_a3bd9o3v x_b1v8xokw x_oo9gr5id x_hzawbc8m\"><span class=\"x_break-words\"><span dir=\"ltr\">D\u00e9couvrez des sujets de d\u00e9bats sociologiques, des portraits d&rsquo;artistes engag\u00e9s, <\/span><\/span><\/span><\/span><span class=\"x_d2edcug0 x_hpfvmrgz x_qv66sw1b x_c1et5uql x_lr9zc1uh x_a8c37x1j x_fe6kdd0r x_mau55g9w x_c8b282yb x_keod5gw0 x_nxhoafnm x_aigsh9s9 x_d3f4x2em x_iv3no6db x_jq4qci2q x_a3bd9o3v x_b1v8xokw x_oo9gr5id x_hzawbc8m\" dir=\"auto\"><span class=\"x_d2edcug0 x_hpfvmrgz x_qv66sw1b x_c1et5uql x_lr9zc1uh x_jq4qci2q x_a3bd9o3v x_b1v8xokw x_oo9gr5id x_hzawbc8m\"><span class=\"x_break-words\"><span dir=\"ltr\">des cr\u00e9ations litt\u00e9raires d&rsquo;auteur(e)s ainsi que des textes de jeunes coll\u00e9giens accompagn\u00e9s en ateliers d&rsquo;\u00e9criture.<\/span><\/span><\/span><\/span><\/div>\n<div><\/div>\n<div>Dans le N\u00b0 1 KYANZA\/HIVER 2022<\/div>\n<div><\/div>\n<div><strong><span class=\"x_d2edcug0 x_hpfvmrgz x_qv66sw1b x_c1et5uql x_lr9zc1uh x_a8c37x1j x_fe6kdd0r x_mau55g9w x_c8b282yb x_keod5gw0 x_nxhoafnm x_aigsh9s9 x_d3f4x2em x_iv3no6db x_jq4qci2q x_a3bd9o3v x_b1v8xokw x_oo9gr5id x_hzawbc8m\" dir=\"auto\"><span class=\"x_d2edcug0 x_hpfvmrgz x_qv66sw1b x_c1et5uql x_lr9zc1uh x_jq4qci2q x_a3bd9o3v x_b1v8xokw x_oo9gr5id x_hzawbc8m\"><span class=\"x_break-words\"><span dir=\"ltr\">Traditions et artefacts<\/span><\/span><\/span><\/span><\/strong><\/div>\n<div>-Le Mbongui&#8230; \u00e9cole de vie ou aux racines de la d\u00e9mocratie \u00e0 l&rsquo;africaine.<\/div>\n<div><strong><span class=\"x_d2edcug0 x_hpfvmrgz x_qv66sw1b x_c1et5uql x_lr9zc1uh x_a8c37x1j x_fe6kdd0r x_mau55g9w x_c8b282yb x_keod5gw0 x_nxhoafnm x_aigsh9s9 x_d3f4x2em x_iv3no6db x_jq4qci2q x_a3bd9o3v x_b1v8xokw x_oo9gr5id x_hzawbc8m\" dir=\"auto\"><span class=\"x_d2edcug0 x_hpfvmrgz x_qv66sw1b x_c1et5uql x_lr9zc1uh x_jq4qci2q x_a3bd9o3v x_b1v8xokw x_oo9gr5id x_hzawbc8m\"><span class=\"x_break-words\"><span dir=\"ltr\">Points de vue<\/span><\/span><\/span><\/span><\/strong><\/div>\n<div>-Le Slam &#8211; Le combat des maux \/ Vivre le slam en Afrique \/ Interview de SAYON NANA TRAORE<\/div>\n<div><strong>Portrait<\/strong><\/div>\n<div>-L&rsquo;artiste face \u00e0 l&rsquo;engagement : TONY SAVANNAH<\/div>\n<div><strong><span class=\"x_d2edcug0 x_hpfvmrgz x_qv66sw1b x_c1et5uql x_lr9zc1uh x_a8c37x1j x_fe6kdd0r x_mau55g9w x_c8b282yb x_keod5gw0 x_nxhoafnm x_aigsh9s9 x_d3f4x2em x_iv3no6db x_jq4qci2q x_a3bd9o3v x_b1v8xokw x_oo9gr5id x_hzawbc8m\" dir=\"auto\"><span class=\"x_d2edcug0 x_hpfvmrgz x_qv66sw1b x_c1et5uql x_lr9zc1uh x_jq4qci2q x_a3bd9o3v x_b1v8xokw x_oo9gr5id x_hzawbc8m\"><span class=\"x_break-words\"><span dir=\"ltr\">Revue litt\u00e9raire<\/span><\/span><\/span><\/span><\/strong><\/div>\n<div><span class=\"x_d2edcug0 x_hpfvmrgz x_qv66sw1b x_c1et5uql x_lr9zc1uh x_a8c37x1j x_fe6kdd0r x_mau55g9w x_c8b282yb x_keod5gw0 x_nxhoafnm x_aigsh9s9 x_d3f4x2em x_iv3no6db x_jq4qci2q x_a3bd9o3v x_b1v8xokw x_oo9gr5id x_hzawbc8m\" dir=\"auto\"><span class=\"x_d2edcug0 x_hpfvmrgz x_qv66sw1b x_c1et5uql x_lr9zc1uh x_jq4qci2q x_a3bd9o3v x_b1v8xokw x_oo9gr5id x_hzawbc8m\"><span class=\"x_break-words\"><span dir=\"ltr\">-Tr\u00e9sors de coll\u00e8ge<\/span><\/span><\/span><\/span><\/div>\n<div><span class=\"x_d2edcug0 x_hpfvmrgz x_qv66sw1b x_c1et5uql x_lr9zc1uh x_a8c37x1j x_fe6kdd0r x_mau55g9w x_c8b282yb x_keod5gw0 x_nxhoafnm x_aigsh9s9 x_d3f4x2em x_iv3no6db x_jq4qci2q x_a3bd9o3v x_b1v8xokw x_oo9gr5id x_hzawbc8m\" dir=\"auto\"><span class=\"x_d2edcug0 x_hpfvmrgz x_qv66sw1b x_c1et5uql x_lr9zc1uh x_jq4qci2q x_a3bd9o3v x_b1v8xokw x_oo9gr5id x_hzawbc8m\"><span class=\"x_break-words\"><span dir=\"ltr\">-Plumes d&rsquo;encr&rsquo;\u00e2ge<\/span><\/span><\/span><\/span><\/div>\n","protected":false},"excerpt":{"rendered":"<p>Directeur de publication : <strong>MARCEL CAMILL&rsquo;<\/strong><\/p>\n<p>\u00c9diteur : <strong>AU MBONGUI<\/strong><\/p>\n","protected":false},"featured_media":2218,"comment_status":"open","ping_status":"closed","template":"","meta":[],"product_brand":[],"product_cat":[150],"product_tag":[],"class_list":{"0":"post-2217","1":"product","2":"type-product","3":"status-publish","4":"has-post-thumbnail","6":"product_cat-acheter-le-mag","8":"first","9":"instock","10":"shipping-taxable","11":"purchasable","12":"product-type-simple"},"_links":{"self":[{"href":"https:\/\/aumbongui.com\/index.php?rest_route=\/wp\/v2\/product\/2217","targetHints":{"allow":["GET"]}}],"collection":[{"href":"https:\/\/aumbongui.com\/index.php?rest_route=\/wp\/v2\/product"}],"about":[{"href":"https:\/\/aumbongui.com\/index.php?rest_route=\/wp\/v2\/types\/product"}],"replies":[{"embeddable":true,"href":"https:\/\/aumbongui.com\/index.php?rest_route=%2Fwp%2Fv2%2Fcomments&post=2217"}],"wp:featuredmedia":[{"embeddable":true,"href":"https:\/\/aumbongui.com\/index.php?rest_route=\/wp\/v2\/media\/2218"}],"wp:attachment":[{"href":"https:\/\/aumbongui.com\/index.php?rest_route=%2Fwp%2Fv2%2Fmedia&parent=2217"}],"wp:term":[{"taxonomy":"product_brand","embeddable":true,"href":"https:\/\/aumbongui.com\/index.php?rest_route=%2Fwp%2Fv2%2Fproduct_brand&post=2217"},{"taxonomy":"product_cat","embeddable":true,"href":"https:\/\/aumbongui.com\/index.php?rest_route=%2Fwp%2Fv2%2Fproduct_cat&post=2217"},{"taxonomy":"product_tag","embeddable":true,"href":"https:\/\/aumbongui.com\/index.php?rest_route=%2Fwp%2Fv2%2Fproduct_tag&post=2217"}],"curies":[{"name":"wp","href":"https:\/\/api.w.org\/{rel}","templated":true}]}}