{"id":2299,"date":"2022-02-28T22:43:39","date_gmt":"2022-02-28T21:43:39","guid":{"rendered":"https:\/\/aumbongui.com\/?post_type=product&#038;p=2299"},"modified":"2023-08-25T09:10:22","modified_gmt":"2023-08-25T07:10:22","slug":"lunite-culturelle-de-lafrique-noire","status":"publish","type":"product","link":"https:\/\/aumbongui.com\/?product=lunite-culturelle-de-lafrique-noire","title":{"rendered":"L&rsquo;unit\u00e9 culturelle de l&rsquo;Afrique Noire"},"content":{"rendered":"<p>Seule une v\u00e9ritable connaissance du pass\u00e9 peut entretenir dans la conscience le sentiment d&rsquo;une continuit\u00e9 historique, indispensable \u00e0 la consolidation d&rsquo;un Etat multinational. (&#8230;) Il n&rsquo;est pas indiff\u00e9rent pour un peuple de se livrer \u00e0 une telle investigation, \u00e0 une pareille reconnaissance de soi ; car, ce faisant, le peuple en question s&rsquo;aper\u00e7oit de ce qui est solide et valable dans ses propres structures culturelles et sociales, dans sa pens\u00e9e en g\u00e9n\u00e9ral, il s&rsquo;aper\u00e7oit aussi de ce qu&rsquo;il y a de faible dans celles-ci et qui par cons\u00e9quent n&rsquo;a pas r\u00e9sist\u00e9 au temps. Il d\u00e9couvre l&rsquo;ampleur r\u00e9elle de ses emprunts, il peut maintenant se d\u00e9finir de fa\u00e7on positive \u00e0 partir de crit\u00e8res indig\u00e8nes non imagin\u00e9s, mais r\u00e9els. Il a une nouvelle conscience de ses valeurs et peut d\u00e9finir maintenant sa mission culturelle, non passionn\u00e9ment, mais d&rsquo;une fa\u00e7on objective, car il voit mieux les valeurs culturelles qu&rsquo;il est le plus apte, compte tenu de son \u00e9tat d&rsquo;\u00e9volution, \u00e0 d\u00e9velopper et \u00e0 apporter aux autres peuples.<\/p>\n<p><em>Cheikh Anta Diop est n\u00e9 le 29\u00a0d\u00e9cembre\u00a01923 \u00e0 Thieytou, dans la r\u00e9gion de Diourbel (S\u00e9n\u00e9gal). Sa famille est d&rsquo;origine artistocratique wolof. \u00c0 l&rsquo;\u00e2ge de 23 ans, il part pour Paris afin d&rsquo;\u00e9tudier la physique et la chimie mais se tourne aussi vers l&rsquo;histoire et les <span class=\"mw-redirect\">sciences sociales<\/span>. Il suit en particulier les cours de Gaston Bachelard et de Fr\u00e9d\u00e9ric Joliot-Curie. Il adopte un point de vue sp\u00e9cifiquement africain face \u00e0 la vision de certains auteurs de l&rsquo;\u00e9poque selon laquelle les Africains sont des peuples sans pass\u00e9.<\/em><\/p>\n","protected":false},"excerpt":{"rendered":"<p>Auteur : <strong>CHEIKH ANTA DIOP<\/strong><\/p>\n<p>\u00c9diteur : <strong>Pr\u00e9sence Africaine<\/strong><\/p>\n","protected":false},"featured_media":2290,"comment_status":"open","ping_status":"closed","template":"","meta":[],"product_brand":[],"product_cat":[90,75],"product_tag":[],"class_list":{"0":"post-2299","1":"product","2":"type-product","3":"status-publish","4":"has-post-thumbnail","6":"product_cat-histoiresociete-kama-mon-afrique","7":"product_cat-kama-mon-afrique","8":"product_shipping_class-standard","10":"first","11":"instock","12":"shipping-taxable","13":"purchasable","14":"product-type-simple"},"_links":{"self":[{"href":"https:\/\/aumbongui.com\/index.php?rest_route=\/wp\/v2\/product\/2299","targetHints":{"allow":["GET"]}}],"collection":[{"href":"https:\/\/aumbongui.com\/index.php?rest_route=\/wp\/v2\/product"}],"about":[{"href":"https:\/\/aumbongui.com\/index.php?rest_route=\/wp\/v2\/types\/product"}],"replies":[{"embeddable":true,"href":"https:\/\/aumbongui.com\/index.php?rest_route=%2Fwp%2Fv2%2Fcomments&post=2299"}],"wp:featuredmedia":[{"embeddable":true,"href":"https:\/\/aumbongui.com\/index.php?rest_route=\/wp\/v2\/media\/2290"}],"wp:attachment":[{"href":"https:\/\/aumbongui.com\/index.php?rest_route=%2Fwp%2Fv2%2Fmedia&parent=2299"}],"wp:term":[{"taxonomy":"product_brand","embeddable":true,"href":"https:\/\/aumbongui.com\/index.php?rest_route=%2Fwp%2Fv2%2Fproduct_brand&post=2299"},{"taxonomy":"product_cat","embeddable":true,"href":"https:\/\/aumbongui.com\/index.php?rest_route=%2Fwp%2Fv2%2Fproduct_cat&post=2299"},{"taxonomy":"product_tag","embeddable":true,"href":"https:\/\/aumbongui.com\/index.php?rest_route=%2Fwp%2Fv2%2Fproduct_tag&post=2299"}],"curies":[{"name":"wp","href":"https:\/\/api.w.org\/{rel}","templated":true}]}}