{"id":2310,"date":"2022-03-23T22:45:16","date_gmt":"2022-03-23T21:45:16","guid":{"rendered":"https:\/\/aumbongui.com\/?post_type=product&#038;p=2310"},"modified":"2026-03-12T20:52:51","modified_gmt":"2026-03-12T19:52:51","slug":"les-voix-de-lextreme-anthologie-3","status":"publish","type":"product","link":"https:\/\/aumbongui.com\/?product=les-voix-de-lextreme-anthologie-3","title":{"rendered":"Les voix de l&rsquo;extr\u00eame Anthologie 3"},"content":{"rendered":"<p>L\u2019\u00e9ph\u00e9m\u00e8re est comme une comptine du r\u00e9el, ce point de d\u00e9part et d\u2019arriv\u00e9e qui rappelle ce qui fait l\u2019essence m\u00eame de toute chose : rien de ce qui existe n\u2019est \u00e9ternel, ou ne peut \u00eatre tenus pour acquis. Les soci\u00e9t\u00e9s naissent dans le tintamarre du d\u00e9sir et des hymnes de puissance, avant de se transformer, parfois pour le meilleur, mais trop souvent pour le pire. Et les dieux avec elles, \u00e9closent avant de s\u2019exiler dans les tourbillons du temps et de l\u2019oubli. L\u2019\u00e9ph\u00e9m\u00e8re a cette magie d\u2019allumer l\u2019\u00e9tincelle dans les regards. Pass\u00e9e la gangue de l\u2019insignifiant, on y retrouve toujours le c\u0153ur qui bat comme un po\u00e8me dans les tourments : la libert\u00e9.<\/p>\n<p><em>Troisi\u00e8me recueil collectif autour du th\u00e8me \u00ab\u00a0l\u2019\u00c9ph\u00e9m\u00e8re\u00a0\u00bb, choisi \u00e0 l&rsquo;occasion du printemps des po\u00e8tes 2022. L\u2019ouvrage, compos\u00e9 de textes et quelques illustrations, rassemble les cr\u00e9ations d&rsquo;une vingtaine d&rsquo;artistes po\u00e9tesses et po\u00e8tes, peintres, graveuses et sculptrices, membres de l&rsquo;association Les Voix de l&rsquo;Extr\u00eame Po\u00e9sie et Culture, et originaires de France, d&rsquo;Espagne ainsi que du Congo.<\/em><\/p>\n","protected":false},"excerpt":{"rendered":"<p><strong>Auteur(e)s : <\/strong>Marcel Camill\u2019 &#8211; Chantal Enocq &#8211; Fr\u00e9d\u00e9ric Fautrier &#8211; Manuela Parra &#8211; Antonio Orihuela &#8211; Ida Jaroschek &#8211; Maria Cano Garcia &#8211; Iazel Vallorca &#8211; Uberto Stabiles &#8211; Marie-Agn\u00e8s Salehzada &#8211; Andr\u00e9 Bonafos &#8211; Christian Malaplate &#8211; Fran\u00e7ois Szabo &#8211; Viviane Aussaresse Nau &#8211; R\u00e9gine Nobecourt-Seidel &#8211; Lynda Ichalal\u00e8ne Touati &#8211; Violette Guyot &#8211; Aurora Velez Garcia &#8211; Janine Delpeuch &#8211; Miriam Reyes &#8211; Nour Cadour &#8211; Juliette Massat &#8211; Natalia Soreyn &#8211; V\u00e9ronique Bros &#8211; Carlos Da Aira &#8211; Chantal Millaud.<\/p>\n<p><strong>\u00c9diteur : <\/strong>Au Mbongui<\/p>\n","protected":false},"featured_media":2311,"comment_status":"open","ping_status":"closed","template":"","meta":[],"product_brand":[],"product_cat":[102,94],"product_tag":[],"class_list":{"0":"post-2310","1":"product","2":"type-product","3":"status-publish","4":"has-post-thumbnail","6":"product_cat-constellations","7":"product_cat-poesie-litterature-rare","8":"product_shipping_class-standard","10":"first","11":"instock","12":"shipping-taxable","13":"purchasable","14":"product-type-simple"},"_links":{"self":[{"href":"https:\/\/aumbongui.com\/index.php?rest_route=\/wp\/v2\/product\/2310","targetHints":{"allow":["GET"]}}],"collection":[{"href":"https:\/\/aumbongui.com\/index.php?rest_route=\/wp\/v2\/product"}],"about":[{"href":"https:\/\/aumbongui.com\/index.php?rest_route=\/wp\/v2\/types\/product"}],"replies":[{"embeddable":true,"href":"https:\/\/aumbongui.com\/index.php?rest_route=%2Fwp%2Fv2%2Fcomments&post=2310"}],"wp:featuredmedia":[{"embeddable":true,"href":"https:\/\/aumbongui.com\/index.php?rest_route=\/wp\/v2\/media\/2311"}],"wp:attachment":[{"href":"https:\/\/aumbongui.com\/index.php?rest_route=%2Fwp%2Fv2%2Fmedia&parent=2310"}],"wp:term":[{"taxonomy":"product_brand","embeddable":true,"href":"https:\/\/aumbongui.com\/index.php?rest_route=%2Fwp%2Fv2%2Fproduct_brand&post=2310"},{"taxonomy":"product_cat","embeddable":true,"href":"https:\/\/aumbongui.com\/index.php?rest_route=%2Fwp%2Fv2%2Fproduct_cat&post=2310"},{"taxonomy":"product_tag","embeddable":true,"href":"https:\/\/aumbongui.com\/index.php?rest_route=%2Fwp%2Fv2%2Fproduct_tag&post=2310"}],"curies":[{"name":"wp","href":"https:\/\/api.w.org\/{rel}","templated":true}]}}