{"id":2473,"date":"2022-06-11T01:25:25","date_gmt":"2022-06-10T23:25:25","guid":{"rendered":"https:\/\/aumbongui.com\/?post_type=product&#038;p=2473"},"modified":"2026-04-12T18:21:03","modified_gmt":"2026-04-12T16:21:03","slug":"2473","status":"publish","type":"product","link":"https:\/\/aumbongui.com\/?product=2473","title":{"rendered":"LES TAMBOURS DU DIEU NOIR"},"content":{"rendered":"<div class=\"author__prez-infos\">\n<div class=\"card-author__name author__prez-name\">\n<p>Deux r\u00e9cits de fiction en un seul ouvrage :<\/p>\n<p>Louisiane. Ann\u00e9es 1880. Tandis qu\u2019une guerre de S\u00e9cession interminable d\u00e9mant\u00e8le les \u00c9tats-Unis d\u2019Am\u00e9rique, un complot menace La Nouvelle-Orl\u00e9ans, territoire ind\u00e9pendant lib\u00e9r\u00e9 de l\u2019esclavage, au c\u0153ur duquel les <strong>Tambours du dieu noir<\/strong>, une arme d\u00e9vastatrice jalousement gard\u00e9e, attisent les convoitises. Il faudra tout le courage et la t\u00e9nacit\u00e9 de Jacqueline \u00ab LaVrille \u00bb \u2013 jeune pickpocket qui r\u00eave de d\u00e9couvrir le monde \u2013, ainsi que la magie ancestrale des dieux africains qui coule dans ses veines, pour se faire entendre et \u00e9viter le d\u00e9sastre.<\/p>\n<p>Le Caire. 1912. Depuis une cinquantaine d\u2019ann\u00e9es, les djinns vivent parmi les hommes et, gr\u00e2ce \u00e0 leur g\u00e9nie m\u00e9canique, l\u2019\u00c9gypte nouvelle s\u2019est impos\u00e9e parmi les puissants. Ce qui ne va pas sans complications\u2026 Pour preuve <strong>l\u2019\u00e9trange affaire du djinn du Caire<\/strong>, que se voit confier Fatma el-Sha\u2019arawi \u2013 agente du minist\u00e8re de l\u2019Alchimie, des Enchantements et des Entit\u00e9s surnaturelles \u2013 quand un djinn majeur est retrouv\u00e9 mort. Suicide ? Trop \u00e9vident. C\u2019est une machination diabolique que Fatma va mettre au jour.<\/p>\n<p><em>Phenderson Dj\u00e8l\u00ed Clark est n\u00e9 en 1971 \u00e0 New York de parents originaires de Trinit\u00e9-et-Tobago. Il a pass\u00e9 la majeure partie de sa jeunesse \u00e0 Houston au Texas. Auteur de fiction, il est \u00e9galement historien, chercheur en \u00e9tude compar\u00e9e de l\u2019esclavage et de l\u2019\u00e9mancipation dans le monde atlantique.<\/em><\/p>\n<\/div>\n<\/div>\n","protected":false},"excerpt":{"rendered":"<p>Auteur : <strong>P. Dj\u00e8l\u00ed Clark<\/strong><\/p>\n<p>\u00c9diteur : <strong>L&rsquo;ATALANTE<\/strong><\/p>\n","protected":false},"featured_media":2475,"comment_status":"open","ping_status":"closed","template":"","meta":[],"product_brand":[],"product_cat":[102,105],"product_tag":[],"class_list":{"0":"post-2473","1":"product","2":"type-product","3":"status-publish","4":"has-post-thumbnail","6":"product_cat-constellations","7":"product_cat-fantastique-litterature-rare","8":"product_shipping_class-standard","10":"first","11":"instock","12":"shipping-taxable","13":"purchasable","14":"product-type-simple"},"_links":{"self":[{"href":"https:\/\/aumbongui.com\/index.php?rest_route=\/wp\/v2\/product\/2473","targetHints":{"allow":["GET"]}}],"collection":[{"href":"https:\/\/aumbongui.com\/index.php?rest_route=\/wp\/v2\/product"}],"about":[{"href":"https:\/\/aumbongui.com\/index.php?rest_route=\/wp\/v2\/types\/product"}],"replies":[{"embeddable":true,"href":"https:\/\/aumbongui.com\/index.php?rest_route=%2Fwp%2Fv2%2Fcomments&post=2473"}],"wp:featuredmedia":[{"embeddable":true,"href":"https:\/\/aumbongui.com\/index.php?rest_route=\/wp\/v2\/media\/2475"}],"wp:attachment":[{"href":"https:\/\/aumbongui.com\/index.php?rest_route=%2Fwp%2Fv2%2Fmedia&parent=2473"}],"wp:term":[{"taxonomy":"product_brand","embeddable":true,"href":"https:\/\/aumbongui.com\/index.php?rest_route=%2Fwp%2Fv2%2Fproduct_brand&post=2473"},{"taxonomy":"product_cat","embeddable":true,"href":"https:\/\/aumbongui.com\/index.php?rest_route=%2Fwp%2Fv2%2Fproduct_cat&post=2473"},{"taxonomy":"product_tag","embeddable":true,"href":"https:\/\/aumbongui.com\/index.php?rest_route=%2Fwp%2Fv2%2Fproduct_tag&post=2473"}],"curies":[{"name":"wp","href":"https:\/\/api.w.org\/{rel}","templated":true}]}}