{"id":2482,"date":"2022-06-11T01:44:15","date_gmt":"2022-06-10T23:44:15","guid":{"rendered":"https:\/\/aumbongui.com\/?post_type=product&#038;p=2482"},"modified":"2022-06-11T01:48:55","modified_gmt":"2022-06-10T23:48:55","slug":"le-mystere-du-tramway-hante","status":"publish","type":"product","link":"https:\/\/aumbongui.com\/?product=le-mystere-du-tramway-hante","title":{"rendered":"LE MYST\u00c8RE DU TRAMWAY HANT\u00c9"},"content":{"rendered":"<p>\u00c9gypte, 1912. Apr\u00e8s <em>L\u2019\u00c9trange Affaire du djinn du Caire<\/em>, nous revoici en compagnie des agents du minist\u00e8re de l\u2019Alchimie, des Enchantements et des Entit\u00e9s surnaturelles, aux prises cette fois avec un spectre myst\u00e9rieux qui a \u00e9lu domicile dans un tramway du service public.<br \/>\nTandis que dans les rues du Caire les suffragettes revendiquent haut et fort le droit de vote, l\u2019agent Hamed Nasr et son nouveau partenaire l\u2019agent Onsi Youssef devront d\u00e9laisser les m\u00e9thodes conventionnelles et faire appel \u00e0 des consultantes inattendues (ainsi qu\u2019\u00e0 une automate hors du commun) pour comprendre la nature du dangereux squatteur de la voiture 015 et pour le conjurer.<\/p>\n<p><em>Phenderson Dj\u00e8l\u00ed Clark est n\u00e9 en 1971 \u00e0 New York de parents originaires de Trinit\u00e9-et-Tobago. Il a pass\u00e9 la majeure partie de sa jeunesse \u00e0 Houston au Texas. Auteur de fiction, il est \u00e9galement historien, chercheur en \u00e9tude compar\u00e9e de l\u2019esclavage et de l\u2019\u00e9mancipation dans le monde atlantique.<\/em><\/p>\n","protected":false},"excerpt":{"rendered":"<p>Auteur : <strong>P. Dj\u00e8l\u00ed Clark<\/strong><\/p>\n<p>\u00c9diteur : <strong>L&rsquo;ATALANTE<\/strong><\/p>\n","protected":false},"featured_media":2490,"comment_status":"open","ping_status":"closed","template":"","meta":[],"product_brand":[],"product_cat":[102,105],"product_tag":[],"class_list":{"0":"post-2482","1":"product","2":"type-product","3":"status-publish","4":"has-post-thumbnail","6":"product_cat-constellations","7":"product_cat-fantastique-litterature-rare","8":"product_shipping_class-standard","10":"first","11":"instock","12":"shipping-taxable","13":"purchasable","14":"product-type-simple"},"_links":{"self":[{"href":"https:\/\/aumbongui.com\/index.php?rest_route=\/wp\/v2\/product\/2482","targetHints":{"allow":["GET"]}}],"collection":[{"href":"https:\/\/aumbongui.com\/index.php?rest_route=\/wp\/v2\/product"}],"about":[{"href":"https:\/\/aumbongui.com\/index.php?rest_route=\/wp\/v2\/types\/product"}],"replies":[{"embeddable":true,"href":"https:\/\/aumbongui.com\/index.php?rest_route=%2Fwp%2Fv2%2Fcomments&post=2482"}],"wp:featuredmedia":[{"embeddable":true,"href":"https:\/\/aumbongui.com\/index.php?rest_route=\/wp\/v2\/media\/2490"}],"wp:attachment":[{"href":"https:\/\/aumbongui.com\/index.php?rest_route=%2Fwp%2Fv2%2Fmedia&parent=2482"}],"wp:term":[{"taxonomy":"product_brand","embeddable":true,"href":"https:\/\/aumbongui.com\/index.php?rest_route=%2Fwp%2Fv2%2Fproduct_brand&post=2482"},{"taxonomy":"product_cat","embeddable":true,"href":"https:\/\/aumbongui.com\/index.php?rest_route=%2Fwp%2Fv2%2Fproduct_cat&post=2482"},{"taxonomy":"product_tag","embeddable":true,"href":"https:\/\/aumbongui.com\/index.php?rest_route=%2Fwp%2Fv2%2Fproduct_tag&post=2482"}],"curies":[{"name":"wp","href":"https:\/\/api.w.org\/{rel}","templated":true}]}}