{"id":2510,"date":"2022-06-11T02:00:58","date_gmt":"2022-06-11T00:00:58","guid":{"rendered":"https:\/\/aumbongui.com\/?post_type=product&#038;p=2510"},"modified":"2026-04-12T18:28:42","modified_gmt":"2026-04-12T16:28:42","slug":"zenga-mambu-le-feticheur","status":"publish","type":"product","link":"https:\/\/aumbongui.com\/?product=zenga-mambu-le-feticheur","title":{"rendered":"ZENGA MAMBU &#8211; LE F\u00c9TICHEUR"},"content":{"rendered":"<p>Certains se bouchent les oreilles lorsqu&rsquo;ils entendent son nom, mais les mystiques du monde entier convoitent les connaissances que les G\u00e9nies de la grande for\u00eat du Mayombe lui ont transmis&#8230;<\/p>\n<p><em>Originaire du Congo Brazzaville Jorus Mabiala nous transporte \u00e0 travers ses contes, dans des contr\u00e9es lointaines, inimaginables pour certains. Il peint et chante son Afrique et celle de son p\u00e8re et de son grand-p\u00e8re.<\/em><\/p>\n","protected":false},"excerpt":{"rendered":"<p>Auteur : <strong>JORUS MABIALA<\/strong><br \/>\nIllustrations : <strong>PIERRE AUDEMARD<\/strong><\/p>\n<p>EDITEUR : <strong>Publication du Collectif international d&rsquo;artistes solidaires<\/strong><\/p>\n","protected":false},"featured_media":2509,"comment_status":"open","ping_status":"closed","template":"","meta":[],"product_brand":[],"product_cat":[86,75],"product_tag":[],"class_list":{"0":"post-2510","1":"product","2":"type-product","3":"status-publish","4":"has-post-thumbnail","6":"product_cat-contes-kama-mon-afrique","7":"product_cat-kama-mon-afrique","8":"product_shipping_class-standard","10":"first","11":"instock","12":"shipping-taxable","13":"purchasable","14":"product-type-simple"},"_links":{"self":[{"href":"https:\/\/aumbongui.com\/index.php?rest_route=\/wp\/v2\/product\/2510","targetHints":{"allow":["GET"]}}],"collection":[{"href":"https:\/\/aumbongui.com\/index.php?rest_route=\/wp\/v2\/product"}],"about":[{"href":"https:\/\/aumbongui.com\/index.php?rest_route=\/wp\/v2\/types\/product"}],"replies":[{"embeddable":true,"href":"https:\/\/aumbongui.com\/index.php?rest_route=%2Fwp%2Fv2%2Fcomments&post=2510"}],"wp:featuredmedia":[{"embeddable":true,"href":"https:\/\/aumbongui.com\/index.php?rest_route=\/wp\/v2\/media\/2509"}],"wp:attachment":[{"href":"https:\/\/aumbongui.com\/index.php?rest_route=%2Fwp%2Fv2%2Fmedia&parent=2510"}],"wp:term":[{"taxonomy":"product_brand","embeddable":true,"href":"https:\/\/aumbongui.com\/index.php?rest_route=%2Fwp%2Fv2%2Fproduct_brand&post=2510"},{"taxonomy":"product_cat","embeddable":true,"href":"https:\/\/aumbongui.com\/index.php?rest_route=%2Fwp%2Fv2%2Fproduct_cat&post=2510"},{"taxonomy":"product_tag","embeddable":true,"href":"https:\/\/aumbongui.com\/index.php?rest_route=%2Fwp%2Fv2%2Fproduct_tag&post=2510"}],"curies":[{"name":"wp","href":"https:\/\/api.w.org\/{rel}","templated":true}]}}