{"id":2521,"date":"2022-06-11T02:15:08","date_gmt":"2022-06-11T00:15:08","guid":{"rendered":"https:\/\/aumbongui.com\/?post_type=product&#038;p=2521"},"modified":"2026-03-02T02:04:59","modified_gmt":"2026-03-02T01:04:59","slug":"ring-shout-cantique-rituel","status":"publish","type":"product","link":"https:\/\/aumbongui.com\/?product=ring-shout-cantique-rituel","title":{"rendered":"RING SHOUT Cantique rituel"},"content":{"rendered":"<div class=\"row\">\n<div class=\"col-md-12\">\n<div class=\"page__text book__summary-text\">\n<p>Macon, 1922.<\/p>\n<p>En 1915, le film <em>Naissance d\u2019une nation<\/em> a ensorcel\u00e9 l\u2019Am\u00e9rique et gonfl\u00e9 les rangs du Ku Klux Klan, qui depuis s\u2019abreuve aux pens\u00e9es les plus sombres des Blancs. \u00c0 travers le pays, le Klan s\u00e8me la terreur et se d\u00e9cha\u00eene sur les anciens esclaves, d\u00e9termin\u00e9 \u00e0 faire r\u00e9gner l\u2019enfer sur Terre. Mais les Ku Kluxes ne sont pas immortels. Sur leur chemin se dressent Maryse Boudreaux et ses compagnes de r\u00e9sistance\u00a0: une tireuse d\u2019\u00e9lite \u00e0 la langue bien pendue et une Harlem Hellfighter. Arm\u00e9es de fusils, de bombes et d\u2019une \u00e9p\u00e9e impr\u00e9gn\u00e9e de magie ancestrale, elles chassent ceux qui les traquent et renvoient les d\u00e9mons du Klan tout droit en enfer\u00a0; alors qu\u2019un complot effroyable se trame \u00e0 Macon et que la guerre contre le mal est sur le point de s\u2019embraser.<\/p>\n<p><em>Phenderson Dj\u00e8l\u00ed Clark est historien, chercheur en \u00e9tude compar\u00e9e de l\u2019esclavage et de l\u2019\u00e9mancipation dans le monde atlantique. Dans cet opus il nous offre un r\u00e9cit m\u00ealant habilement histoire, magie et horreur lovecraftienne.<\/em><\/p>\n<p><em>Ring Shout a re\u00e7u les prix Locus 2021, Nebula 2020 et est finaliste du prix Hugo 2021.<\/em><\/p>\n<\/div>\n<\/div>\n<\/div>\n","protected":false},"excerpt":{"rendered":"<div class=\"woocommerce-product-details__short-description\">\n<p>Auteur : <strong>P. Dj\u00e8l\u00ed Clark<\/strong><\/p>\n<p>\u00c9diteur : <strong>L\u2019ATALANTE<\/strong><\/p>\n<\/div>\n","protected":false},"featured_media":2522,"comment_status":"open","ping_status":"closed","template":"","meta":[],"product_brand":[],"product_cat":[102,105],"product_tag":[],"class_list":{"0":"post-2521","1":"product","2":"type-product","3":"status-publish","4":"has-post-thumbnail","6":"product_cat-constellations","7":"product_cat-fantastique-litterature-rare","8":"product_shipping_class-standard","10":"first","11":"instock","12":"shipping-taxable","13":"purchasable","14":"product-type-simple"},"_links":{"self":[{"href":"https:\/\/aumbongui.com\/index.php?rest_route=\/wp\/v2\/product\/2521","targetHints":{"allow":["GET"]}}],"collection":[{"href":"https:\/\/aumbongui.com\/index.php?rest_route=\/wp\/v2\/product"}],"about":[{"href":"https:\/\/aumbongui.com\/index.php?rest_route=\/wp\/v2\/types\/product"}],"replies":[{"embeddable":true,"href":"https:\/\/aumbongui.com\/index.php?rest_route=%2Fwp%2Fv2%2Fcomments&post=2521"}],"wp:featuredmedia":[{"embeddable":true,"href":"https:\/\/aumbongui.com\/index.php?rest_route=\/wp\/v2\/media\/2522"}],"wp:attachment":[{"href":"https:\/\/aumbongui.com\/index.php?rest_route=%2Fwp%2Fv2%2Fmedia&parent=2521"}],"wp:term":[{"taxonomy":"product_brand","embeddable":true,"href":"https:\/\/aumbongui.com\/index.php?rest_route=%2Fwp%2Fv2%2Fproduct_brand&post=2521"},{"taxonomy":"product_cat","embeddable":true,"href":"https:\/\/aumbongui.com\/index.php?rest_route=%2Fwp%2Fv2%2Fproduct_cat&post=2521"},{"taxonomy":"product_tag","embeddable":true,"href":"https:\/\/aumbongui.com\/index.php?rest_route=%2Fwp%2Fv2%2Fproduct_tag&post=2521"}],"curies":[{"name":"wp","href":"https:\/\/api.w.org\/{rel}","templated":true}]}}