{"id":2533,"date":"2022-06-11T02:31:08","date_gmt":"2022-06-11T00:31:08","guid":{"rendered":"https:\/\/aumbongui.com\/?post_type=product&#038;p=2533"},"modified":"2025-09-16T11:55:36","modified_gmt":"2025-09-16T09:55:36","slug":"la-lionne-de-feu","status":"publish","type":"product","link":"https:\/\/aumbongui.com\/?product=la-lionne-de-feu","title":{"rendered":"LA LIONNE DE FEU"},"content":{"rendered":"<p>Mon nom est Dihya Tadmunt, reine des Berb\u00e8res, je suis celle qu\u2019on a surnomm\u00e9e La Kahina, la proph\u00e9tesse ou la devineresse. Je suis n\u00e9e en 640 dans la tribu des Djerawas en Afrique au c\u0153ur des montagnes des Aur\u00e8s. Mais, je suis la reine de tous les Berb\u00e8res, les Imazighen. Je suis la reine des Chaouis mais aussi des Kabyles, des Chleuhs, des Rifains, des Touaregs, des Mozabites, des Chenouis et de tous les peuples de la M\u00e9diterran\u00e9e. Je suis aussi la reine des femmes libres. Et \u00e0 pr\u00e9sent que je suis l\u00e0 o\u00f9 je suis, mon \u00e2me irradie le c\u0153ur et l\u2019\u00e2me de ceux et de celles qui luttent pour leurs id\u00e9es, leur identit\u00e9, leur libert\u00e9, partout dans le monde.<\/p>\n<p><em>D&rsquo;origine kabyle, Fatima Kerrouche est n\u00e9e \u00e0 Charenton-le-Pont, dans le Val-de-Marne.<\/em><br \/>\n<em>Journaliste \u00e0 Montpellier, sa passion est d&rsquo;\u00e9crire et raconter des histoires, son ambition est de faire conna\u00eetre la culture berb\u00e8re en la pr\u00e9sentant sous un jour festif, imaginatif, loin des clich\u00e9s, mais sans complaisance.<\/em><\/p>\n","protected":false},"excerpt":{"rendered":"<p><span class=\"a-list-item\"><span class=\"a-text-bold\">Auteure : <strong>FATIMA KERROUCHE<\/strong><br \/>\n<\/span><\/span><\/p>\n<p><span class=\"a-list-item\"><span class=\"a-text-bold\">\u00c9diteur \u200f: \u200e <\/span> <strong>EDITINTER<\/strong><\/span><\/p>\n","protected":false},"featured_media":2534,"comment_status":"open","ping_status":"closed","template":"","meta":[],"product_brand":[],"product_cat":[75,91],"product_tag":[],"class_list":{"0":"post-2533","1":"product","2":"type-product","3":"status-publish","4":"has-post-thumbnail","6":"product_cat-kama-mon-afrique","7":"product_cat-litterature-generale-kama-mon-afrique","8":"product_shipping_class-standard","10":"first","11":"instock","12":"shipping-taxable","13":"purchasable","14":"product-type-simple"},"_links":{"self":[{"href":"https:\/\/aumbongui.com\/index.php?rest_route=\/wp\/v2\/product\/2533","targetHints":{"allow":["GET"]}}],"collection":[{"href":"https:\/\/aumbongui.com\/index.php?rest_route=\/wp\/v2\/product"}],"about":[{"href":"https:\/\/aumbongui.com\/index.php?rest_route=\/wp\/v2\/types\/product"}],"replies":[{"embeddable":true,"href":"https:\/\/aumbongui.com\/index.php?rest_route=%2Fwp%2Fv2%2Fcomments&post=2533"}],"wp:featuredmedia":[{"embeddable":true,"href":"https:\/\/aumbongui.com\/index.php?rest_route=\/wp\/v2\/media\/2534"}],"wp:attachment":[{"href":"https:\/\/aumbongui.com\/index.php?rest_route=%2Fwp%2Fv2%2Fmedia&parent=2533"}],"wp:term":[{"taxonomy":"product_brand","embeddable":true,"href":"https:\/\/aumbongui.com\/index.php?rest_route=%2Fwp%2Fv2%2Fproduct_brand&post=2533"},{"taxonomy":"product_cat","embeddable":true,"href":"https:\/\/aumbongui.com\/index.php?rest_route=%2Fwp%2Fv2%2Fproduct_cat&post=2533"},{"taxonomy":"product_tag","embeddable":true,"href":"https:\/\/aumbongui.com\/index.php?rest_route=%2Fwp%2Fv2%2Fproduct_tag&post=2533"}],"curies":[{"name":"wp","href":"https:\/\/api.w.org\/{rel}","templated":true}]}}