{"id":3276,"date":"2022-09-06T13:06:15","date_gmt":"2022-09-06T11:06:15","guid":{"rendered":"https:\/\/aumbongui.com\/?post_type=product&#038;p=3276"},"modified":"2026-04-02T09:55:49","modified_gmt":"2026-04-02T07:55:49","slug":"desmarrons-gambadant-bribes-poetiques","status":"publish","type":"product","link":"https:\/\/aumbongui.com\/?product=desmarrons-gambadant-bribes-poetiques","title":{"rendered":"Des Marrons gambadant &#8211; Bribes po\u00e9tiques"},"content":{"rendered":"<p>Tony Savannah alias MCX, Africain de Martinique, musicien, peintre et po\u00e8te, nous propose de suivre les Marrons gambadant au fil de ses pens\u00e9es disparates et tous azimuts. En fran\u00e7ais, en anglais et en cr\u00e9ole.<\/p>\n<p>(Le livre est \u00e9dit\u00e9 en deux versions: italique et imprim\u00e9 romain)<\/p>\n","protected":false},"excerpt":{"rendered":"<p>Auteur : <strong>Tony SAVANNAH &#8211; MCX<\/strong><\/p>\n<p>\u00c9diteur : <strong>les \u00e9ditions Ralimaro<br \/>\n<\/strong><\/p>\n","protected":false},"featured_media":3277,"comment_status":"open","ping_status":"closed","template":"","meta":[],"product_brand":[],"product_cat":[76,78],"product_tag":[],"class_list":{"0":"post-3276","1":"product","2":"type-product","3":"status-publish","4":"has-post-thumbnail","6":"product_cat-caraibes","7":"product_cat-poesie-caraibe","8":"product_shipping_class-standard","10":"first","11":"instock","12":"shipping-taxable","13":"purchasable","14":"product-type-simple"},"_links":{"self":[{"href":"https:\/\/aumbongui.com\/index.php?rest_route=\/wp\/v2\/product\/3276","targetHints":{"allow":["GET"]}}],"collection":[{"href":"https:\/\/aumbongui.com\/index.php?rest_route=\/wp\/v2\/product"}],"about":[{"href":"https:\/\/aumbongui.com\/index.php?rest_route=\/wp\/v2\/types\/product"}],"replies":[{"embeddable":true,"href":"https:\/\/aumbongui.com\/index.php?rest_route=%2Fwp%2Fv2%2Fcomments&post=3276"}],"wp:featuredmedia":[{"embeddable":true,"href":"https:\/\/aumbongui.com\/index.php?rest_route=\/wp\/v2\/media\/3277"}],"wp:attachment":[{"href":"https:\/\/aumbongui.com\/index.php?rest_route=%2Fwp%2Fv2%2Fmedia&parent=3276"}],"wp:term":[{"taxonomy":"product_brand","embeddable":true,"href":"https:\/\/aumbongui.com\/index.php?rest_route=%2Fwp%2Fv2%2Fproduct_brand&post=3276"},{"taxonomy":"product_cat","embeddable":true,"href":"https:\/\/aumbongui.com\/index.php?rest_route=%2Fwp%2Fv2%2Fproduct_cat&post=3276"},{"taxonomy":"product_tag","embeddable":true,"href":"https:\/\/aumbongui.com\/index.php?rest_route=%2Fwp%2Fv2%2Fproduct_tag&post=3276"}],"curies":[{"name":"wp","href":"https:\/\/api.w.org\/{rel}","templated":true}]}}