{"id":3607,"date":"2022-10-10T19:44:25","date_gmt":"2022-10-10T17:44:25","guid":{"rendered":"https:\/\/aumbongui.com\/?post_type=product&#038;p=3607"},"modified":"2026-02-01T01:07:23","modified_gmt":"2026-02-01T00:07:23","slug":"alain-delon-jeune","status":"publish","type":"product","link":"https:\/\/aumbongui.com\/?product=alain-delon-jeune","title":{"rendered":"ALAIN DELON JEUNE"},"content":{"rendered":"<p>L\u2019histoire d\u2019un d\u00e9tective priv\u00e9 habitu\u00e9 aux petites affaires qui va se retrouver \u00e0 investiguer sur la myst\u00e9rieuse disparition d\u2019un riche industriel en Am\u00e9rique du Sud. S\u2019ajoutant aux difficult\u00e9s du m\u00e9tier, une fa\u00e7on de s\u2019exprimer tr\u00e8s personnelle qui ne va sans doute pas faciliter l\u2019enqu\u00eate.<\/p>\n<p><em>Isabelle Giudicelli est coach d\u2019\u00e9criture, animatrice d\u2019ateliers d\u2019\u00e9criture adapt\u00e9s \u00e0 chaque public (enfants, adultes, ainsi que personnes en situation de handicap). Passionn\u00e9e par le langage et l\u2019\u00e9criture, Elle a d\u00e9velopp\u00e9 de nombreux projets litt\u00e9raires personnels : po\u00e8mes, nouvelles, romans&#8230; <strong>Alain Delon jeune<\/strong> est un roman policier, co-\u00e9crit \u00e0 quatre mains avec Christophe Giudicelli.<\/em><\/p>\n","protected":false},"excerpt":{"rendered":"<div class=\"woocommerce-product-details__short-description\">\n<div class=\"woocommerce-product-details__short-description\">\n<p>Auteur : <strong>Isabelle GIUDICELLI \/ Christophe GIUDICELLI<\/strong><\/p>\n<p>\u00c9diteur : <strong>Les Ateliers Persona \u00e9ditions<\/strong><\/p>\n<\/div>\n<\/div>\n","protected":false},"featured_media":3608,"comment_status":"open","ping_status":"closed","template":"","meta":[],"product_brand":[],"product_cat":[102,104],"product_tag":[],"class_list":{"0":"post-3607","1":"product","2":"type-product","3":"status-publish","4":"has-post-thumbnail","6":"product_cat-constellations","7":"product_cat-thrillerpolar-litterature-rare","8":"product_shipping_class-standard","10":"first","11":"instock","12":"shipping-taxable","13":"purchasable","14":"product-type-simple"},"_links":{"self":[{"href":"https:\/\/aumbongui.com\/index.php?rest_route=\/wp\/v2\/product\/3607","targetHints":{"allow":["GET"]}}],"collection":[{"href":"https:\/\/aumbongui.com\/index.php?rest_route=\/wp\/v2\/product"}],"about":[{"href":"https:\/\/aumbongui.com\/index.php?rest_route=\/wp\/v2\/types\/product"}],"replies":[{"embeddable":true,"href":"https:\/\/aumbongui.com\/index.php?rest_route=%2Fwp%2Fv2%2Fcomments&post=3607"}],"wp:featuredmedia":[{"embeddable":true,"href":"https:\/\/aumbongui.com\/index.php?rest_route=\/wp\/v2\/media\/3608"}],"wp:attachment":[{"href":"https:\/\/aumbongui.com\/index.php?rest_route=%2Fwp%2Fv2%2Fmedia&parent=3607"}],"wp:term":[{"taxonomy":"product_brand","embeddable":true,"href":"https:\/\/aumbongui.com\/index.php?rest_route=%2Fwp%2Fv2%2Fproduct_brand&post=3607"},{"taxonomy":"product_cat","embeddable":true,"href":"https:\/\/aumbongui.com\/index.php?rest_route=%2Fwp%2Fv2%2Fproduct_cat&post=3607"},{"taxonomy":"product_tag","embeddable":true,"href":"https:\/\/aumbongui.com\/index.php?rest_route=%2Fwp%2Fv2%2Fproduct_tag&post=3607"}],"curies":[{"name":"wp","href":"https:\/\/api.w.org\/{rel}","templated":true}]}}