{"id":3624,"date":"2022-10-10T21:02:26","date_gmt":"2022-10-10T19:02:26","guid":{"rendered":"https:\/\/aumbongui.com\/?post_type=product&#038;p=3624"},"modified":"2026-03-12T20:48:50","modified_gmt":"2026-03-12T19:48:50","slug":"le-buffet-et-autres-textes","status":"publish","type":"product","link":"https:\/\/aumbongui.com\/?product=le-buffet-et-autres-textes","title":{"rendered":"LE BUFFET  et autres textes"},"content":{"rendered":"<p>Alice, une jeune femme ayant d\u00e9cid\u00e9 de coucher sur le papier la relation distendue qu\u2019elle a avec son p\u00e8re. Se retirant dans la maison d\u2019un ami pour \u00e9crire, elle est troubl\u00e9e par les photos qui occupent le logement, comme si elles lui parlaient. M\u00eame le buffet semble respirer. En cherchant \u00e0 comprendre ce qu\u2019il se passe, elle se retrouve projet\u00e9e dans les ann\u00e9es 50, chez ses grands-parents, dans le corps de sa m\u00e8re enfant.<\/p>\n<p><em>Isabelle Giudicelli, nous propose un recueil de nouvelles. Coach d\u2019\u00e9criture, elle anime Les Ateliers Persona adapt\u00e9s \u00e0 divers publics (enfants, adultes, ainsi que personnes en situation de handicap).<\/em><\/p>\n","protected":false},"excerpt":{"rendered":"<div class=\"woocommerce-product-details__short-description\">\n<div class=\"woocommerce-product-details__short-description\">\n<p>Auteur : <strong>Isabelle GIUDICELLI<\/strong><\/p>\n<p>\u00c9diteur : <strong>Les Ateliers Persona \u00e9ditions<\/strong><\/p>\n<\/div>\n<\/div>\n","protected":false},"featured_media":3625,"comment_status":"open","ping_status":"closed","template":"","meta":[],"product_brand":[],"product_cat":[102,105],"product_tag":[],"class_list":{"0":"post-3624","1":"product","2":"type-product","3":"status-publish","4":"has-post-thumbnail","6":"product_cat-constellations","7":"product_cat-fantastique-litterature-rare","8":"product_shipping_class-standard","10":"first","11":"instock","12":"shipping-taxable","13":"purchasable","14":"product-type-simple"},"_links":{"self":[{"href":"https:\/\/aumbongui.com\/index.php?rest_route=\/wp\/v2\/product\/3624","targetHints":{"allow":["GET"]}}],"collection":[{"href":"https:\/\/aumbongui.com\/index.php?rest_route=\/wp\/v2\/product"}],"about":[{"href":"https:\/\/aumbongui.com\/index.php?rest_route=\/wp\/v2\/types\/product"}],"replies":[{"embeddable":true,"href":"https:\/\/aumbongui.com\/index.php?rest_route=%2Fwp%2Fv2%2Fcomments&post=3624"}],"wp:featuredmedia":[{"embeddable":true,"href":"https:\/\/aumbongui.com\/index.php?rest_route=\/wp\/v2\/media\/3625"}],"wp:attachment":[{"href":"https:\/\/aumbongui.com\/index.php?rest_route=%2Fwp%2Fv2%2Fmedia&parent=3624"}],"wp:term":[{"taxonomy":"product_brand","embeddable":true,"href":"https:\/\/aumbongui.com\/index.php?rest_route=%2Fwp%2Fv2%2Fproduct_brand&post=3624"},{"taxonomy":"product_cat","embeddable":true,"href":"https:\/\/aumbongui.com\/index.php?rest_route=%2Fwp%2Fv2%2Fproduct_cat&post=3624"},{"taxonomy":"product_tag","embeddable":true,"href":"https:\/\/aumbongui.com\/index.php?rest_route=%2Fwp%2Fv2%2Fproduct_tag&post=3624"}],"curies":[{"name":"wp","href":"https:\/\/api.w.org\/{rel}","templated":true}]}}