{"id":3810,"date":"2022-12-06T10:36:24","date_gmt":"2022-12-06T09:36:24","guid":{"rendered":"https:\/\/aumbongui.com\/?post_type=product&#038;p=3810"},"modified":"2025-05-30T16:17:33","modified_gmt":"2025-05-30T14:17:33","slug":"doomtober-tome-2","status":"publish","type":"product","link":"https:\/\/aumbongui.com\/?product=doomtober-tome-2","title":{"rendered":"DOOMTOBER &#8211; Tome 2"},"content":{"rendered":"<p>Makena est une Artiste professionnelle ind\u00e9pendante depuis plusieurs ann\u00e9es. Multipotentielle et autodidacte, elle fait souvent face \u00e0 des crises identitaires. Elle est tiraill\u00e9e par des doutes multiples et vari\u00e9s, le syndrome de l&rsquo;imposteur, le sentiment d&rsquo;ill\u00e9gitimit\u00e9 et autres \u00ab\u00a0joyeuses\u00a0\u00bb prises de t\u00eate.<\/p>\n<p>Elle pourrait vivre tout \u00e7a avec plus de Douceur&#8230; si seulement elle n&rsquo;\u00e9tait pas accompagn\u00e9e de son acolyte, Doom, son Juge int\u00e9rieur, un petit vampire grincheux qui passe son temps \u00e0 l&rsquo;attaquer, \u00e0 la critiquer et \u00e0 juger tous ses faits et gestes.<\/p>\n<p>Laissez-vous embarquer dans cette approche humoristique et pleine de l\u00e9g\u00e8ret\u00e9 du d\u00e9veloppement personnel et d\u00e9couvrez les coulisses de la Vie d\u2019une Artiste ind\u00e9pendante.<\/p>\n<p>Bienvenue dans les aventures doomesques de Makena &amp; Doom !<\/p>\n","protected":false},"excerpt":{"rendered":"<p>Auteure : <strong>MAKENA<\/strong><\/p>\n<p>\u00c9diteur : Auto \u00e9dition<\/p>\n","protected":false},"featured_media":3848,"comment_status":"open","ping_status":"closed","template":"","meta":[],"product_brand":[],"product_cat":[74,76],"product_tag":[],"class_list":{"0":"post-3810","1":"product","2":"type-product","3":"status-publish","4":"has-post-thumbnail","6":"product_cat-bd-caraibes","7":"product_cat-caraibes","8":"product_shipping_class-standard","10":"first","11":"instock","12":"shipping-taxable","13":"purchasable","14":"product-type-simple"},"_links":{"self":[{"href":"https:\/\/aumbongui.com\/index.php?rest_route=\/wp\/v2\/product\/3810","targetHints":{"allow":["GET"]}}],"collection":[{"href":"https:\/\/aumbongui.com\/index.php?rest_route=\/wp\/v2\/product"}],"about":[{"href":"https:\/\/aumbongui.com\/index.php?rest_route=\/wp\/v2\/types\/product"}],"replies":[{"embeddable":true,"href":"https:\/\/aumbongui.com\/index.php?rest_route=%2Fwp%2Fv2%2Fcomments&post=3810"}],"wp:featuredmedia":[{"embeddable":true,"href":"https:\/\/aumbongui.com\/index.php?rest_route=\/wp\/v2\/media\/3848"}],"wp:attachment":[{"href":"https:\/\/aumbongui.com\/index.php?rest_route=%2Fwp%2Fv2%2Fmedia&parent=3810"}],"wp:term":[{"taxonomy":"product_brand","embeddable":true,"href":"https:\/\/aumbongui.com\/index.php?rest_route=%2Fwp%2Fv2%2Fproduct_brand&post=3810"},{"taxonomy":"product_cat","embeddable":true,"href":"https:\/\/aumbongui.com\/index.php?rest_route=%2Fwp%2Fv2%2Fproduct_cat&post=3810"},{"taxonomy":"product_tag","embeddable":true,"href":"https:\/\/aumbongui.com\/index.php?rest_route=%2Fwp%2Fv2%2Fproduct_tag&post=3810"}],"curies":[{"name":"wp","href":"https:\/\/api.w.org\/{rel}","templated":true}]}}