{"id":3918,"date":"2022-12-13T15:05:00","date_gmt":"2022-12-13T14:05:00","guid":{"rendered":"https:\/\/aumbongui.com\/?post_type=product&#038;p=3918"},"modified":"2025-05-29T19:38:08","modified_gmt":"2025-05-29T17:38:08","slug":"jo-lindienne","status":"publish","type":"product","link":"https:\/\/aumbongui.com\/?product=jo-lindienne","title":{"rendered":"Jo l&rsquo;indienne"},"content":{"rendered":"<p>\u00c7a fait un bail que Jo vit dans son camion, \u00e0 faire les saisons pour joindre les deux bouts et qu&rsquo;elle d\u00e9fend, non sans hargne, la d\u00e9croissance, la solidarit\u00e9, l&rsquo;\u00e9cologie et son souhait d&rsquo;\u00eatre \u00e9crivaine. Mais \u00e0 l&rsquo;heure du bilan, voici l&rsquo;\u00e9vidence : Jo se nourrit de stocks p\u00e9rim\u00e9s au cul des hypers, s&rsquo;intoxique aux pesticides asperg\u00e9s sur ses lieux de travail et empoche des salaires de mis\u00e8re d\u00e9nu\u00e9s de couverture sociale sans pouvoir rien y redire&#8230;\u00a0 Alors, que faire pour vivre en coh\u00e9rence avec ses valeurs ?<\/p>\n<p><em>Apr\u00e8s avoir lui-m\u00eame fait les saisons, v\u00e9cu en camion, puis tent\u00e9 l&rsquo;autonomie en yourte, Yvain Murmure revient \u00e0 la cr\u00e9ation. Dipl\u00f4m\u00e9 de l&rsquo;\u00c9cole Europ\u00e9enne Sup\u00e9rieure de l&rsquo;Image d&rsquo;Angoul\u00eame, il t\u00e9moigne ici, \u00e0 travers sa premi\u00e8re bande dessin\u00e9e, de son exp\u00e9rience de vie alternative.<\/em><\/p>\n","protected":false},"excerpt":{"rendered":"<p>Auteur : <strong>Yvain Murmure<\/strong><\/p>\n<p>Editeur : <strong>\u00e9ditions du Larzac<\/strong><\/p>\n","protected":false},"featured_media":3890,"comment_status":"open","ping_status":"closed","template":"","meta":[],"product_brand":[],"product_cat":[152,102],"product_tag":[],"class_list":{"0":"post-3918","1":"product","2":"type-product","3":"status-publish","4":"has-post-thumbnail","6":"product_cat-bd","7":"product_cat-constellations","8":"product_shipping_class-standard","10":"first","11":"instock","12":"shipping-taxable","13":"purchasable","14":"product-type-simple"},"_links":{"self":[{"href":"https:\/\/aumbongui.com\/index.php?rest_route=\/wp\/v2\/product\/3918","targetHints":{"allow":["GET"]}}],"collection":[{"href":"https:\/\/aumbongui.com\/index.php?rest_route=\/wp\/v2\/product"}],"about":[{"href":"https:\/\/aumbongui.com\/index.php?rest_route=\/wp\/v2\/types\/product"}],"replies":[{"embeddable":true,"href":"https:\/\/aumbongui.com\/index.php?rest_route=%2Fwp%2Fv2%2Fcomments&post=3918"}],"wp:featuredmedia":[{"embeddable":true,"href":"https:\/\/aumbongui.com\/index.php?rest_route=\/wp\/v2\/media\/3890"}],"wp:attachment":[{"href":"https:\/\/aumbongui.com\/index.php?rest_route=%2Fwp%2Fv2%2Fmedia&parent=3918"}],"wp:term":[{"taxonomy":"product_brand","embeddable":true,"href":"https:\/\/aumbongui.com\/index.php?rest_route=%2Fwp%2Fv2%2Fproduct_brand&post=3918"},{"taxonomy":"product_cat","embeddable":true,"href":"https:\/\/aumbongui.com\/index.php?rest_route=%2Fwp%2Fv2%2Fproduct_cat&post=3918"},{"taxonomy":"product_tag","embeddable":true,"href":"https:\/\/aumbongui.com\/index.php?rest_route=%2Fwp%2Fv2%2Fproduct_tag&post=3918"}],"curies":[{"name":"wp","href":"https:\/\/api.w.org\/{rel}","templated":true}]}}