{"id":3926,"date":"2022-12-13T15:15:57","date_gmt":"2022-12-13T14:15:57","guid":{"rendered":"https:\/\/aumbongui.com\/?post_type=product&#038;p=3926"},"modified":"2025-05-30T02:52:37","modified_gmt":"2025-05-30T00:52:37","slug":"la-brebis-galeuse-tome-2","status":"publish","type":"product","link":"https:\/\/aumbongui.com\/?product=la-brebis-galeuse-tome-2","title":{"rendered":"La brebis galeuse &#8211; tome 2"},"content":{"rendered":"<p class=\"font_8\">La Brebis Galeuse, fuyant le troupeau natif, se r\u00e9fugie&#8230; dans le camp militaire ! Evidemment, elle n&rsquo;y trouve pas la paix escompt\u00e9e&#8230; Sera-t-elle plus en s\u00e9curit\u00e9 au milieu des animaux de Malbosc, la r\u00e9serve de chasse ? Ce pourrait \u00eatre une esp\u00e8ce de paradis, s&rsquo;il n&rsquo;y avait Singlar, seigneur local imbu de pouvoir, soutenu par des larbins plus odieux encore. Et surtout, comble pour une brebis, le loup est de retour !<\/p>\n<p class=\"font_8\">Brebis Galeuse d\u00e9couvrira, \u00e0 travers l&rsquo;utilisation politique de cette menace, les joies des campagnes \u00e9lectorales, des petits arrangements et des corruptions qui transforment l&rsquo;entreprise d\u00e9mocratique en un vaste jeu de dupes. L&rsquo;arriv\u00e9e de lapins en exil brouillera un peu plus les cartes&#8230;<\/p>\n<p class=\"font_8\">La rebelle du troupeau finira-t-elle par se demander que craindre le plus : le loup ou le cynisme des affam\u00e9s de pouvoir.<\/p>\n","protected":false},"excerpt":{"rendered":"<p>Auteure dessinatrice : <strong>Muriel LACAN<\/strong><\/p>\n<p>Editeur : <strong>\u00e9ditions du Larzac<\/strong><\/p>\n","protected":false},"featured_media":3906,"comment_status":"open","ping_status":"closed","template":"","meta":[],"product_brand":[],"product_cat":[152,102],"product_tag":[],"class_list":{"0":"post-3926","1":"product","2":"type-product","3":"status-publish","4":"has-post-thumbnail","6":"product_cat-bd","7":"product_cat-constellations","8":"product_shipping_class-standard","10":"first","11":"instock","12":"shipping-taxable","13":"purchasable","14":"product-type-simple"},"_links":{"self":[{"href":"https:\/\/aumbongui.com\/index.php?rest_route=\/wp\/v2\/product\/3926","targetHints":{"allow":["GET"]}}],"collection":[{"href":"https:\/\/aumbongui.com\/index.php?rest_route=\/wp\/v2\/product"}],"about":[{"href":"https:\/\/aumbongui.com\/index.php?rest_route=\/wp\/v2\/types\/product"}],"replies":[{"embeddable":true,"href":"https:\/\/aumbongui.com\/index.php?rest_route=%2Fwp%2Fv2%2Fcomments&post=3926"}],"wp:featuredmedia":[{"embeddable":true,"href":"https:\/\/aumbongui.com\/index.php?rest_route=\/wp\/v2\/media\/3906"}],"wp:attachment":[{"href":"https:\/\/aumbongui.com\/index.php?rest_route=%2Fwp%2Fv2%2Fmedia&parent=3926"}],"wp:term":[{"taxonomy":"product_brand","embeddable":true,"href":"https:\/\/aumbongui.com\/index.php?rest_route=%2Fwp%2Fv2%2Fproduct_brand&post=3926"},{"taxonomy":"product_cat","embeddable":true,"href":"https:\/\/aumbongui.com\/index.php?rest_route=%2Fwp%2Fv2%2Fproduct_cat&post=3926"},{"taxonomy":"product_tag","embeddable":true,"href":"https:\/\/aumbongui.com\/index.php?rest_route=%2Fwp%2Fv2%2Fproduct_tag&post=3926"}],"curies":[{"name":"wp","href":"https:\/\/api.w.org\/{rel}","templated":true}]}}