{"id":3939,"date":"2022-12-14T18:52:05","date_gmt":"2022-12-14T17:52:05","guid":{"rendered":"https:\/\/aumbongui.com\/?post_type=product&#038;p=3939"},"modified":"2025-05-30T07:46:19","modified_gmt":"2025-05-30T05:46:19","slug":"rescape","status":"publish","type":"product","link":"https:\/\/aumbongui.com\/?product=rescape","title":{"rendered":"RESCAP\u00c9"},"content":{"rendered":"<p>Alors que son pays est secou\u00e9 par un nouveau conflit arm\u00e9, un \u00e9tudiant fait tout pour rester en vie. Pendant plusieurs mois, il survit dans le d\u00e9nuement le plus total sans pourtant perdre l\u2019espoir de revoir sa famille\u00a0! Dans son parcours, sem\u00e9 d\u2019embuches, il rencontre des personnages en tout genre.<br \/>\nCe livre relate cette aventure humaine extraordinaire.<\/p>\n<p><em>Anthony\u00a0Mouyoungui est un journaliste congolais. Passionn\u00e9 de livres et d\u2019\u00e9criture, il a particip\u00e9 \u00e0 l\u2019ouvrage collectif\u00a0Franklin l\u2019insoumis. Rescap\u00e9\u00a0est son premier livre.<\/em><\/p>\n","protected":false},"excerpt":{"rendered":"<p>Auteur : <strong>Anthony MOUYOUNGUI<\/strong><\/p>\n<p>Editeur : <strong>\u00e9ditions MA\u00cfA<\/strong><\/p>\n","protected":false},"featured_media":3940,"comment_status":"open","ping_status":"closed","template":"","meta":[],"product_brand":[],"product_cat":[75,91],"product_tag":[],"class_list":{"0":"post-3939","1":"product","2":"type-product","3":"status-publish","4":"has-post-thumbnail","6":"product_cat-kama-mon-afrique","7":"product_cat-litterature-generale-kama-mon-afrique","8":"product_shipping_class-standard","10":"first","11":"instock","12":"shipping-taxable","13":"purchasable","14":"product-type-simple"},"_links":{"self":[{"href":"https:\/\/aumbongui.com\/index.php?rest_route=\/wp\/v2\/product\/3939","targetHints":{"allow":["GET"]}}],"collection":[{"href":"https:\/\/aumbongui.com\/index.php?rest_route=\/wp\/v2\/product"}],"about":[{"href":"https:\/\/aumbongui.com\/index.php?rest_route=\/wp\/v2\/types\/product"}],"replies":[{"embeddable":true,"href":"https:\/\/aumbongui.com\/index.php?rest_route=%2Fwp%2Fv2%2Fcomments&post=3939"}],"wp:featuredmedia":[{"embeddable":true,"href":"https:\/\/aumbongui.com\/index.php?rest_route=\/wp\/v2\/media\/3940"}],"wp:attachment":[{"href":"https:\/\/aumbongui.com\/index.php?rest_route=%2Fwp%2Fv2%2Fmedia&parent=3939"}],"wp:term":[{"taxonomy":"product_brand","embeddable":true,"href":"https:\/\/aumbongui.com\/index.php?rest_route=%2Fwp%2Fv2%2Fproduct_brand&post=3939"},{"taxonomy":"product_cat","embeddable":true,"href":"https:\/\/aumbongui.com\/index.php?rest_route=%2Fwp%2Fv2%2Fproduct_cat&post=3939"},{"taxonomy":"product_tag","embeddable":true,"href":"https:\/\/aumbongui.com\/index.php?rest_route=%2Fwp%2Fv2%2Fproduct_tag&post=3939"}],"curies":[{"name":"wp","href":"https:\/\/api.w.org\/{rel}","templated":true}]}}