{"id":3955,"date":"2022-12-14T19:06:42","date_gmt":"2022-12-14T18:06:42","guid":{"rendered":"https:\/\/aumbongui.com\/?post_type=product&#038;p=3955"},"modified":"2022-12-14T19:07:32","modified_gmt":"2022-12-14T18:07:32","slug":"congo-brazzaville-chronique-du-genocide-des-lari-du-pool","status":"publish","type":"product","link":"https:\/\/aumbongui.com\/?product=congo-brazzaville-chronique-du-genocide-des-lari-du-pool","title":{"rendered":"Congo Brazzaville : chronique du g\u00e9nocide des Lari du Pool"},"content":{"rendered":"<p>(R\u00e9cit)<\/p>\n<p>Depuis la p\u00e9riode r\u00e9volutionnaire (1963-1991), les gouvernements successifs ont mis en place une politique qui a martel\u00e9 un discours ouvertement ethniciste et anti-Lari afin d&rsquo;isoler ceux-ci pour les exterminer, en particulier dans le Pool, province du sud du pays, per\u00e7u comme un nid de contre-r\u00e9volution. Les diff\u00e9rents conflits arm\u00e9s qui se sont d\u00e9roul\u00e9s au Congo (1993, 1994, 1997, 2000 et 2002) ont tous vis\u00e9 les Lari. Tout ceci s&rsquo;est d\u00e9roul\u00e9 dans le silence de la communaut\u00e9 internationale, en toute impunit\u00e9.<\/p>\n<p><em>Nsaku Kimbembe est un ancien pr\u00eatre. Il a \u00e9tudi\u00e9 la th\u00e9ologie et la philosophie au grand s\u00e9minaire de Mfua (Brazzaville) avant d&rsquo;exercer \u00e0 Kindamba et Kinkala (Congo) o\u00f9 il a \u00e9t\u00e9 t\u00e9moin de certaines sc\u00e8nes macabres. Parti du Congo en 2000, il a offici\u00e9 \u00e0 la paroisse de Saint Germain-Laval (42) en France.<\/em><\/p>\n<p>&nbsp;<\/p>\n","protected":false},"excerpt":{"rendered":"<p>(R\u00e9cit)<\/p>\n<p>Auteur : <strong>Nsaku KIMBEMBE<\/strong><\/p>\n<p>Editeur : <strong>\u00e9ditions L&rsquo;Harmattan<\/strong><\/p>\n","protected":false},"featured_media":3948,"comment_status":"open","ping_status":"closed","template":"","meta":[],"product_brand":[],"product_cat":[75,91],"product_tag":[],"class_list":{"0":"post-3955","1":"product","2":"type-product","3":"status-publish","4":"has-post-thumbnail","6":"product_cat-kama-mon-afrique","7":"product_cat-litterature-generale-kama-mon-afrique","8":"product_shipping_class-standard","10":"first","11":"instock","12":"shipping-taxable","13":"purchasable","14":"product-type-simple"},"_links":{"self":[{"href":"https:\/\/aumbongui.com\/index.php?rest_route=\/wp\/v2\/product\/3955","targetHints":{"allow":["GET"]}}],"collection":[{"href":"https:\/\/aumbongui.com\/index.php?rest_route=\/wp\/v2\/product"}],"about":[{"href":"https:\/\/aumbongui.com\/index.php?rest_route=\/wp\/v2\/types\/product"}],"replies":[{"embeddable":true,"href":"https:\/\/aumbongui.com\/index.php?rest_route=%2Fwp%2Fv2%2Fcomments&post=3955"}],"wp:featuredmedia":[{"embeddable":true,"href":"https:\/\/aumbongui.com\/index.php?rest_route=\/wp\/v2\/media\/3948"}],"wp:attachment":[{"href":"https:\/\/aumbongui.com\/index.php?rest_route=%2Fwp%2Fv2%2Fmedia&parent=3955"}],"wp:term":[{"taxonomy":"product_brand","embeddable":true,"href":"https:\/\/aumbongui.com\/index.php?rest_route=%2Fwp%2Fv2%2Fproduct_brand&post=3955"},{"taxonomy":"product_cat","embeddable":true,"href":"https:\/\/aumbongui.com\/index.php?rest_route=%2Fwp%2Fv2%2Fproduct_cat&post=3955"},{"taxonomy":"product_tag","embeddable":true,"href":"https:\/\/aumbongui.com\/index.php?rest_route=%2Fwp%2Fv2%2Fproduct_tag&post=3955"}],"curies":[{"name":"wp","href":"https:\/\/api.w.org\/{rel}","templated":true}]}}