{"id":3985,"date":"2022-12-14T19:23:08","date_gmt":"2022-12-14T18:23:08","guid":{"rendered":"https:\/\/aumbongui.com\/?post_type=product&#038;p=3985"},"modified":"2025-05-29T22:41:52","modified_gmt":"2025-05-29T20:41:52","slug":"cantiques-crepusculaires","status":"publish","type":"product","link":"https:\/\/aumbongui.com\/?product=cantiques-crepusculaires","title":{"rendered":"Cantiques cr\u00e9pusculaires"},"content":{"rendered":"<p><strong><em>\u00ab Depuis que le vers est devenu pervers\/Je n&rsquo;\u00e9cris plus ; la po\u00e9sie, je la chante\/J&rsquo;enterre les r\u00e8gles dans le cimeti\u00e8re\/De mon inspiration que la libert\u00e9 hante. \u00bb<\/em><\/strong> Telle est salvatrice la po\u00e9sie chant\u00e9e par Elaz Ndongo Thioye dans sa qu\u00eate Majuscule avant que le peseur d&rsquo;\u00e2mes n&rsquo;en trie \u00ab 21 grammes \u00bb sur le volet. Et dans cette approche eschatologique, si la po\u00e9sie est sacr\u00e9e, elle est au po\u00e8te ce que la pri\u00e8re est au fid\u00e8le. Ainsi, \u00e0 plus d&rsquo;un titre, quoi de mieux dans un syncr\u00e9tisme d&rsquo;\u00e9poque qu&rsquo;une po\u00e9sie symbolique empreinte d&rsquo;une certaine sagesse philosophique, voire mystique ?<\/p>\n<p>Cantiques cr\u00e9pusculaire a \u00e9t\u00e9 r\u00e9compens\u00e9 du Prix C\u00e9nacle de Dakar<\/p>\n<p><em>N\u00e9 \u00e0 Louga, Elaz Ndongo Thioye est titulaire d&rsquo;une licence en Lettres modernes et d&rsquo;un master en Sciences du langage \u00e0 l&rsquo;Universit\u00e9 Cheikh Anta Diop de Dakar. R\u00e9cemment dipl\u00f4m\u00e9 d&rsquo;un master d&rsquo;Expertise en s\u00e9miologie et communication \u00e0 l&rsquo;universit\u00e9 Paris Descartes, il signe avec Cantiques cr\u00e9pusculaires son second recueil de po\u00e8mes.\u00a0<\/em><\/p>\n","protected":false},"excerpt":{"rendered":"<p>Auteur : <strong>Elaz NDONGO THIOYE<\/strong><\/p>\n<p>Editeur : <strong>\u00e9ditions L&rsquo;HARMATTAN<\/strong><\/p>\n","protected":false},"featured_media":3977,"comment_status":"open","ping_status":"closed","template":"","meta":[],"product_brand":[],"product_cat":[75,87],"product_tag":[],"class_list":{"0":"post-3985","1":"product","2":"type-product","3":"status-publish","4":"has-post-thumbnail","6":"product_cat-kama-mon-afrique","7":"product_cat-poesie-kama-mon-afrique","8":"product_shipping_class-standard","10":"first","11":"instock","12":"shipping-taxable","13":"purchasable","14":"product-type-simple"},"_links":{"self":[{"href":"https:\/\/aumbongui.com\/index.php?rest_route=\/wp\/v2\/product\/3985","targetHints":{"allow":["GET"]}}],"collection":[{"href":"https:\/\/aumbongui.com\/index.php?rest_route=\/wp\/v2\/product"}],"about":[{"href":"https:\/\/aumbongui.com\/index.php?rest_route=\/wp\/v2\/types\/product"}],"replies":[{"embeddable":true,"href":"https:\/\/aumbongui.com\/index.php?rest_route=%2Fwp%2Fv2%2Fcomments&post=3985"}],"wp:featuredmedia":[{"embeddable":true,"href":"https:\/\/aumbongui.com\/index.php?rest_route=\/wp\/v2\/media\/3977"}],"wp:attachment":[{"href":"https:\/\/aumbongui.com\/index.php?rest_route=%2Fwp%2Fv2%2Fmedia&parent=3985"}],"wp:term":[{"taxonomy":"product_brand","embeddable":true,"href":"https:\/\/aumbongui.com\/index.php?rest_route=%2Fwp%2Fv2%2Fproduct_brand&post=3985"},{"taxonomy":"product_cat","embeddable":true,"href":"https:\/\/aumbongui.com\/index.php?rest_route=%2Fwp%2Fv2%2Fproduct_cat&post=3985"},{"taxonomy":"product_tag","embeddable":true,"href":"https:\/\/aumbongui.com\/index.php?rest_route=%2Fwp%2Fv2%2Fproduct_tag&post=3985"}],"curies":[{"name":"wp","href":"https:\/\/api.w.org\/{rel}","templated":true}]}}